{"id":966,"date":"2012-09-06T17:03:44","date_gmt":"2012-09-06T15:03:44","guid":{"rendered":"http:\/\/www.jelu-werk.com\/?page_id=966"},"modified":"2022-10-12T10:51:30","modified_gmt":"2022-10-12T08:51:30","slug":"cosyflock","status":"publish","type":"page","link":"https:\/\/www.jelu-werk.com\/de\/lignocellulose\/futtermittelergaenzung-und-einstreu\/cosyflock\/","title":{"rendered":"COSYFLOCK"},"content":{"rendered":"\n<div class=\"wp-block-columns jelu-columns-wrapper is-layout-flex wp-container-core-columns-is-layout-9d6595d7 wp-block-columns-is-layout-flex\">\n<div class=\"wp-block-column jelu-column-content is-layout-flow wp-block-column-is-layout-flow\" style=\"flex-basis:66.666666%\">\n<h1 class=\"wp-block-heading\">Staubfreie Tiereinstreu<\/h1>\n\n\n\n<p>COSYFLOCK\u00ae ist eine Tiereinstreu aus entstaubten Weichholzflocken. Es ist zu 100 % ein Naturprodukt und sorgt bei kleinen und gro\u00dfen Tieren gleicherma\u00dfen f\u00fcr ein ausgewogenes Stallklima. Es ist f\u00fcr folgende Tiere geeignet:<\/p>\n\n\n\n<ul class=\"wp-block-list\"><li>kleine Haustiere<\/li><li>Pferde<\/li><li>Labortiere<\/li><li>und viele andere<\/li><\/ul>\n\n\n\n<p class=\"infobox\">Unsere Tiereinstreu ist ein reines Naturprodukt, hergestellt aus selektierten H\u00f6lzern. Um gleich bleibende Qualit\u00e4t zu gew\u00e4hrleisten, beauftragen wir in regelm\u00e4\u00dfigen Abst\u00e4nden ein Labor mit externen Qualit\u00e4tskontrollen.<\/p>\n\n\n\n<h2 class=\"wp-block-heading\">Verpackungsgr\u00f6\u00dfen<\/h2>\n\n\n\n<p>Als Produktionspartner bieten wir COSYFLOCK\u00ae als Eigenmarke in unterschiedlichen Verpackungsgr\u00f6\u00dfen an:<\/p>\n\n\n\n<ul class=\"wp-block-list\"><li>15 l Einstreu gepresst<\/li><li>60 l Einstreu gepresst<\/li><li>20 kg Einstreu locker gepresst<\/li><\/ul>\n\n\n\n<h2 class=\"wp-block-heading\">COSYFLOCK\u00ae &#8211; Technische Daten<\/h2>\n\n\n\n<table>\n<thead>\n<tr>\n<th colspan=\"3\">COSYFLOCK\u00ae aus entstaubten und selektierten Weichholzflocken<\/th>\n<\/tr>\n<\/thead>\n<tbody>\n<tr>\n<td class=\"left\">Sch\u00fcttgewicht<\/td>\n<td class=\"dark\">[g\/l]<\/td>\n<td> ~ 60<\/td>\n<\/tr>\n<tr class=\"alt\">\n<td class=\"left\">Teilchen unter 150\u00b5m<\/td>\n<td class=\"dark\">[%]<\/td>\n<td>~ 3<\/td>\n<\/tr>\n<tr>\n<td class=\"left\">Feuchtigkeit<\/td>\n<td class=\"dark\">[%]<\/td>\n<td>~ 8<\/td>\n<\/tr>\n<tr class=\"alt\">\n<td class=\"left\">Asche<\/td>\n<td class=\"dark\">[%]<\/td>\n<td>&lt; 0,6<\/td>\n<\/tr>\n<tr>\n<td class=\"left\">Saugf\u00e4higkeit<\/td>\n<td class=\"dark\">[%]<\/td>\n<td>&gt; 500<\/td>\n<\/tr>\n<\/tbody>\n<\/table>\n<\/div>\n\n\n\n<div class=\"wp-block-column jelu-column-sidebar is-layout-flow wp-block-column-is-layout-flow\" style=\"flex-basis:33.333333%\">\n<div class=\"wp-block-group jelu-widget has-white-color has-primary-background-color has-text-color has-background is-layout-flow wp-block-group-is-layout-flow\">\n<h2 class=\"wp-block-heading\"><strong>Eigenmarken m\u00f6glich<\/strong><\/h2>\n\n\n\n<p>Unsere BIO-Tiereinstreu liefern wir im Papier-Sack, bzw. im PE-Sack.<\/p>\n\n\n\n<p>F\u00fcr die Lieferung ganzer Paletten machen wir Ihnen ein besonderes Angebot.<\/p>\n\n\n\n<p><strong>Bitte sprechen Sie uns an:<\/strong><\/p>\n\n\n\n<p><a href=\"tel:+49796790910\">Tel. +49 79 67 \/ 90 91 0<\/a><br><a href=\"mailto:team@jelu.de\">team@jelu.de<\/a><\/p>\n\n\n\n<p>Auch Eigenmarken sind m\u00f6glich.&nbsp;<\/p>\n\n\n\n<p>Wir freuen uns auf Ihre Nachricht.&nbsp;<\/p>\n<\/div>\n\n\n\n<div class=\"wp-block-group jelu-widget has-white-color has-primary-background-color has-text-color has-background is-layout-flow wp-block-group-is-layout-flow\">\n<figure class=\"wp-block-image size-large\"><img decoding=\"async\" src=\"https:\/\/www.jelu-werk.com\/wp-content\/uploads\/2020\/02\/COSYFLOCK-46-l-Verpackung.jpg\" alt=\"\"\/><\/figure>\n<\/div>\n<\/div>\n<\/div>\n","protected":false},"excerpt":{"rendered":"<p>Staubfreie Tiereinstreu COSYFLOCK\u00ae ist eine Tiereinstreu aus entstaubten Weichholzflocken. Es ist zu 100 % ein Naturprodukt und sorgt bei kleinen und gro\u00dfen Tieren gleicherma\u00dfen f\u00fcr ein ausgewogenes Stallklima. Es ist f\u00fcr folgende Tiere geeignet: kleine Haustiere Pferde Labortiere und viele andere Unsere Tiereinstreu ist ein reines Naturprodukt, hergestellt aus selektierten H\u00f6lzern. Um gleich bleibende Qualit\u00e4t [&hellip;]<\/p>\n","protected":false},"author":2,"featured_media":0,"parent":860,"menu_order":5,"comment_status":"closed","ping_status":"closed","template":"page-2-col-sidebar-right.php","meta":{"_acf_changed":false,"footnotes":""},"class_list":["post-966","page","type-page","status-publish","hentry"],"acf":[],"_links":{"self":[{"href":"https:\/\/www.jelu-werk.com\/de\/wp-json\/wp\/v2\/pages\/966","targetHints":{"allow":["GET"]}}],"collection":[{"href":"https:\/\/www.jelu-werk.com\/de\/wp-json\/wp\/v2\/pages"}],"about":[{"href":"https:\/\/www.jelu-werk.com\/de\/wp-json\/wp\/v2\/types\/page"}],"author":[{"embeddable":true,"href":"https:\/\/www.jelu-werk.com\/de\/wp-json\/wp\/v2\/users\/2"}],"replies":[{"embeddable":true,"href":"https:\/\/www.jelu-werk.com\/de\/wp-json\/wp\/v2\/comments?post=966"}],"version-history":[{"count":9,"href":"https:\/\/www.jelu-werk.com\/de\/wp-json\/wp\/v2\/pages\/966\/revisions"}],"predecessor-version":[{"id":4954538,"href":"https:\/\/www.jelu-werk.com\/de\/wp-json\/wp\/v2\/pages\/966\/revisions\/4954538"}],"up":[{"embeddable":true,"href":"https:\/\/www.jelu-werk.com\/de\/wp-json\/wp\/v2\/pages\/860"}],"wp:attachment":[{"href":"https:\/\/www.jelu-werk.com\/de\/wp-json\/wp\/v2\/media?parent=966"}],"curies":[{"name":"wp","href":"https:\/\/api.w.org\/{rel}","templated":true}]}}