{"id":92,"date":"2012-08-01T16:45:10","date_gmt":"2012-08-01T14:45:10","guid":{"rendered":"http:\/\/www.jelu-werk.com\/?page_id=92"},"modified":"2022-08-16T18:15:46","modified_gmt":"2022-08-16T16:15:46","slug":"teigwaren","status":"publish","type":"page","link":"https:\/\/www.jelu-werk.com\/de\/cellulose\/pflanzenfasern\/teigwaren\/","title":{"rendered":"Teigwaren"},"content":{"rendered":"\n<div class=\"wp-block-columns jelu-columns-wrapper is-layout-flex wp-container-core-columns-is-layout-9d6595d7 wp-block-columns-is-layout-flex\">\n<div class=\"wp-block-column jelu-column-content is-layout-flow wp-block-column-is-layout-flow\" style=\"flex-basis:66.666666%\">\n<h1 class=\"wp-block-heading\">Nahrungsfasern f\u00fcr Teigwaren<\/h1>\n\n\n\n<figure class=\"wp-block-image alignright is-resized size-full wp-image-2975\"><img decoding=\"async\" src=\"\/wp-content\/uploads\/2012\/12\/Nudeln.jpg\" alt=\"Cellulose und Pflanzenfasern optimieren die Eigenschaften und die Verarbeitung von Teigwaren.\" class=\"wp-image-2975\" width=\"125\" srcset=\"https:\/\/www.jelu-werk.com\/wp-content\/uploads\/2012\/12\/Nudeln.jpg 550w, https:\/\/www.jelu-werk.com\/wp-content\/uploads\/2012\/12\/Nudeln-275x412.jpg 275w, https:\/\/www.jelu-werk.com\/wp-content\/uploads\/2012\/12\/Nudeln-533x800.jpg 533w\" sizes=\"(max-width: 550px) 100vw, 550px\" \/><figcaption>Nahrungsfasern von JELU verringern die Bruchanf\u00e4lligkeit von Teigwaren.<\/figcaption><\/figure>\n\n\n\n<p>Bei der Herstellung von Teigwaren k\u00f6nnen die JELUCEL\u00ae Nahrungsfasern auf vielf\u00e4ltige Weise zur Verbesserung des Produktionsprozesses und der Produkteigenschaften eingesetzt werden.<\/p>\n\n\n\n<p>Unsere Produkte:<\/p>\n\n\n\n<ul class=\"wp-block-list\"><li>reduzieren die Bruchanf\u00e4lligkeit von Nudeln<\/li><li>erm\u00f6glichen die Herstellung feinerer Nudelformen<\/li><li>erh\u00f6hen den Ballaststoffanteil<\/li><\/ul>\n\n\n\n<p class=\"infobox paragraph\">Die individuellen Anwendungen m\u00fcssen jeweils den lebensmittelrechtlichen Bestimmungen des Landes gen\u00fcgen, in dem die Endprodukte vermarktet werden, und sind im Einzelfall von Sachverst\u00e4ndigen zu beurteilen.<\/p>\n<\/div>\n\n\n\n<div class=\"wp-block-column jelu-column-sidebar is-layout-flow wp-block-column-is-layout-flow\" style=\"flex-basis:33.333333%\"><\/div>\n<\/div>\n","protected":false},"excerpt":{"rendered":"<p>Nahrungsfasern f\u00fcr Teigwaren Bei der Herstellung von Teigwaren k\u00f6nnen die JELUCEL\u00ae Nahrungsfasern auf vielf\u00e4ltige Weise zur Verbesserung des Produktionsprozesses und der Produkteigenschaften eingesetzt werden. Unsere Produkte: reduzieren die Bruchanf\u00e4lligkeit von Nudeln erm\u00f6glichen die Herstellung feinerer Nudelformen erh\u00f6hen den Ballaststoffanteil Die individuellen Anwendungen m\u00fcssen jeweils den lebensmittelrechtlichen Bestimmungen des Landes gen\u00fcgen, in dem die Endprodukte vermarktet [&hellip;]<\/p>\n","protected":false},"author":2,"featured_media":0,"parent":69,"menu_order":6,"comment_status":"closed","ping_status":"closed","template":"page-2-col-sidebar-right.php","meta":{"_acf_changed":false,"footnotes":""},"class_list":["post-92","page","type-page","status-publish","hentry"],"acf":[],"_links":{"self":[{"href":"https:\/\/www.jelu-werk.com\/de\/wp-json\/wp\/v2\/pages\/92","targetHints":{"allow":["GET"]}}],"collection":[{"href":"https:\/\/www.jelu-werk.com\/de\/wp-json\/wp\/v2\/pages"}],"about":[{"href":"https:\/\/www.jelu-werk.com\/de\/wp-json\/wp\/v2\/types\/page"}],"author":[{"embeddable":true,"href":"https:\/\/www.jelu-werk.com\/de\/wp-json\/wp\/v2\/users\/2"}],"replies":[{"embeddable":true,"href":"https:\/\/www.jelu-werk.com\/de\/wp-json\/wp\/v2\/comments?post=92"}],"version-history":[{"count":2,"href":"https:\/\/www.jelu-werk.com\/de\/wp-json\/wp\/v2\/pages\/92\/revisions"}],"predecessor-version":[{"id":4953461,"href":"https:\/\/www.jelu-werk.com\/de\/wp-json\/wp\/v2\/pages\/92\/revisions\/4953461"}],"up":[{"embeddable":true,"href":"https:\/\/www.jelu-werk.com\/de\/wp-json\/wp\/v2\/pages\/69"}],"wp:attachment":[{"href":"https:\/\/www.jelu-werk.com\/de\/wp-json\/wp\/v2\/media?parent=92"}],"curies":[{"name":"wp","href":"https:\/\/api.w.org\/{rel}","templated":true}]}}