{"id":8986,"date":"2018-04-25T17:05:35","date_gmt":"2018-04-25T15:05:35","guid":{"rendered":"https:\/\/www.jelu-werk.com\/?page_id=8986"},"modified":"2022-08-16T19:04:27","modified_gmt":"2022-08-16T17:04:27","slug":"cosypet","status":"publish","type":"page","link":"https:\/\/www.jelu-werk.com\/de\/lignocellulose\/futtermittelergaenzung-und-einstreu\/cosypet\/","title":{"rendered":"COSYPET"},"content":{"rendered":"\n<div class=\"wp-block-columns jelu-columns-wrapper is-layout-flex wp-container-core-columns-is-layout-9d6595d7 wp-block-columns-is-layout-flex\">\n<div class=\"wp-block-column jelu-column-content is-layout-flow wp-block-column-is-layout-flow\" style=\"flex-basis:66.666666%\">\n<h1 class=\"wp-block-heading\">Saugf\u00e4hige BIO-Holzstreu f\u00fcr Kleintiere, Nager und Katzen<\/h1>\n\n\n\n<p>Unsere BIO-Holzstreu COSYPET\u00ae ist eine staubarme Tiereintreu speziell f\u00fcr Kleintiere, Nager und Katzen. Die Streu saugt Fl\u00fcssigkeiten gut auf und bindet unangenehme Ger\u00fcche. In Kombination mit der saugf\u00e4higen <a href=\"https:\/\/www.jelu-werk.com\/de\/lignocellulose\/futtermittelergaenzung-und-einstreu\/cosyflock\/\">COSYFLOCK\u00ae BIO-Tiereinstreu<\/a> bietet COSYPET\u00ae Kleintieren und Nagern ein sauberes und wohliges Heim.<\/p>\n\n\n\n<h2 class=\"wp-block-heading\">Nat\u00fcrliche Pflanzenfasern<\/h2>\n\n\n\n<p>Die Rohstoffe f\u00fcr unsere BIO-Holzstreu stammen aus zertifizierter nachhaltiger Waldwirtschaft. Die unbehandelten Holzfasern von COSYPET\u00ae wirken von Natur aus antibakteriell und riechen nat\u00fcrlich nach Holz. Die zu 100 % nat\u00fcrlichen Rohstoffe machen aus COSYPET\u00ae eine \u00f6kologische Einstreu, die nach Gebrauch kompostierbar ist.<\/p>\n\n\n\n<h2 class=\"wp-block-heading\">Eigenschaften der BIO-Holzstreu<\/h2>\n\n\n\n<p>Unsere Holzstreu ist:<\/p>\n\n\n\n<ul class=\"wp-block-list\"><li>sehr saugf\u00e4hig<\/li><li>geruchsbindend<\/li><li>antibakteriell<\/li><li>besonders ergiebig<\/li><li>\u00f6kologisch<\/li><li>kompostierbar<\/li><\/ul>\n\n\n\n<h2 class=\"wp-block-heading\">Entsorgung<\/h2>\n\n\n\n<p>COSYPET\u00ae kann in die Biotonne oder in den Restm\u00fcll entsorgt werden. Dabei sind die jeweils geltenden Empfehlungen und Entsorgungsvorschriften zu beachten.<\/p>\n\n\n\n<p class=\"infobox\">Unsere BIO-Holzstreu ist ein reines Naturprodukt, hergestellt aus selektierten H\u00f6lzern. Um gleich bleibende Qualit\u00e4t zu gew\u00e4hrleisten, beauftragen wir in regelm\u00e4\u00dfigen Abst\u00e4nden ein Labor mit externen Qualit\u00e4tskontrollen.<\/p>\n\n\n\n<h2 class=\"wp-block-heading\">COSYPET\u00ae online erh\u00e4ltlich<\/h2>\n\n\n\n<figure class=\"wp-block-image alignleft\"><a href=\"https:\/\/www.amazon.de\/COSYPET-Tiereinstreu-Unterstreu-Bio-Pellets\/dp\/B07GKTFPV7\" target=\"_blank\" rel=\"noopener noreferrer\"><img loading=\"lazy\" decoding=\"async\" width=\"552\" height=\"300\" src=\"https:\/\/www.jelu-werk.com\/wp-content\/uploads\/2019\/09\/jetzt-kaufen-bei-amazon-de-1.png\" alt=\"Bio-Holzstreu COSYPET\u00ae bei Amazon erh\u00e4ltlich\" class=\"wp-image-2467528\" srcset=\"https:\/\/www.jelu-werk.com\/wp-content\/uploads\/2019\/09\/jetzt-kaufen-bei-amazon-de-1.png 552w, https:\/\/www.jelu-werk.com\/wp-content\/uploads\/2019\/09\/jetzt-kaufen-bei-amazon-de-1-275x149.png 275w\" sizes=\"auto, (max-width: 552px) 100vw, 552px\" \/><\/a><\/figure>\n\n\n\n<p>Sie k\u00f6nnen unsere BIO-Holzstreu COSYPET\u00ae bei Amazon kaufen.<br><\/p>\n<\/div>\n\n\n\n<div class=\"wp-block-column jelu-column-sidebar is-layout-flow wp-block-column-is-layout-flow\" style=\"flex-basis:33.333333%\">\n<div class=\"wp-block-group jelu-widget has-white-color has-primary-background-color has-text-color has-background is-layout-flow wp-block-group-is-layout-flow\">\n<h2 class=\"wp-block-heading\"><strong>Eigenmarken m\u00f6glich<\/strong><\/h2>\n\n\n\n<p>Unsere BIO-Tiereinstreu liefern wir im Papier-Sack, bzw. im PE-Sack.<\/p>\n\n\n\n<p>F\u00fcr die Lieferung ganzer Paletten machen wir Ihnen ein besonderes Angebot.<\/p>\n\n\n\n<p><strong>Bitte sprechen Sie uns an:<\/strong><\/p>\n\n\n\n<p><a href=\"tel:+49796790910\">Tel. +49 79 67 \/ 90 91 0<\/a><br><a href=\"mailto:team@jelu.de\">team@jelu.de<\/a><\/p>\n\n\n\n<p>Auch Eigenmarken sind m\u00f6glich.&nbsp;<\/p>\n\n\n\n<p>Wir freuen uns auf Ihre Nachricht.&nbsp;<\/p>\n<\/div>\n\n\n\n<div class=\"wp-block-group jelu-widget has-white-color has-primary-background-color has-text-color has-background is-layout-flow wp-block-group-is-layout-flow\">\n<figure class=\"wp-block-image size-large\"><img decoding=\"async\" src=\"https:\/\/www.jelu-werk.com\/wp-content\/uploads\/2020\/01\/COSYPET-20-l-Verpackung.jpg\" alt=\"\"\/><\/figure>\n<\/div>\n\n\n\n<div class=\"wp-block-group jelu-widget has-white-color has-primary-background-color has-text-color has-background is-layout-flow wp-block-group-is-layout-flow\">\n<h2 class=\"wp-block-heading\"><strong>BIO-Tiereinstreu COSYFLOCK\u00ae<\/strong><\/h2>\n\n\n\n<p>Erfahren Sie mehr \u00fcber unsere BIO-Tiereinstreu COSYFLOCK\u00ae auf unserer Produktseite\u00a0<a href=\"https:\/\/www.jelu-werk.com\/de\/lignocellulose\/futtermittelergaenzung-und-einstreu\/cosyflock\/\/\">COSYFLOCK\u00ae\u00a0<\/a>.<\/p>\n<\/div>\n<\/div>\n<\/div>\n","protected":false},"excerpt":{"rendered":"<p>Saugf\u00e4hige BIO-Holzstreu f\u00fcr Kleintiere, Nager und Katzen Unsere BIO-Holzstreu COSYPET\u00ae ist eine staubarme Tiereintreu speziell f\u00fcr Kleintiere, Nager und Katzen. Die Streu saugt Fl\u00fcssigkeiten gut auf und bindet unangenehme Ger\u00fcche. In Kombination mit der saugf\u00e4higen COSYFLOCK\u00ae BIO-Tiereinstreu bietet COSYPET\u00ae Kleintieren und Nagern ein sauberes und wohliges Heim. Nat\u00fcrliche Pflanzenfasern Die Rohstoffe f\u00fcr unsere BIO-Holzstreu stammen [&hellip;]<\/p>\n","protected":false},"author":4,"featured_media":0,"parent":860,"menu_order":0,"comment_status":"closed","ping_status":"closed","template":"page-2-col-sidebar-right.php","meta":{"_acf_changed":false,"footnotes":""},"class_list":["post-8986","page","type-page","status-publish","hentry"],"acf":[],"_links":{"self":[{"href":"https:\/\/www.jelu-werk.com\/de\/wp-json\/wp\/v2\/pages\/8986","targetHints":{"allow":["GET"]}}],"collection":[{"href":"https:\/\/www.jelu-werk.com\/de\/wp-json\/wp\/v2\/pages"}],"about":[{"href":"https:\/\/www.jelu-werk.com\/de\/wp-json\/wp\/v2\/types\/page"}],"author":[{"embeddable":true,"href":"https:\/\/www.jelu-werk.com\/de\/wp-json\/wp\/v2\/users\/4"}],"replies":[{"embeddable":true,"href":"https:\/\/www.jelu-werk.com\/de\/wp-json\/wp\/v2\/comments?post=8986"}],"version-history":[{"count":13,"href":"https:\/\/www.jelu-werk.com\/de\/wp-json\/wp\/v2\/pages\/8986\/revisions"}],"predecessor-version":[{"id":4953557,"href":"https:\/\/www.jelu-werk.com\/de\/wp-json\/wp\/v2\/pages\/8986\/revisions\/4953557"}],"up":[{"embeddable":true,"href":"https:\/\/www.jelu-werk.com\/de\/wp-json\/wp\/v2\/pages\/860"}],"wp:attachment":[{"href":"https:\/\/www.jelu-werk.com\/de\/wp-json\/wp\/v2\/media?parent=8986"}],"curies":[{"name":"wp","href":"https:\/\/api.w.org\/{rel}","templated":true}]}}