{"id":893,"date":"2012-09-06T15:04:11","date_gmt":"2012-09-06T13:04:11","guid":{"rendered":"http:\/\/www.jelu-werk.com\/?page_id=893"},"modified":"2025-09-18T09:49:59","modified_gmt":"2025-09-18T07:49:59","slug":"jeluvet-lignocellulose","status":"publish","type":"page","link":"https:\/\/www.jelu-werk.com\/de\/lignocellulose\/futtermittelergaenzung-und-einstreu\/jeluvet-lignocellulose\/","title":{"rendered":"JELUVET Lignocellulose"},"content":{"rendered":"\n<div class=\"wp-block-columns jelu-columns-wrapper is-layout-flex wp-container-core-columns-is-layout-9d6595d7 wp-block-columns-is-layout-flex\">\n<div class=\"wp-block-column jelu-column-content is-layout-flow wp-block-column-is-layout-flow\" style=\"flex-basis:66.666666%\">\n<h1 class=\"wp-block-heading\">Rohfasertr\u00e4ger Lignocellulose<\/h1>\n\n\n\n<p>Der nat\u00fcrliche Rohfasertr\u00e4ger JELUVET\u00ae ist eine naturreine Lignocellulose. JELUVET\u00ae wird als n\u00e4hrstoffneutrale und standardisierbare Rohfaserkomponente f\u00fcr Mischfutter eingesetzt. Unsere Lignocellulose zeichnet sich aus durch:<\/p>\n\n\n\n<ul class=\"wp-block-list\">\n<li>Mykotoxinfreiheit<\/li>\n\n\n\n<li>Rohfasergehalt 2-3fach gegen\u00fcber herk\u00f6mmlichen Rohfasertr\u00e4gern<\/li>\n\n\n\n<li>hohe Quellf\u00e4higkeit &amp; Wasseraufnahme<\/li>\n\n\n\n<li>Herstellung aus kontrollierten Rohstoffen<\/li>\n\n\n\n<li>HACCP-zertifizierte Produktion<\/li>\n<\/ul>\n\n\n\n<h2 class=\"wp-block-heading\">Rohfaserreiche Futtermittel-Erg\u00e4nzung<\/h2>\n\n\n\n<p>Der Rohfasergehalt der JELUVET\u00ae Lignocellulose ist weit h\u00f6her als bei g\u00e4ngigen Rohfasertr\u00e4gern. Daher gen\u00fcgen geringe Mengen an Lignocellulose, um dem Futtermittel die empfohlene Rohfaserration beizumischen. Der konstant hohe Rohfaseranteil sorgt f\u00fcr eine niedrige Einmischrate ins Futter. Alle Produkte stehen in bester Futtermittelqualit\u00e4t und aus QS-zertifizierter Herstellung zur Verf\u00fcgung.<\/p>\n\n\n\n<h2 class=\"wp-block-heading\">Energiereduzierte Heimtiernahrung<\/h2>\n\n\n\n<p>Die Lignocellulose JELUVET\u00ae wird in der Heimtiernahrung eingesetzt, um den Ballaststoffgehalt von Katzen- und Hundefutter zu erh\u00f6hen. Der Energiegehalt des Futters sinkt, w\u00e4hrend die N\u00e4hrstoffdichte erhalten bleibt. Energiereduziertes Futter eignet sich vor allem zur Gewichtsreduktion und als Seniorfutter.<\/p>\n\n\n\n<h2 class=\"wp-block-heading\">Das Produkt<\/h2>\n\n\n\n<p>Unsere Lignocellulose JELUVET\u00ae steht als Faser oder als Granulat zur Verf\u00fcgung. Mit einem speziellen Produktionsverfahren erhalten wir die nat\u00fcrliche, faserige Struktur des Produkts. Der nat\u00fcrliche Rohfasertr\u00e4ger verf\u00fcgt \u00fcber eine hervorragende Rieself\u00e4higkeit und ist somit bestens maschineng\u00e4ngig. Die Kompaktierung zum Granulat erm\u00f6glicht nochmals bessere Verarbeitbarkeit und eine rationalisierte Logistik.<\/p>\n\n\n\n<p class=\"infobox\"><strong>Rohfasern auch f\u00fcr Kleintiere<\/strong><br>Auch im Gefl\u00fcgel- und Nagerfutter setzt sich JELUVET\u00ae immer mehr durch!<\/p>\n<\/div>\n\n\n\n<div class=\"wp-block-column jelu-column-sidebar is-layout-flow wp-block-column-is-layout-flow\" style=\"flex-basis:33.333333%\">\n<div class=\"wp-block-group jelu-widget has-white-color has-primary-background-color has-text-color has-background is-layout-flow wp-block-group-is-layout-flow\">\n<h2 class=\"wp-block-heading\"><strong>Eigenmarken m\u00f6glich<\/strong><\/h2>\n\n\n\n<p>Unsere BIO-Tiereinstreu liefern wir im Papier-Sack, bzw. im PE-Sack.<\/p>\n\n\n\n<p>F\u00fcr die Lieferung ganzer Paletten machen wir Ihnen ein besonderes Angebot.<\/p>\n\n\n\n<p><strong>Bitte sprechen Sie uns an:<\/strong><\/p>\n\n\n\n<p><a href=\"tel:+49796790910\">Tel. +49 79 67 \/ 90 91 0<\/a><br><a href=\"mailto:team@jelu.de\">team@jelu.de<\/a><\/p>\n\n\n\n<p>Auch Eigenmarken sind m\u00f6glich.&nbsp;<\/p>\n\n\n\n<p>Wir freuen uns auf Ihre Nachricht.&nbsp;<\/p>\n<\/div>\n<\/div>\n<\/div>\n\n\n\n<figure class=\"wp-block-table\"><table><thead><tr><th class=\"has-text-align-center\" data-align=\"center\"><\/th><th class=\"has-text-align-center\" data-align=\"center\">JELUVET\u00ae P<\/th><th class=\"has-text-align-center\" data-align=\"center\">JELUVET\u00ae PKS<\/th><th class=\"has-text-align-center\" data-align=\"center\">JELUVET\u00ae PK<\/th><\/tr><tr><td class=\"has-text-align-center\" data-align=\"center\">Produkt<\/td><td class=\"has-text-align-center\" data-align=\"center\">Lignocellulose<\/td><td class=\"has-text-align-center\" data-align=\"center\">Lignocellulose<\/td><td class=\"has-text-align-center\" data-align=\"center\"><a href=\"https:\/\/www.jelu-werk.com\/wp-content\/uploads\/2022\/10\/JELU-WERK-JELUVET-PK.jpg\" target=\"_blank\" rel=\"noreferrer noopener\">Li<\/a>gnocellulose<\/td><\/tr><tr><th class=\"has-text-align-center\" data-align=\"center\">\ufeff<\/th><th class=\"has-text-align-center\" data-align=\"center\"><a href=\"https:\/\/www.jelu-werk.com\/wp-content\/uploads\/2022\/10\/JELU-WERK-JELUVET-P.jpg\" target=\"_blank\" rel=\"noreferrer noopener\"><\/a><a href=\"https:\/\/www.jelu-werk.com\/wp-content\/uploads\/2022\/10\/JELU-WERK-JELUVET-P.jpg\" target=\"_blank\" rel=\"noreferrer noopener\"><img loading=\"lazy\" decoding=\"async\" width=\"100\" height=\"100\" class=\"wp-image-4954482\" style=\"width: 100px;\" src=\"https:\/\/www.jelu-werk.com\/wp-content\/uploads\/2022\/10\/JELU-WERK-JELUVET-P.jpg\" alt=\"JELUVET P\" srcset=\"https:\/\/www.jelu-werk.com\/wp-content\/uploads\/2022\/10\/JELU-WERK-JELUVET-P.jpg 500w, https:\/\/www.jelu-werk.com\/wp-content\/uploads\/2022\/10\/JELU-WERK-JELUVET-P-275x275.jpg 275w, https:\/\/www.jelu-werk.com\/wp-content\/uploads\/2022\/10\/JELU-WERK-JELUVET-P-150x150.jpg 150w\" sizes=\"auto, (max-width: 100px) 100vw, 100px\" \/><\/a><\/th><th class=\"has-text-align-center\" data-align=\"center\"><a href=\"https:\/\/www.jelu-werk.com\/wp-content\/uploads\/2022\/10\/JELU-WERK-JELUVET-PKS.jpg\" target=\"_blank\" rel=\"noreferrer noopener\"><\/a><a href=\"https:\/\/www.jelu-werk.com\/wp-content\/uploads\/2022\/10\/JELU-WERK-JELUVET-PKS.jpg\" target=\"_blank\" rel=\"noreferrer noopener\"><img loading=\"lazy\" decoding=\"async\" width=\"100\" height=\"100\" class=\"wp-image-4954486\" style=\"width: 100px;\" src=\"https:\/\/www.jelu-werk.com\/wp-content\/uploads\/2022\/10\/JELU-WERK-JELUVET-PKS.jpg\" alt=\"JELUVET PKS\" srcset=\"https:\/\/www.jelu-werk.com\/wp-content\/uploads\/2022\/10\/JELU-WERK-JELUVET-PKS.jpg 500w, https:\/\/www.jelu-werk.com\/wp-content\/uploads\/2022\/10\/JELU-WERK-JELUVET-PKS-275x275.jpg 275w, https:\/\/www.jelu-werk.com\/wp-content\/uploads\/2022\/10\/JELU-WERK-JELUVET-PKS-150x150.jpg 150w\" sizes=\"auto, (max-width: 100px) 100vw, 100px\" \/><\/a><\/th><th class=\"has-text-align-center\" data-align=\"center\"><a href=\"https:\/\/www.jelu-werk.com\/wp-content\/uploads\/2022\/10\/JELU-WERK-JELUVET-PK.jpg\" target=\"_blank\" rel=\"noreferrer noopener\"><\/a><a href=\"https:\/\/www.jelu-werk.com\/wp-content\/uploads\/2022\/10\/JELU-WERK-JELUVET-PK.jpg\" target=\"_blank\" rel=\"noreferrer noopener\"><img loading=\"lazy\" decoding=\"async\" width=\"100\" height=\"100\" class=\"wp-image-4954484\" style=\"width: 100px;\" src=\"https:\/\/www.jelu-werk.com\/wp-content\/uploads\/2022\/10\/JELU-WERK-JELUVET-PK.jpg\" alt=\"JELUVET PK\" srcset=\"https:\/\/www.jelu-werk.com\/wp-content\/uploads\/2022\/10\/JELU-WERK-JELUVET-PK.jpg 500w, https:\/\/www.jelu-werk.com\/wp-content\/uploads\/2022\/10\/JELU-WERK-JELUVET-PK-275x275.jpg 275w, https:\/\/www.jelu-werk.com\/wp-content\/uploads\/2022\/10\/JELU-WERK-JELUVET-PK-150x150.jpg 150w\" sizes=\"auto, (max-width: 100px) 100vw, 100px\" \/><\/a><\/th><\/tr><tr><td class=\"has-text-align-center\" data-align=\"center\">Aussehen<\/td><td class=\"has-text-align-center\" data-align=\"center\">Pulver<\/td><td class=\"has-text-align-center\" data-align=\"center\">feines Granulat<\/td><td class=\"has-text-align-center\" data-align=\"center\">grobes Granulat<\/td><\/tr><tr><td class=\"has-text-align-center\" data-align=\"center\">bevorzugter Einsatz<\/td><td class=\"has-text-align-center\" data-align=\"center\">f\u00fcr die Zumischung ohne Vermahlung oder Vorzerkleinerung<\/td><td class=\"has-text-align-center\" data-align=\"center\">gut flie\u00dff\u00e4hig und silog\u00e4ngig f\u00fcr die Zumischung mit geringer Vermahlung oder Vorzerkleinerung<\/td><td class=\"has-text-align-center\" data-align=\"center\">gut flie\u00dff\u00e4hig und silog\u00e4ngig f\u00fcr die Zumischung mit st\u00e4rkerer Vermahlung oder Vorzerkleinerung<\/td><\/tr><\/thead><\/table><\/figure>\n\n\n\n<h3 class=\"wp-block-heading\">Analyse der Futtermittelballaststoffe<\/h3>\n\n\n\n<figure class=\"wp-block-table\"><table><thead><tr><th class=\"has-text-align-left\" data-align=\"left\"><strong>JELUVET\u00ae P \/ JELUVET\u00ae PK \/ JELUVET\u00ae PKS<\/strong><\/th><\/tr><tr><th class=\"has-text-align-left\" data-align=\"left\">Zusammensetzung<\/th><\/tr><tr><td class=\"has-text-align-left\" data-align=\"left\">62 % Cellulose + Hemicellulosen<\/td><\/tr><tr><th class=\"has-text-align-left\" data-align=\"left\">Weender Futtermittelanalyse<\/th><\/tr><tr><td class=\"has-text-align-left\" data-align=\"left\">Min. 65 % \/ DM Rohfaser<\/td><\/tr><tr><td class=\"has-text-align-left\" data-align=\"left\">27,1 % N-freie Extraktstoffe<\/td><\/tr><tr><td class=\"has-text-align-left\" data-align=\"left\">3,9 % Wasser<\/td><\/tr><tr><td class=\"has-text-align-left\" data-align=\"left\">&lt; 0,2 % Rohasche<\/td><\/tr><tr><td class=\"has-text-align-left\" data-align=\"left\">0,9 % Rohprotein<\/td><\/tr><tr><td class=\"has-text-align-left\" data-align=\"left\">0,4 % Gesamt-Rohfett<\/td><\/tr><tr><th class=\"has-text-align-left\" data-align=\"left\">Detergenzien-Analyse nach van Soest<\/th><\/tr><tr><td class=\"has-text-align-left\" data-align=\"left\">85 % \/ DM NDF (Hemicellulose, Cellulose und Lignin)<\/td><\/tr><tr><td class=\"has-text-align-left\" data-align=\"left\">&nbsp;65 % \/ DM ADF (Cellulose und Lignin)<\/td><\/tr><tr><td class=\"has-text-align-left\" data-align=\"left\">&nbsp;20 % \/ DM ADL (Lignin)<\/td><\/tr><tr><td class=\"has-text-align-left\" data-align=\"left\">&nbsp;DM = auf Basis der Trockenmasse<\/td><\/tr><\/thead><\/table><\/figure>\n","protected":false},"excerpt":{"rendered":"<p>Rohfasertr\u00e4ger Lignocellulose Der nat\u00fcrliche Rohfasertr\u00e4ger JELUVET\u00ae ist eine naturreine Lignocellulose. JELUVET\u00ae wird als n\u00e4hrstoffneutrale und standardisierbare Rohfaserkomponente f\u00fcr Mischfutter eingesetzt. Unsere Lignocellulose zeichnet sich aus durch: Rohfaserreiche Futtermittel-Erg\u00e4nzung Der Rohfasergehalt der JELUVET\u00ae Lignocellulose ist weit h\u00f6her als bei g\u00e4ngigen Rohfasertr\u00e4gern. Daher gen\u00fcgen geringe Mengen an Lignocellulose, um dem Futtermittel die empfohlene Rohfaserration beizumischen. Der konstant [&hellip;]<\/p>\n","protected":false},"author":2,"featured_media":0,"parent":860,"menu_order":0,"comment_status":"closed","ping_status":"closed","template":"page-2-col-sidebar-right.php","meta":{"_acf_changed":false,"footnotes":""},"class_list":["post-893","page","type-page","status-publish","hentry"],"acf":[],"_links":{"self":[{"href":"https:\/\/www.jelu-werk.com\/de\/wp-json\/wp\/v2\/pages\/893","targetHints":{"allow":["GET"]}}],"collection":[{"href":"https:\/\/www.jelu-werk.com\/de\/wp-json\/wp\/v2\/pages"}],"about":[{"href":"https:\/\/www.jelu-werk.com\/de\/wp-json\/wp\/v2\/types\/page"}],"author":[{"embeddable":true,"href":"https:\/\/www.jelu-werk.com\/de\/wp-json\/wp\/v2\/users\/2"}],"replies":[{"embeddable":true,"href":"https:\/\/www.jelu-werk.com\/de\/wp-json\/wp\/v2\/comments?post=893"}],"version-history":[{"count":19,"href":"https:\/\/www.jelu-werk.com\/de\/wp-json\/wp\/v2\/pages\/893\/revisions"}],"predecessor-version":[{"id":5536777,"href":"https:\/\/www.jelu-werk.com\/de\/wp-json\/wp\/v2\/pages\/893\/revisions\/5536777"}],"up":[{"embeddable":true,"href":"https:\/\/www.jelu-werk.com\/de\/wp-json\/wp\/v2\/pages\/860"}],"wp:attachment":[{"href":"https:\/\/www.jelu-werk.com\/de\/wp-json\/wp\/v2\/media?parent=893"}],"curies":[{"name":"wp","href":"https:\/\/api.w.org\/{rel}","templated":true}]}}