{"id":849,"date":"2012-09-05T18:18:56","date_gmt":"2012-09-05T16:18:56","guid":{"rendered":"http:\/\/www.jelu-werk.com\/?page_id=849"},"modified":"2022-10-12T08:27:47","modified_gmt":"2022-10-12T06:27:47","slug":"tiereinstreu","status":"publish","type":"page","link":"https:\/\/www.jelu-werk.com\/de\/lignocellulose\/rohfasern\/tiereinstreu\/","title":{"rendered":"Tiereinstreu"},"content":{"rendered":"\n<div class=\"wp-block-columns jelu-columns-wrapper is-layout-flex wp-container-core-columns-is-layout-9d6595d7 wp-block-columns-is-layout-flex\">\n<div class=\"wp-block-column jelu-column-content is-layout-flow wp-block-column-is-layout-flow\" style=\"flex-basis:66.666666%\">\n<h1 class=\"wp-block-heading\">Tiereinstreu als Eigenmarke<\/h1>\n\n\n\n<p>Als Produktionspartner f\u00fcr Tiereinstreu bieten wir Private-Label-Produkte an, mit denen Sie sich im Wettbewerb besser abgrenzen k\u00f6nnen. Mit Ihrer eigenen Handelsmarke k\u00f6nnen Sie Ihr Produktsortiment um ein exklusives Produkt erweitern und Ihre Kunden besser binden. Wir bieten <a href=\"https:\/\/www.jelu-werk.com\/de\/lignocellulose\/rohfasern\/tiereinstreu\/katzenstreu\/\">Bio-Klumpstreu f\u00fcr Katzen<\/a>, <a href=\"\/?page_id=6655\">Qualit\u00e4tseinstreu f\u00fcr Klein- und Gro\u00dftiere<\/a> sowie spezielle <a href=\"\/?page_id=6659\">Einstreu f\u00fcr die Gefl\u00fcgelzucht<\/a> an. Unsere Streu ist zu 100% ein reines Naturprodukt aus selektierten H\u00f6lzern. Sie zeichnet sich durch hohe Absorption und lange Verwendbarkeit aus.<\/p>\n\n\n\n<figure class=\"wp-block-image size-large\"><img loading=\"lazy\" decoding=\"async\" width=\"800\" height=\"228\" src=\"https:\/\/www.jelu-werk.com\/wp-content\/uploads\/2022\/10\/JELU-WERK-JELUVET-animals-min-800x228.jpg\" alt=\"\" class=\"wp-image-4954502\" srcset=\"https:\/\/www.jelu-werk.com\/wp-content\/uploads\/2022\/10\/JELU-WERK-JELUVET-animals-min-800x228.jpg 800w, https:\/\/www.jelu-werk.com\/wp-content\/uploads\/2022\/10\/JELU-WERK-JELUVET-animals-min-275x78.jpg 275w, https:\/\/www.jelu-werk.com\/wp-content\/uploads\/2022\/10\/JELU-WERK-JELUVET-animals-min-768x219.jpg 768w, https:\/\/www.jelu-werk.com\/wp-content\/uploads\/2022\/10\/JELU-WERK-JELUVET-animals-min-1536x438.jpg 1536w, https:\/\/www.jelu-werk.com\/wp-content\/uploads\/2022\/10\/JELU-WERK-JELUVET-animals-min-2048x584.jpg 2048w\" sizes=\"auto, (max-width: 800px) 100vw, 800px\" \/><\/figure>\n\n\n\n<p class=\"infobox phone\">Sie m\u00f6chten unsere Tiereinstreu als Eigenmarke vertreiben? Gerne besprechen wir mit Ihnen, welche Eigenschaften Ihre Handelsmarke aufweisen soll. Wir freuen uns auf Ihren Anruf unter <span class=\"nowrap\"><strong>+49 (0)7967 &#8211; 9091 &#8211; 0<\/strong>.<\/span><\/p>\n<\/div>\n\n\n\n<div class=\"wp-block-column jelu-column-sidebar is-layout-flow wp-block-column-is-layout-flow\" style=\"flex-basis:33.333333%\">\n<div class=\"wp-block-group jelu-widget has-white-color has-primary-background-color has-text-color has-background is-layout-flow wp-block-group-is-layout-flow\">\n<h2 class=\"wp-block-heading\">Technische Daten<\/h2>\n\n\n\n<p>Erfahren Sie mehr \u00fcber unsere Tiereinstreu&nbsp;<a href=\"https:\/\/www.jelu-werk.com\/de\/lignocellulose\/futtermittelergaenzung-und-einstreu\/cosycat\/\">COSYCAT\u00ae<\/a>,&nbsp;<a href=\"https:\/\/www.jelu-werk.com\/de\/lignocellulose\/futtermittelergaenzung-und-einstreu\/cosypet\/\">COSYPET\u00ae<\/a>,&nbsp;<a href=\"https:\/\/www.jelu-werk.com\/de\/lignocellulose\/futtermittelergaenzung-und-einstreu\/cosyflock\/\">COSYFLOCK\u00ae<\/a>&nbsp;und&nbsp;<a href=\"https:\/\/www.jelu-werk.com\/de\/lignocellulose\/futtermittelergaenzung-und-einstreu\/jeludry\/\">JELUDRY\u00ae<\/a>&nbsp;auf den entsprechenden Produktseiten.<\/p>\n<\/div>\n<\/div>\n<\/div>\n","protected":false},"excerpt":{"rendered":"<p>Tiereinstreu als Eigenmarke Als Produktionspartner f\u00fcr Tiereinstreu bieten wir Private-Label-Produkte an, mit denen Sie sich im Wettbewerb besser abgrenzen k\u00f6nnen. Mit Ihrer eigenen Handelsmarke k\u00f6nnen Sie Ihr Produktsortiment um ein exklusives Produkt erweitern und Ihre Kunden besser binden. Wir bieten Bio-Klumpstreu f\u00fcr Katzen, Qualit\u00e4tseinstreu f\u00fcr Klein- und Gro\u00dftiere sowie spezielle Einstreu f\u00fcr die Gefl\u00fcgelzucht an. [&hellip;]<\/p>\n","protected":false},"author":2,"featured_media":0,"parent":623,"menu_order":6,"comment_status":"closed","ping_status":"closed","template":"page-2-col-sidebar-right.php","meta":{"_acf_changed":false,"footnotes":""},"class_list":["post-849","page","type-page","status-publish","hentry"],"acf":[],"_links":{"self":[{"href":"https:\/\/www.jelu-werk.com\/de\/wp-json\/wp\/v2\/pages\/849","targetHints":{"allow":["GET"]}}],"collection":[{"href":"https:\/\/www.jelu-werk.com\/de\/wp-json\/wp\/v2\/pages"}],"about":[{"href":"https:\/\/www.jelu-werk.com\/de\/wp-json\/wp\/v2\/types\/page"}],"author":[{"embeddable":true,"href":"https:\/\/www.jelu-werk.com\/de\/wp-json\/wp\/v2\/users\/2"}],"replies":[{"embeddable":true,"href":"https:\/\/www.jelu-werk.com\/de\/wp-json\/wp\/v2\/comments?post=849"}],"version-history":[{"count":4,"href":"https:\/\/www.jelu-werk.com\/de\/wp-json\/wp\/v2\/pages\/849\/revisions"}],"predecessor-version":[{"id":4954504,"href":"https:\/\/www.jelu-werk.com\/de\/wp-json\/wp\/v2\/pages\/849\/revisions\/4954504"}],"up":[{"embeddable":true,"href":"https:\/\/www.jelu-werk.com\/de\/wp-json\/wp\/v2\/pages\/623"}],"wp:attachment":[{"href":"https:\/\/www.jelu-werk.com\/de\/wp-json\/wp\/v2\/media?parent=849"}],"curies":[{"name":"wp","href":"https:\/\/api.w.org\/{rel}","templated":true}]}}