{"id":843,"date":"2012-09-05T18:11:03","date_gmt":"2012-09-05T16:11:03","guid":{"rendered":"http:\/\/www.jelu-werk.com\/?page_id=843"},"modified":"2025-08-04T15:28:13","modified_gmt":"2025-08-04T13:28:13","slug":"katzen","status":"publish","type":"page","link":"https:\/\/www.jelu-werk.com\/de\/lignocellulose\/rohfasern\/heimtiernahrung\/katzen\/","title":{"rendered":"Katzen"},"content":{"rendered":"\n<div class=\"wp-block-columns jelu-columns-wrapper is-layout-flex wp-container-core-columns-is-layout-9d6595d7 wp-block-columns-is-layout-flex\">\n<div class=\"wp-block-column jelu-column-content is-layout-flow wp-block-column-is-layout-flow\" style=\"flex-basis:66.666666%\">\n<h1 class=\"wp-block-heading\">Ballaststoffe im Katzenfutter: energiearm und s\u00e4ttigend<\/h1>\n\n\n\n<figure class=\"wp-block-image alignright is-resized size-full wp-image-3398\"><img loading=\"lazy\" decoding=\"async\" width=\"347\" height=\"346\" src=\"\/wp-content\/uploads\/2012\/09\/Katze.jpg\" alt=\"Ballaststoffe reduzieren den Energiegehalt von Katzenfutter f\u00fcr eine gesunde Di\u00e4t\" class=\"wp-image-3398\" style=\"width:175px\" srcset=\"https:\/\/www.jelu-werk.com\/wp-content\/uploads\/2012\/09\/Katze.jpg 347w, https:\/\/www.jelu-werk.com\/wp-content\/uploads\/2012\/09\/Katze-150x150.jpg 150w, https:\/\/www.jelu-werk.com\/wp-content\/uploads\/2012\/09\/Katze-275x274.jpg 275w\" sizes=\"auto, (max-width: 347px) 100vw, 347px\" \/><figcaption class=\"wp-element-caption\">Die nat\u00fcrlichen Ballaststoffe JELUCEL\u00ae und JELUVET\u00ae reduzieren den Energiegehalt von Katzenfutter und sorgen f\u00fcr eine gesunde Ern\u00e4hrung.<\/figcaption><\/figure>\n\n\n\n<p>JELUCEL\u00ae und JELUVET\u00ae sind nat\u00fcrliche Pflanzenfasern, die den Ballaststoffgehalt im Katzenfutter erh\u00f6hen. Die Fasern senken den Energiegehalt des Futters und sorgen so f\u00fcr eine gesunde Ern\u00e4hrung. Eine standardisierbare Erh\u00f6hung des Faseranteils ist mit unseren Ballaststoffen problemlos m\u00f6glich. <\/p>\n\n\n\n<p>Im Nassfutter erh\u00f6hen Ballaststoffe die Quellf\u00e4higkeit und Wasseraufnahmef\u00e4higkeit. So stabilisieren sie den Feuchtegehalt des Futters und verbessern die Textur. Die F\u00fctterung von ballaststoffreichem Katzenfutter kann zudem die Entstehung von Haarb\u00e4llen reduzieren (Anti-Hairball-Effekt). Denn die im Futter enthaltenen Ballaststoffe helfen, die verschluckten Haare \u00fcber den Darm auszuscheiden. Pflanzenfasern in Form von Cellulose und Lignocellulose werden von Katzen gut angenommen.<\/p>\n\n\n\n<h2 class=\"wp-block-heading\">Ballaststoffe im Katzenfutter reduzieren Gewicht<\/h2>\n\n\n\n<p>Weltweit sind etwa 40 bis 60 % aller Hauskatzen \u00fcbergewichtig. Zu viel Gewicht senkt die Lebensqualit\u00e4t und Lebenserwartung von Katzen. Denn Katzen mit zu viel Fett auf den Rippen haben weniger Freude an Bewegung und Spiel. Genau wie \u00fcbergewichtige Menschen sind auch Katzen mit \u00dcbergewicht anf\u00e4lliger f\u00fcr Erkrankungen. Sie haben h\u00e4ufiger:<\/p>\n\n\n\n<ul class=\"wp-block-list\">\n<li>Diabetes<\/li>\n\n\n\n<li>Herz-Kreislauf-Erkrankungen<\/li>\n\n\n\n<li>Stoffwechselerkrankungen<\/li>\n\n\n\n<li>Knochen- und Gelenkerkrankungen<\/li>\n\n\n\n<li>ein erh\u00f6htes Risiko bei Operationen und Narkosen<\/li>\n<\/ul>\n\n\n\n<h3 class=\"wp-block-heading\">Energiereduziert und s\u00e4ttigend<\/h3>\n\n\n\n<p>\u00dcbergewichtige Katzen sollten nicht einfach weniger zu fressen bekommen. Das erh\u00f6ht das Risiko einer Mangelern\u00e4hrung und kann Lebersch\u00e4den verursachen. Wirkungsvoller und ges\u00fcnder ist ein ballaststoffreiches Katzenfutter. Es ist energie\u00e4rmer bei gleicher N\u00e4hrstoffdichte und unterst\u00fctzt so die Gewichtsreduktion. Die nat\u00fcrlichen Pflanzenfasern JELUCEL\u00ae und JELUVET\u00ae sind geschmacksneutral und enthalten keine Konservierungsmittel.<\/p>\n\n\n\n<h2 class=\"wp-block-heading\">Ballaststoffreiches Futter f\u00fcr Katzen mit Diabetes<\/h2>\n\n\n\n<p>Mit unseren Ballaststoffen wird der Fasergehalt von Katzenfutter auf nat\u00fcrliche Weise erh\u00f6ht. Ein faserreiches Futter zeigt positive Auswirkungen auf den Diabetes und hilft, die Blutzuckerwerte von diabetischen Katzen zu stabilisieren. Die Ballaststoffe:<\/p>\n\n\n\n<ul class=\"wp-block-list\">\n<li>verz\u00f6gern die N\u00e4hrstoffresorption aus dem Futter<\/li>\n\n\n\n<li>verlangsamen den Blutzuckeranstieg nach der Futteraufnahme<\/li>\n<\/ul>\n\n\n\n<p>Dies kann die Blutzuckereinstellung von Katzen mit Diabetes erleichtern und deren Lebensqualit\u00e4t erh\u00f6hen.<\/p>\n\n\n\n<h2 class=\"wp-block-heading\">Faserreiches Futter f\u00fcr \u00e4ltere Katzen<\/h2>\n\n\n\n<p>Im Alter bewegen sich Katzen weniger und ihr Energiebedarf nimmt ab. Zudem \u00e4ndert sich der Stoffwechsel und der Darm wird tr\u00e4ge. Unsere Pflanzenfasern reduzieren zwar den Energiegehalt im Futter, behalten den N\u00e4hrstoffgehalt jedoch bei. Daher eignet sich faserreiches Katzenfutter als Seniorfutter. Denn es beugt Verstopfungen und einer Gewichtszunahme vor, insbesondere auch nach einer Kastration. \u00c4ltere Katzen ohne \u00dcbergewicht leben ges\u00fcnder und haben mehr Lebensfreude. <\/p>\n\n\n\n<p class=\"infobox\"><strong>Gleichbleibend hohe Qualit\u00e4t<\/strong><br>Pr\u00fcfsiegel und Zertifikate gew\u00e4hrleisten eine gleichbleibend hohe Qualit\u00e4t. Regelm\u00e4\u00dfig f\u00fchren wir ein internes und externes Futtermittel-Monitoring durch. Dabei werden unsere Pflanzenfasern auf unerw\u00fcnschte Stoffe gem\u00e4\u00df den gesetzlichen Vorgaben und den Auflagen des deutschen QS-Systems gepr\u00fcft.<\/p>\n\n\n\n<h2 class=\"wp-block-heading\">Nat\u00fcrliche Pflanzenfasern f\u00fcr gesunde Katzen<\/h2>\n\n\n\n<p>JELUCEL\u00ae und JELUVET\u00ae sind reine Pflanzenfasern, die zur Erh\u00f6hung des Ballaststoffgehalts von Katzenfutter eingesetzt werden k\u00f6nnen. Die Unterschiede zwischen den beiden Produkten k\u00f6nnen Sie den folgenden Tabellen entnehmen:<\/p>\n\n\n\n<h3 class=\"wp-block-heading\">Eigenschaften von JELUCEL\u00ae und JELUVET\u00ae<\/h3>\n\n\n\n<figure class=\"wp-block-table\"><table><thead><tr><th><strong>JELUCEL\u00ae HM<\/strong>\n<\/th><th><strong>JELUVET\u00ae P \/ JELUVET\u00ae PKS \/ JELUVET\u00ae PKS<\/strong> fein<\/th><\/tr><\/thead><tbody><tr><td>Einzelfuttermittel der Positivliste<\/td><td>Einzelfuttermittel der Positivliste<\/td><\/tr><tr><td>Pulver und Fasern: 30 \u2013 2000 \u03bcm<\/td><td>Pulver und feines Granulat<\/td><\/tr><tr><td>Feuchtigkeitsbindung: 1:4 \u2013 1:11<\/td><td>Feuchtigkeitsbindung: 1:6<\/td><\/tr><tr><td>Reine Pflanzenfasern<\/td><td>Reine Pflanzenfasern<\/td><\/tr><tr><td>Unl\u00f6sliche Ballaststoffe<\/td><td>L\u00f6sliche und unl\u00f6sliche Ballaststoffe<\/td><\/tr><tr><td>F\u00fcr Allergiker geeignet<\/td><td>F\u00fcr Allergiker geeignet<\/td><\/tr><tr><td>Glutenfrei<\/td><td>Glutenfrei<\/td><\/tr><tr><td>Laktosefrei<\/td><td>Laktosefrei<\/td><\/tr><tr><td>Fruktosefrei<\/td><td>Fruktosefrei<\/td><\/tr><tr><td>Geschmacksneutral<\/td><td><\/td><\/tr><tr><td>Geruchsneutral<\/td><td><\/td><\/tr><tr><td>Farblos<\/td><td><\/td><\/tr><\/tbody><\/table><\/figure>\n\n\n\n<h3 class=\"wp-block-heading\">Analyse der Futtermittelballaststoffe<\/h3>\n\n\n\n<table style=\"height: 052px;\" width=\"628\">\n<thead>\n<tr>\n<th width=\"307\"><strong>JELUCEL\u00ae HM<\/strong><\/td>\n<th width=\"307\"><strong>JELUVET\u00ae P \/ JELUVET\u00ae PK \/ JELUVET\u00ae PKS<\/strong><\/td>\n<\/th>\n<\/tr>\n<tbody>\n<tr>\n<th colspan=\"2\">Zusammensetzung<\/th>\n<\/tr>\n<tr class=\"alt\">\n<td width=\"307\">97 % Cellulose + Hemicellulosen<\/td>\n<td width=\"307\">62 % Cellulose + Hemicellulosen<\/td>\n<\/tr>\n<tr>\n<th colspan=\"2\">Weender Futtermittelanalyse<\/th>\n<\/tr>\n<tr class=\"alt\">\n<td width=\"307\">72 % Rohfaser<\/td>\n<td width=\"307\">Min. 65 % \/DM Rohfaser<\/td>\n<\/tr>\n<tr>\n<td width=\"307\">25,2 % N-freie Extraktstoffe<\/td>\n<td width=\"307\">27,1 % N-freie Extraktstoffe<\/td>\n<\/tr>\n<tr class=\"alt\">\n<td width=\"307\">2,8 % Wasser<\/td>\n<td width=\"307\">3,9 % Wasser<\/td>\n<\/tr>\n<tr>\n<td width=\"307\">< 0,5 % Rohasche<\/td>\n<td width=\"307\">< 0,2 % Rohasche<\/td>\n<\/tr>\n<tr class=\"alt\">\n<td width=\"307\">< 0,5 % Rohprotein<\/td>\n<td width=\"307\">0,9 % Rohprotein<\/td>\n<\/tr>\n<tr>\n<td width=\"307\">< 1,0 % Gesamt-Rohfett<\/td>\n<td width=\"307\">0,4 % Gesamt-Rohfett<\/td>\n<\/tr>\n<tr class=\"alt\">\n<th colspan=\"2\">Detergenzien-Analyse nach van Soest<\/th>\n<\/tr>\n<tr>\n<td width=\"307\">97 % NDF<\/td>\n<td width=\"307\">85 % \/ DM NDF\n(Hemicellulose, Cellulose und Lignin)<\/td>\n<\/tr>\n<tr class=\"alt\">\n<td width=\"307\"><\/td>\n<td width=\"307\">65 % \/ DM ADF\n(Cellulose und Lignin)<\/td>\n<\/tr>\n<tr>\n<td width=\"307\"><\/td>\n<td width=\"307\">20 % \/ DM ADL (Lignin)<\/td>\n<\/tr>\n<tr class=\"alt\">\n<td width=\"307\"><\/td>\n<td width=\"307\"><tr class=\"alt\">\n<td width=\"307\"><\/td>\n<td width=\"307\">DM = auf Basis der Trockenmasse<\/td>\n<\/tr>\n<\/tbody>\n<\/table>\n<\/div>\n\n\n\n<div class=\"wp-block-column jelu-column-sidebar is-layout-flow wp-block-column-is-layout-flow\" style=\"flex-basis:33.333333%\">\n<div class=\"wp-block-group jelu-widget has-white-color has-primary-background-color has-text-color has-background is-layout-flow wp-block-group-is-layout-flow\">\n<h2 class=\"wp-block-heading\"><strong>Eigenmarken m\u00f6glich<\/strong><\/h2>\n\n\n\n<p>Unsere BIO-Tiereinstreu liefern wir im Papier-Sack, bzw. im PE-Sack.<\/p>\n\n\n\n<p>F\u00fcr die Lieferung ganzer Paletten machen wir Ihnen ein besonderes Angebot.<\/p>\n\n\n\n<p><strong>Bitte sprechen Sie uns an:<\/strong><\/p>\n\n\n\n<p><a href=\"tel:+49796790910\">Tel. +49 79 67 \/ 90 91 0<\/a><br><a href=\"mailto:team@jelu.de\">team@jelu.de<\/a><\/p>\n\n\n\n<p>Auch Eigenmarken sind m\u00f6glich.&nbsp;<\/p>\n\n\n\n<p>Wir freuen uns auf Ihre Nachricht.&nbsp;<\/p>\n<\/div>\n\n\n\n<div class=\"wp-block-group jelu-widget has-white-color has-primary-background-color has-text-color has-background is-layout-flow wp-block-group-is-layout-flow\">\n<h2 class=\"wp-block-heading\">Unsere Empfehlung<\/h2>\n\n\n\n<p>F\u00fcr eine faserreiche Ern\u00e4hrung empfehlen wir t\u00e4glich 0,5-2 g\/kg K\u00f6rpermasse des Tieres.<\/p>\n<\/div>\n<\/div>\n<\/div>\n","protected":false},"excerpt":{"rendered":"<p>Ballaststoffe im Katzenfutter: energiearm und s\u00e4ttigend JELUCEL\u00ae und JELUVET\u00ae sind nat\u00fcrliche Pflanzenfasern, die den Ballaststoffgehalt im Katzenfutter erh\u00f6hen. Die Fasern senken den Energiegehalt des Futters und sorgen so f\u00fcr eine gesunde Ern\u00e4hrung. Eine standardisierbare Erh\u00f6hung des Faseranteils ist mit unseren Ballaststoffen problemlos m\u00f6glich. Im Nassfutter erh\u00f6hen Ballaststoffe die Quellf\u00e4higkeit und Wasseraufnahmef\u00e4higkeit. So stabilisieren sie den [&hellip;]<\/p>\n","protected":false},"author":2,"featured_media":0,"parent":819,"menu_order":3,"comment_status":"closed","ping_status":"closed","template":"page-2-col-sidebar-right.php","meta":{"_acf_changed":false,"footnotes":""},"class_list":["post-843","page","type-page","status-publish","hentry"],"acf":[],"_links":{"self":[{"href":"https:\/\/www.jelu-werk.com\/de\/wp-json\/wp\/v2\/pages\/843","targetHints":{"allow":["GET"]}}],"collection":[{"href":"https:\/\/www.jelu-werk.com\/de\/wp-json\/wp\/v2\/pages"}],"about":[{"href":"https:\/\/www.jelu-werk.com\/de\/wp-json\/wp\/v2\/types\/page"}],"author":[{"embeddable":true,"href":"https:\/\/www.jelu-werk.com\/de\/wp-json\/wp\/v2\/users\/2"}],"replies":[{"embeddable":true,"href":"https:\/\/www.jelu-werk.com\/de\/wp-json\/wp\/v2\/comments?post=843"}],"version-history":[{"count":16,"href":"https:\/\/www.jelu-werk.com\/de\/wp-json\/wp\/v2\/pages\/843\/revisions"}],"predecessor-version":[{"id":5536711,"href":"https:\/\/www.jelu-werk.com\/de\/wp-json\/wp\/v2\/pages\/843\/revisions\/5536711"}],"up":[{"embeddable":true,"href":"https:\/\/www.jelu-werk.com\/de\/wp-json\/wp\/v2\/pages\/819"}],"wp:attachment":[{"href":"https:\/\/www.jelu-werk.com\/de\/wp-json\/wp\/v2\/media?parent=843"}],"curies":[{"name":"wp","href":"https:\/\/api.w.org\/{rel}","templated":true}]}}