{"id":836,"date":"2012-09-05T17:59:41","date_gmt":"2012-09-05T15:59:41","guid":{"rendered":"http:\/\/www.jelu-werk.com\/?page_id=836"},"modified":"2023-01-05T16:31:24","modified_gmt":"2023-01-05T14:31:24","slug":"hunde","status":"publish","type":"page","link":"https:\/\/www.jelu-werk.com\/de\/lignocellulose\/rohfasern\/heimtiernahrung\/hunde\/","title":{"rendered":"Hunde"},"content":{"rendered":"\n<div class=\"wp-block-columns jelu-columns-wrapper is-layout-flex wp-container-core-columns-is-layout-9d6595d7 wp-block-columns-is-layout-flex\">\n<div class=\"wp-block-column jelu-column-content is-layout-flow wp-block-column-is-layout-flow\" style=\"flex-basis:66.666666%\">\n<h1 class=\"wp-block-heading\">Ballaststoffe f\u00fcr Hunde mit \u00dcbergewicht und Diabetes<\/h1>\n\n\n\n<figure class=\"wp-block-image alignright is-resized size-full wp-image-3395\"><img decoding=\"async\" src=\"\/wp-content\/uploads\/2012\/09\/Hund.jpg\" alt=\"Ballaststoffe f\u00fcr \u00fcbergewichtige und diabetische Hunde\" class=\"wp-image-3395\" width=\"175\" srcset=\"https:\/\/www.jelu-werk.com\/wp-content\/uploads\/2012\/09\/Hund.jpg 550w, https:\/\/www.jelu-werk.com\/wp-content\/uploads\/2012\/09\/Hund-275x254.jpg 275w\" sizes=\"(max-width: 550px) 100vw, 550px\" \/><figcaption class=\"wp-element-caption\">Die nat\u00fcrlichen Ballaststoffe JELUCEL\u00ae und JELUVET\u00ae verbessern die Lebensqualit\u00e4t von \u00fcbergewichtigen und diabetischen Hunden.<\/figcaption><\/figure>\n\n\n\n<p>Die Ballaststoffe JELUCEL\u00ae und JELUVET\u00ae sind reine Pflanzenfasern und erh\u00f6hen im Hundefutter den Rohfaseranteil. Der Energiegehalt des Futters sinkt bei gleicher N\u00e4hrstoffdichte.<\/p>\n\n\n\n<p>Mit den Ballaststoffen von JELU l\u00e4sst sich der Ballaststoffgehalt von Hundefutter standardisierbar erh\u00f6hen. Im Nassfutter sorgen sie au\u00dferdem f\u00fcr einen stabilen Feuchtegehalt und verbessern die Textur. Ballaststoffe in Form von Cellulose und Lignocellulose werden von den Hunden gut angenommen.<\/p>\n\n\n\n<p>Das F\u00fcttern von langfaseriger Cellulose hat au\u00dferdem einen positiven Effekt auf die Kotkonsistenz. Die Kotqualit\u00e4t wird verbessert und der Kot bleibt weich und doch geformt.<\/p>\n\n\n\n<h2 class=\"wp-block-heading\">Gewichtsreduktion durch Ballaststoffe<\/h2>\n\n\n\n<p>Etwa die H\u00e4lfte der Haushunde leidet Sch\u00e4tzungen zufolge unter \u00dcbergewicht. Hunde mit \u00fcberz\u00e4hligen Pfunden haben weniger Freude an der Bewegung und sind tr\u00e4ge. Ihre Lebensqualit\u00e4t sinkt ebenso wie ihre Lebenserwartung. Wie \u00fcbergewichtige Menschen auch haben Hunde mit \u00dcbergewicht ein h\u00f6heres Risiko f\u00fcr gesundheitliche Probleme. Hierzu geh\u00f6ren:<\/p>\n\n\n\n<ul class=\"wp-block-list\">\n<li>Diabetes<\/li>\n\n\n\n<li>Herz-Kreislauf-Erkrankungen<\/li>\n\n\n\n<li>Stoffwechselerkrankungen<\/li>\n\n\n\n<li>Knochen- und Gelenkerkrankungen<\/li>\n<\/ul>\n\n\n\n<h3 class=\"wp-block-heading\">Energiereduziertes Hundefutter<\/h3>\n\n\n\n<p>\u00dcbergewichtige Hunde brauchen zum Abnehmen mehr Bewegung und faserreiches Futter. Durch Anreicherung des Futters mit Ballaststoffen sinkt der Energiegehalt und der Faseranteil steigt. Gleichzeitig bleiben alle lebensnotwendigen N\u00e4hrstoffe im Hundefutter erhalten. Faserreiches Hundefutter tr\u00e4gt dazu bei, dass das Tier bei gleichbleibendem N\u00e4hrstoffgehalt des Hundefutters abnimmt.<\/p>\n\n\n\n<p>Unsere Ballaststoffe werden dem \u00fcblichen Hundefutter beigemischt. Damit wird der Kaloriengehalt des Hundefutters reduziert und die Gewichtsabnahme gef\u00f6rdert. Energiereduzierte Tiernahrung eignet sich auch nach einer Kastration zur Pr\u00e4vention einer Gewichtszunahme. JELUCEL\u00ae und JELUVET\u00ae bestehen aus nat\u00fcrlichen Pflanzenfasern und enthalten keine Konservierungsmittel.<\/p>\n\n\n\n<h2 class=\"wp-block-heading\">Ballaststoffreiches Futter f\u00fcr Hunde mit Diabetes<\/h2>\n\n\n\n<p>Diabeteskranke Hunde sollten m\u00f6glichst wenig Fett und viele Ballaststoffe zu sich nehmen. Mit unseren nat\u00fcrlichen Pflanzenfasern wird der Fasergehalt von Hundefutter auf nat\u00fcrliche Weise erh\u00f6ht. Faserreiches Futter hat positive Auswirkungen und wirkt sich wie folgt aus:<\/p>\n\n\n\n<ul class=\"wp-block-list\">\n<li>verlangsamt die Magenentleerung<\/li>\n\n\n\n<li>verz\u00f6gert die N\u00e4hrstoffaufnahme aus dem Futter<\/li>\n\n\n\n<li>kann die Blutzuckereinstellung verbessern<\/li>\n<\/ul>\n\n\n\n<p>Durch die Ballaststoffe im Futter steigt der Blutzuckerspiegel nach einer Mahlzeit langsamer an. Dies kann die Blutzuckereinstellung von Hunden mit Diabetes erleichtern und deren Lebensqualit\u00e4t erh\u00f6hen.<\/p>\n\n\n\n<h2 class=\"wp-block-heading\">Faserreiches Futter als Seniorfutter<\/h2>\n\n\n\n<p>Der Energiebedarf \u00e4lterer Hunde \u00e4ndert sich, da sie sich mit zunehmendem Alter weniger bewegen. Zudem \u00e4ndert sich der Stoffwechsel und der Darm wird tr\u00e4ger. Faserreiches Hundefutter ist als Seniorfutter f\u00fcr \u00e4ltere Hunde gut geeignet. Unsere Pflanzenfasern reduzieren die Energiedichte von Hundefutter bei gleichbleibendem N\u00e4hrstoffgehalt. Die F\u00fctterung mit einem faserreichen Futter beugt einer Gewichtszunahme und Verstopfungen vor. \u00c4ltere Hunde ohne \u00dcbergewicht haben mehr Freude an der Bewegung und leben ges\u00fcnder.<\/p>\n\n\n\n<p class=\"infobox\"><strong>Gleichbleibend hohe Qualit\u00e4t<\/strong><br>Pr\u00fcfsiegel und Zertifikate gew\u00e4hrleisten eine gleichbleibend hohe Qualit\u00e4t. Zudem f\u00fchren wir regelm\u00e4\u00dfig ein externes und internes Futtermittel-Monitoring auf unerw\u00fcnschte Stoffe gem\u00e4\u00df den gesetzlichen Vorgaben und den Vorgaben des deutschen QS-Systems durch. <\/p>\n\n\n\n<h2 class=\"wp-block-heading\">Nat\u00fcrliche Ballaststoffe f\u00fcr gesunde Hunde<\/h2>\n\n\n\n<p>JELUCEL\u00ae und JELUVET\u00ae sind reine Pflanzenfasern, die sich zur Erh\u00f6hung des Ballaststoffgehalts von Hundefutter eignen. Die Unterschiede zwischen den beiden Produkten k\u00f6nnen Sie den folgenden Tabellen entnehmen:<\/p>\n\n\n\n<h3 class=\"wp-block-heading\">Eigenschaften von JELUCEL\u00ae und JELUVET\u00ae<\/h3>\n\n\n\n<figure class=\"wp-block-table\"><table><thead><tr><th><strong>JELUCEL\u00ae HM<\/strong><\/th><th><strong>JELUVET\u00ae P \/ JELUVET\u00ae PK \/ JELUVET\u00ae PKS<\/strong><\/th><\/tr><tr><td>Einzelfuttermittel der Positivliste<\/td><td>Einzelfuttermittel der Positivliste<\/td><\/tr><tr><td>Pulver und Fasern: 30 \u2013 2000 \u03bcm<\/td><td>Pulver und feines Granulat<\/td><\/tr><tr><td>Feuchtigkeitsbindung: 1:4 \u2013 1:11<\/td><td>Feuchtigkeitsbindung: 1:6<\/td><\/tr><tr><td>Reine Pflanzenfasern<\/td><td>Reine Pflanzenfasern<\/td><\/tr><tr><td>Unl\u00f6sliche Ballaststoffe<\/td><td>L\u00f6sliche und unl\u00f6sliche Ballaststoffe<\/td><\/tr><tr><td>F\u00fcr Allergiker geeignet<\/td><td>F\u00fcr Allergiker geeignet<\/td><\/tr><tr><td>Glutenfrei<\/td><td>Glutenfrei<\/td><\/tr><tr><td>Laktosefrei<\/td><td>Laktosefrei<\/td><\/tr><tr><td>Fruktosefrei<\/td><td>Fruktosefrei<\/td><\/tr><tr><td>Geschmacksneutral<\/td><td><\/td><\/tr><tr><td>Geruchsneutral<\/td><td><\/td><\/tr><tr><td>Farblos<\/td><td><\/td><\/tr><\/thead><\/table><\/figure>\n\n\n\n<h3 class=\"wp-block-heading\">Analyse der Futtermittelballaststoffe<\/h3>\n\n\n\n<table style=\"height: 052px;\" width=\"628\">\n<thead>\n<tr>\n<th width=\"307\"><strong>JELUCEL\u00ae HM<\/strong><\/th>\n<th width=\"307\"><strong>JELUVET\u00ae P \/ JELUVET\u00ae PK \/ JELUVET\u00ae PKS<\/strong><\/th>\n<\/tr>\n<tr>\n<th colspan=\"2\">Zusammensetzung<\/th>\n<\/tr>\n<tr class=\"alt\">\n<td width=\"307\">97 % Cellulose + Hemicellulosen<\/td>\n<td width=\"307\">62 % Cellulose + Hemicellulosen<\/td>\n<\/tr>\n<tr>\n<th colspan=\"2\">Weender Futtermittelanalyse<\/th>\n<\/tr>\n<tr class=\"alt\">\n<td width=\"307\">72 % Rohfaser<\/td>\n<td width=\"307\">Min. 65 % \/ DM Rohfaser<\/td>\n<\/tr>\n<tr>\n<td width=\"307\">25,2 % N-freie Extraktstoffe<\/td>\n<td width=\"307\">27,1 % N-freie Extraktstoffe<\/td>\n<\/tr>\n<tr class=\"alt\">\n<td width=\"307\">2,8 % Wasser<\/td>\n<td width=\"307\">3,9 % Wasser<\/td>\n<\/tr>\n<tr>\n<td width=\"307\">&lt; 0,5 % Rohasche<\/td>\n<td width=\"307\">&lt; 0,2 % Rohasche<\/td>\n<\/tr>\n<tr class=\"alt\">\n<td width=\"307\">&lt; 0,5 % Rohprotein<\/td>\n<td width=\"307\">0,9 % Rohprotein<\/td>\n<\/tr>\n<tr>\n<td width=\"307\">&lt; 1,0 % Gesamt-Rohfett<\/td>\n<td width=\"307\">0,4 % Gesamt-Rohfett<\/td>\n<\/tr>\n<tr class=\"alt\">\n<th colspan=\"2\">Detergenzien-Analyse nach van Soest<\/th>\n<\/tr>\n<tr>\n<td width=\"307\">97 % NDF<\/td>\n<td width=\"307\">85 % \/ DM NDF\n(Hemicellulose, Cellulose und Lignin)<\/td>\n<\/tr>\n<tr class=\"alt\">\n<td width=\"307\"><\/td>\n<td width=\"307\">65 % \/ DM ADF\n(Cellulose und Lignin)<\/td>\n<\/tr>\n<tr>\n<td width=\"307\"><\/td>\n<td width=\"307\">20 % \/ DM ADL (Lignin)<\/td>\n<\/tr>\n<tr class=\"alt\">\n<td width=\"307\"><\/td>\n<td width=\"307\"><tr class=\"alt\">\n<td width=\"307\"><\/td>\n<td width=\"307\">DM = auf Basis der Trockenmasse<\/td>\n<\/tr>\n<\/tr>\n<\/thead>\n<\/table>\n<\/div>\n\n\n\n<div class=\"wp-block-column jelu-column-sidebar is-layout-flow wp-block-column-is-layout-flow\" style=\"flex-basis:33.333333%\">\n<div class=\"wp-block-group jelu-widget has-white-color has-primary-background-color has-text-color has-background is-layout-flow wp-block-group-is-layout-flow\">\n<h2 class=\"wp-block-heading\"><strong>Eigenmarken m\u00f6glich<\/strong><\/h2>\n\n\n\n<p>Unsere BIO-Tiereinstreu liefern wir im Papier-Sack, bzw. im PE-Sack.<\/p>\n\n\n\n<p>F\u00fcr die Lieferung ganzer Paletten machen wir Ihnen ein besonderes Angebot.<\/p>\n\n\n\n<p><strong>Bitte sprechen Sie uns an:<\/strong><\/p>\n\n\n\n<p><a href=\"tel:+49796790910\">Tel. +49 79 67 \/ 90 91 0<\/a><br><a href=\"mailto:team@jelu.de\">team@jelu.de<\/a><\/p>\n\n\n\n<p>Auch Eigenmarken sind m\u00f6glich.&nbsp;<\/p>\n\n\n\n<p>Wir freuen uns auf Ihre Nachricht.&nbsp;<\/p>\n<\/div>\n\n\n\n<div class=\"wp-block-group jelu-widget has-white-color has-primary-background-color has-text-color has-background is-layout-flow wp-block-group-is-layout-flow\">\n<h2 class=\"wp-block-heading\">Unsere Empfehlung<\/h2>\n\n\n\n<p>F\u00fcr eine faserreiche Ern\u00e4hrung empfehlen wir t\u00e4glich 0,5-2 g\/kg K\u00f6rpermasse des Tieres.<\/p>\n<\/div>\n<\/div>\n<\/div>\n","protected":false},"excerpt":{"rendered":"<p>Ballaststoffe f\u00fcr Hunde mit \u00dcbergewicht und Diabetes Die Ballaststoffe JELUCEL\u00ae und JELUVET\u00ae sind reine Pflanzenfasern und erh\u00f6hen im Hundefutter den Rohfaseranteil. Der Energiegehalt des Futters sinkt bei gleicher N\u00e4hrstoffdichte. Mit den Ballaststoffen von JELU l\u00e4sst sich der Ballaststoffgehalt von Hundefutter standardisierbar erh\u00f6hen. Im Nassfutter sorgen sie au\u00dferdem f\u00fcr einen stabilen Feuchtegehalt und verbessern die Textur. [&hellip;]<\/p>\n","protected":false},"author":2,"featured_media":0,"parent":819,"menu_order":0,"comment_status":"closed","ping_status":"closed","template":"page-2-col-sidebar-right.php","meta":{"_acf_changed":false,"footnotes":""},"class_list":["post-836","page","type-page","status-publish","hentry"],"acf":[],"_links":{"self":[{"href":"https:\/\/www.jelu-werk.com\/de\/wp-json\/wp\/v2\/pages\/836","targetHints":{"allow":["GET"]}}],"collection":[{"href":"https:\/\/www.jelu-werk.com\/de\/wp-json\/wp\/v2\/pages"}],"about":[{"href":"https:\/\/www.jelu-werk.com\/de\/wp-json\/wp\/v2\/types\/page"}],"author":[{"embeddable":true,"href":"https:\/\/www.jelu-werk.com\/de\/wp-json\/wp\/v2\/users\/2"}],"replies":[{"embeddable":true,"href":"https:\/\/www.jelu-werk.com\/de\/wp-json\/wp\/v2\/comments?post=836"}],"version-history":[{"count":12,"href":"https:\/\/www.jelu-werk.com\/de\/wp-json\/wp\/v2\/pages\/836\/revisions"}],"predecessor-version":[{"id":4954560,"href":"https:\/\/www.jelu-werk.com\/de\/wp-json\/wp\/v2\/pages\/836\/revisions\/4954560"}],"up":[{"embeddable":true,"href":"https:\/\/www.jelu-werk.com\/de\/wp-json\/wp\/v2\/pages\/819"}],"wp:attachment":[{"href":"https:\/\/www.jelu-werk.com\/de\/wp-json\/wp\/v2\/media?parent=836"}],"curies":[{"name":"wp","href":"https:\/\/api.w.org\/{rel}","templated":true}]}}