{"id":819,"date":"2012-09-05T17:41:07","date_gmt":"2012-09-05T15:41:07","guid":{"rendered":"http:\/\/www.jelu-werk.com\/?page_id=819"},"modified":"2022-08-16T18:44:04","modified_gmt":"2022-08-16T16:44:04","slug":"heimtiernahrung","status":"publish","type":"page","link":"https:\/\/www.jelu-werk.com\/de\/lignocellulose\/rohfasern\/heimtiernahrung\/","title":{"rendered":"Heimtiernahrung"},"content":{"rendered":"\n<div class=\"wp-block-columns jelu-columns-wrapper is-layout-flex wp-container-core-columns-is-layout-9d6595d7 wp-block-columns-is-layout-flex\">\n<div class=\"wp-block-column jelu-column-content is-layout-flow wp-block-column-is-layout-flow\" style=\"flex-basis:66.666666%\">\n<h1 class=\"wp-block-heading\">Nat\u00fcrliche Cellulose f\u00fcr die Tiernahrung<\/h1>\n\n\n\n<figure class=\"wp-block-image alignright is-resized size-full wp-image-3393\"><img decoding=\"async\" src=\"\/wp-content\/uploads\/2012\/09\/Haustiere.jpg\" alt=\"Rohfasern unterst\u00fctzen die Gewichtsreduktion bei \u00fcbergewichtigen Katzen und Hunden.\" class=\"wp-image-3393\" width=\"225\" srcset=\"https:\/\/www.jelu-werk.com\/wp-content\/uploads\/2012\/09\/Haustiere.jpg 550w, https:\/\/www.jelu-werk.com\/wp-content\/uploads\/2012\/09\/Haustiere-275x145.jpg 275w\" sizes=\"(max-width: 550px) 100vw, 550px\" \/><figcaption>Die nat\u00fcrliche Cellulose JELUCEL\u00ae erh\u00f6ht den Rohfasergehalt von Heimtiernahrung.<\/figcaption><\/figure>\n\n\n\n<p>Unsere nat\u00fcrlichen Cellulosen JELUCEL\u00ae sind reine Naturfasern mit einem Rohfaseranteil von \u00fcber 99,5 % (i.Tr.). Sowohl unsere Cellulosen als auch unsere nat\u00fcrlichen Pflanzenfasern JELUVET\u00ae werden in unserem QS-zertifizierten Herstellungsverfahren schonend und hygienisch einwandfrei verarbeitet. JELUCEL\u00ae und JELUVET\u00ae erh\u00f6hen den Ballaststoffgehalt von Tiernahrung n\u00e4hrstoffneutral und standardisierbar. Futter mit geringerer Energiedichte und hohem Fasergehalt eignet sich f\u00fcr \u00fcbergewichtige und \u00e4ltere Tiere.<\/p>\n\n\n\n<p>Je nach Anforderung stehen sowohl Pulver- als auch Faserqualit\u00e4ten zur Verf\u00fcgung. Auf den folgenden Unterseiten erfahren Sie mehr \u00fcber <a href=\"\/?page_id=836\" title=\"Hunde\">Ballaststoffe f\u00fcr Hunde mit \u00dcbergewicht und Diabetes<\/a> und <a href=\"\/?page_id=843\" title=\"Katzen\">Ballaststoffe im Katzenfutter<\/a>.<\/p>\n<\/div>\n\n\n\n<div class=\"wp-block-column jelu-column-sidebar is-layout-flow wp-block-column-is-layout-flow\" style=\"flex-basis:33.333333%\">\n<div class=\"wp-block-group jelu-widget has-white-color has-primary-background-color has-text-color has-background is-layout-flow wp-block-group-is-layout-flow\">\n<h2 class=\"wp-block-heading\"><strong>Eigenmarken m\u00f6glich<\/strong><\/h2>\n\n\n\n<p>Unsere BIO-Tiereinstreu liefern wir im Papier-Sack, bzw. im PE-Sack.<\/p>\n\n\n\n<p>F\u00fcr die Lieferung ganzer Paletten machen wir Ihnen ein besonderes Angebot.<\/p>\n\n\n\n<p><strong>Bitte sprechen Sie uns an:<\/strong><\/p>\n\n\n\n<p><a href=\"tel:+49796790910\">Tel. +49 79 67 \/ 90 91 0<\/a><br><a href=\"mailto:team@jelu.de\">team@jelu.de<\/a><\/p>\n\n\n\n<p>Auch Eigenmarken sind m\u00f6glich.&nbsp;<\/p>\n\n\n\n<p>Wir freuen uns auf Ihre Nachricht.&nbsp;<\/p>\n<\/div>\n<\/div>\n<\/div>\n","protected":false},"excerpt":{"rendered":"<p>Nat\u00fcrliche Cellulose f\u00fcr die Tiernahrung Unsere nat\u00fcrlichen Cellulosen JELUCEL\u00ae sind reine Naturfasern mit einem Rohfaseranteil von \u00fcber 99,5 % (i.Tr.). Sowohl unsere Cellulosen als auch unsere nat\u00fcrlichen Pflanzenfasern JELUVET\u00ae werden in unserem QS-zertifizierten Herstellungsverfahren schonend und hygienisch einwandfrei verarbeitet. JELUCEL\u00ae und JELUVET\u00ae erh\u00f6hen den Ballaststoffgehalt von Tiernahrung n\u00e4hrstoffneutral und standardisierbar. Futter mit geringerer Energiedichte und [&hellip;]<\/p>\n","protected":false},"author":2,"featured_media":0,"parent":623,"menu_order":5,"comment_status":"closed","ping_status":"closed","template":"page-2-col-sidebar-right.php","meta":{"_acf_changed":false,"footnotes":""},"class_list":["post-819","page","type-page","status-publish","hentry"],"acf":[],"_links":{"self":[{"href":"https:\/\/www.jelu-werk.com\/de\/wp-json\/wp\/v2\/pages\/819","targetHints":{"allow":["GET"]}}],"collection":[{"href":"https:\/\/www.jelu-werk.com\/de\/wp-json\/wp\/v2\/pages"}],"about":[{"href":"https:\/\/www.jelu-werk.com\/de\/wp-json\/wp\/v2\/types\/page"}],"author":[{"embeddable":true,"href":"https:\/\/www.jelu-werk.com\/de\/wp-json\/wp\/v2\/users\/2"}],"replies":[{"embeddable":true,"href":"https:\/\/www.jelu-werk.com\/de\/wp-json\/wp\/v2\/comments?post=819"}],"version-history":[{"count":11,"href":"https:\/\/www.jelu-werk.com\/de\/wp-json\/wp\/v2\/pages\/819\/revisions"}],"predecessor-version":[{"id":4953525,"href":"https:\/\/www.jelu-werk.com\/de\/wp-json\/wp\/v2\/pages\/819\/revisions\/4953525"}],"up":[{"embeddable":true,"href":"https:\/\/www.jelu-werk.com\/de\/wp-json\/wp\/v2\/pages\/623"}],"wp:attachment":[{"href":"https:\/\/www.jelu-werk.com\/de\/wp-json\/wp\/v2\/media?parent=819"}],"curies":[{"name":"wp","href":"https:\/\/api.w.org\/{rel}","templated":true}]}}