{"id":8141,"date":"2017-01-13T17:07:40","date_gmt":"2017-01-13T15:07:40","guid":{"rendered":"https:\/\/www.jelu-werk.com\/?page_id=8141\/"},"modified":"2017-10-10T16:22:31","modified_gmt":"2017-10-10T14:22:31","slug":"gefluegelfutter","status":"publish","type":"page","link":"https:\/\/www.jelu-werk.com\/de\/gefluegelfutter\/","title":{"rendered":"Gefl\u00fcgelfutter"},"content":{"rendered":"<div class=\"shipping\">Wir liefern weltweit.<\/div>\n<div class=\"contact\">\n         <span class=\"phone\">+49 (0) 7967 9091-0<\/span><br \/>\n         <span class=\"call-to-action\">Jetzt beraten lassen<\/span>\n    <\/div>\n<div class=\"box\">\n<div class=\"left\">\n<h1><small class=\"headline-intro\">Lignocellulose f\u00fcr Gefl\u00fcgelfutter<\/small> JELUVET\u00ae nat\u00fcrliche Pflanzenfasern<\/h1>\n<p>Rohfaserkomponente f\u00fcr Gefl\u00fcgelfutter:<\/p>\n<ul>\n<li>verbessert die N\u00e4hrstoffaufnahme<\/li>\n<li>verbessert die Fu\u00dfballengesundheit<\/li>\n<li>verbessert die Kotkonsistenz<\/li>\n<li>reduziert das Federpicken<\/li>\n<li>verbessert die Mastergebnisse<\/li>\n<\/ul><\/div>\n<p><img decoding=\"async\" src=\"https:\/\/www.jelu-werk.com\/wp-content\/uploads\/2012\/09\/Huhn.jpg\" alt=\"Rohfaserreiches Gefl\u00fcgelfutter verbessert die Mastergebnisse und reduziert das Federpicken\" class=\"boxright\" \/>\n<\/div>\n<div class=\"box green\">\n    <img decoding=\"async\" src=\"https:\/\/www.jelu-werk.com\/wp-content\/uploads\/2015\/10\/logo_FSA_Kl_RGB.jpg\" alt=\"Zertifikat Feed Safety\" class=\"alignright\" \/><\/p>\n<div class=\"left\">\n<h3>F\u00fcr die effiziente Gefl\u00fcgelproduktion<\/h3>\n<p>Nat\u00fcrlich und wirtschaftlich:<\/p>\n<ul>\n<li>100 % mykotoxinfrei<\/li>\n<li>rund 70 % Rohfasern i.d.Tr.<\/li>\n<li>hygienisch einwandfrei<\/li>\n<li>QS-zertifiziert<\/li>\n<\/ul><\/div>\n<\/div>\n<div class=\"form\">\n\n<div class=\"wpcf7 no-js\" id=\"wpcf7-f8147-o1\" lang=\"de-DE\" dir=\"ltr\" data-wpcf7-id=\"8147\">\n<div class=\"screen-reader-response\"><p role=\"status\" aria-live=\"polite\" aria-atomic=\"true\"><\/p> <ul><\/ul><\/div>\n<form action=\"\/de\/wp-json\/wp\/v2\/pages\/8141#wpcf7-f8147-o1\" method=\"post\" class=\"wpcf7-form init wpcf7-acceptance-as-validation\" aria-label=\"Kontaktformular\" novalidate=\"novalidate\" data-status=\"init\">\n<fieldset class=\"hidden-fields-container\"><input type=\"hidden\" name=\"_wpcf7\" value=\"8147\" \/><input type=\"hidden\" name=\"_wpcf7_version\" value=\"6.1.5\" \/><input type=\"hidden\" name=\"_wpcf7_locale\" value=\"de_DE\" \/><input type=\"hidden\" name=\"_wpcf7_unit_tag\" value=\"wpcf7-f8147-o1\" \/><input type=\"hidden\" name=\"_wpcf7_container_post\" value=\"0\" \/><input type=\"hidden\" name=\"_wpcf7_posted_data_hash\" value=\"\" \/><input type=\"hidden\" name=\"_wpcf7_recaptcha_response\" value=\"\" \/>\n<\/fieldset>\n<fieldset>\n\t<legend>Sie m\u00f6chten weitere Informationen? Gleich hier anfordern.\n\t<\/legend>\n\t<p class=\"col-50\"><label for=\"company\">Firma<\/label><span class=\"wpcf7-form-control-wrap\" data-name=\"company\"><input size=\"40\" maxlength=\"400\" class=\"wpcf7-form-control wpcf7-text wpcf7-validates-as-required\" id=\"company\" aria-required=\"true\" aria-invalid=\"false\" value=\"\" type=\"text\" name=\"company\" \/><\/span>\n\t<\/p>\n\t<p class=\"col-50\"><label for=\"contactperson\">Ansprechpartner<\/label><span class=\"wpcf7-form-control-wrap\" data-name=\"contactperson\"><input size=\"40\" maxlength=\"400\" class=\"wpcf7-form-control wpcf7-text wpcf7-validates-as-required\" id=\"contactperson\" aria-required=\"true\" aria-invalid=\"false\" value=\"\" type=\"text\" name=\"contactperson\" \/><\/span>\n\t<\/p>\n\t<p class=\"col-50\"><label for=\"street\">Stra\u00dfe und Hausnummer<\/label><span class=\"wpcf7-form-control-wrap\" data-name=\"street\"><input size=\"40\" maxlength=\"400\" class=\"wpcf7-form-control wpcf7-text wpcf7-validates-as-required\" id=\"street\" aria-required=\"true\" aria-invalid=\"false\" value=\"\" type=\"text\" name=\"street\" \/><\/span>\n\t<\/p>\n\t<p class=\"col-15\"><label for=\"postcode\">Postleitzahl<\/label><span class=\"wpcf7-form-control-wrap\" data-name=\"postcode\"><input size=\"40\" maxlength=\"400\" class=\"wpcf7-form-control wpcf7-text wpcf7-validates-as-required\" id=\"postcode\" aria-required=\"true\" aria-invalid=\"false\" value=\"\" type=\"text\" name=\"postcode\" \/><\/span>\n\t<\/p>\n\t<p class=\"col-35\"><label for=\"city\">Ort<\/label><span class=\"wpcf7-form-control-wrap\" data-name=\"city\"><input size=\"40\" maxlength=\"400\" class=\"wpcf7-form-control wpcf7-text wpcf7-validates-as-required\" id=\"city\" aria-required=\"true\" aria-invalid=\"false\" value=\"\" type=\"text\" name=\"city\" \/><\/span>\n\t<\/p>\n\t<p class=\"col-50\"><label for=\"country\">Land<\/label><span class=\"wpcf7-form-control-wrap\" data-name=\"country\"><input size=\"40\" maxlength=\"400\" class=\"wpcf7-form-control wpcf7-text wpcf7-validates-as-required\" id=\"country\" aria-required=\"true\" aria-invalid=\"false\" value=\"\" type=\"text\" name=\"country\" \/><\/span>\n\t<\/p>\n\t<p class=\"col-50\">\n\t<\/p>\n\t<p class=\"col-50\"><label for=\"phone\">Telefon<\/label><span class=\"wpcf7-form-control-wrap\" data-name=\"phone\"><input size=\"40\" maxlength=\"400\" class=\"wpcf7-form-control wpcf7-text wpcf7-validates-as-required\" id=\"phone\" aria-required=\"true\" aria-invalid=\"false\" value=\"\" type=\"text\" name=\"phone\" \/><\/span>\n\t<\/p>\n\t<p class=\"col-50\"><label for=\"email\">E-mail<\/label><span class=\"wpcf7-form-control-wrap\" data-name=\"email\"><input size=\"40\" maxlength=\"400\" class=\"wpcf7-form-control wpcf7-email wpcf7-validates-as-required wpcf7-text wpcf7-validates-as-email\" id=\"email\" aria-required=\"true\" aria-invalid=\"false\" value=\"\" type=\"email\" name=\"email\" \/><\/span>\n\t<\/p>\n\t<p class=\"col-100\">Ihre Nachricht f\u00fcr uns:\n\t<\/p>\n\t<p class=\"col-100 alt\"><span class=\"wpcf7-form-control-wrap\" data-name=\"kontaktieren\"><span class=\"wpcf7-form-control wpcf7-checkbox\" id=\"kontaktieren\"><span class=\"wpcf7-list-item first last\"><label><input type=\"checkbox\" name=\"kontaktieren[]\" value=\"Bitte informieren Sie mich telefonisch.\" \/><span class=\"wpcf7-list-item-label\">Bitte informieren Sie mich telefonisch.<\/span><\/label><\/span><\/span><\/span>\n\t<\/p>\n\t<p class=\"col-100 alt\"><span class=\"wpcf7-form-control-wrap\" data-name=\"informaterial\"><span class=\"wpcf7-form-control wpcf7-checkbox\" id=\"informaterial\"><span class=\"wpcf7-list-item first last\"><label><input type=\"checkbox\" name=\"informaterial[]\" value=\"Bitte senden Sie mir Informationsmaterial per Post.\" \/><span class=\"wpcf7-list-item-label\">Bitte senden Sie mir Informationsmaterial per Post.<\/span><\/label><\/span><\/span><\/span>\n\t<\/p>\n\t<p class=\"col-100\"><span class=\"wpcf7-form-control-wrap\" data-name=\"textarea-111\"><textarea cols=\"40\" rows=\"10\" maxlength=\"2000\" class=\"wpcf7-form-control wpcf7-textarea\" aria-invalid=\"false\" name=\"textarea-111\"><\/textarea><\/span>\n\t<\/p>\n\t<p class=\"col-100\">Aus rechtlichen Gr\u00fcnden k\u00f6nnen wir nur an Unternehmen liefern, nicht an Privatpersonen. Wir bitten um Ihr Verst\u00e4ndnis.\n\t<\/p>\n\t<p><span class=\"wpcf7-form-control-wrap\" data-name=\"privacy\"><span class=\"wpcf7-form-control wpcf7-acceptance\"><span class=\"wpcf7-list-item\"><label><input type=\"checkbox\" name=\"privacy\" value=\"1\" class=\"privacy\" aria-invalid=\"false\" \/><span class=\"wpcf7-list-item-label\">Mir ist bekannt, dass meine Daten erhoben und verarbeitet werden, um mein Anliegen zu bearbeiten. Die Datenverarbeitung erfolgt zur Durchf\u00fchrung vorvertraglicher Ma\u00dfnahmen auf Anfrage der betroffenen Person gem. Art. 6 Abs. 1 Buchstabe b DSGVO (Datenschutzgrundverordnung). Weitere Informationen finden Sie in unserer <a href=https:\/\/www.jelu-werk.com\/de\/ueber-uns\/datenschutzerklaerung-2 target=_bland>Datenschutzerkl\u00e4rung<\/a>.<\/span><\/label><\/span><\/span><\/span>\n\t<\/p>\n\t<p class=\"col-100\"><input class=\"wpcf7-form-control wpcf7-submit has-spinner\" type=\"submit\" value=\"Informationen anfordern\" \/>\n\t<\/p>\n<\/fieldset><div class=\"wpcf7-response-output\" aria-hidden=\"true\"><\/div>\n<\/form>\n<\/div>\n\n<\/div>\n","protected":false},"excerpt":{"rendered":"<p>Wir liefern weltweit. +49 (0) 7967 9091-0 Jetzt beraten lassen Lignocellulose f\u00fcr Gefl\u00fcgelfutter JELUVET\u00ae nat\u00fcrliche Pflanzenfasern Rohfaserkomponente f\u00fcr Gefl\u00fcgelfutter: verbessert die N\u00e4hrstoffaufnahme verbessert die Fu\u00dfballengesundheit verbessert die Kotkonsistenz reduziert das Federpicken verbessert die Mastergebnisse F\u00fcr die effiziente Gefl\u00fcgelproduktion Nat\u00fcrlich und wirtschaftlich: 100 % mykotoxinfrei rund 70 % Rohfasern i.d.Tr. hygienisch einwandfrei QS-zertifiziert<\/p>\n","protected":false},"author":2,"featured_media":0,"parent":0,"menu_order":0,"comment_status":"closed","ping_status":"closed","template":"page-landing-page.php","meta":{"_acf_changed":false,"footnotes":""},"class_list":["post-8141","page","type-page","status-publish","hentry"],"acf":[],"_links":{"self":[{"href":"https:\/\/www.jelu-werk.com\/de\/wp-json\/wp\/v2\/pages\/8141","targetHints":{"allow":["GET"]}}],"collection":[{"href":"https:\/\/www.jelu-werk.com\/de\/wp-json\/wp\/v2\/pages"}],"about":[{"href":"https:\/\/www.jelu-werk.com\/de\/wp-json\/wp\/v2\/types\/page"}],"author":[{"embeddable":true,"href":"https:\/\/www.jelu-werk.com\/de\/wp-json\/wp\/v2\/users\/2"}],"replies":[{"embeddable":true,"href":"https:\/\/www.jelu-werk.com\/de\/wp-json\/wp\/v2\/comments?post=8141"}],"version-history":[{"count":7,"href":"https:\/\/www.jelu-werk.com\/de\/wp-json\/wp\/v2\/pages\/8141\/revisions"}],"predecessor-version":[{"id":8697,"href":"https:\/\/www.jelu-werk.com\/de\/wp-json\/wp\/v2\/pages\/8141\/revisions\/8697"}],"wp:attachment":[{"href":"https:\/\/www.jelu-werk.com\/de\/wp-json\/wp\/v2\/media?parent=8141"}],"curies":[{"name":"wp","href":"https:\/\/api.w.org\/{rel}","templated":true}]}}