{"id":766,"date":"2012-09-04T16:14:07","date_gmt":"2012-09-04T14:14:07","guid":{"rendered":"http:\/\/www.jelu-werk.com\/?page_id=766"},"modified":"2022-08-16T20:37:32","modified_gmt":"2022-08-16T18:37:32","slug":"pferde","status":"publish","type":"page","link":"https:\/\/www.jelu-werk.com\/de\/lignocellulose\/rohfasern\/futtermittel\/pferde\/","title":{"rendered":"Pferde"},"content":{"rendered":"\n<div class=\"wp-block-columns jelu-columns-wrapper is-layout-flex wp-container-core-columns-is-layout-9d6595d7 wp-block-columns-is-layout-flex\">\n<div class=\"wp-block-column jelu-column-content is-layout-flow wp-block-column-is-layout-flow\" style=\"flex-basis:66.666666%\">\n<h1 class=\"wp-block-heading\">Lignocellulose f\u00fcr optimales F\u00fctterungsmanagement<\/h1>\n\n\n\n<figure class=\"wp-block-image alignright is-resized size-full wp-image-3289\"><img decoding=\"async\" src=\"\/wp-content\/uploads\/2012\/09\/Pferd.jpg\" alt=\"Rohfasern beugen bei Pferden ern\u00e4hrungsbedingten Stoffwechselst\u00f6rungen vor.\" class=\"wp-image-3289\" width=\"225\" srcset=\"https:\/\/www.jelu-werk.com\/wp-content\/uploads\/2012\/09\/Pferd.jpg 550w, https:\/\/www.jelu-werk.com\/wp-content\/uploads\/2012\/09\/Pferd-275x220.jpg 275w\" sizes=\"(max-width: 550px) 100vw, 550px\" \/><figcaption>Die nat\u00fcrliche Lignocellulose JELUVET\u00ae beugt ern\u00e4hrungsbedingten Stoffwechselst\u00f6rungen vor.<\/figcaption><\/figure>\n\n\n\n<p>Viele Pferde und Ponys sind gute Futterverwerter. Enthalten die Futtermittel dauerhaft hohe St\u00e4rke- und Zuckermengen, dann werden die Tiere im Laufe der Jahre \u00fcbergewichtig. Bewegungsmangel verst\u00e4rkt das Problem noch. Mit dem Gewicht w\u00e4chst das Risiko der Pferde f\u00fcr ern\u00e4hrungsbedingte Erkrankungen wie Insulinresistenz, Equines Metabolisches Syndrom oder Hufrehe. Gerade \u00fcbergewichtige Pferde und Ponys leiden unter diesen Stoffwechselst\u00f6rungen.<\/p>\n\n\n\n<h3 class=\"wp-block-heading\">Lignocellulose als faserreiche Mischfutterkomponente<\/h3>\n\n\n\n<p>F\u00fcr die Gewichtsreduzierung \u00fcbergewichtiger Pferde und Ponys eignen sich spezielle Futtermischungen, die st\u00e4rkearme und faserreiche Mischfutterkomponenten wie JELUVET\u00ae enthalten. Unsere Lignocellulose JELUVET\u00ae hat einen konstanten Rohfaseranteil (Rfa) von \u00fcber 65 % der Trockenmasse bzw. einen ADL-Anteil (Lignin) von \u00fcber 20 % der Trockenmasse. Die rein nat\u00fcrliche Lignocellulose senkt den Energiewert von Mischfuttermitteln. In Verbindung mit regelm\u00e4\u00dfiger Bewegung k\u00f6nnen Pferde auf diese Weise ihre Fettdepots allm\u00e4hlich abbauen. Mit dem Gewicht sinkt auch ihr Risiko f\u00fcr Hufrehe und andere ern\u00e4hrungsbedingte Erkrankungen.<\/p>\n\n\n\n<p class=\"infobox\"><strong>F\u00fctterungsempfehlung JELUVET f\u00fcr Pferde:<\/strong><br>Maximal 50 Gramm t\u00e4glich.<br>Bitte die Tiere ausreichend mit Wasser versorgen.<br>Gilt f\u00fcr Pferde mit durchschnittlicher Gr\u00f6\u00dfe und durchschnittlichem Gewicht. Kleinere Tiere entsprechend weniger.<\/p>\n\n\n\n<h3 class=\"wp-block-heading\">Lignocellulose stabilisiert den Rohfaseranteil<\/h3>\n\n\n\n<p>Cellulose wird je nach Fachgebiet und Analysemethode als Rohfaser, Ballaststoff, ADF minus ADL oder auch als unl\u00f6sliche Faser bezeichnet. In Pflanzen kommt Cellulose in Verbindung mit Hemicellulose und Lignin vor. Je nach Grad der Verholzung einer Pflanze schwankt der Ligninanteil. Cellulose ist ein wesentlicher Bestandteil von Raufutter, so zum Beispiel von Heu, Stroh und Gr\u00fcnmehlen, aber auch von Weizenkleie, Zuckerr\u00fcbenschnitzel, Sojaschalen und Reiskleie. Der Anteil von Cellulose und begleitenden Inhaltsstoffen wie Lignin und Hemicellulose in nat\u00fcrlichen Futtermitteln ist unterschiedlich. Der Rohfasergehalt einer Pflanze h\u00e4ngt von der Jahreszeit der Ernte und den Wachstumsbedingungen ab sowie von der Pflanzenart und dem Reifezustand. Hinzu kommt, dass die Qualit\u00e4t nat\u00fcrlicher Futtermittel von der Dauer der Lagerung beeinflusst wird sowie von den Lagerungsbedingungen. Sorgf\u00e4ltige Kontrollen sind notwendig, um die Gefahr von Bakterienbesiedelung und Schimmelpilzgiften (Mykotoxine) zu verringern.<\/p>\n\n\n\n<p>JELUVET\u00ae gleicht den schwankenden Rohfaseranteil nat\u00fcrlicher Futtermittel aus und standardisiert den Rohfasergehalt von Pferdefutter. Regelm\u00e4\u00dfige Laboruntersuchungen und modernste Herstellungsverfahren gew\u00e4hrleisten die einwandfreie Qualit\u00e4t von JELUVET\u00ae.<\/p>\n\n\n\n<p class=\"infobox\"><strong>Lignocellulose hat je nach Analyseverfahren folgende Anteile:<\/strong><br><br>Weender Futtermittelanalyse:<br>Min. 65 % \/ DM Rohfaser<br><br>Detergentienanalyse nach Van Soest:<br>85 % \/ DM NDF (Hemicellulose, Cellulose und Lignin)<br>65 %\u00a0 \/DM ADF (Cellulose und Lignin)<br>20 % \/DM ADL (Lignin)<br>DM = auf Basis der Trockenmasse<\/p>\n<\/div>\n\n\n\n<div class=\"wp-block-column jelu-column-sidebar is-layout-flow wp-block-column-is-layout-flow\" style=\"flex-basis:33.333333%\">\n<div class=\"wp-block-group jelu-widget has-white-color has-primary-background-color has-text-color has-background is-layout-flow wp-block-group-is-layout-flow\">\n<h2 class=\"wp-block-heading\">Verpackung und Einsatzm\u00f6glichkeiten<\/h2>\n\n\n\n<p>Produkttypen JELUVET\u00ae:<\/p>\n\n\n\n<ul class=\"wp-block-list\"><li>JELUVET\u00ae P<\/li><li>JELUVET\u00ae PKS<\/li><li>JELUVET\u00ae PK<\/li><\/ul>\n\n\n\n<p>Erfahren Sie mehr \u00fcber JELUVET\u00ae, die Einsatzm\u00f6glichkeiten und unsere Verpackungsgr\u00f6\u00dfen auf unserer Produktseite&nbsp;<a href=\"https:\/\/www.jelu-werk.com\/de\/lignocellulose\/futtermittelergaenzung-und-einstreu\/jeluvet-lignocellulose\/\">JELUVET\u00ae Lignocellulose<\/a>.<\/p>\n<\/div>\n<\/div>\n<\/div>\n","protected":false},"excerpt":{"rendered":"<p>Lignocellulose f\u00fcr optimales F\u00fctterungsmanagement Viele Pferde und Ponys sind gute Futterverwerter. Enthalten die Futtermittel dauerhaft hohe St\u00e4rke- und Zuckermengen, dann werden die Tiere im Laufe der Jahre \u00fcbergewichtig. Bewegungsmangel verst\u00e4rkt das Problem noch. Mit dem Gewicht w\u00e4chst das Risiko der Pferde f\u00fcr ern\u00e4hrungsbedingte Erkrankungen wie Insulinresistenz, Equines Metabolisches Syndrom oder Hufrehe. Gerade \u00fcbergewichtige Pferde und [&hellip;]<\/p>\n","protected":false},"author":2,"featured_media":0,"parent":641,"menu_order":6,"comment_status":"closed","ping_status":"closed","template":"page-2-col-sidebar-right.php","meta":{"_acf_changed":false,"footnotes":""},"class_list":["post-766","page","type-page","status-publish","hentry"],"acf":[],"_links":{"self":[{"href":"https:\/\/www.jelu-werk.com\/de\/wp-json\/wp\/v2\/pages\/766","targetHints":{"allow":["GET"]}}],"collection":[{"href":"https:\/\/www.jelu-werk.com\/de\/wp-json\/wp\/v2\/pages"}],"about":[{"href":"https:\/\/www.jelu-werk.com\/de\/wp-json\/wp\/v2\/types\/page"}],"author":[{"embeddable":true,"href":"https:\/\/www.jelu-werk.com\/de\/wp-json\/wp\/v2\/users\/2"}],"replies":[{"embeddable":true,"href":"https:\/\/www.jelu-werk.com\/de\/wp-json\/wp\/v2\/comments?post=766"}],"version-history":[{"count":32,"href":"https:\/\/www.jelu-werk.com\/de\/wp-json\/wp\/v2\/pages\/766\/revisions"}],"predecessor-version":[{"id":4953667,"href":"https:\/\/www.jelu-werk.com\/de\/wp-json\/wp\/v2\/pages\/766\/revisions\/4953667"}],"up":[{"embeddable":true,"href":"https:\/\/www.jelu-werk.com\/de\/wp-json\/wp\/v2\/pages\/641"}],"wp:attachment":[{"href":"https:\/\/www.jelu-werk.com\/de\/wp-json\/wp\/v2\/media?parent=766"}],"curies":[{"name":"wp","href":"https:\/\/api.w.org\/{rel}","templated":true}]}}