{"id":7041,"date":"2016-03-02T15:03:48","date_gmt":"2016-03-02T13:03:48","guid":{"rendered":"https:\/\/www.jelu-werk.com\/de\/?page_id=7041"},"modified":"2022-08-16T19:30:22","modified_gmt":"2022-08-16T17:30:22","slug":"cellulose-fuer-moertel-und-putz","status":"publish","type":"page","link":"https:\/\/www.jelu-werk.com\/de\/technische-industrie\/anwendungen\/bauchemie\/cellulose-fuer-moertel-und-putz\/","title":{"rendered":"M\u00f6rtel und Putz"},"content":{"rendered":"\n<div class=\"wp-block-columns jelu-columns-wrapper is-layout-flex wp-container-core-columns-is-layout-9d6595d7 wp-block-columns-is-layout-flex\">\n<div class=\"wp-block-column jelu-column-content is-layout-flow wp-block-column-is-layout-flow\" style=\"flex-basis:66.666666%\">\n<h1 class=\"wp-block-heading\">Cellulosefasern: Additiv und Zusatzstoff f\u00fcr M\u00f6rtel und Putze<\/h1>\n\n\n\n<figure class=\"wp-block-image alignright is-resized wp-image-7201\"><img decoding=\"async\" src=\"https:\/\/www.jelu-werk.com\/wp-content\/uploads\/2016\/03\/moertel-putz-275x183.jpg\" alt=\"JELUCEL\u00ae Cellulosen werden eingesetzt, um die Viskosit\u00e4t von M\u00f6rtel und Putzsystemen zu verbessern.\" class=\"wp-image-7201\" width=\"225\" srcset=\"https:\/\/www.jelu-werk.com\/wp-content\/uploads\/2016\/03\/moertel-putz-275x183.jpg 275w, https:\/\/www.jelu-werk.com\/wp-content\/uploads\/2016\/03\/moertel-putz-768x512.jpg 768w, https:\/\/www.jelu-werk.com\/wp-content\/uploads\/2016\/03\/moertel-putz.jpg 800w\" sizes=\"(max-width: 275px) 100vw, 275px\" \/><figcaption>JELUCEL\u00ae Cellulosen verbessern die Viskosit\u00e4t von M\u00f6rtel und Putzsystemen.<\/figcaption><\/figure>\n\n\n\n<p>JELUCEL\u00ae Cellulosen dienen in der <a href=\"\/?page_id=1162\">Bauchemie<\/a> als verarbeitungsf\u00f6rdernde Additive, F\u00fcll- und Zusatzstoffe f\u00fcr M\u00f6rtel und Putzsysteme. Die Cellulosefasern und Cellulosepulver werden als Verdickungsmittel eingesetzt, um die Viskosit\u00e4t des M\u00f6rtels zu beeinflussen. Die zugesetzte Cellulose hat Auswirkungen auf die Rheologie, das Flie\u00dfverhalten des Baustoffs. Das Ergebnis ist ein steiferer M\u00f6rtel, der sich besser verarbeiten l\u00e4sst \u2013 sowohl per Hand als auch maschinell. Die verbesserte Viskosit\u00e4t erm\u00f6glicht die maschinelle Applikation des Putzes, denn die Pumpbarkeit wird erh\u00f6ht. Zudem nimmt die Ergiebigkeit des Putzes zu und die w\u00e4rmeisolierenden und wasserspeichernden Eigenschaften werden verbessert.<\/p>\n\n\n\n<p>Mit JELUCEL\u00ae lassen sich die folgende drei Eigenschaften von M\u00f6rtel- und Putzsystemen positiv beeinflussen und gezielt einstellen:<\/p>\n\n\n\n<ul class=\"wp-block-list\"><li>Wasserr\u00fcckhaltung<\/li><li>Konsistenz<\/li><li>Adh\u00e4sion<\/li><\/ul>\n\n\n\n<h2 class=\"wp-block-heading\">Wasserr\u00fcckhaltung<\/h2>\n\n\n\n<p>Je h\u00f6her die Viskosit\u00e4t, desto h\u00f6her auch die Wasserretention des Baustoffs. M\u00f6rtel- und Putzsysteme, denen JELUCEL\u00ae zugesetzt ist, trocknen langsamer und sind somit l\u00e4nger verarbeitbar. Wasserr\u00fcckhaltung ist eine notwendige Eigenschaft, damit der Baustoff aush\u00e4rten und fest werden kann, bevor er austrocknet. \u00dcber die im M\u00f6rtel gel\u00f6ste Cellulose werden auch die rheologischen Eigenschaften und damit das Verarbeitungsprofil des M\u00f6rtel- und Putzsystems beeinflusst.<\/p>\n\n\n\n<h2 class=\"wp-block-heading\">Konsistenz<\/h2>\n\n\n\n<p>Die Konsistenz ist ausschlaggebend f\u00fcr die Verarbeitbarkeit von M\u00f6rtel und Putzsystemen. Unsere JELUCEL\u00ae Cellulosen sorgen f\u00fcr eine homogene Konsistenz, was insbesondere beim Putzauftrag in d\u00fcnnen Schichten von Vorteil ist. Zudem wird die Abrutschneigung verhindert.<\/p>\n\n\n\n<h2 class=\"wp-block-heading\">Adh\u00e4sion<\/h2>\n\n\n\n<p>Die applizierten M\u00f6rtelprodukte m\u00fcssen gut auf dem Untergrund haften. Dies gilt nicht nur f\u00fcr nassen frischen M\u00f6rtel, der auf den Untergrund angeworfen wird, sondern auch f\u00fcr ausgeh\u00e4rteten M\u00f6rtel. Mit JELUCEL\u00ae werden sowohl die Nasshaftungs- als auch Trockenhaftungseigenschaften der Baustoffe enorm verbessert.<\/p>\n<\/div>\n\n\n\n<div class=\"wp-block-column jelu-column-sidebar is-layout-flow wp-block-column-is-layout-flow\" style=\"flex-basis:33.333333%\"><\/div>\n<\/div>\n","protected":false},"excerpt":{"rendered":"<p>Cellulosefasern: Additiv und Zusatzstoff f\u00fcr M\u00f6rtel und Putze JELUCEL\u00ae Cellulosen dienen in der Bauchemie als verarbeitungsf\u00f6rdernde Additive, F\u00fcll- und Zusatzstoffe f\u00fcr M\u00f6rtel und Putzsysteme. Die Cellulosefasern und Cellulosepulver werden als Verdickungsmittel eingesetzt, um die Viskosit\u00e4t des M\u00f6rtels zu beeinflussen. Die zugesetzte Cellulose hat Auswirkungen auf die Rheologie, das Flie\u00dfverhalten des Baustoffs. Das Ergebnis ist ein [&hellip;]<\/p>\n","protected":false},"author":4,"featured_media":0,"parent":1162,"menu_order":0,"comment_status":"closed","ping_status":"closed","template":"page-2-col-sidebar-right.php","meta":{"_acf_changed":false,"footnotes":""},"class_list":["post-7041","page","type-page","status-publish","hentry"],"acf":[],"_links":{"self":[{"href":"https:\/\/www.jelu-werk.com\/de\/wp-json\/wp\/v2\/pages\/7041","targetHints":{"allow":["GET"]}}],"collection":[{"href":"https:\/\/www.jelu-werk.com\/de\/wp-json\/wp\/v2\/pages"}],"about":[{"href":"https:\/\/www.jelu-werk.com\/de\/wp-json\/wp\/v2\/types\/page"}],"author":[{"embeddable":true,"href":"https:\/\/www.jelu-werk.com\/de\/wp-json\/wp\/v2\/users\/4"}],"replies":[{"embeddable":true,"href":"https:\/\/www.jelu-werk.com\/de\/wp-json\/wp\/v2\/comments?post=7041"}],"version-history":[{"count":2,"href":"https:\/\/www.jelu-werk.com\/de\/wp-json\/wp\/v2\/pages\/7041\/revisions"}],"predecessor-version":[{"id":4953571,"href":"https:\/\/www.jelu-werk.com\/de\/wp-json\/wp\/v2\/pages\/7041\/revisions\/4953571"}],"up":[{"embeddable":true,"href":"https:\/\/www.jelu-werk.com\/de\/wp-json\/wp\/v2\/pages\/1162"}],"wp:attachment":[{"href":"https:\/\/www.jelu-werk.com\/de\/wp-json\/wp\/v2\/media?parent=7041"}],"curies":[{"name":"wp","href":"https:\/\/api.w.org\/{rel}","templated":true}]}}