{"id":6684,"date":"2015-12-01T18:43:12","date_gmt":"2015-12-01T16:43:12","guid":{"rendered":"https:\/\/www.jelu-werk.com\/de\/?page_id=6684"},"modified":"2022-10-12T10:40:55","modified_gmt":"2022-10-12T08:40:55","slug":"jeludry","status":"publish","type":"page","link":"https:\/\/www.jelu-werk.com\/de\/lignocellulose\/futtermittelergaenzung-und-einstreu\/jeludry\/","title":{"rendered":"JELUDRY\u00ae"},"content":{"rendered":"\n<div class=\"wp-block-columns jelu-columns-wrapper is-layout-flex wp-container-core-columns-is-layout-9d6595d7 wp-block-columns-is-layout-flex\">\n<div class=\"wp-block-column jelu-column-content is-layout-flow wp-block-column-is-layout-flow\" style=\"flex-basis:66.666666%\">\n<h1 class=\"wp-block-heading\">Extrem saugf\u00e4hige Tiereinstreu<\/h1>\n\n\n\n<p>JELUDRY\u00ae ist eine Spezialstreu, die speziell f\u00fcr die Gefl\u00fcgelzucht entwickelt wurde. Mit ihrer extrem hohen Saugf\u00e4higkeit von bis zu 800 % f\u00f6rdert es in Gefl\u00fcgelbetrieben die Stallhygiene und Tiergesundheit, denn die \u00e4tzenden Exkremente werden schnell absorbiert. Die Streu trocknet schnell wieder ab und sorgt f\u00fcr ein trockenes Klima.<\/p>\n\n\n\n<figure class=\"wp-block-image size-large is-resized\"><img decoding=\"async\" src=\"https:\/\/www.jelu-werk.com\/wp-content\/uploads\/2022\/10\/Little-Chicken-min-800x665.jpg\" alt=\"\" class=\"wp-image-4954528\" width=\"400\" srcset=\"https:\/\/www.jelu-werk.com\/wp-content\/uploads\/2022\/10\/Little-Chicken-min-800x665.jpg 800w, https:\/\/www.jelu-werk.com\/wp-content\/uploads\/2022\/10\/Little-Chicken-min-275x228.jpg 275w, https:\/\/www.jelu-werk.com\/wp-content\/uploads\/2022\/10\/Little-Chicken-min-768x638.jpg 768w, https:\/\/www.jelu-werk.com\/wp-content\/uploads\/2022\/10\/Little-Chicken-min-1536x1276.jpg 1536w, https:\/\/www.jelu-werk.com\/wp-content\/uploads\/2022\/10\/Little-Chicken-min-2048x1702.jpg 2048w\" sizes=\"(max-width: 800px) 100vw, 800px\" \/><\/figure>\n\n\n\n<p class=\"infobox\">Unsere Tiereinstreu ist ein reines Naturprodukt, hergestellt aus selektierten H\u00f6lzern. Um gleich bleibende Qualit\u00e4t zu gew\u00e4hrleisten, beauftragen wir in regelm\u00e4\u00dfigen Abst\u00e4nden ein Labor mit externen Qualit\u00e4tskontrollen.<\/p>\n<\/div>\n\n\n\n<div class=\"wp-block-column jelu-column-sidebar is-layout-flow wp-block-column-is-layout-flow\" style=\"flex-basis:33.333333%\">\n<div class=\"wp-block-group jelu-widget has-white-color has-primary-background-color has-text-color has-background is-layout-flow wp-block-group-is-layout-flow\">\n<h2 class=\"wp-block-heading\"><strong>Eigenmarken m\u00f6glich<\/strong><\/h2>\n\n\n\n<p>Unsere BIO-Tiereinstreu liefern wir im Papier-Sack, bzw. im PE-Sack.<\/p>\n\n\n\n<p>F\u00fcr die Lieferung ganzer Paletten machen wir Ihnen ein besonderes Angebot.<\/p>\n\n\n\n<p><strong>Bitte sprechen Sie uns an:<\/strong><\/p>\n\n\n\n<p><a href=\"tel:+49796790910\">Tel. +49 79 67 \/ 90 91 0<\/a><br><a href=\"mailto:team@jelu.de\">team@jelu.de<\/a><\/p>\n\n\n\n<p>Auch Eigenmarken sind m\u00f6glich.&nbsp;<\/p>\n\n\n\n<p>Wir freuen uns auf Ihre Nachricht.&nbsp;<\/p>\n<\/div>\n<\/div>\n<\/div>\n","protected":false},"excerpt":{"rendered":"<p>Extrem saugf\u00e4hige Tiereinstreu JELUDRY\u00ae ist eine Spezialstreu, die speziell f\u00fcr die Gefl\u00fcgelzucht entwickelt wurde. Mit ihrer extrem hohen Saugf\u00e4higkeit von bis zu 800 % f\u00f6rdert es in Gefl\u00fcgelbetrieben die Stallhygiene und Tiergesundheit, denn die \u00e4tzenden Exkremente werden schnell absorbiert. Die Streu trocknet schnell wieder ab und sorgt f\u00fcr ein trockenes Klima. Unsere Tiereinstreu ist ein [&hellip;]<\/p>\n","protected":false},"author":4,"featured_media":0,"parent":860,"menu_order":0,"comment_status":"closed","ping_status":"closed","template":"page-2-col-sidebar-right.php","meta":{"_acf_changed":false,"footnotes":""},"class_list":["post-6684","page","type-page","status-publish","hentry"],"acf":[],"_links":{"self":[{"href":"https:\/\/www.jelu-werk.com\/de\/wp-json\/wp\/v2\/pages\/6684","targetHints":{"allow":["GET"]}}],"collection":[{"href":"https:\/\/www.jelu-werk.com\/de\/wp-json\/wp\/v2\/pages"}],"about":[{"href":"https:\/\/www.jelu-werk.com\/de\/wp-json\/wp\/v2\/types\/page"}],"author":[{"embeddable":true,"href":"https:\/\/www.jelu-werk.com\/de\/wp-json\/wp\/v2\/users\/4"}],"replies":[{"embeddable":true,"href":"https:\/\/www.jelu-werk.com\/de\/wp-json\/wp\/v2\/comments?post=6684"}],"version-history":[{"count":5,"href":"https:\/\/www.jelu-werk.com\/de\/wp-json\/wp\/v2\/pages\/6684\/revisions"}],"predecessor-version":[{"id":4954533,"href":"https:\/\/www.jelu-werk.com\/de\/wp-json\/wp\/v2\/pages\/6684\/revisions\/4954533"}],"up":[{"embeddable":true,"href":"https:\/\/www.jelu-werk.com\/de\/wp-json\/wp\/v2\/pages\/860"}],"wp:attachment":[{"href":"https:\/\/www.jelu-werk.com\/de\/wp-json\/wp\/v2\/media?parent=6684"}],"curies":[{"name":"wp","href":"https:\/\/api.w.org\/{rel}","templated":true}]}}