{"id":6659,"date":"2015-12-01T17:03:48","date_gmt":"2015-12-01T15:03:48","guid":{"rendered":"https:\/\/www.jelu-werk.com\/de\/?page_id=6659"},"modified":"2022-10-12T10:47:33","modified_gmt":"2022-10-12T08:47:33","slug":"spezialstreu-fuer-gefluegel","status":"publish","type":"page","link":"https:\/\/www.jelu-werk.com\/de\/lignocellulose\/rohfasern\/tiereinstreu\/spezialstreu-fuer-gefluegel\/","title":{"rendered":"Gefl\u00fcgelzucht"},"content":{"rendered":"\n<div class=\"wp-block-columns jelu-columns-wrapper is-layout-flex wp-container-core-columns-is-layout-9d6595d7 wp-block-columns-is-layout-flex\">\n<div class=\"wp-block-column jelu-column-content is-layout-flow wp-block-column-is-layout-flow\" style=\"flex-basis:66.666666%\">\n<h1 class=\"wp-block-heading\">Tierhygiene in der Gefl\u00fcgelzucht<\/h1>\n\n\n\n<p><a href=\"\/?page_id=6684\">JELUDRY\u00ae<\/a> besteht zu 100 % aus nat\u00fcrlichen Fasern und wurde speziell f\u00fcr die Anforderungen der Gefl\u00fcgelzucht entwickelt. Es ist frei von Milben und weist eine geringe Keimbelastung auf. Unser Einstreu JELUDRY\u00ae ist extrem saugf\u00e4hig und trocknet schnell wieder ab. Die sehr hohe Absorption von bis zu 800 % sorgt daf\u00fcr, dass Kot und Urin schneller aufgenommen werden. Daher sind die Fu\u00dfballen der Tiere k\u00fcrzere Zeit den aggressiven Exkrementen ausgesetzt. Auch f\u00f6rdert JELUDRY\u00ae die nat\u00fcrlichen Verhaltensweisen der Tiere, wodurch Verhaltensanomalien wie das Federpicken reduziert werden.<\/p>\n\n\n\n<figure class=\"wp-block-image size-large is-resized\"><img decoding=\"async\" src=\"https:\/\/www.jelu-werk.com\/wp-content\/uploads\/2022\/10\/Little-Chicken-min-800x665.jpg\" alt=\"\" class=\"wp-image-4954528\" width=\"400\" srcset=\"https:\/\/www.jelu-werk.com\/wp-content\/uploads\/2022\/10\/Little-Chicken-min-800x665.jpg 800w, https:\/\/www.jelu-werk.com\/wp-content\/uploads\/2022\/10\/Little-Chicken-min-275x228.jpg 275w, https:\/\/www.jelu-werk.com\/wp-content\/uploads\/2022\/10\/Little-Chicken-min-768x638.jpg 768w, https:\/\/www.jelu-werk.com\/wp-content\/uploads\/2022\/10\/Little-Chicken-min-1536x1276.jpg 1536w, https:\/\/www.jelu-werk.com\/wp-content\/uploads\/2022\/10\/Little-Chicken-min-2048x1702.jpg 2048w\" sizes=\"(max-width: 800px) 100vw, 800px\" \/><\/figure>\n<\/div>\n\n\n\n<div class=\"wp-block-column jelu-column-sidebar is-layout-flow wp-block-column-is-layout-flow\" style=\"flex-basis:33.333333%\">\n<div class=\"wp-block-group jelu-widget has-white-color has-primary-background-color has-text-color has-background is-layout-flow wp-block-group-is-layout-flow\">\n<h2 class=\"wp-block-heading\">Stallhygiene bei Klein- und Gro\u00dftieren<\/h2>\n\n\n\n<p>F\u00fcr kleine Haustiere und Pferde ist unsere staubfreie Tiereinstreu&nbsp;<a href=\"https:\/\/www.jelu-werk.com\/de\/lignocellulose\/futtermittelergaenzung-und-einstreu\/cosyflock\/\">COSYFLOCK\u00ae<\/a> besonders gut geeignet.<\/p>\n<\/div>\n<\/div>\n<\/div>\n","protected":false},"excerpt":{"rendered":"<p>Tierhygiene in der Gefl\u00fcgelzucht JELUDRY\u00ae besteht zu 100 % aus nat\u00fcrlichen Fasern und wurde speziell f\u00fcr die Anforderungen der Gefl\u00fcgelzucht entwickelt. Es ist frei von Milben und weist eine geringe Keimbelastung auf. Unser Einstreu JELUDRY\u00ae ist extrem saugf\u00e4hig und trocknet schnell wieder ab. Die sehr hohe Absorption von bis zu 800 % sorgt daf\u00fcr, dass [&hellip;]<\/p>\n","protected":false},"author":4,"featured_media":0,"parent":849,"menu_order":0,"comment_status":"closed","ping_status":"closed","template":"page-2-col-sidebar-right.php","meta":{"_acf_changed":false,"footnotes":""},"class_list":["post-6659","page","type-page","status-publish","hentry"],"acf":[],"_links":{"self":[{"href":"https:\/\/www.jelu-werk.com\/de\/wp-json\/wp\/v2\/pages\/6659","targetHints":{"allow":["GET"]}}],"collection":[{"href":"https:\/\/www.jelu-werk.com\/de\/wp-json\/wp\/v2\/pages"}],"about":[{"href":"https:\/\/www.jelu-werk.com\/de\/wp-json\/wp\/v2\/types\/page"}],"author":[{"embeddable":true,"href":"https:\/\/www.jelu-werk.com\/de\/wp-json\/wp\/v2\/users\/4"}],"replies":[{"embeddable":true,"href":"https:\/\/www.jelu-werk.com\/de\/wp-json\/wp\/v2\/comments?post=6659"}],"version-history":[{"count":4,"href":"https:\/\/www.jelu-werk.com\/de\/wp-json\/wp\/v2\/pages\/6659\/revisions"}],"predecessor-version":[{"id":4954535,"href":"https:\/\/www.jelu-werk.com\/de\/wp-json\/wp\/v2\/pages\/6659\/revisions\/4954535"}],"up":[{"embeddable":true,"href":"https:\/\/www.jelu-werk.com\/de\/wp-json\/wp\/v2\/pages\/849"}],"wp:attachment":[{"href":"https:\/\/www.jelu-werk.com\/de\/wp-json\/wp\/v2\/media?parent=6659"}],"curies":[{"name":"wp","href":"https:\/\/api.w.org\/{rel}","templated":true}]}}