{"id":6655,"date":"2015-12-01T16:54:21","date_gmt":"2015-12-01T14:54:21","guid":{"rendered":"https:\/\/www.jelu-werk.com\/de\/?page_id=6655"},"modified":"2022-10-12T10:03:51","modified_gmt":"2022-10-12T08:03:51","slug":"einstreu-fuer-kleintiere-und-grosstiere","status":"publish","type":"page","link":"https:\/\/www.jelu-werk.com\/de\/lignocellulose\/rohfasern\/tiereinstreu\/einstreu-fuer-kleintiere-und-grosstiere\/","title":{"rendered":"Kleintiere und Gro\u00dftiere"},"content":{"rendered":"\n<div class=\"wp-block-columns jelu-columns-wrapper is-layout-flex wp-container-core-columns-is-layout-9d6595d7 wp-block-columns-is-layout-flex\">\n<div class=\"wp-block-column jelu-column-content is-layout-flow wp-block-column-is-layout-flow\" style=\"flex-basis:66.666666%\">\n<h1 class=\"wp-block-heading\">Tiereinstreu f\u00fcr Klein- und Gro\u00dftiere<\/h1>\n\n\n\n<figure class=\"wp-block-image alignright is-resized size-full wp-image-3191\"><img decoding=\"async\" src=\"\/wp-content\/uploads\/2012\/09\/Maeuse.jpg\" alt=\"Die Tiereinstreu COSYFLOCK\u00ae ist f\u00fcr Kleintiere und Gro\u00dftiere geeignet.\" class=\"wp-image-3191\" width=\"225\" srcset=\"https:\/\/www.jelu-werk.com\/wp-content\/uploads\/2012\/09\/Maeuse.jpg 550w, https:\/\/www.jelu-werk.com\/wp-content\/uploads\/2012\/09\/Maeuse-275x170.jpg 275w\" sizes=\"(max-width: 550px) 100vw, 550px\" \/><figcaption>Die Tiereinstreu COSYFLOCK\u00ae ist f\u00fcr Klein- und Gro\u00dftiere geeignet.<\/figcaption><\/figure>\n\n\n\n<h2 class=\"wp-block-heading\">BIO-Tiereinstreu<\/h2>\n\n\n\n<p>Unsere Tiereinstreu <a href=\"\/?page_id=966\">COSYFLOCK\u00ae<\/a> besteht aus entstaubten Weichholzflocken. Die staubfreie Streu zeichnet sich durch extrem hohe Saugf\u00e4higkeit aus, sodass Feuchtigkeit und Ger\u00fcche schneller und wirksamer absorbiert werden. Das sorgt f\u00fcr ein gutes Stallklima und ist f\u00f6rderlich f\u00fcr die Tierhygiene. Dank der extrem hohen Absorption verklumpt die Streu nur nach und nach und muss so weniger h\u00e4ufig gewechselt werden. COSYFLOCK\u00ae ist die ideale Einstreu f\u00fcr kleine Haustiere und Pferde.<\/p>\n\n\n\n<figure class=\"wp-block-image aligncenter size-large\"><img loading=\"lazy\" decoding=\"async\" width=\"800\" height=\"410\" src=\"https:\/\/www.jelu-werk.com\/wp-content\/uploads\/2022\/10\/Maus-Flock-neu-min-800x410.png\" alt=\"\" class=\"wp-image-4954514\" srcset=\"https:\/\/www.jelu-werk.com\/wp-content\/uploads\/2022\/10\/Maus-Flock-neu-min-800x410.png 800w, https:\/\/www.jelu-werk.com\/wp-content\/uploads\/2022\/10\/Maus-Flock-neu-min-275x141.png 275w, https:\/\/www.jelu-werk.com\/wp-content\/uploads\/2022\/10\/Maus-Flock-neu-min-768x394.png 768w, https:\/\/www.jelu-werk.com\/wp-content\/uploads\/2022\/10\/Maus-Flock-neu-min-1536x788.png 1536w, https:\/\/www.jelu-werk.com\/wp-content\/uploads\/2022\/10\/Maus-Flock-neu-min.png 1908w\" sizes=\"auto, (max-width: 800px) 100vw, 800px\" \/><figcaption>COSYFLOCK\u00ae &#8211; pfotenweiche Weichholzflocken <\/figcaption><\/figure>\n\n\n\n<h2 class=\"wp-block-heading\">BIO-Unterstreu f\u00fcr Kleintiere und Nager<\/h2>\n\n\n\n<p>Insbesondere f\u00fcr Kleintiere und Nager empfehlen wir unsere Unterstreu <a href=\"https:\/\/www.jelu-werk.com\/de\/lignocellulose\/futtermittelergaenzung-und-einstreu\/cosypet\/\">COSYPET\u00ae<\/a>. Die staubarmen Holzfasern nehmen Urin schnell auf, binden Ger\u00fcche und wirken antibakteriell. Die \u00f6kologische Unterstreu besteht zu 100 % aus unbehandelten Holzfasern aus nachhaltiger Forstwirtschaft und ist kompostierbar. F\u00fcr das Wohlergehen der Tiere ist COSYPET\u00ae mit einer Oberlage COSYFLOCK\u00ae zu kombinieren.<\/p>\n\n\n\n<figure class=\"wp-block-image aligncenter size-large\"><img loading=\"lazy\" decoding=\"async\" width=\"800\" height=\"544\" src=\"https:\/\/www.jelu-werk.com\/wp-content\/uploads\/2022\/10\/Meerschweinchen-und-Pet-min-800x544.png\" alt=\"\" class=\"wp-image-4954517\" srcset=\"https:\/\/www.jelu-werk.com\/wp-content\/uploads\/2022\/10\/Meerschweinchen-und-Pet-min-800x544.png 800w, https:\/\/www.jelu-werk.com\/wp-content\/uploads\/2022\/10\/Meerschweinchen-und-Pet-min-275x187.png 275w, https:\/\/www.jelu-werk.com\/wp-content\/uploads\/2022\/10\/Meerschweinchen-und-Pet-min-768x522.png 768w, https:\/\/www.jelu-werk.com\/wp-content\/uploads\/2022\/10\/Meerschweinchen-und-Pet-min-1536x1044.png 1536w, https:\/\/www.jelu-werk.com\/wp-content\/uploads\/2022\/10\/Meerschweinchen-und-Pet-min-2048x1392.png 2048w\" sizes=\"auto, (max-width: 800px) 100vw, 800px\" \/><figcaption>COSYPET\u00ae &#8211; hochsaugf\u00e4hige Einstreupellets f\u00fcr ein hygienisches Tierzuhause <\/figcaption><\/figure>\n<\/div>\n\n\n\n<div class=\"wp-block-column jelu-column-sidebar is-layout-flow wp-block-column-is-layout-flow\" style=\"flex-basis:33.333333%\">\n<div class=\"wp-block-group jelu-widget has-white-color has-primary-background-color has-text-color has-background is-layout-flow wp-block-group-is-layout-flow\">\n<h2 class=\"wp-block-heading\"><strong>Eigenmarken m\u00f6glich<\/strong><\/h2>\n\n\n\n<p>Unsere BIO-Tiereinstreu liefern wir im Papier-Sack, bzw. im PE-Sack.<\/p>\n\n\n\n<p>F\u00fcr die Lieferung ganzer Paletten machen wir Ihnen ein besonderes Angebot.<\/p>\n\n\n\n<p><strong>Bitte sprechen Sie uns an:<\/strong><\/p>\n\n\n\n<p><a href=\"tel:+49796790910\">Tel. +49 79 67 \/ 90 91 0<\/a><br><a href=\"mailto:team@jelu.de\">team@jelu.de<\/a><\/p>\n\n\n\n<p>Auch Eigenmarken sind m\u00f6glich.&nbsp;<\/p>\n\n\n\n<p>Wir freuen uns auf Ihre Nachricht.&nbsp;<\/p>\n<\/div>\n\n\n\n<figure class=\"wp-block-image size-full\"><a href=\"https:\/\/www.amazon.de\/cosypet-NATURAL-LITTER-Einstreuset-Weichholzflocken\/dp\/B088RDKDTK\/ref=sr_1_5?crid=1JOH12VH1L1I4&amp;keywords=cosypet&amp;qid=1665561677&amp;qu=eyJxc2MiOiIxLjQ5IiwicXNhIjoiMC45MiIsInFzcCI6IjAuMDAifQ%3D%3D&amp;sprefix=cosypet%2Caps%2C71&amp;sr=8-5\" target=\"_blank\" rel=\"noreferrer noopener\"><img loading=\"lazy\" decoding=\"async\" width=\"552\" height=\"300\" src=\"https:\/\/www.jelu-werk.com\/wp-content\/uploads\/2019\/09\/jetzt-kaufen-bei-amazon-de-1.png\" alt=\"\" class=\"wp-image-2467528\" srcset=\"https:\/\/www.jelu-werk.com\/wp-content\/uploads\/2019\/09\/jetzt-kaufen-bei-amazon-de-1.png 552w, https:\/\/www.jelu-werk.com\/wp-content\/uploads\/2019\/09\/jetzt-kaufen-bei-amazon-de-1-275x149.png 275w\" sizes=\"auto, (max-width: 552px) 100vw, 552px\" \/><\/a><\/figure>\n\n\n\n<figure class=\"wp-block-image size-large\"><a href=\"https:\/\/www.ebay.de\/itm\/384847737542?hash=item599ab672c6:g:AdYAAOSwFsJhqIWI&amp;amdata=enc%3AAQAHAAAAoJk66TXuOAAZXaDXNyf5xiRTBq2K1X1D7%2BCm2F8rZuRWN1F955wtQP%2FaFW47sskUw%2BsbXWN3i6lQndycpOUO7dJ%2FprYWjZTqb55ki%2F4K8u855V2IbvMY30vQ7KRoI5xM8rAnbLEQwmZUu%2BXV3lQ2rDO%2FZE9auRwl57lWvSIgVgSBglxWprEVzjRcZE2RvtAlOZm8crm7U9N%2FCBBMlVYUsxs%3D%7Ctkp%3ABk9SR8DMt7P5YA\" target=\"_blank\" rel=\"noreferrer noopener\"><img loading=\"lazy\" decoding=\"async\" width=\"800\" height=\"522\" src=\"https:\/\/www.jelu-werk.com\/wp-content\/uploads\/2022\/02\/jetzt-kaufen-bei-ebay-800x522.png\" alt=\"\" class=\"wp-image-4904011\" srcset=\"https:\/\/www.jelu-werk.com\/wp-content\/uploads\/2022\/02\/jetzt-kaufen-bei-ebay-800x522.png 800w, https:\/\/www.jelu-werk.com\/wp-content\/uploads\/2022\/02\/jetzt-kaufen-bei-ebay-275x179.png 275w, https:\/\/www.jelu-werk.com\/wp-content\/uploads\/2022\/02\/jetzt-kaufen-bei-ebay-768x501.png 768w, https:\/\/www.jelu-werk.com\/wp-content\/uploads\/2022\/02\/jetzt-kaufen-bei-ebay.png 920w\" sizes=\"auto, (max-width: 800px) 100vw, 800px\" \/><\/a><\/figure>\n<\/div>\n<\/div>\n","protected":false},"excerpt":{"rendered":"<p>Tiereinstreu f\u00fcr Klein- und Gro\u00dftiere BIO-Tiereinstreu Unsere Tiereinstreu COSYFLOCK\u00ae besteht aus entstaubten Weichholzflocken. Die staubfreie Streu zeichnet sich durch extrem hohe Saugf\u00e4higkeit aus, sodass Feuchtigkeit und Ger\u00fcche schneller und wirksamer absorbiert werden. Das sorgt f\u00fcr ein gutes Stallklima und ist f\u00f6rderlich f\u00fcr die Tierhygiene. Dank der extrem hohen Absorption verklumpt die Streu nur nach und [&hellip;]<\/p>\n","protected":false},"author":4,"featured_media":0,"parent":849,"menu_order":0,"comment_status":"closed","ping_status":"closed","template":"page-2-col-sidebar-right.php","meta":{"_acf_changed":false,"footnotes":""},"class_list":["post-6655","page","type-page","status-publish","hentry"],"acf":[],"_links":{"self":[{"href":"https:\/\/www.jelu-werk.com\/de\/wp-json\/wp\/v2\/pages\/6655","targetHints":{"allow":["GET"]}}],"collection":[{"href":"https:\/\/www.jelu-werk.com\/de\/wp-json\/wp\/v2\/pages"}],"about":[{"href":"https:\/\/www.jelu-werk.com\/de\/wp-json\/wp\/v2\/types\/page"}],"author":[{"embeddable":true,"href":"https:\/\/www.jelu-werk.com\/de\/wp-json\/wp\/v2\/users\/4"}],"replies":[{"embeddable":true,"href":"https:\/\/www.jelu-werk.com\/de\/wp-json\/wp\/v2\/comments?post=6655"}],"version-history":[{"count":8,"href":"https:\/\/www.jelu-werk.com\/de\/wp-json\/wp\/v2\/pages\/6655\/revisions"}],"predecessor-version":[{"id":4954521,"href":"https:\/\/www.jelu-werk.com\/de\/wp-json\/wp\/v2\/pages\/6655\/revisions\/4954521"}],"up":[{"embeddable":true,"href":"https:\/\/www.jelu-werk.com\/de\/wp-json\/wp\/v2\/pages\/849"}],"wp:attachment":[{"href":"https:\/\/www.jelu-werk.com\/de\/wp-json\/wp\/v2\/media?parent=6655"}],"curies":[{"name":"wp","href":"https:\/\/api.w.org\/{rel}","templated":true}]}}