{"id":6646,"date":"2015-12-01T16:27:19","date_gmt":"2015-12-01T14:27:19","guid":{"rendered":"https:\/\/www.jelu-werk.com\/de\/?page_id=6646"},"modified":"2022-08-16T19:55:15","modified_gmt":"2022-08-16T17:55:15","slug":"vertriebspartner","status":"publish","type":"page","link":"https:\/\/www.jelu-werk.com\/de\/ueber-uns\/vertriebspartner\/","title":{"rendered":"Vertriebspartner"},"content":{"rendered":"\n<div class=\"wp-block-columns jelu-columns-wrapper is-layout-flex wp-container-core-columns-is-layout-9d6595d7 wp-block-columns-is-layout-flex\">\n<div class=\"wp-block-column jelu-column-content is-layout-flow wp-block-column-is-layout-flow\" style=\"flex-basis:66.666666%\">\n<h1 class=\"wp-block-heading\">Hersteller mit internationaler Reichweite<\/h1>\n\n\n\n<p>JELU ist ein deutscher Hersteller von Cellulosefasern, Ballaststoffkonzentraten, Rohfaserkonzentraten und Wood-Plastic-Composites (WPC). Wir beliefern die Lebensmittelindustrie, die technische Industrie und Tierzuchtbetriebe auf der ganzen Welt. Um den Versand in andere L\u00e4nder zu vereinfachen, arbeiten wir mit Vertriebspartnern in aller Welt zusammen. <\/p>\n\n\n\n<h2 class=\"wp-block-heading\">Vertriebspartner in der ganzen Welt<\/h2>\n\n\n\n<p>JELU ist international gut aufgestellt. Daf\u00fcr sorgt unter anderem unser internationales Vertriebsnetz. Mithilfe unserer Vertriebs- und Servicepartner k\u00f6nnen wir unsere Produkte auf dem gesamten Globus vertreiben. M\u00f6chten Sie zu einem unserer lokalen Vertriebspartner Kontakt aufnehmen? Dann schicken Sie uns eine Mail an <a href=\"mailto:team@jelu.de\">team@jelu.de<\/a> und wir leiten Ihre Kontaktdaten weiter.<br>\nFalls Sie daran interessiert sind, bestimmte Produkte aus unserem Sortiment zu vertreiben, schreiben Sie uns an<br>\n <a href=\"mailto:team@jelu.de\">team@jelu.de<\/a>.<\/p>\n\n\n\n<figure class=\"wp-block-image alignleft\"><img decoding=\"async\" src=\"https:\/\/www.jelu-werk.com\/wp-content\/uploads\/2020\/10\/jelu-distribution-map-2020-4.png\" alt=\"Karte der internationalen Vertriebspartner\" class=\"wp-image-3973457\"\/><\/figure>\n\n\n\n<p>Unsere Vertriebspartner haben ihren Standort in folgenden L\u00e4ndern:<\/p>\n\n\n\n<figure class=\"wp-block-table\"><table><tbody><tr><td>\u00c4gypten<\/td><td>Italien<\/td><td>Rum\u00e4nien<\/td><\/tr><tr><td>Albanien<\/td><td>Japan<\/td><td>Russland<\/td><\/tr><tr><td>Argentinien<\/td><td>Kanada<\/td><td>Schweden<\/td><\/tr><tr><td>Australien<\/td><td>Kolumbien<\/td><td>Schweiz<\/td><\/tr><tr><td>Bangladesch<\/td><td>Kroatien<\/td><td>Serbien<\/td><\/tr><tr><td>Belarus<\/td><td>Lettland<\/td><td>Slowakei<\/td><\/tr><tr><td>Belgien<\/td><td>Litauen<\/td><td>Slowenien<\/td><\/tr><tr><td>Brasilien<\/td><td>Luxemburg<\/td><td>Spanien<\/td><\/tr><tr><td>Bulgarien<\/td><td>Malaysia<\/td><td>S\u00fcdafrika<\/td><\/tr><tr><td>Botswana<\/td><td>Marokko<\/td><td>S\u00fcdkorea<\/td><\/tr><tr><td>Chile<\/td><td>Mazedonien<\/td><td>Thailand<\/td><\/tr><tr><td>China<\/td><td>Mexiko<\/td><td>Tschechien<\/td><\/tr><tr><td>D\u00e4nemark<\/td><td>Myanmar<\/td><td>T\u00fcrkei<\/td><\/tr><tr><td>Estland<\/td><td>Neuseeland<\/td><td>Ukraine<\/td><\/tr><tr><td>Finnland<\/td><td>Niederlande<\/td><td>Ungarn<\/td><\/tr><tr><td>Frankreich<\/td><td>Nigeria<\/td><td>USA<\/td><\/tr><tr><td>Griechenland<\/td><td>Norwegen<\/td><td>Usbekistan<\/td><\/tr><tr><td>Indien<\/td><td>\u00d6sterreich<\/td><td>Vereinigte Arabische Emirate<\/td><\/tr><tr><td>Indonesien<\/td><td>Pakistan<\/td><td>Vereinigtes K\u00f6nigreich<\/td><\/tr><tr><td>Iran<\/td><td>Philippinen<\/td><td>Vietnam<\/td><\/tr><tr><td>Irland<\/td><td>Polen<\/td><td>Zimbabwe<\/td><\/tr><tr><td>Israel<\/td><td>Portugal<\/td><td><\/td><\/tr><\/tbody><\/table><\/figure>\n\n\n\n<p>Selbstverst\u00e4ndlich liefern wir auch in alle anderen L\u00e4nder. Sprechen Sie uns einfach an.<\/p>\n<\/div>\n\n\n\n<div class=\"wp-block-column jelu-column-sidebar is-layout-flow wp-block-column-is-layout-flow\" style=\"flex-basis:33.333333%\"><\/div>\n<\/div>\n","protected":false},"excerpt":{"rendered":"<p>Hersteller mit internationaler Reichweite JELU ist ein deutscher Hersteller von Cellulosefasern, Ballaststoffkonzentraten, Rohfaserkonzentraten und Wood-Plastic-Composites (WPC). Wir beliefern die Lebensmittelindustrie, die technische Industrie und Tierzuchtbetriebe auf der ganzen Welt. Um den Versand in andere L\u00e4nder zu vereinfachen, arbeiten wir mit Vertriebspartnern in aller Welt zusammen. Vertriebspartner in der ganzen Welt JELU ist international gut aufgestellt. [&hellip;]<\/p>\n","protected":false},"author":4,"featured_media":0,"parent":1778,"menu_order":0,"comment_status":"closed","ping_status":"closed","template":"page-2-col-sidebar-right.php","meta":{"_acf_changed":false,"footnotes":""},"class_list":["post-6646","page","type-page","status-publish","hentry"],"acf":[],"_links":{"self":[{"href":"https:\/\/www.jelu-werk.com\/de\/wp-json\/wp\/v2\/pages\/6646","targetHints":{"allow":["GET"]}}],"collection":[{"href":"https:\/\/www.jelu-werk.com\/de\/wp-json\/wp\/v2\/pages"}],"about":[{"href":"https:\/\/www.jelu-werk.com\/de\/wp-json\/wp\/v2\/types\/page"}],"author":[{"embeddable":true,"href":"https:\/\/www.jelu-werk.com\/de\/wp-json\/wp\/v2\/users\/4"}],"replies":[{"embeddable":true,"href":"https:\/\/www.jelu-werk.com\/de\/wp-json\/wp\/v2\/comments?post=6646"}],"version-history":[{"count":6,"href":"https:\/\/www.jelu-werk.com\/de\/wp-json\/wp\/v2\/pages\/6646\/revisions"}],"predecessor-version":[{"id":4953638,"href":"https:\/\/www.jelu-werk.com\/de\/wp-json\/wp\/v2\/pages\/6646\/revisions\/4953638"}],"up":[{"embeddable":true,"href":"https:\/\/www.jelu-werk.com\/de\/wp-json\/wp\/v2\/pages\/1778"}],"wp:attachment":[{"href":"https:\/\/www.jelu-werk.com\/de\/wp-json\/wp\/v2\/media?parent=6646"}],"curies":[{"name":"wp","href":"https:\/\/api.w.org\/{rel}","templated":true}]}}