{"id":649,"date":"2012-08-13T12:22:09","date_gmt":"2012-08-13T10:22:09","guid":{"rendered":"http:\/\/www.jelu-werk.com\/?page_id=649"},"modified":"2025-09-18T09:53:33","modified_gmt":"2025-09-18T07:53:33","slug":"schweine","status":"publish","type":"page","link":"https:\/\/www.jelu-werk.com\/de\/lignocellulose\/rohfasern\/futtermittel\/schweine\/","title":{"rendered":"Schweine"},"content":{"rendered":"\n<div class=\"wp-block-columns jelu-columns-wrapper is-layout-flex wp-container-core-columns-is-layout-9d6595d7 wp-block-columns-is-layout-flex\">\n<div class=\"wp-block-column jelu-column-content is-layout-flow wp-block-column-is-layout-flow\" style=\"flex-basis:66.666666%\">\n<h1 class=\"wp-block-heading\">JELUVET\u00ae Lignocellulose<small>&#8211; reine, konzentrierte Rohfaser aus der Natur<\/small><\/h1>\n\n\n\n<figure class=\"wp-block-image alignright is-resized size-full wp-image-3209\"><img decoding=\"async\" src=\"\/wp-content\/uploads\/2012\/12\/Ferkel.jpg\" alt=\"Lignocellulose als standardisierbare und n\u00e4hrstoffneutrale Rohfaserkomponente f\u00fcr Sauen und Ferkel\" class=\"wp-image-3209\" style=\"width:175px\"\/><figcaption class=\"wp-element-caption\">Mit unserer Lignocellulose JELUVET\u00ae k\u00f6nnen die von der Schweineverordnung geforderten 8 % Rohfasern im Alleinfutter wirtschaftlich und hygienisch einwandfrei erreicht werden.<\/figcaption><\/figure>\n\n\n\n<p>Die Vorteile der Lignocellulose JELUVET\u00ae in der Schweineproduktion:<\/p>\n\n\n\n<ul class=\"wp-block-list\">\n<li>mykotoxinfrei<\/li>\n\n\n\n<li>2-3facher Gehalt an Rohfasern gegen\u00fcber herk\u00f6mmlichen Rohfasertr\u00e4gern<\/li>\n\n\n\n<li>au\u00dfergew\u00f6hnlich hohe Quellf\u00e4higkeit &amp; Wasseraufnahme im Vergleich zu herk\u00f6mmlichen Rohfasertr\u00e4gern<\/li>\n\n\n\n<li>aus kontrollierten Rohstoffen hergestellt<\/li>\n<\/ul>\n\n\n\n<h2 class=\"wp-block-heading\">Lignocellulose ohne Risiko<\/h2>\n\n\n\n<p>Unsere Lignocellulose JELUVET\u00ae besteht zu \u00fcber 65 % der Trockenmasse aus unl\u00f6slicher Rohfaser. Die Hauptbestandteile von JELUVET\u00ae sind Cellulose und Lignin, d. h. unl\u00f6sliche und inerte Faserstoffe, die im Dickdarm des Schweins nur in sehr geringen Ma\u00dfen fermentiert werden. Da JELUVET\u00ae nach Bestellung produziert wird, entfallen die \u00fcblichen Risiken und Schwankungen, die bei ernte- und lagerabh\u00e4ngigen Rohfasertr\u00e4gern bestehen.<\/p>\n\n\n\n<h3 class=\"wp-block-heading\">JELUVET\u00ae Lignocellulose in der Sattf\u00fctterung<\/h3>\n\n\n\n<p>In der Sattf\u00fctterung von Sauen verl\u00e4ngert JELUVET\u00ae Lignocellulose das S\u00e4ttigungsgef\u00fchl durch sein hohes Quellverm\u00f6gen. JELUVET\u00ae beschleunigt die Darmpassage und beugt so Verstopfungen vor. Au\u00dferdem verbessert es die Reproduktionsleistung von Sauen und die Proteinverdaulichkeit wird kaum beeintr\u00e4chtigt. Die geringe S\u00e4urebindung von JELUVET\u00ae ist vorteilhaft f\u00fcr die Ferkelf\u00fctterung, da Magens\u00e4ure die Tiere vor Durchfallerregern sch\u00fctzt. <strong>F\u00fctterungsempfehlung:<\/strong> 1-2 % in der Ferkelaufzucht und 2-3 % in der Sattf\u00fctterung von Sauen.<\/p>\n\n\n\n<h3 class=\"wp-block-heading\">Verbesserte Kotkonsistenz<\/h3>\n\n\n\n<p>Produkte wie z. B. Zuckerr\u00fcbenschnitzel k\u00f6nnen zu schmierigem Kot der Sauen f\u00fchren. Dieser setzt dann h\u00e4ufig den Spaltboden zu, wodurch der Austrag erschwert oder sogar verhindert wird. Solche Situationen sind tierhygienisch bedenklich und f\u00fchren obendrein zu einem deutlich erh\u00f6hten Aufwand bei der Stallpflege.<br>\nJELUVET\u00ae Lignocellulose wirkt zuverl\u00e4ssig wasserbindend und erh\u00f6ht die Viskosit\u00e4t des Kotes bei Sauen. Der Kot bleibt weich und doch geformt. Eine beschleunigte Darmpassage verringert au\u00dferdem das Risiko einer Verstopfung vor der Geburt. Da eine Verstopfung die MMA Erkrankung beg\u00fcnstigt, verringert sich mit dem Risiko der Verstopfung auch das Risiko der MMA Erkrankung.<\/p>\n\n\n\n<h3 class=\"wp-block-heading\">Geringere MMA-Rate<\/h3>\n\n\n\n<p>JELUVET\u00ae enth\u00e4lt keinerlei N\u00e4hrstoffe, auch keine Mengenelemente wie Ca oder P. Deshalb ist die Einmischung von JELUVET\u00ae in eine bereits kalkulierte Ration problemlos m\u00f6glich. Das ist vorteilhaft f\u00fcr die F\u00fctterung tr\u00e4chtiger Sauen. Denn ein niedriger Gehalt der Mengenelemente Ca und P in der Ration wird mit einer niedrigeren MMA-Rate in Verbindung gebracht.<\/p>\n\n\n\n<h3 class=\"wp-block-heading\">Mykotoxinfreiheit<\/h3>\n\n\n\n<p>JELUVET\u00ae ist ein absolut mykotoxinfreies Produkt. Die Rate der durch Mykotoxine verursachten Tot- und Fehlgeburten sowie die Anzahl und Schwere von entsprechenden Fruchtbarkeitsst\u00f6rungen sprechen klar f\u00fcr die Verwendung eines unbelasteten Rohfasertr\u00e4gers. Mit JELUVET\u00ae Lignocellulose wird die Gefahr eines zus\u00e4tzlichen Eintrags von Mykotoxinen in die Ration ausgeschlossen.<\/p>\n\n\n\n<h3 class=\"wp-block-heading\">Quellf\u00e4higkeit<\/h3>\n\n\n\n<p>Das Wasserbindeverm\u00f6gen herk\u00f6mmlicher Rohfasertr\u00e4ger ist beschr\u00e4nkt: Weizengrie\u00dfkleie liegt bei etwa 190%, Gr\u00fcnmehl bei ca. 270 %, Zuckerr\u00fcbenschnitzel bei ca. 340 %. Das Wasserbindeverm\u00f6gen von JELUVET\u00ae liegt hingegen bei mehr als 500 %!<br>\nDas hei\u00dft: die Rohfaser quillt im Magen der Sauen stark auf und f\u00fchrt bei den Tieren zu einem lang anhaltenden S\u00e4ttigungsgef\u00fchl. So wird die \u00fcberm\u00e4\u00dfige Futteraufnahme bei der Ad-Libitum-F\u00fctterung verhindert und der Verfettung durch Absenkung des Energiegehalts der Ration wirkungsvoll begegnet.<br>\nDas Ergebnis ist ein ruhiger und gesunder Bestand.<\/p>\n\n\n\n<h3 class=\"wp-block-heading\">Die Anwendung<\/h3>\n\n\n\n<p>JELUVET\u00ae ist ein vollkommen nat\u00fcrliches, aber dennoch effizientes Produkt. In der rationierten F\u00fctterung entfaltet JELUVET\u00ae seine positiven Eigenschaften am besten bei der Zugabe von 1 bis 2,5 %. Dabei ist insbesondere in warmen Perioden auf ausreichende Wasseraufnahme zu achten. Beim Absetzferkel kann Lignocellulose die H\u00f6he der Darmzotten verl\u00e4ngern und die Entz\u00fcndungsmarker regulieren, was im allgemeinen positiv f\u00fcr die Darmgesundheit bewertet wird.<\/p>\n\n\n\n<h2 class=\"wp-block-heading\">Nat\u00fcrliche Cellulose f\u00fcr Ferkel<\/h2>\n\n\n\n<p>JELUCEL\u00ae hat einen konstanten Celluloseanteil von rund 95,5 % der Trockensubstanz. Auch unsere Cellulose ist eine standardisierbare, n\u00e4hrstoffneutrale Rohfaserkomponente, die zu 100 % frei von Mykotoxinen ist.<br> Nat\u00fcrliche Cellulose kann bei Ferkeln Durchf\u00e4llen nach dem Absetzen vorbeugen. Wir empfehlen 0,5 bis 1,5 % JELUCEL\u00ae in der Ferkelf\u00fctterung.<\/p>\n\n\n\n<p class=\"infobox\"><strong>Rohfasern f\u00fcr die rationierte F\u00fctterung<\/strong> Die Tierschutz-Nutztierhaltungsverordnung fordert 8 % Rohfasern in der Trockenmasse eines Alleinfutters bzw. 200 g Rohfasern t\u00e4glich pro Sau. Durch JELUVET\u00ae Lignocellulose kann dieser Gehalt an Rohfasern leicht erreicht werden.<br>In traditionell getreidebetonten Rationen wird ein Rohfasergehalt von h\u00f6chstens 4 % erreicht. Die Ration muss also noch mit rund 4 % Rohfaseranteil di\u00e4tisch aufgewertet werden. Dazu m\u00fcsste der Anteil eines herk\u00f6mmlichen Rohfasertr\u00e4gers um 20 bis 30 % erh\u00f6ht werden. Nur so erreicht man den zus\u00e4tzlich erforderlichen Rohfaseranteil von 4 %! Das ist aus energetischer, hygienischer und auch aus wirtschaftlicher Sicht nicht sinnvoll. Deshalb empfehlen wir auch in der rationierten F\u00fctterung JELUVET\u00ae. Durch den hohen Rohfasergehalt von JELUVET\u00ae ist nur ein Bruchteil der Einsatzmenge \u00fcblicher Rohfasertr\u00e4ger notwendig. Meist ist die Zugabe von 1 &#8211; 2 % ausreichend. Damit wird diese Form der Rohfaseranreicherung nicht nur ern\u00e4hrungsphysiologisch unbedenklicher und einfacher, sondern &#8211; &#8222;unterm Strich&#8220; &#8211; auch kosteng\u00fcnstiger.<\/p>\n<\/div>\n\n\n\n<div class=\"wp-block-column jelu-column-sidebar is-layout-flow wp-block-column-is-layout-flow\" style=\"flex-basis:33.333333%\">\n<figure class=\"wp-block-image size-large\"><img decoding=\"async\" src=\"https:\/\/www.jelu-werk.com\/wp-content\/uploads\/jeluvet_pigs.gif\" alt=\"\"\/><\/figure>\n\n\n\n<div class=\"wp-block-group jelu-widget has-white-color has-primary-background-color has-text-color has-background is-layout-flow wp-block-group-is-layout-flow\">\n<h2 class=\"wp-block-heading\">Verpackung und Einsatzm\u00f6glichkeiten<\/h2>\n\n\n\n<p>Produkttypen JELUVET\u00ae:<\/p>\n\n\n\n<ul class=\"wp-block-list\"><li>JELUVET\u00ae P<\/li><li>JELUVET\u00ae PKS<\/li><li>JELUVET\u00ae PK<\/li><\/ul>\n\n\n\n<p>Erfahren Sie mehr \u00fcber JELUVET\u00ae, die Einsatzm\u00f6glichkeiten und unsere Verpackungsgr\u00f6\u00dfen auf unserer Produktseite&nbsp;<a href=\"https:\/\/www.jelu-werk.com\/de\/lignocellulose\/futtermittelergaenzung-und-einstreu\/jeluvet-lignocellulose\/\">JELUVET\u00ae Lignocellulose<\/a>.<\/p>\n<\/div>\n<\/div>\n<\/div>\n","protected":false},"excerpt":{"rendered":"<p>JELUVET\u00ae Lignocellulose&#8211; reine, konzentrierte Rohfaser aus der Natur Die Vorteile der Lignocellulose JELUVET\u00ae in der Schweineproduktion: Lignocellulose ohne Risiko Unsere Lignocellulose JELUVET\u00ae besteht zu \u00fcber 65 % der Trockenmasse aus unl\u00f6slicher Rohfaser. Die Hauptbestandteile von JELUVET\u00ae sind Cellulose und Lignin, d. h. unl\u00f6sliche und inerte Faserstoffe, die im Dickdarm des Schweins nur in sehr geringen [&hellip;]<\/p>\n","protected":false},"author":2,"featured_media":0,"parent":641,"menu_order":0,"comment_status":"closed","ping_status":"closed","template":"page-2-col-sidebar-right.php","meta":{"_acf_changed":false,"footnotes":""},"class_list":["post-649","page","type-page","status-publish","hentry"],"acf":[],"_links":{"self":[{"href":"https:\/\/www.jelu-werk.com\/de\/wp-json\/wp\/v2\/pages\/649","targetHints":{"allow":["GET"]}}],"collection":[{"href":"https:\/\/www.jelu-werk.com\/de\/wp-json\/wp\/v2\/pages"}],"about":[{"href":"https:\/\/www.jelu-werk.com\/de\/wp-json\/wp\/v2\/types\/page"}],"author":[{"embeddable":true,"href":"https:\/\/www.jelu-werk.com\/de\/wp-json\/wp\/v2\/users\/2"}],"replies":[{"embeddable":true,"href":"https:\/\/www.jelu-werk.com\/de\/wp-json\/wp\/v2\/comments?post=649"}],"version-history":[{"count":43,"href":"https:\/\/www.jelu-werk.com\/de\/wp-json\/wp\/v2\/pages\/649\/revisions"}],"predecessor-version":[{"id":5536782,"href":"https:\/\/www.jelu-werk.com\/de\/wp-json\/wp\/v2\/pages\/649\/revisions\/5536782"}],"up":[{"embeddable":true,"href":"https:\/\/www.jelu-werk.com\/de\/wp-json\/wp\/v2\/pages\/641"}],"wp:attachment":[{"href":"https:\/\/www.jelu-werk.com\/de\/wp-json\/wp\/v2\/media?parent=649"}],"curies":[{"name":"wp","href":"https:\/\/api.w.org\/{rel}","templated":true}]}}