{"id":641,"date":"2012-08-13T12:14:08","date_gmt":"2012-08-13T10:14:08","guid":{"rendered":"http:\/\/www.jelu-werk.com\/?page_id=641"},"modified":"2022-08-16T18:34:11","modified_gmt":"2022-08-16T16:34:11","slug":"futtermittel","status":"publish","type":"page","link":"https:\/\/www.jelu-werk.com\/de\/lignocellulose\/rohfasern\/futtermittel\/","title":{"rendered":"Futtermittel"},"content":{"rendered":"\n<div class=\"wp-block-columns jelu-columns-wrapper is-layout-flex wp-container-core-columns-is-layout-9d6595d7 wp-block-columns-is-layout-flex\">\n<div class=\"wp-block-column jelu-column-content is-layout-flow wp-block-column-is-layout-flow\" style=\"flex-basis:66.666666%\">\n<h1 class=\"wp-block-heading\">Lignocellulose f\u00fcr die Tierproduktion<\/h1>\n\n\n\n<figure class=\"wp-block-image alignright is-resized size-full wp-image-3206\"><img decoding=\"async\" src=\"\/wp-content\/uploads\/2012\/08\/Huehner.jpg\" alt=\"Lignocellulose erh\u00f6ht den Rohfasergehalt von Mischfutter.\" class=\"wp-image-3206\" width=\"175\" srcset=\"https:\/\/www.jelu-werk.com\/wp-content\/uploads\/2012\/08\/Huehner.jpg 331w, https:\/\/www.jelu-werk.com\/wp-content\/uploads\/2012\/08\/Huehner-275x301.jpg 275w\" sizes=\"(max-width: 331px) 100vw, 331px\" \/><figcaption>Unsere Lignocellulose JELUVET\u00ae ist absolut mykotoxinfrei.<\/figcaption><\/figure>\n\n\n\n<p>JELUVET\u00ae Lignocellulose wird in der Tierproduktion als nat\u00fcrlich-effiziente Futtermittel-Erg\u00e4nzung eingesetzt.<\/p>\n\n\n\n<h3 class=\"wp-block-heading\">JELUVET\u00ae ist frei von Mykotoxinen<\/h3>\n\n\n\n<p>Die mehr oder weniger erhebliche Belastung klassischer Rohfasertr\u00e4ger mit Mykotoxinen stellt landwirtschaftliche Betriebe immer wieder vor Probleme. Schimmelpilzgifte sch\u00e4digen bereits in niedriger Konzentration die Gesundheit von Nutztieren nachhaltig. In vielen Betrieben f\u00fchrt das zu erheblichen Produktivit\u00e4tseinbu\u00dfen. Mit unserer Lignocellulose JELUVET\u00ae bringen Sie garantiert keine zus\u00e4tzlichen Mykotoxine in die Futterration ein. Je weniger Mykotoxine, desto ges\u00fcnder und widerstandsf\u00e4higer ist Ihr Bestand.<\/p>\n\n\n\n<h3 class=\"wp-block-heading\">JELUVET\u00ae erh\u00f6ht den Rohfaseranteil<\/h3>\n\n\n\n<p>Der Rohfasergehalt \u00fcblicher Rohfasertr\u00e4ger liegt zwischen 30 und 50 % der Trockenmasse. JELUVET\u00ae hat einen konstanten Rohfaseranteil (Rfa) von \u00fcber 65 % der Trockenmasse. Mindestens 20 % der Trockenmasse besteht aus ADL (Lignin). Damit eignet sich unsere Lignocellulose JELUVET\u00ae bestens als standardisierbare, n\u00e4hrstoffneutrale Rohfaserkomponente.<\/p>\n<\/div>\n\n\n\n<div class=\"wp-block-column jelu-column-sidebar is-layout-flow wp-block-column-is-layout-flow\" style=\"flex-basis:33.333333%\"><\/div>\n<\/div>\n","protected":false},"excerpt":{"rendered":"<p>Lignocellulose f\u00fcr die Tierproduktion JELUVET\u00ae Lignocellulose wird in der Tierproduktion als nat\u00fcrlich-effiziente Futtermittel-Erg\u00e4nzung eingesetzt. JELUVET\u00ae ist frei von Mykotoxinen Die mehr oder weniger erhebliche Belastung klassischer Rohfasertr\u00e4ger mit Mykotoxinen stellt landwirtschaftliche Betriebe immer wieder vor Probleme. Schimmelpilzgifte sch\u00e4digen bereits in niedriger Konzentration die Gesundheit von Nutztieren nachhaltig. In vielen Betrieben f\u00fchrt das zu erheblichen Produktivit\u00e4tseinbu\u00dfen. [&hellip;]<\/p>\n","protected":false},"author":2,"featured_media":0,"parent":623,"menu_order":0,"comment_status":"closed","ping_status":"closed","template":"page-2-col-sidebar-right.php","meta":{"_acf_changed":false,"footnotes":""},"class_list":["post-641","page","type-page","status-publish","hentry"],"acf":[],"_links":{"self":[{"href":"https:\/\/www.jelu-werk.com\/de\/wp-json\/wp\/v2\/pages\/641","targetHints":{"allow":["GET"]}}],"collection":[{"href":"https:\/\/www.jelu-werk.com\/de\/wp-json\/wp\/v2\/pages"}],"about":[{"href":"https:\/\/www.jelu-werk.com\/de\/wp-json\/wp\/v2\/types\/page"}],"author":[{"embeddable":true,"href":"https:\/\/www.jelu-werk.com\/de\/wp-json\/wp\/v2\/users\/2"}],"replies":[{"embeddable":true,"href":"https:\/\/www.jelu-werk.com\/de\/wp-json\/wp\/v2\/comments?post=641"}],"version-history":[{"count":14,"href":"https:\/\/www.jelu-werk.com\/de\/wp-json\/wp\/v2\/pages\/641\/revisions"}],"predecessor-version":[{"id":4953500,"href":"https:\/\/www.jelu-werk.com\/de\/wp-json\/wp\/v2\/pages\/641\/revisions\/4953500"}],"up":[{"embeddable":true,"href":"https:\/\/www.jelu-werk.com\/de\/wp-json\/wp\/v2\/pages\/623"}],"wp:attachment":[{"href":"https:\/\/www.jelu-werk.com\/de\/wp-json\/wp\/v2\/media?parent=641"}],"curies":[{"name":"wp","href":"https:\/\/api.w.org\/{rel}","templated":true}]}}