{"id":623,"date":"2012-08-10T15:05:34","date_gmt":"2012-08-10T13:05:34","guid":{"rendered":"http:\/\/www.jelu-werk.com\/?page_id=623"},"modified":"2022-08-16T18:33:20","modified_gmt":"2022-08-16T16:33:20","slug":"rohfasern","status":"publish","type":"page","link":"https:\/\/www.jelu-werk.com\/de\/lignocellulose\/rohfasern\/","title":{"rendered":"Anwendungen"},"content":{"rendered":"\n<div class=\"wp-block-columns jelu-columns-wrapper is-layout-flex wp-container-core-columns-is-layout-9d6595d7 wp-block-columns-is-layout-flex\">\n<div class=\"wp-block-column jelu-column-content is-layout-flow wp-block-column-is-layout-flow\" style=\"flex-basis:66.666666%\">\n<h1 class=\"wp-block-heading\">Lignocellulose und Cellulose<br> in zuverl\u00e4ssiger JELU-Qualit\u00e4t<\/h1>\n\n\n\n<figure class=\"wp-block-image alignright is-resized size-full wp-image-3293\"><img decoding=\"async\" src=\"\/wp-content\/uploads\/2012\/08\/Tierpyramide.jpg\" alt=\"Lignocellulose und Cellulose sind standardisierbare Rohfaserkomponenten f\u00fcr Heimtierfutter und f\u00fcr Futtermittel von Nutztieren\" class=\"wp-image-3293\" width=\"225\" srcset=\"https:\/\/www.jelu-werk.com\/wp-content\/uploads\/2012\/08\/Tierpyramide.jpg 550w, https:\/\/www.jelu-werk.com\/wp-content\/uploads\/2012\/08\/Tierpyramide-275x400.jpg 275w, https:\/\/www.jelu-werk.com\/wp-content\/uploads\/2012\/08\/Tierpyramide-549x800.jpg 549w\" sizes=\"(max-width: 550px) 100vw, 550px\" \/><figcaption>Die Lignocellulose JELUVET\u00ae ist ein hygienisch einwandfreies Futtermittel und zu 100 % mykotoxinfrei.<\/figcaption><\/figure>\n\n\n\n<p><strong><a href=\"\/?page_id=819\">Tiernahrung<\/a> und <a href=\"\/?page_id=641\">Futtermittel<br>\n<\/a><\/strong>Lignocellulose ist ein hygienisch einwandfreier und zu 100 % mykotoxinfreier Rohfasertr\u00e4ger f\u00fcr die Tierproduktion. Cellulosepulver reduziert den Energiegehalt von Di\u00e4tfuttermitteln f\u00fcr \u00fcbergewichtige Hunde und Katzen. Die Herstellung unserer Lignocellulose JELUVET\u00ae und unserer Cellulose JELUCEL\u00ae ist QS-zertifiziert.<\/p>\n\n\n\n<p><a href=\"\/?page_id=849\"><strong>Tiereinstreu<br>\n<\/strong><\/a>Unsere Holzfaserstoffe sind bestens geeignet als Tiereinstreu f\u00fcr Haustiere wie Kaninchen, Meerschweinchen und Hamster, aber auch f\u00fcr Labortiere, Pferde und Puten.<br>\n&nbsp;<\/p>\n\n\n\n<div class=\"infobox phone\">Wir beraten Sie gerne beim Einsatz unserer Produkte f\u00fcr Ihre spezielle Anwendung.<br>\nWir freuen uns auf Ihren Anruf unter <span class=\"nowrap\"><strong>+49 (0)7967 &#8211; 9091 &#8211; 0<\/strong>.<\/span><\/div>\n<\/div>\n\n\n\n<div class=\"wp-block-column jelu-column-sidebar is-layout-flow wp-block-column-is-layout-flow\" style=\"flex-basis:33.333333%\"><\/div>\n<\/div>\n","protected":false},"excerpt":{"rendered":"<p>Lignocellulose und Cellulose in zuverl\u00e4ssiger JELU-Qualit\u00e4t Tiernahrung und Futtermittel Lignocellulose ist ein hygienisch einwandfreier und zu 100 % mykotoxinfreier Rohfasertr\u00e4ger f\u00fcr die Tierproduktion. Cellulosepulver reduziert den Energiegehalt von Di\u00e4tfuttermitteln f\u00fcr \u00fcbergewichtige Hunde und Katzen. Die Herstellung unserer Lignocellulose JELUVET\u00ae und unserer Cellulose JELUCEL\u00ae ist QS-zertifiziert. Tiereinstreu Unsere Holzfaserstoffe sind bestens geeignet als Tiereinstreu f\u00fcr Haustiere [&hellip;]<\/p>\n","protected":false},"author":2,"featured_media":0,"parent":118,"menu_order":0,"comment_status":"closed","ping_status":"closed","template":"page-2-col-sidebar-right.php","meta":{"_acf_changed":false,"footnotes":""},"class_list":["post-623","page","type-page","status-publish","hentry"],"acf":[],"_links":{"self":[{"href":"https:\/\/www.jelu-werk.com\/de\/wp-json\/wp\/v2\/pages\/623","targetHints":{"allow":["GET"]}}],"collection":[{"href":"https:\/\/www.jelu-werk.com\/de\/wp-json\/wp\/v2\/pages"}],"about":[{"href":"https:\/\/www.jelu-werk.com\/de\/wp-json\/wp\/v2\/types\/page"}],"author":[{"embeddable":true,"href":"https:\/\/www.jelu-werk.com\/de\/wp-json\/wp\/v2\/users\/2"}],"replies":[{"embeddable":true,"href":"https:\/\/www.jelu-werk.com\/de\/wp-json\/wp\/v2\/comments?post=623"}],"version-history":[{"count":6,"href":"https:\/\/www.jelu-werk.com\/de\/wp-json\/wp\/v2\/pages\/623\/revisions"}],"predecessor-version":[{"id":4953499,"href":"https:\/\/www.jelu-werk.com\/de\/wp-json\/wp\/v2\/pages\/623\/revisions\/4953499"}],"up":[{"embeddable":true,"href":"https:\/\/www.jelu-werk.com\/de\/wp-json\/wp\/v2\/pages\/118"}],"wp:attachment":[{"href":"https:\/\/www.jelu-werk.com\/de\/wp-json\/wp\/v2\/media?parent=623"}],"curies":[{"name":"wp","href":"https:\/\/api.w.org\/{rel}","templated":true}]}}