{"id":561,"date":"2012-08-09T13:13:35","date_gmt":"2012-08-09T11:13:35","guid":{"rendered":"http:\/\/www.jelu-werk.com\/?page_id=561"},"modified":"2024-06-07T12:10:44","modified_gmt":"2024-06-07T10:10:44","slug":"jelucel-bf-feine-typen","status":"publish","type":"page","link":"https:\/\/www.jelu-werk.com\/de\/cellulose\/produkte\/pflanzenfasern\/jelucel-bf-bambusfaser\/jelucel-bf-feine-typen\/","title":{"rendered":"JELUCEL BF &#8211; Feine Typen"},"content":{"rendered":"\n<h1 class=\"wp-block-heading\">JELUCEL\u00ae BF &#8211; Feine Typen<a class=\"switch\" title=\"JELUCEL\u00ae BF - Grobe Typen\" href=\"\/?page_id=573\">Grobe Typen<\/a><\/h1>\n\n\n\n<figure class=\"wp-block-table is-style-regular\"><table class=\"has-primary-color has-text-color\"><thead><tr><th>JELUCEL\u00ae<\/th><th>&nbsp;<\/th><th class=\"has-text-align-center\" data-align=\"center\">BF 30<\/th><th class=\"has-text-align-center\" data-align=\"center\">BF 75<\/th><th class=\"has-text-align-center\" data-align=\"center\">BF 90<\/th><th class=\"has-text-align-center\" data-align=\"center\">BF 150<\/th><th class=\"has-text-align-center\" data-align=\"center\">BF 200<\/th><th class=\"has-text-align-center\" data-align=\"center\">BF 300<\/th><\/tr><\/thead><tbody><tr><td>Produktbezeichnung<\/td><td>&nbsp;<\/td><td class=\"has-text-align-center\" data-align=\"center\">Bambusfaser<\/td><\/tr><tr><td>Aussehen<\/td><td>&nbsp;<\/td><td class=\"has-text-align-center\" data-align=\"center\">wei\u00dfes Pulver<\/td><td class=\"has-text-align-center\" data-align=\"center\">wei\u00dfes Pulver<\/td><td class=\"has-text-align-center\" data-align=\"center\">wei\u00dfes Pulver<\/td><td class=\"has-text-align-center\" data-align=\"center\">wei\u00dfes Pulver<\/td><td class=\"has-text-align-center\" data-align=\"center\">wei\u00dfes Pulver<\/td><td class=\"has-text-align-center\" data-align=\"center\">wei\u00dfes Pulver<\/td><\/tr><tr><td>&nbsp;<\/td><td>&nbsp;<\/td><td class=\"has-text-align-center\" data-align=\"center\"><a href=\"https:\/\/www.jelu-werk.com\/wp-content\/uploads\/2022\/10\/BF30_200-fach_mit-schwarzem-Hintergrund-min-e1665055701860.jpg\"><img loading=\"lazy\" decoding=\"async\" width=\"100\" height=\"100\" class=\"wp-image-4954269\" style=\"width: 100px;\" src=\"https:\/\/www.jelu-werk.com\/wp-content\/uploads\/2022\/10\/BF30_200-fach_mit-schwarzem-Hintergrund-min-e1665055701860.jpg\" alt=\"BF 30 - 200fach vergr\u00f6\u00dfert\" srcset=\"https:\/\/www.jelu-werk.com\/wp-content\/uploads\/2022\/10\/BF30_200-fach_mit-schwarzem-Hintergrund-min-e1665055701860.jpg 1536w, https:\/\/www.jelu-werk.com\/wp-content\/uploads\/2022\/10\/BF30_200-fach_mit-schwarzem-Hintergrund-min-e1665055701860-275x275.jpg 275w, https:\/\/www.jelu-werk.com\/wp-content\/uploads\/2022\/10\/BF30_200-fach_mit-schwarzem-Hintergrund-min-e1665055701860-800x800.jpg 800w, https:\/\/www.jelu-werk.com\/wp-content\/uploads\/2022\/10\/BF30_200-fach_mit-schwarzem-Hintergrund-min-e1665055701860-150x150.jpg 150w, https:\/\/www.jelu-werk.com\/wp-content\/uploads\/2022\/10\/BF30_200-fach_mit-schwarzem-Hintergrund-min-e1665055701860-768x768.jpg 768w\" sizes=\"auto, (max-width: 100px) 100vw, 100px\" \/><\/a><\/td><td class=\"has-text-align-center\" data-align=\"center\"><a href=\"https:\/\/www.jelu-werk.com\/wp-content\/uploads\/2022\/10\/BF75_200-fach_mit-schwarzem-Hintergrund-min-e1665055658268.jpg\"><img loading=\"lazy\" decoding=\"async\" width=\"100\" height=\"100\" class=\"wp-image-4954271\" style=\"width: 100px;\" src=\"https:\/\/www.jelu-werk.com\/wp-content\/uploads\/2022\/10\/BF75_200-fach_mit-schwarzem-Hintergrund-min-e1665055658268.jpg\" alt=\"BF 75 - 200fach vergr\u00f6\u00dfert\" srcset=\"https:\/\/www.jelu-werk.com\/wp-content\/uploads\/2022\/10\/BF75_200-fach_mit-schwarzem-Hintergrund-min-e1665055658268.jpg 1536w, https:\/\/www.jelu-werk.com\/wp-content\/uploads\/2022\/10\/BF75_200-fach_mit-schwarzem-Hintergrund-min-e1665055658268-275x275.jpg 275w, https:\/\/www.jelu-werk.com\/wp-content\/uploads\/2022\/10\/BF75_200-fach_mit-schwarzem-Hintergrund-min-e1665055658268-800x800.jpg 800w, https:\/\/www.jelu-werk.com\/wp-content\/uploads\/2022\/10\/BF75_200-fach_mit-schwarzem-Hintergrund-min-e1665055658268-150x150.jpg 150w, https:\/\/www.jelu-werk.com\/wp-content\/uploads\/2022\/10\/BF75_200-fach_mit-schwarzem-Hintergrund-min-e1665055658268-768x768.jpg 768w\" sizes=\"auto, (max-width: 100px) 100vw, 100px\" \/><\/a><\/td><td class=\"has-text-align-center\" data-align=\"center\"><a href=\"https:\/\/www.jelu-werk.com\/wp-content\/uploads\/2022\/10\/BF90_200-fach_mit-schwarzem-Hintergrund-3-min-e1665055591120.jpg\"><img loading=\"lazy\" decoding=\"async\" width=\"100\" height=\"100\" class=\"wp-image-4954273\" style=\"width: 100px;\" src=\"https:\/\/www.jelu-werk.com\/wp-content\/uploads\/2022\/10\/BF90_200-fach_mit-schwarzem-Hintergrund-3-min-e1665055591120.jpg\" alt=\"BF 90 - 200fach vergr\u00f6\u00dfert\" srcset=\"https:\/\/www.jelu-werk.com\/wp-content\/uploads\/2022\/10\/BF90_200-fach_mit-schwarzem-Hintergrund-3-min-e1665055591120.jpg 1536w, https:\/\/www.jelu-werk.com\/wp-content\/uploads\/2022\/10\/BF90_200-fach_mit-schwarzem-Hintergrund-3-min-e1665055591120-275x275.jpg 275w, https:\/\/www.jelu-werk.com\/wp-content\/uploads\/2022\/10\/BF90_200-fach_mit-schwarzem-Hintergrund-3-min-e1665055591120-800x800.jpg 800w, https:\/\/www.jelu-werk.com\/wp-content\/uploads\/2022\/10\/BF90_200-fach_mit-schwarzem-Hintergrund-3-min-e1665055591120-150x150.jpg 150w, https:\/\/www.jelu-werk.com\/wp-content\/uploads\/2022\/10\/BF90_200-fach_mit-schwarzem-Hintergrund-3-min-e1665055591120-768x768.jpg 768w\" sizes=\"auto, (max-width: 100px) 100vw, 100px\" \/><\/a><\/td><td class=\"has-text-align-center\" data-align=\"center\"><a href=\"https:\/\/www.jelu-werk.com\/wp-content\/uploads\/2022\/10\/BF150_200-fach_mit-schwarzem-Hintergrund-2-min-e1665055444729.jpg\"><img loading=\"lazy\" decoding=\"async\" width=\"100\" height=\"100\" class=\"wp-image-4954275\" style=\"width: 100px;\" src=\"https:\/\/www.jelu-werk.com\/wp-content\/uploads\/2022\/10\/BF150_200-fach_mit-schwarzem-Hintergrund-2-min-e1665055444729.jpg\" alt=\"BF 150 - 200fach vergr\u00f6\u00dfert\" srcset=\"https:\/\/www.jelu-werk.com\/wp-content\/uploads\/2022\/10\/BF150_200-fach_mit-schwarzem-Hintergrund-2-min-e1665055444729.jpg 1536w, https:\/\/www.jelu-werk.com\/wp-content\/uploads\/2022\/10\/BF150_200-fach_mit-schwarzem-Hintergrund-2-min-e1665055444729-275x275.jpg 275w, https:\/\/www.jelu-werk.com\/wp-content\/uploads\/2022\/10\/BF150_200-fach_mit-schwarzem-Hintergrund-2-min-e1665055444729-800x800.jpg 800w, https:\/\/www.jelu-werk.com\/wp-content\/uploads\/2022\/10\/BF150_200-fach_mit-schwarzem-Hintergrund-2-min-e1665055444729-150x150.jpg 150w, https:\/\/www.jelu-werk.com\/wp-content\/uploads\/2022\/10\/BF150_200-fach_mit-schwarzem-Hintergrund-2-min-e1665055444729-768x768.jpg 768w\" sizes=\"auto, (max-width: 100px) 100vw, 100px\" \/><\/a><\/td><td class=\"has-text-align-center\" data-align=\"center\"><a href=\"https:\/\/www.jelu-werk.com\/wp-content\/uploads\/2022\/10\/BF200_200-fach_mit-schwarzem-Hintergrund-2-min-e1665055829906.jpg\"><img loading=\"lazy\" decoding=\"async\" width=\"100\" height=\"100\" class=\"wp-image-4954277\" style=\"width: 100px;\" src=\"https:\/\/www.jelu-werk.com\/wp-content\/uploads\/2022\/10\/BF200_200-fach_mit-schwarzem-Hintergrund-2-min-e1665055829906.jpg\" alt=\"BF 200 - 200fach vergr\u00f6\u00dfert\" srcset=\"https:\/\/www.jelu-werk.com\/wp-content\/uploads\/2022\/10\/BF200_200-fach_mit-schwarzem-Hintergrund-2-min-e1665055829906.jpg 1536w, https:\/\/www.jelu-werk.com\/wp-content\/uploads\/2022\/10\/BF200_200-fach_mit-schwarzem-Hintergrund-2-min-e1665055829906-275x275.jpg 275w, https:\/\/www.jelu-werk.com\/wp-content\/uploads\/2022\/10\/BF200_200-fach_mit-schwarzem-Hintergrund-2-min-e1665055829906-800x800.jpg 800w, https:\/\/www.jelu-werk.com\/wp-content\/uploads\/2022\/10\/BF200_200-fach_mit-schwarzem-Hintergrund-2-min-e1665055829906-150x150.jpg 150w, https:\/\/www.jelu-werk.com\/wp-content\/uploads\/2022\/10\/BF200_200-fach_mit-schwarzem-Hintergrund-2-min-e1665055829906-768x768.jpg 768w\" sizes=\"auto, (max-width: 100px) 100vw, 100px\" \/><\/a><\/td><td class=\"has-text-align-center\" data-align=\"center\"><a href=\"https:\/\/www.jelu-werk.com\/wp-content\/uploads\/2022\/10\/BF300_200-fach-3-min-e1665055878324.jpg\"><img loading=\"lazy\" decoding=\"async\" width=\"100\" height=\"100\" class=\"wp-image-4954279\" style=\"width: 100px;\" src=\"https:\/\/www.jelu-werk.com\/wp-content\/uploads\/2022\/10\/BF300_200-fach-3-min-e1665055878324.jpg\" alt=\"BF 300 - 200fach vergr\u00f6\u00dfert\" srcset=\"https:\/\/www.jelu-werk.com\/wp-content\/uploads\/2022\/10\/BF300_200-fach-3-min-e1665055878324.jpg 1536w, https:\/\/www.jelu-werk.com\/wp-content\/uploads\/2022\/10\/BF300_200-fach-3-min-e1665055878324-275x275.jpg 275w, https:\/\/www.jelu-werk.com\/wp-content\/uploads\/2022\/10\/BF300_200-fach-3-min-e1665055878324-800x800.jpg 800w, https:\/\/www.jelu-werk.com\/wp-content\/uploads\/2022\/10\/BF300_200-fach-3-min-e1665055878324-150x150.jpg 150w, https:\/\/www.jelu-werk.com\/wp-content\/uploads\/2022\/10\/BF300_200-fach-3-min-e1665055878324-768x768.jpg 768w\" sizes=\"auto, (max-width: 100px) 100vw, 100px\" \/><\/a><\/td><\/tr><tr><td>Ballaststoffe in TS<\/td><td>[%]<\/td><td class=\"has-text-align-center\" data-align=\"center\">~ 98<\/td><td class=\"has-text-align-center\" data-align=\"center\">~ 98<\/td><td class=\"has-text-align-center\" data-align=\"center\">~ 98<\/td><td class=\"has-text-align-center\" data-align=\"center\">~ 98<\/td><td class=\"has-text-align-center\" data-align=\"center\">~ 98<\/td><td class=\"has-text-align-center\" data-align=\"center\">~ 98<\/td><\/tr><tr><td>Gluten<\/td><td>[mg\/kg]<\/td><td class=\"has-text-align-center\" data-align=\"center\">&lt; 5,00<\/td><td class=\"has-text-align-center\" data-align=\"center\">&lt; 5,00<\/td><td class=\"has-text-align-center\" data-align=\"center\">&lt; 5,00<\/td><td class=\"has-text-align-center\" data-align=\"center\">&lt; 5,00<\/td><td class=\"has-text-align-center\" data-align=\"center\">&lt; 5,00<\/td><td class=\"has-text-align-center\" data-align=\"center\">&lt; 5,00<\/td><\/tr><tr><td>Gl\u00fchr\u00fcckstand<\/td><td>[%]<\/td><td class=\"has-text-align-center\" data-align=\"center\">max. 0,5<\/td><td class=\"has-text-align-center\" data-align=\"center\">max. 0,5<\/td><td class=\"has-text-align-center\" data-align=\"center\">max. 0,5<\/td><td class=\"has-text-align-center\" data-align=\"center\">max. 0,5<\/td><td class=\"has-text-align-center\" data-align=\"center\">max. 0,5<\/td><td class=\"has-text-align-center\" data-align=\"center\">max. 0,5<\/td><\/tr><tr><td>Wasserabsorption<\/td><td>[%]<\/td><td class=\"has-text-align-center\" data-align=\"center\">~ 422<\/td><td class=\"has-text-align-center\" data-align=\"center\">~ 441<\/td><td class=\"has-text-align-center\" data-align=\"center\">~ 503<\/td><td class=\"has-text-align-center\" data-align=\"center\">~ 524<\/td><td class=\"has-text-align-center\" data-align=\"center\">~ 605<\/td><td class=\"has-text-align-center\" data-align=\"center\">~ 662<\/td><\/tr><tr><td>Trockenverlust<\/td><td>[%]<\/td><td class=\"has-text-align-center\" data-align=\"center\">max. 7<\/td><td class=\"has-text-align-center\" data-align=\"center\">max. 7<\/td><td class=\"has-text-align-center\" data-align=\"center\">max. 7<\/td><td class=\"has-text-align-center\" data-align=\"center\">max. 7<\/td><td class=\"has-text-align-center\" data-align=\"center\">max. 7<\/td><td class=\"has-text-align-center\" data-align=\"center\">max. 7<\/td><\/tr><tr><td>Sch\u00fcttgewicht<\/td><td>[g\/l]<\/td><td class=\"has-text-align-center\" data-align=\"center\">~ 235<\/td><td class=\"has-text-align-center\" data-align=\"center\">~ 221<\/td><td class=\"has-text-align-center\" data-align=\"center\">~ 202<\/td><td class=\"has-text-align-center\" data-align=\"center\">~ 186<\/td><td class=\"has-text-align-center\" data-align=\"center\">~ 154<\/td><td class=\"has-text-align-center\" data-align=\"center\">~ 143<\/td><\/tr><tr><td>ph-Wert <br>(10 % Suspension)<\/td><td>&nbsp;<\/td><td class=\"has-text-align-center\" data-align=\"center\">5,0 &#8211; 7,5<\/td><td class=\"has-text-align-center\" data-align=\"center\">5,0 &#8211; 7,5<\/td><td class=\"has-text-align-center\" data-align=\"center\">5,0 &#8211; 7,5<\/td><td class=\"has-text-align-center\" data-align=\"center\">5,0 &#8211; 7,5<\/td><td class=\"has-text-align-center\" data-align=\"center\">5,0 &#8211; 7,5<\/td><td class=\"has-text-align-center\" data-align=\"center\">5,0 &#8211; 7,5<\/td><\/tr><tr><td><strong>Siebr\u00fcckstand <\/strong><br><strong>auf Alpine-Luftstrahlsieb<\/strong><\/td><\/tr><tr><td>32 \u00b5m<\/td><td>[%]<\/td><td class=\"has-text-align-center\" data-align=\"center\">~ 8<\/td><td class=\"has-text-align-center\" data-align=\"center\">~ 12<\/td><td class=\"has-text-align-center\" data-align=\"center\">~ 35<\/td><td class=\"has-text-align-center\" data-align=\"center\">~ 43<\/td><td class=\"has-text-align-center\" data-align=\"center\">~ 54<\/td><td class=\"has-text-align-center\" data-align=\"center\">~ 61<\/td><\/tr><tr><td>50 \u00b5m<\/td><td>[%]<\/td><td class=\"has-text-align-center\" data-align=\"center\">~ 0,5<\/td><td class=\"has-text-align-center\" data-align=\"center\">~ 1,5<\/td><td class=\"has-text-align-center\" data-align=\"center\"><\/td><td class=\"has-text-align-center\" data-align=\"center\"><\/td><td class=\"has-text-align-center\" data-align=\"center\"><\/td><td class=\"has-text-align-center\" data-align=\"center\"><\/td><\/tr><tr><td>100 \u00b5m<\/td><td>[%]<\/td><td class=\"has-text-align-center\" data-align=\"center\">&nbsp;<\/td><td class=\"has-text-align-center\" data-align=\"center\"><\/td><td class=\"has-text-align-center\" data-align=\"center\">~ 1,5<\/td><td class=\"has-text-align-center\" data-align=\"center\">~ 2,5<\/td><td class=\"has-text-align-center\" data-align=\"center\">~ 10<\/td><td class=\"has-text-align-center\" data-align=\"center\">~ 13<\/td><\/tr><tr><td>150 \u00b5m<\/td><td>[%]<\/td><td class=\"has-text-align-center\" data-align=\"center\">&nbsp;<\/td><td class=\"has-text-align-center\" data-align=\"center\">&nbsp;<\/td><td class=\"has-text-align-center\" data-align=\"center\">Spuren<\/td><td class=\"has-text-align-center\" data-align=\"center\">~ 0,5<\/td><td class=\"has-text-align-center\" data-align=\"center\"><\/td><td class=\"has-text-align-center\" data-align=\"center\"><\/td><\/tr><tr><td>200 \u00b5m<\/td><td>[%]<\/td><td class=\"has-text-align-center\" data-align=\"center\">&nbsp;<\/td><td class=\"has-text-align-center\" data-align=\"center\">&nbsp;<\/td><td class=\"has-text-align-center\" data-align=\"center\">&nbsp;<\/td><td class=\"has-text-align-center\" data-align=\"center\">&nbsp;<\/td><td class=\"has-text-align-center\" data-align=\"center\">~ 1<\/td><td class=\"has-text-align-center\" data-align=\"center\"><\/td><\/tr><tr><td>300 \u00b5m<\/td><td>[%]<\/td><td class=\"has-text-align-center\" data-align=\"center\">&nbsp;<\/td><td class=\"has-text-align-center\" data-align=\"center\">&nbsp;<\/td><td class=\"has-text-align-center\" data-align=\"center\">&nbsp;<\/td><td class=\"has-text-align-center\" data-align=\"center\">&nbsp;<\/td><td class=\"has-text-align-center\" data-align=\"center\">&nbsp;<\/td><td class=\"has-text-align-center\" data-align=\"center\">Spuren<\/td><\/tr><\/tbody><\/table><\/figure>\n","protected":false},"excerpt":{"rendered":"<p>JELUCEL\u00ae BF &#8211; Feine TypenGrobe Typen JELUCEL\u00ae &nbsp; BF 30 BF 75 BF 90 BF 150 BF 200 BF 300 Produktbezeichnung &nbsp; Bambusfaser Aussehen &nbsp; wei\u00dfes Pulver wei\u00dfes Pulver wei\u00dfes Pulver wei\u00dfes Pulver wei\u00dfes Pulver wei\u00dfes Pulver &nbsp; &nbsp; Ballaststoffe in TS [%] ~ 98 ~ 98 ~ 98 ~ 98 ~ 98 ~ 98 [&hellip;]<\/p>\n","protected":false},"author":2,"featured_media":0,"parent":367,"menu_order":0,"comment_status":"closed","ping_status":"closed","template":"page-extra-wide.php","meta":{"_acf_changed":false,"footnotes":""},"class_list":["post-561","page","type-page","status-publish","hentry"],"acf":[],"_links":{"self":[{"href":"https:\/\/www.jelu-werk.com\/de\/wp-json\/wp\/v2\/pages\/561","targetHints":{"allow":["GET"]}}],"collection":[{"href":"https:\/\/www.jelu-werk.com\/de\/wp-json\/wp\/v2\/pages"}],"about":[{"href":"https:\/\/www.jelu-werk.com\/de\/wp-json\/wp\/v2\/types\/page"}],"author":[{"embeddable":true,"href":"https:\/\/www.jelu-werk.com\/de\/wp-json\/wp\/v2\/users\/2"}],"replies":[{"embeddable":true,"href":"https:\/\/www.jelu-werk.com\/de\/wp-json\/wp\/v2\/comments?post=561"}],"version-history":[{"count":2,"href":"https:\/\/www.jelu-werk.com\/de\/wp-json\/wp\/v2\/pages\/561\/revisions"}],"predecessor-version":[{"id":5217359,"href":"https:\/\/www.jelu-werk.com\/de\/wp-json\/wp\/v2\/pages\/561\/revisions\/5217359"}],"up":[{"embeddable":true,"href":"https:\/\/www.jelu-werk.com\/de\/wp-json\/wp\/v2\/pages\/367"}],"wp:attachment":[{"href":"https:\/\/www.jelu-werk.com\/de\/wp-json\/wp\/v2\/media?parent=561"}],"curies":[{"name":"wp","href":"https:\/\/api.w.org\/{rel}","templated":true}]}}