{"id":5432,"date":"2014-01-21T13:02:58","date_gmt":"2014-01-21T11:02:58","guid":{"rendered":"https:\/\/www.jelu-werk.com\/?page_id=5432"},"modified":"2026-03-24T12:35:19","modified_gmt":"2026-03-24T10:35:19","slug":"karriere","status":"publish","type":"page","link":"https:\/\/www.jelu-werk.com\/de\/ueber-uns\/karriere\/","title":{"rendered":"Das JELU-WERK sucht weitere Mitarbeiter"},"content":{"rendered":"\n<div class=\"wp-block-columns jelu-columns-wrapper is-layout-flex wp-container-core-columns-is-layout-9d6595d7 wp-block-columns-is-layout-flex\">\n<div class=\"wp-block-column jelu-column-content is-layout-flow wp-block-column-is-layout-flow\" style=\"flex-basis:66.666666%\">\n<h2 class=\"wp-block-heading\">Wir suchen weitere Mitarbeiter (m\/w\/d)<\/h2>\n\n\n\n<ul class=\"wp-block-list\">\n<li>Ausbildung Industriemechaniker mit sp\u00e4terer \u00dcbernahme (m\/w\/d)<\/li>\n\n\n\n<li>Industriemechaniker (m\/w\/d) in Vollzeit (kein Schichtdienst)<\/li>\n<\/ul>\n\n\n\n<hr class=\"wp-block-separator has-alpha-channel-opacity\"\/>\n\n\n\n<p><strong>Unser Unternehmen<\/strong><br><br>Wir sind ein modernes, innovatives mittelst\u00e4ndisches Familienunternehmen am Standort Rosenberg, das nat\u00fcrliche Pflanzenfasern mit funktionellen Eigenschaften f\u00fcr ein vielf\u00e4ltiges Einsatzsprektrum in zahlreichen Industrien weltweit produziert. Als stetig wachsendes Unternehmen bieten wir unseren Mitarbeiter*innen neben einem sicheren Arbeitsplatz in einer nachhaltigen Zukunftsbranche viele interessante Aufgaben und Perspektiven.<\/p>\n\n\n\n<p><strong>Wir freuen uns auf Ihre Bewerbung per Email an <a href=\"mailto:bewerbung@jelu.de\" target=\"_blank\" rel=\"noreferrer noopener\">bewerbung@jelu.de<\/a> oder per Post an:<\/strong><\/p>\n\n\n\n<p><strong>JELU-WERK Josef Ehrler GmbH &amp; Co. KG<br>Ludwigsm\u00fchle<br>73494 Rosenberg<\/strong><\/p>\n\n\n\n<p><strong>F\u00fcr R\u00fcckfragen stehen wir Ihnen gerne jederzeit telefonisch zur Verf\u00fcgung unter folgender Nummer: 07967 909 129<\/strong><\/p>\n\n\n\n<hr class=\"wp-block-separator has-alpha-channel-opacity\"\/>\n\n\n\n<h2 class=\"wp-block-heading\">Ausbildung Industriemechaniker (m\/w\/d) <br>f\u00fcr Maschinen- und Anlagenbau <\/h2>\n\n\n\n<p><\/p>\n\n\n\n<p><strong>Ausbildungsinhalte<\/strong>:<\/p>\n\n\n\n<ul class=\"wp-block-list\">\n<li>Planung und Durchf\u00fchrung von Wartungen an Produktionsanlagen<\/li>\n\n\n\n<li>Analyse technischer St\u00f6rungen und Instandsetzung von Anlage<\/li>\n\n\n\n<li>Mitarbeit bei Anlageninstallation bzw. Anlagenumbauten<\/li>\n<\/ul>\n\n\n\n<p><strong>Das bringen Sie mit:<\/strong><\/p>\n\n\n\n<ul class=\"wp-block-list\">\n<li>Sie haben einen guten Hauptschulabschluss<\/li>\n\n\n\n<li>Sichere Grundkenntnisse im Bereich Mathematik und Physik<\/li>\n\n\n\n<li>Handwerkliches Geschick sowie Interesse am Umgang mit Technik<\/li>\n\n\n\n<li>Teamf\u00e4higkeit, Lern- und Einsatzbereitschaft<\/li>\n<\/ul>\n\n\n\n<p><strong>Das bieten wir Ihnen:<\/strong><\/p>\n\n\n\n<ul class=\"wp-block-list\">\n<li>Wir sind ein sicherer Arbeitgeber und streben an, Sie nach der Ausbildung zu \u00fcbernehmen<\/li>\n\n\n\n<li>In unserem Familienunternehmen achten wir gezielt auf Ihre St\u00e4rken und Kompetenzen<\/li>\n\n\n\n<li>Wir f\u00f6rdern Eigeninitiative und Lernbereitschaft<\/li>\n\n\n\n<li>Firmenevents wie Betriebsfest oder Weihnachtsfeier<\/li>\n<\/ul>\n\n\n\n<hr class=\"wp-block-separator has-alpha-channel-opacity\"\/>\n\n\n\n<h2 class=\"wp-block-heading\"> Industriemechaniker (m\/w\/d)<\/h2>\n\n\n\n<p><strong>Ihre Aufgaben:<\/strong><\/p>\n\n\n\n<ul class=\"wp-block-list\">\n<li> Montage von Produktionsanlagen und deren Wartung und Reparatur<\/li>\n\n\n\n<li> Herstellung und Montage von Einzelteilen und Baugruppen<\/li>\n\n\n\n<li>Analyse technischer St\u00f6rungen<\/li>\n\n\n\n<li>Schwei\u00dfarbeiten<\/li>\n<\/ul>\n\n\n\n<p><strong>Das bringen Sie mit:<\/strong><\/p>\n\n\n\n<ul class=\"wp-block-list\">\n<li>abgeschlossene Berufsausbildung zum Industrie- \/ Anlagenmechaniker Landmaschinenmechaniker oder vergleichbare Ausbildung<\/li>\n\n\n\n<li>Schwei\u00dfkenntnisse<\/li>\n\n\n\n<li>Teamf\u00e4higkeit, Zuverl\u00e4ssigkeit und Eigeninitiative, sowie Selbst\u00e4ndiges und sicheres Arbeiten<\/li>\n<\/ul>\n\n\n\n<p><strong>Das bieten wir Ihnen:<\/strong><\/p>\n\n\n\n<ul class=\"wp-block-list\">\n<li>Einen flexiblen Arbeitsplatz mit Entwicklungsm\u00f6glichkeiten<\/li>\n\n\n\n<li>Feste Arbeitszeiten, kein Schichtdienst, kein Wochenenddienst<\/li>\n\n\n\n<li>Attraktive Verg\u00fctung<\/li>\n\n\n\n<li>Firmenevents wie Betriebsfest oder Weihnachtsfeier<\/li>\n<\/ul>\n\n\n\n<hr class=\"wp-block-separator has-alpha-channel-opacity\"\/>\n<\/div>\n\n\n\n<div class=\"wp-block-column jelu-column-sidebar is-layout-flow wp-block-column-is-layout-flow\" style=\"flex-basis:33.333333%\"><\/div>\n<\/div>\n\n\n\n<p><\/p>\n","protected":false},"excerpt":{"rendered":"<p>Wir suchen weitere Mitarbeiter (m\/w\/d) Unser Unternehmen Wir sind ein modernes, innovatives mittelst\u00e4ndisches Familienunternehmen am Standort Rosenberg, das nat\u00fcrliche Pflanzenfasern mit funktionellen Eigenschaften f\u00fcr ein vielf\u00e4ltiges Einsatzsprektrum in zahlreichen Industrien weltweit produziert. Als stetig wachsendes Unternehmen bieten wir unseren Mitarbeiter*innen neben einem sicheren Arbeitsplatz in einer nachhaltigen Zukunftsbranche viele interessante Aufgaben und Perspektiven. Wir freuen [&hellip;]<\/p>\n","protected":false},"author":2,"featured_media":0,"parent":1778,"menu_order":0,"comment_status":"closed","ping_status":"closed","template":"page-2-col-sidebar-right.php","meta":{"_acf_changed":false,"footnotes":""},"class_list":["post-5432","page","type-page","status-publish","hentry"],"acf":[],"_links":{"self":[{"href":"https:\/\/www.jelu-werk.com\/de\/wp-json\/wp\/v2\/pages\/5432","targetHints":{"allow":["GET"]}}],"collection":[{"href":"https:\/\/www.jelu-werk.com\/de\/wp-json\/wp\/v2\/pages"}],"about":[{"href":"https:\/\/www.jelu-werk.com\/de\/wp-json\/wp\/v2\/types\/page"}],"author":[{"embeddable":true,"href":"https:\/\/www.jelu-werk.com\/de\/wp-json\/wp\/v2\/users\/2"}],"replies":[{"embeddable":true,"href":"https:\/\/www.jelu-werk.com\/de\/wp-json\/wp\/v2\/comments?post=5432"}],"version-history":[{"count":181,"href":"https:\/\/www.jelu-werk.com\/de\/wp-json\/wp\/v2\/pages\/5432\/revisions"}],"predecessor-version":[{"id":5537050,"href":"https:\/\/www.jelu-werk.com\/de\/wp-json\/wp\/v2\/pages\/5432\/revisions\/5537050"}],"up":[{"embeddable":true,"href":"https:\/\/www.jelu-werk.com\/de\/wp-json\/wp\/v2\/pages\/1778"}],"wp:attachment":[{"href":"https:\/\/www.jelu-werk.com\/de\/wp-json\/wp\/v2\/media?parent=5432"}],"curies":[{"name":"wp","href":"https:\/\/api.w.org\/{rel}","templated":true}]}}