{"id":5035829,"date":"2023-09-16T17:47:02","date_gmt":"2023-09-16T15:47:02","guid":{"rendered":"https:\/\/www.jelu-werk.com\/?page_id=5035829"},"modified":"2023-09-18T08:43:16","modified_gmt":"2023-09-18T06:43:16","slug":"hinweis-meldestelle","status":"publish","type":"page","link":"https:\/\/www.jelu-werk.com\/de\/hinweis-meldestelle\/","title":{"rendered":"Hinweis &#8211; Meldestelle"},"content":{"rendered":"\n<h1 class=\"wp-block-heading\">Hinweis &#8211; Meldestelle<\/h1>\n\n\n\n<div class=\"wp-block-columns is-layout-flex wp-container-core-columns-is-layout-9d6595d7 wp-block-columns-is-layout-flex\">\n<div class=\"wp-block-column is-layout-flow wp-block-column-is-layout-flow\" style=\"flex-basis:50%\">\n<p><mark style=\"background-color:rgba(0, 0, 0, 0)\" class=\"has-inline-color has-primary-color\">Wir sind ein Unternehmen, das im Futter- und Lebensmittelbereich arbeitet. Wir sind uns unserer besonderen F\u00fcrsorge aller Menschen und Tiere bewusst, die unsere Produkte sp\u00e4ter verzehren. Daher ist jeder einzelne von uns dazu verpflichtet Missst\u00e4nde, Verst\u00f6\u00dfe oder Verbesserungspotential jeglicher Art &#8211; auch au\u00dferhalb der Futter- und Lebensmittelsicherheit &#8211; an unsere interne Meldestelle weiter zu geben.<\/mark><\/p>\n\n\n\n<p>Die Hinweise werden dabei nach \u00a7 8 HinSchG vertraulich behandelt. Die Rechte der Hinweisgebenden werden dabei jederzeit gewahrt und es entstehen ihnen keinerlei Nachteile. Auch anonyme Hinweise sind \u00fcber die Nutzung des untenstehenden Kontaktformulars m\u00f6glich. F\u00fcr eine anonyme Meldung bitte im Kontaktformular das Namensfeld mit xxx ausf\u00fcllen. <\/p>\n\n\n\n<p><\/p>\n\n\n\n<p class=\"has-white-color has-primary-background-color has-text-color has-background\">Als Beauftragter der Meldestelle wurde von der Gesch\u00e4ftsleitung Herr <strong>Benjamin K\u00f6rber<\/strong> ernannt. <\/p>\n\n\n\n<p class=\"has-white-color has-secondary-background-color has-text-color has-background\"><strong>Hinweise k\u00f6nnen \u00fcber folgende M\u00f6glichkeiten weitergegeben werden:<\/strong><\/p>\n\n\n\n<ul class=\"wp-block-list\">\n<li>pers\u00f6nlich an Herrn K\u00f6rber<\/li>\n\n\n\n<li>per Mail an b.koerber@jelu.de <\/li>\n\n\n\n<li>telefonisch unter 07967 \/ 909 126<\/li>\n\n\n\n<li>oder \u00fcber das Kontaktformular unten<\/li>\n<\/ul>\n\n\n\n<p><\/p>\n<\/div>\n\n\n\n<div class=\"wp-block-column is-vertically-aligned-center is-layout-flow wp-block-column-is-layout-flow\" style=\"flex-basis:50%\">\n<figure class=\"wp-block-image alignright size-large is-resized is-style-rounded wp-duotone-unset-1\"><img loading=\"lazy\" decoding=\"async\" src=\"https:\/\/www.jelu-werk.com\/wp-content\/uploads\/2023\/09\/Hinweisgeber-min-638x800.jpg\" alt=\"\" class=\"wp-image-5035964\" style=\"width:418px;height:524px\" width=\"418\" height=\"524\" srcset=\"https:\/\/www.jelu-werk.com\/wp-content\/uploads\/2023\/09\/Hinweisgeber-min-638x800.jpg 638w, https:\/\/www.jelu-werk.com\/wp-content\/uploads\/2023\/09\/Hinweisgeber-min-275x345.jpg 275w, https:\/\/www.jelu-werk.com\/wp-content\/uploads\/2023\/09\/Hinweisgeber-min-768x962.jpg 768w, https:\/\/www.jelu-werk.com\/wp-content\/uploads\/2023\/09\/Hinweisgeber-min-1226x1536.jpg 1226w, https:\/\/www.jelu-werk.com\/wp-content\/uploads\/2023\/09\/Hinweisgeber-min-1634x2048.jpg 1634w, https:\/\/www.jelu-werk.com\/wp-content\/uploads\/2023\/09\/Hinweisgeber-min-600x752.jpg 600w, https:\/\/www.jelu-werk.com\/wp-content\/uploads\/2023\/09\/Hinweisgeber-min-scaled.jpg 2043w\" sizes=\"auto, (max-width: 418px) 100vw, 418px\" \/><\/figure>\n<\/div>\n<\/div>\n\n\n\n<div class=\"wpcf7 no-js\" id=\"wpcf7-f5036073-o1\" lang=\"de-DE\" dir=\"ltr\" data-wpcf7-id=\"5036073\">\n<div class=\"screen-reader-response\"><p role=\"status\" aria-live=\"polite\" aria-atomic=\"true\"><\/p> <ul><\/ul><\/div>\n<form action=\"\/de\/wp-json\/wp\/v2\/pages\/5035829#wpcf7-f5036073-o1\" method=\"post\" class=\"wpcf7-form init wpcf7-acceptance-as-validation\" aria-label=\"Kontaktformular\" novalidate=\"novalidate\" data-status=\"init\">\n<fieldset class=\"hidden-fields-container\"><input type=\"hidden\" name=\"_wpcf7\" value=\"5036073\" \/><input type=\"hidden\" name=\"_wpcf7_version\" value=\"6.1.5\" \/><input type=\"hidden\" name=\"_wpcf7_locale\" value=\"de_DE\" \/><input type=\"hidden\" name=\"_wpcf7_unit_tag\" value=\"wpcf7-f5036073-o1\" \/><input type=\"hidden\" name=\"_wpcf7_container_post\" value=\"0\" \/><input type=\"hidden\" name=\"_wpcf7_posted_data_hash\" value=\"\" \/><input type=\"hidden\" name=\"_wpcf7_recaptcha_response\" value=\"\" \/>\n<\/fieldset>\n<fieldset>\n\t<legend>Kontaktformular\n\t<\/legend>\n\t<p><label> Dein Name<br \/>\n<span class=\"wpcf7-form-control-wrap\" data-name=\"your-name\"><input size=\"40\" maxlength=\"400\" class=\"wpcf7-form-control wpcf7-text wpcf7-validates-as-required\" autocomplete=\"name\" aria-required=\"true\" aria-invalid=\"false\" value=\"\" type=\"text\" name=\"your-name\" \/><\/span> <\/label><br \/>\n<label> Betreff<br \/>\n<span class=\"wpcf7-form-control-wrap\" data-name=\"your-subject\"><input size=\"40\" maxlength=\"400\" class=\"wpcf7-form-control wpcf7-text wpcf7-validates-as-required\" aria-required=\"true\" aria-invalid=\"false\" value=\"\" type=\"text\" name=\"your-subject\" \/><\/span> <\/label><br \/>\n<label> Deine Nachricht (optional)<br \/>\n<span class=\"wpcf7-form-control-wrap\" data-name=\"your-message\"><textarea cols=\"40\" rows=\"10\" maxlength=\"2000\" class=\"wpcf7-form-control wpcf7-textarea\" aria-invalid=\"false\" name=\"your-message\"><\/textarea><\/span> <\/label><br \/>\n<span class=\"wpcf7-form-control-wrap\" data-name=\"privacy\"><span class=\"wpcf7-form-control wpcf7-acceptance\"><span class=\"wpcf7-list-item\"><label><input type=\"checkbox\" name=\"privacy\" value=\"1\" class=\"privacy\" aria-invalid=\"false\" \/><span class=\"wpcf7-list-item-label\">Mir ist bekannt, dass meine Daten erhoben und verarbeitet werden, um mein Anliegen zu bearbeiten. Die Datenverarbeitung erfolgt zur Durchf\u00fchrung vorvertraglicher Ma\u00dfnahmen auf Anfrage der betroffenen Person gem. Art. 6 Abs. 1 Buchstabe b DSGVO (Datenschutzgrundverordnung). Weitere Informationen finden Sie in unserer <a href=https:\/\/www.jelu-werk.com\/de\/ueber-uns\/datenschutzerklaerung-2 target=_bland>Datenschutzerkl\u00e4rung<\/a>.<\/span><\/label><\/span><\/span><\/span><br \/>\n\t\n\t<\/p>\n\t<p class=\"col-100\"><input class=\"wpcf7-form-control wpcf7-submit has-spinner\" type=\"submit\" value=\"Senden\" \/>\n\t<\/p>\n<\/fieldset><div class=\"wpcf7-response-output\" aria-hidden=\"true\"><\/div>\n<\/form>\n<\/div>\n\n","protected":false},"excerpt":{"rendered":"<p>Hinweis &#8211; Meldestelle Wir sind ein Unternehmen, das im Futter- und Lebensmittelbereich arbeitet. Wir sind uns unserer besonderen F\u00fcrsorge aller Menschen und Tiere bewusst, die unsere Produkte sp\u00e4ter verzehren. Daher ist jeder einzelne von uns dazu verpflichtet Missst\u00e4nde, Verst\u00f6\u00dfe oder Verbesserungspotential jeglicher Art &#8211; auch au\u00dferhalb der Futter- und Lebensmittelsicherheit &#8211; an unsere interne Meldestelle [&hellip;]<\/p>\n","protected":false},"author":5,"featured_media":0,"parent":0,"menu_order":0,"comment_status":"closed","ping_status":"closed","template":"page-landing-page.php","meta":{"_acf_changed":false,"footnotes":""},"class_list":["post-5035829","page","type-page","status-publish","hentry"],"acf":[],"_links":{"self":[{"href":"https:\/\/www.jelu-werk.com\/de\/wp-json\/wp\/v2\/pages\/5035829","targetHints":{"allow":["GET"]}}],"collection":[{"href":"https:\/\/www.jelu-werk.com\/de\/wp-json\/wp\/v2\/pages"}],"about":[{"href":"https:\/\/www.jelu-werk.com\/de\/wp-json\/wp\/v2\/types\/page"}],"author":[{"embeddable":true,"href":"https:\/\/www.jelu-werk.com\/de\/wp-json\/wp\/v2\/users\/5"}],"replies":[{"embeddable":true,"href":"https:\/\/www.jelu-werk.com\/de\/wp-json\/wp\/v2\/comments?post=5035829"}],"version-history":[{"count":15,"href":"https:\/\/www.jelu-werk.com\/de\/wp-json\/wp\/v2\/pages\/5035829\/revisions"}],"predecessor-version":[{"id":5037106,"href":"https:\/\/www.jelu-werk.com\/de\/wp-json\/wp\/v2\/pages\/5035829\/revisions\/5037106"}],"wp:attachment":[{"href":"https:\/\/www.jelu-werk.com\/de\/wp-json\/wp\/v2\/media?parent=5035829"}],"curies":[{"name":"wp","href":"https:\/\/api.w.org\/{rel}","templated":true}]}}