{"id":5031,"date":"2013-04-17T16:45:21","date_gmt":"2013-04-17T14:45:21","guid":{"rendered":"https:\/\/www.jelu-werk.com\/?page_id=5031"},"modified":"2022-08-16T19:53:13","modified_gmt":"2022-08-16T17:53:13","slug":"jeluvet","status":"publish","type":"page","link":"https:\/\/www.jelu-werk.com\/de\/ueber-uns\/herstellung\/jeluvet\/","title":{"rendered":"JELUVET"},"content":{"rendered":"\n<div class=\"wp-block-columns jelu-columns-wrapper is-layout-flex wp-container-core-columns-is-layout-9d6595d7 wp-block-columns-is-layout-flex\">\n<div class=\"wp-block-column jelu-column-content is-layout-flow wp-block-column-is-layout-flow\" style=\"flex-basis:66.666666%\">\n<h1 class=\"wp-block-heading\">Nat\u00fcrliche Rohfasern: JELUVET<\/h1>\n\n\n\n<p>Unsere Lignocellulose JELUVET ist eine vielseitige Futtermittel-Erg\u00e4nzung f\u00fcr die effiziente Tierzucht und f\u00fcr gesunde Heimtiere.<\/p>\n\n\n\n<div class=\"graph\">\n<p class=\"graph-menu\"><a class=\"showall\" href=\"#\">Alle Beschreibungen anzeigen<\/a> <a class=\"hideall\" href=\"#\">Alle Beschreibungen ausblenden<\/a><\/p>\n<div class=\"node first\">\n\t\t\t\t<a href=\"#lignocellulose\" class=\"node-name fiber\">Lignocellulose<\/a><p><\/p>\n<div class=\"node-descr\" id=\"lignocellulose\">\n<div class=\"node-descr-inner\">Als Rohstoff f\u00fcr unsere Rohfaserkonzentrate verwenden wir Lignocellulose aus frischem Holz.<\/div>\n<p><\/p><\/div>\n<p><\/p><\/div>\n<div class=\"node\">\n\t\t\t\t<a href=\"#reinigung\" class=\"node-name\">Reinigung<\/a><p><\/p>\n<div class=\"node-descr\" id=\"reinigung\">\n<div class=\"node-descr-inner\">Die nat\u00fcrlichen Fasern werden sorgf\u00e4ltig gereinigt.<\/div>\n<p><\/p><\/div>\n<p><\/p><\/div>\n<div class=\"node\">\n\t\t\t\t<a href=\"#vermahlung\" class=\"node-name\">Vermahlung<\/a><p><\/p>\n<div class=\"node-descr\" id=\"vermahlung\">\n<div class=\"node-descr-inner\">Unser au\u00dfergew\u00f6hnliches Mahlverfahren verleiht den Rohfasern ihre herausragenden Eigenschaften.<\/div>\n<p><\/p><\/div>\n<p><\/p><\/div>\n<div class=\"node\">\n\t\t\t\t<a href=\"#fraktionierung\" class=\"node-name\">Fraktionierung<\/a><p><\/p>\n<div class=\"node-descr\" id=\"fraktionierung\">\n<div class=\"node-descr-inner\">Wir setzen ein spezielles Siebverfahren ein, das Fasern unterschiedlicher Gr\u00f6\u00dfe trennt.<\/div>\n<p><\/p><\/div>\n<p><\/p><\/div>\n<div class=\"node\">\n\t\t\t\t<a href=\"#hitzebehandlung\" class=\"node-name\">Hitzebehandlung<\/a><p><\/p>\n<div class=\"node-descr\" id=\"hitzebehandlung\">\n<div class=\"node-descr-inner\">W\u00e4rme und Druck schlie\u00dfen die Fibrillen auf, sodass die nat\u00fcrliche Wasseraufnahmekapazit\u00e4t der Lignocellulose noch um das Mehrfache erh\u00f6ht wird.<\/div>\n<p><\/p><\/div>\n<p><\/p><\/div>\n<div class=\"node\">\n\t\t\t\t<a href=\"#kompaktierung\" class=\"node-name\">Kompaktierung<\/a><p><\/p>\n<div class=\"node-descr\" id=\"kompaktierung\">\n<div class=\"node-descr-inner\">Die Fasern werden kompaktiert, was eine problemlose Weiterverarbeitung erm\u00f6glicht.<\/div>\n<p><\/p><\/div>\n<p><\/p><\/div>\n<div class=\"node last\">\n\t\t\t\t<a href=\"#jeluvet\" class=\"node-name jeluvet\">JELUVET<\/a><p><\/p>\n<div class=\"node-descr\" id=\"jeluvet\">\n<div class=\"node-descr-inner\">JELUVET ist ein nat\u00fcrliches Rohfaserkonzentrat, das die Gesundheit von Haus- und Nutztieren f\u00f6rdert.<\/div>\n<p><\/p><\/div>\n<p><\/p><\/div>\n<p><\/p><\/div>\n<\/div>\n\n\n\n<div class=\"wp-block-column jelu-column-sidebar is-layout-flow wp-block-column-is-layout-flow\" style=\"flex-basis:33.333333%\"><\/div>\n<\/div>\n","protected":false},"excerpt":{"rendered":"<p>Nat\u00fcrliche Rohfasern: JELUVET Unsere Lignocellulose JELUVET ist eine vielseitige Futtermittel-Erg\u00e4nzung f\u00fcr die effiziente Tierzucht und f\u00fcr gesunde Heimtiere. Alle Beschreibungen anzeigen Alle Beschreibungen ausblenden Lignocellulose Als Rohstoff f\u00fcr unsere Rohfaserkonzentrate verwenden wir Lignocellulose aus frischem Holz. Reinigung Die nat\u00fcrlichen Fasern werden sorgf\u00e4ltig gereinigt. Vermahlung Unser au\u00dfergew\u00f6hnliches Mahlverfahren verleiht den Rohfasern ihre herausragenden Eigenschaften. Fraktionierung Wir [&hellip;]<\/p>\n","protected":false},"author":2,"featured_media":0,"parent":1793,"menu_order":0,"comment_status":"closed","ping_status":"closed","template":"page-2-col-sidebar-right.php","meta":{"_acf_changed":false,"footnotes":""},"class_list":["post-5031","page","type-page","status-publish","hentry"],"acf":[],"_links":{"self":[{"href":"https:\/\/www.jelu-werk.com\/de\/wp-json\/wp\/v2\/pages\/5031","targetHints":{"allow":["GET"]}}],"collection":[{"href":"https:\/\/www.jelu-werk.com\/de\/wp-json\/wp\/v2\/pages"}],"about":[{"href":"https:\/\/www.jelu-werk.com\/de\/wp-json\/wp\/v2\/types\/page"}],"author":[{"embeddable":true,"href":"https:\/\/www.jelu-werk.com\/de\/wp-json\/wp\/v2\/users\/2"}],"replies":[{"embeddable":true,"href":"https:\/\/www.jelu-werk.com\/de\/wp-json\/wp\/v2\/comments?post=5031"}],"version-history":[{"count":2,"href":"https:\/\/www.jelu-werk.com\/de\/wp-json\/wp\/v2\/pages\/5031\/revisions"}],"predecessor-version":[{"id":4953630,"href":"https:\/\/www.jelu-werk.com\/de\/wp-json\/wp\/v2\/pages\/5031\/revisions\/4953630"}],"up":[{"embeddable":true,"href":"https:\/\/www.jelu-werk.com\/de\/wp-json\/wp\/v2\/pages\/1793"}],"wp:attachment":[{"href":"https:\/\/www.jelu-werk.com\/de\/wp-json\/wp\/v2\/media?parent=5031"}],"curies":[{"name":"wp","href":"https:\/\/api.w.org\/{rel}","templated":true}]}}