{"id":356,"date":"2012-08-06T16:15:42","date_gmt":"2012-08-06T14:15:42","guid":{"rendered":"http:\/\/www.jelu-werk.com\/?page_id=356"},"modified":"2022-08-16T18:26:38","modified_gmt":"2022-08-16T16:26:38","slug":"pflanzenfasern","status":"publish","type":"page","link":"https:\/\/www.jelu-werk.com\/de\/cellulose\/produkte\/pflanzenfasern\/","title":{"rendered":"JELUCEL Pflanzenfasern"},"content":{"rendered":"\n<div class=\"wp-block-columns jelu-columns-wrapper is-layout-flex wp-container-core-columns-is-layout-9d6595d7 wp-block-columns-is-layout-flex\">\n<div class=\"wp-block-column jelu-column-content is-layout-flow wp-block-column-is-layout-flow\" style=\"flex-basis:66.666666%\">\n<h1 class=\"wp-block-heading\">Pflanzenfasern f\u00fcr die Lebensmitteltechnik<\/h1>\n\n\n\n<p>JELUCEL\u00ae Pflanzenfasern sind wertvolle Ballaststoffe mit multifunktionalen Eigenschaften, die faser- oder pulverf\u00f6rmig erh\u00e4ltlich sind. Die Qualit\u00e4ten <a title=\"JELUCEL WF \u2013 Weizenfaser\" href=\"\/?page_id=378\">JELUCEL\u00ae WF (Weizenfasern)<\/a>, <a title=\"JELUCEL OF \u2013 Haferfaser\" href=\"\/?page_id=384\">JELUCEL\u00ae OF (Haferfasern)<\/a> und <a title=\"JELUCEL BF \u2013 Bambusfaser\" href=\"\/?page_id=367\">JELUCEL\u00ae BF (Bambusfasern)<\/a> basieren auf einj\u00e4hrigen Pflanzen. Die gew\u00fcnschten Faserl\u00e4ngenverteilungen werden durch rein&nbsp;mechanische Verfahren gewonnen.<\/p>\n\n\n\n<h2 class=\"wp-block-heading\">Einsatzm\u00f6glichkeiten und Kennzeichnung<\/h2>\n\n\n\n<p>JELUCEL\u00ae Pflanzenfasern sind Lebensmittel und k\u00f6nnen auf vielf\u00e4ltige Weise in der Lebensmittelherstellung eingesetzt werden.<\/p>\n\n\n\n<p>So k\u00f6nnen sie zum Beispiel zur Erh\u00f6hung des Ballaststoffanteils verschiedener Erzeugnisse \u00fcber einen nach der EU Health Claims Verordnung auslobbaren Gesamtballaststoffgehalt von mindestens 3 Gramm Ballaststoff pro 100 Gramm Lebensmittel dienen. Der Ballaststoffgehalt ergibt sich dabei aus der Summe der Produktballaststoffe plus zugesetzten Ballaststoffen.<\/p>\n\n\n\n<p>Sollen die JELUCEL\u00ae Pflanzenfasern zu rein technologischen Zwecken eingesetzt werden, so muss <strong>in Deutschland<\/strong> eine Ausnahmegenehmigung nach \u00a7 68 LFGB beantragt werden.<\/p>\n\n\n\n<p class=\"infobox paragraph\">Bitte beachten Sie, dass sowohl die Verwendungsbedingungen als auch die Deklarationsm\u00f6glichkeiten der JELUCEL\u00ae Pflanzenfasern von der spezifischen Zusammensetzung und Positionierung des Endprodukts abh\u00e4ngig sind und im Einzelfall auch unter Ber\u00fccksichtigung einzelprodukt- und l\u00e4nderspezifischer Vorschriften von lebensmittelrechtlichen Sachverst\u00e4ndigen zu beurteilen sind.<\/p>\n<\/div>\n\n\n\n<div class=\"wp-block-column jelu-column-sidebar is-layout-flow wp-block-column-is-layout-flow\" style=\"flex-basis:33.333333%\">\n<div class=\"wp-block-group jelu-widget has-white-color has-primary-background-color has-text-color has-background is-layout-flow wp-block-group-is-layout-flow\">\n<h2 class=\"wp-block-heading\">M\u00f6gliche Anwendungen<\/h2>\n\n\n\n<h3 class=\"wp-block-heading\">Getreideprodukte<\/h3>\n\n\n\n<ul class=\"wp-block-list\"><li>Brote<\/li><li>Cerealien<\/li><li>Kr\u00e4cker<\/li><li>Waffeln<\/li><\/ul>\n\n\n\n<h3 class=\"wp-block-heading\">Fleisch und Wurst<\/h3>\n\n\n\n<ul class=\"wp-block-list\"><li>Fleischwaren<\/li><li>Wurstwaren<\/li><\/ul>\n\n\n\n<h3 class=\"wp-block-heading\">Teigwaren<\/h3>\n\n\n\n<ul class=\"wp-block-list\"><li>Nudeln<\/li><li>Teigtaschen mit F\u00fcllung<\/li><\/ul>\n\n\n\n<h3 class=\"wp-block-heading\">Molkereiprodukte<\/h3>\n\n\n\n<ul class=\"wp-block-list\"><li>K\u00e4se<\/li><li>Dressing<\/li><li>Joghurt<\/li><\/ul>\n\n\n\n<h3 class=\"wp-block-heading\">Tiefk\u00fchlprodukte<\/h3>\n\n\n\n<ul class=\"wp-block-list\"><li>Fertiggerichte<\/li><li>Teiglinge<\/li><li>Fleischwaren<\/li><\/ul>\n\n\n\n<h3 class=\"wp-block-heading\">S\u00fc\u00dfwaren<\/h3>\n\n\n\n<ul class=\"wp-block-list\"><li>Schokoriegel<\/li><li>Marshmallows<\/li><li>Geleeprodukte<\/li><\/ul>\n\n\n\n<h3 class=\"wp-block-heading\">Instantprodukte<\/h3>\n\n\n\n<ul class=\"wp-block-list\"><li>Aromen<\/li><li>Getr\u00e4nke<\/li><li>Suppen<\/li><li>Gew\u00fcrze<\/li><\/ul>\n<\/div>\n<\/div>\n<\/div>\n","protected":false},"excerpt":{"rendered":"<p>Pflanzenfasern f\u00fcr die Lebensmitteltechnik JELUCEL\u00ae Pflanzenfasern sind wertvolle Ballaststoffe mit multifunktionalen Eigenschaften, die faser- oder pulverf\u00f6rmig erh\u00e4ltlich sind. Die Qualit\u00e4ten JELUCEL\u00ae WF (Weizenfasern), JELUCEL\u00ae OF (Haferfasern) und JELUCEL\u00ae BF (Bambusfasern) basieren auf einj\u00e4hrigen Pflanzen. Die gew\u00fcnschten Faserl\u00e4ngenverteilungen werden durch rein&nbsp;mechanische Verfahren gewonnen. Einsatzm\u00f6glichkeiten und Kennzeichnung JELUCEL\u00ae Pflanzenfasern sind Lebensmittel und k\u00f6nnen auf vielf\u00e4ltige Weise in [&hellip;]<\/p>\n","protected":false},"author":2,"featured_media":0,"parent":290,"menu_order":3,"comment_status":"closed","ping_status":"closed","template":"page-2-col-sidebar-right.php","meta":{"_acf_changed":false,"footnotes":""},"class_list":["post-356","page","type-page","status-publish","hentry"],"acf":[],"_links":{"self":[{"href":"https:\/\/www.jelu-werk.com\/de\/wp-json\/wp\/v2\/pages\/356","targetHints":{"allow":["GET"]}}],"collection":[{"href":"https:\/\/www.jelu-werk.com\/de\/wp-json\/wp\/v2\/pages"}],"about":[{"href":"https:\/\/www.jelu-werk.com\/de\/wp-json\/wp\/v2\/types\/page"}],"author":[{"embeddable":true,"href":"https:\/\/www.jelu-werk.com\/de\/wp-json\/wp\/v2\/users\/2"}],"replies":[{"embeddable":true,"href":"https:\/\/www.jelu-werk.com\/de\/wp-json\/wp\/v2\/comments?post=356"}],"version-history":[{"count":4,"href":"https:\/\/www.jelu-werk.com\/de\/wp-json\/wp\/v2\/pages\/356\/revisions"}],"predecessor-version":[{"id":4953483,"href":"https:\/\/www.jelu-werk.com\/de\/wp-json\/wp\/v2\/pages\/356\/revisions\/4953483"}],"up":[{"embeddable":true,"href":"https:\/\/www.jelu-werk.com\/de\/wp-json\/wp\/v2\/pages\/290"}],"wp:attachment":[{"href":"https:\/\/www.jelu-werk.com\/de\/wp-json\/wp\/v2\/media?parent=356"}],"curies":[{"name":"wp","href":"https:\/\/api.w.org\/{rel}","templated":true}]}}