{"id":290,"date":"2012-08-03T13:10:17","date_gmt":"2012-08-03T11:10:17","guid":{"rendered":"http:\/\/www.jelu-werk.com\/?page_id=290"},"modified":"2022-08-16T18:21:01","modified_gmt":"2022-08-16T16:21:01","slug":"produkte","status":"publish","type":"page","link":"https:\/\/www.jelu-werk.com\/de\/cellulose\/produkte\/","title":{"rendered":"Produkte"},"content":{"rendered":"\n<div class=\"wp-block-columns jelu-columns-wrapper is-layout-flex wp-container-core-columns-is-layout-9d6595d7 wp-block-columns-is-layout-flex\">\n<div class=\"wp-block-column jelu-column-content is-layout-flow wp-block-column-is-layout-flow\" style=\"flex-basis:66.666666%\">\n<h1 class=\"wp-block-heading\">Nahrungsfasern f\u00fcr die Lebensmitteltechnik<\/h1>\n\n\n\n<p>Mit der Produktfamilie JELUCEL\u00ae bietet die Firma JELU ihren Kunden ein breites Spektrum an Nahrungsfasern mit multifunktionalen Eigenschaften.<\/p>\n\n\n\n<p>JELUCEL\u00ae Nahrungsfasern umfassen hochwirksame pflanzliche Ballaststoffkonzentrate unterschiedlicher Herkunft sowie den klassischen Zusatzstoff Cellulosepulver. Die Nahrungsfasern sind sensorisch und farblich neutral. Je nach Lebensmittel und Zugabemenge dienen sie unterschiedlichen Zielsetzungen. Die Produkte sind in unterschiedlichen Vermahlungsgraden verf\u00fcgbar und bieten der Lebensmittelindustrie zahlreiche Einsatz- und Verwendungsm\u00f6glichkeiten. Unser komplexes Angebot erf\u00fcllt modernste Bed\u00fcrfnisse in der Verarbeitung und Herstellung von Lebensmitteln.<\/p>\n\n\n\n<p>Die Produktfamilie JELUCEL\u00ae Nahrungsfasern:<\/p>\n\n\n\n<ul class=\"wp-block-list\"><li><a title=\"JELUCEL PF \u2013 Cellulose\" href=\"\/?page_id=317\">JELUCEL\u00ae PF<\/a> &#8211; Pulvercellulose<\/li><li><a title=\"JELUCEL BF \u2013 Bambusfaser\" href=\"\/?page_id=367\">JELUCEL\u00ae BF<\/a> &#8211; Pflanzenfasern aus Bambus<\/li><li><a title=\"JELUCEL WF \u2013 Weizenfaser\" href=\"\/?page_id=378\">JELUCEL\u00ae WF<\/a> &#8211; Pflanzenfasern aus Weizen<\/li><li><a title=\"JELUCEL OF \u2013 Haferfaser\" href=\"\/?page_id=384\">JELUCEL\u00ae OF<\/a> &#8211; Pflanzenfasern aus Hafer<\/li><\/ul>\n\n\n\n<p>Die technologischen und ern\u00e4hrungsphysiologischen Eigenschaften unserer funktionellen Fasern erf\u00fcllen h\u00f6chste Anspr\u00fcche der Lebensmittelindustrie.<\/p>\n\n\n\n<p class=\"infobox phone\">Wenn Sie Fragen haben zu unseren Produkten, sprechen Sie uns bitte an &#8211; wir freuen uns auf Ihren Anruf: <strong><span class=\"nowrap\">Tel. +49 (0)7967 &#8211; 9091 &#8211; 0<\/span><\/strong>.<\/p>\n<\/div>\n\n\n\n<div class=\"wp-block-column jelu-column-sidebar is-layout-flow wp-block-column-is-layout-flow\" style=\"flex-basis:33.333333%\"><\/div>\n<\/div>\n","protected":false},"excerpt":{"rendered":"<p>Nahrungsfasern f\u00fcr die Lebensmitteltechnik Mit der Produktfamilie JELUCEL\u00ae bietet die Firma JELU ihren Kunden ein breites Spektrum an Nahrungsfasern mit multifunktionalen Eigenschaften. JELUCEL\u00ae Nahrungsfasern umfassen hochwirksame pflanzliche Ballaststoffkonzentrate unterschiedlicher Herkunft sowie den klassischen Zusatzstoff Cellulosepulver. Die Nahrungsfasern sind sensorisch und farblich neutral. Je nach Lebensmittel und Zugabemenge dienen sie unterschiedlichen Zielsetzungen. Die Produkte sind in [&hellip;]<\/p>\n","protected":false},"author":2,"featured_media":0,"parent":66,"menu_order":3,"comment_status":"closed","ping_status":"closed","template":"page-2-col-sidebar-right.php","meta":{"_acf_changed":false,"footnotes":""},"class_list":["post-290","page","type-page","status-publish","hentry"],"acf":[],"_links":{"self":[{"href":"https:\/\/www.jelu-werk.com\/de\/wp-json\/wp\/v2\/pages\/290","targetHints":{"allow":["GET"]}}],"collection":[{"href":"https:\/\/www.jelu-werk.com\/de\/wp-json\/wp\/v2\/pages"}],"about":[{"href":"https:\/\/www.jelu-werk.com\/de\/wp-json\/wp\/v2\/types\/page"}],"author":[{"embeddable":true,"href":"https:\/\/www.jelu-werk.com\/de\/wp-json\/wp\/v2\/users\/2"}],"replies":[{"embeddable":true,"href":"https:\/\/www.jelu-werk.com\/de\/wp-json\/wp\/v2\/comments?post=290"}],"version-history":[{"count":2,"href":"https:\/\/www.jelu-werk.com\/de\/wp-json\/wp\/v2\/pages\/290\/revisions"}],"predecessor-version":[{"id":4953472,"href":"https:\/\/www.jelu-werk.com\/de\/wp-json\/wp\/v2\/pages\/290\/revisions\/4953472"}],"up":[{"embeddable":true,"href":"https:\/\/www.jelu-werk.com\/de\/wp-json\/wp\/v2\/pages\/66"}],"wp:attachment":[{"href":"https:\/\/www.jelu-werk.com\/de\/wp-json\/wp\/v2\/media?parent=290"}],"curies":[{"name":"wp","href":"https:\/\/api.w.org\/{rel}","templated":true}]}}