{"id":2210833,"date":"2019-07-09T17:10:56","date_gmt":"2019-07-09T15:10:56","guid":{"rendered":"https:\/\/www.jelu-werk.com\/oil-and-fat-replacer-for-foods\/"},"modified":"2019-07-25T12:33:45","modified_gmt":"2019-07-25T10:33:45","slug":"fettaustauschstoff-fuer-lebensmittel","status":"publish","type":"page","link":"https:\/\/www.jelu-werk.com\/de\/fettaustauschstoff-fuer-lebensmittel\/","title":{"rendered":"Fettaustauschstoff"},"content":{"rendered":"<div class=\"shipping\">Wir liefern weltweit.<\/div>\n<div class=\"contact\">\n         <span class=\"phone\">+49 (0) 7967 9091-0<\/span><br \/>\n         <span class=\"call-to-action\">Jetzt beraten lassen<\/span>\n    <\/div>\n<div class=\"box\">\n<div class=\"left\">\n<h1><small class=\"headline-intro\">Fettaustauschstoff f\u00fcr Lebensmittel<\/small> JELUCEL\u00ae &#8211; der Fettaustauschstoff<\/h1>\n<p>Kalorienreduktion mit nat\u00fcrlichen Fasern <br \/>ohne Beeintr\u00e4chtigung des Geschmacks.<\/p>\n<ul>\n<li>Reduziert den Fettanteil im Produkt<\/li>\n<li>Senkt den Kaloriengehalt<\/li>\n<li>Voller Geschmack trotz weniger Fett<\/li>\n<li>F\u00fcr Eiscreme, Milcherzeugnisse, Fleischprodukte, S\u00fc\u00dfwaren, Backwaren und andere Lebensmittelprodukte <\/li>\n<\/ul><\/div>\n<p>    <img decoding=\"async\" src=\"\/wp-content\/uploads\/2016\/01\/fat-and-oil-replacer-for-food.png\" alt=\"Natural fibres as oil and fat replacer for foods\" class=\"boxright\" \/>\n<\/div>\n<div class=\"box green\">\n    <img decoding=\"async\" src=\"https:\/\/www.jelu-werk.com\/wp-content\/uploads\/2015\/06\/JELU-TUEV-Zertifikat.jpg\" alt=\"JELU Zertifikat T\u00dcV Rheinland ISO 22000\" class=\"alignright\" \/><\/p>\n<div class=\"left\">\n<h3>Der nat\u00fcrliche Fettsimulator<\/h3>\n<p>Funktional f\u00fcr den Verarbeiter, <br \/> attraktiv f\u00fcr den Verbraucher:<\/p>\n<ul>\n<li>Reine Pflanzenfasern<\/li>\n<li>H\u00f6here Produktausbeute<\/li>\n<li>Absolut geschmacksneutral<\/li>\n<li>Simuliert die sensorischen Eigenschaften von Fett<\/li>\n<\/ul><\/div>\n<\/div>\n<div class=\"form\">\n\n<div class=\"wpcf7 no-js\" id=\"wpcf7-f2210979-o1\" lang=\"de-DE\" dir=\"ltr\" data-wpcf7-id=\"2210979\">\n<div class=\"screen-reader-response\"><p role=\"status\" aria-live=\"polite\" aria-atomic=\"true\"><\/p> <ul><\/ul><\/div>\n<form action=\"\/de\/wp-json\/wp\/v2\/pages\/2210833#wpcf7-f2210979-o1\" method=\"post\" class=\"wpcf7-form init wpcf7-acceptance-as-validation\" aria-label=\"Kontaktformular\" novalidate=\"novalidate\" data-status=\"init\">\n<fieldset class=\"hidden-fields-container\"><input type=\"hidden\" name=\"_wpcf7\" value=\"2210979\" \/><input type=\"hidden\" name=\"_wpcf7_version\" value=\"6.1.5\" \/><input type=\"hidden\" name=\"_wpcf7_locale\" value=\"de_DE\" \/><input type=\"hidden\" name=\"_wpcf7_unit_tag\" value=\"wpcf7-f2210979-o1\" \/><input type=\"hidden\" name=\"_wpcf7_container_post\" value=\"0\" \/><input type=\"hidden\" name=\"_wpcf7_posted_data_hash\" value=\"\" \/><input type=\"hidden\" name=\"_wpcf7_recaptcha_response\" value=\"\" \/>\n<\/fieldset>\n<fieldset>\n\t<legend>Sie m\u00f6chten weitere Informationen? Gleich hier anfordern.\n\t<\/legend>\n\t<p class=\"col-50\"><label for=\"company\">Firma<\/label><span class=\"wpcf7-form-control-wrap\" data-name=\"company\"><input size=\"40\" maxlength=\"400\" class=\"wpcf7-form-control wpcf7-text wpcf7-validates-as-required\" id=\"company\" aria-required=\"true\" aria-invalid=\"false\" value=\"\" type=\"text\" name=\"company\" \/><\/span>\n\t<\/p>\n\t<p class=\"col-50\"><label for=\"contactperson\">Ansprechpartner<\/label><span class=\"wpcf7-form-control-wrap\" data-name=\"contactperson\"><input size=\"40\" maxlength=\"400\" class=\"wpcf7-form-control wpcf7-text wpcf7-validates-as-required\" id=\"contactperson\" aria-required=\"true\" aria-invalid=\"false\" value=\"\" type=\"text\" name=\"contactperson\" \/><\/span>\n\t<\/p>\n\t<p class=\"col-50\"><label for=\"street\">Stra\u00dfe und Hausnummer<\/label><span class=\"wpcf7-form-control-wrap\" data-name=\"street\"><input size=\"40\" maxlength=\"400\" class=\"wpcf7-form-control wpcf7-text wpcf7-validates-as-required\" id=\"street\" aria-required=\"true\" aria-invalid=\"false\" value=\"\" type=\"text\" name=\"street\" \/><\/span>\n\t<\/p>\n\t<p class=\"col-15\"><label for=\"postcode\">Postleitzahl<\/label><span class=\"wpcf7-form-control-wrap\" data-name=\"postcode\"><input size=\"40\" maxlength=\"400\" class=\"wpcf7-form-control wpcf7-text wpcf7-validates-as-required\" id=\"postcode\" aria-required=\"true\" aria-invalid=\"false\" value=\"\" type=\"text\" name=\"postcode\" \/><\/span>\n\t<\/p>\n\t<p class=\"col-35\"><label for=\"city\">Ort<\/label><span class=\"wpcf7-form-control-wrap\" data-name=\"city\"><input size=\"40\" maxlength=\"400\" class=\"wpcf7-form-control wpcf7-text wpcf7-validates-as-required\" id=\"city\" aria-required=\"true\" aria-invalid=\"false\" value=\"\" type=\"text\" name=\"city\" \/><\/span>\n\t<\/p>\n\t<p class=\"col-50\"><label for=\"country\">Land<\/label><span class=\"wpcf7-form-control-wrap\" data-name=\"country\"><input size=\"40\" maxlength=\"400\" class=\"wpcf7-form-control wpcf7-text wpcf7-validates-as-required\" id=\"country\" aria-required=\"true\" aria-invalid=\"false\" value=\"\" type=\"text\" name=\"country\" \/><\/span>\n\t<\/p>\n\t<p class=\"col-50\">\n\t<\/p>\n\t<p class=\"col-50\"><label for=\"phone\">Telefon<\/label><span class=\"wpcf7-form-control-wrap\" data-name=\"phone\"><input size=\"40\" maxlength=\"400\" class=\"wpcf7-form-control wpcf7-text wpcf7-validates-as-required\" id=\"phone\" aria-required=\"true\" aria-invalid=\"false\" value=\"\" type=\"text\" name=\"phone\" \/><\/span>\n\t<\/p>\n\t<p class=\"col-50\"><label for=\"email\">E-mail<\/label><span class=\"wpcf7-form-control-wrap\" data-name=\"email\"><input size=\"40\" maxlength=\"400\" class=\"wpcf7-form-control wpcf7-email wpcf7-validates-as-required wpcf7-text wpcf7-validates-as-email\" id=\"email\" aria-required=\"true\" aria-invalid=\"false\" value=\"\" type=\"email\" name=\"email\" \/><\/span>\n\t<\/p>\n\t<p class=\"col-100\">Ihre Nachricht f\u00fcr uns:\n\t<\/p>\n\t<p class=\"col-100 alt\"><span class=\"wpcf7-form-control-wrap\" data-name=\"kontaktieren\"><span class=\"wpcf7-form-control wpcf7-checkbox\" id=\"kontaktieren\"><span class=\"wpcf7-list-item first last\"><label><input type=\"checkbox\" name=\"kontaktieren[]\" value=\"Bitte informieren Sie mich telefonisch.\" \/><span class=\"wpcf7-list-item-label\">Bitte informieren Sie mich telefonisch.<\/span><\/label><\/span><\/span><\/span>\n\t<\/p>\n\t<p class=\"col-100 alt\"><span class=\"wpcf7-form-control-wrap\" data-name=\"informaterial\"><span class=\"wpcf7-form-control wpcf7-checkbox\" id=\"informaterial\"><span class=\"wpcf7-list-item first last\"><label><input type=\"checkbox\" name=\"informaterial[]\" value=\"Bitte senden Sie mir Informationsmaterial zum Fettaustauschstoff JELUCEL\u00ae.\" \/><span class=\"wpcf7-list-item-label\">Bitte senden Sie mir Informationsmaterial zum Fettaustauschstoff JELUCEL\u00ae.<\/span><\/label><\/span><\/span><\/span>\n\t<\/p>\n\t<p class=\"col-100\"><span class=\"wpcf7-form-control-wrap\" data-name=\"textarea-111\"><textarea cols=\"40\" rows=\"10\" maxlength=\"2000\" class=\"wpcf7-form-control wpcf7-textarea\" aria-invalid=\"false\" name=\"textarea-111\"><\/textarea><\/span>\n\t<\/p>\n\t<p class=\"col-100\">Aus rechtlichen Gr\u00fcnden k\u00f6nnen wir nur an Unternehmen liefern, nicht an Privatpersonen. Wir bitten um Ihr Verst\u00e4ndnis.\n\t<\/p>\n\t<p><span class=\"wpcf7-form-control-wrap\" data-name=\"privacy\"><span class=\"wpcf7-form-control wpcf7-acceptance\"><span class=\"wpcf7-list-item\"><label><input type=\"checkbox\" name=\"privacy\" value=\"1\" class=\"privacy\" aria-invalid=\"false\" \/><span class=\"wpcf7-list-item-label\">Mir ist bekannt, dass meine Daten erhoben und verarbeitet werden, um mein Anliegen zu bearbeiten. Die Datenverarbeitung erfolgt zur Durchf\u00fchrung vorvertraglicher Ma\u00dfnahmen auf Anfrage der betroffenen Person gem. Art. 6 Abs. 1 Buchstabe b DSGVO (Datenschutzgrundverordnung). Weitere Informationen finden Sie in unserer <a href=https:\/\/www.jelu-werk.com\/de\/ueber-uns\/datenschutzerklaerung-2 target=_bland>Datenschutzerkl\u00e4rung<\/a>.<\/span><\/label><\/span><\/span><\/span>\n\t<\/p>\n\t<p class=\"col-100\"><input class=\"wpcf7-form-control wpcf7-submit has-spinner\" type=\"submit\" value=\"Informationen anfordern\" \/>\n\t<\/p>\n<\/fieldset><div class=\"wpcf7-response-output\" aria-hidden=\"true\"><\/div>\n<\/form>\n<\/div>\n\n<\/div>\n","protected":false},"excerpt":{"rendered":"<p>Wir liefern weltweit. +49 (0) 7967 9091-0 Jetzt beraten lassen Fettaustauschstoff f\u00fcr Lebensmittel JELUCEL\u00ae &#8211; der Fettaustauschstoff Kalorienreduktion mit nat\u00fcrlichen Fasern ohne Beeintr\u00e4chtigung des Geschmacks. Reduziert den Fettanteil im Produkt Senkt den Kaloriengehalt Voller Geschmack trotz weniger Fett F\u00fcr Eiscreme, Milcherzeugnisse, Fleischprodukte, S\u00fc\u00dfwaren, Backwaren und andere Lebensmittelprodukte Der nat\u00fcrliche Fettsimulator Funktional f\u00fcr den Verarbeiter, attraktiv [&hellip;]<\/p>\n","protected":false},"author":4,"featured_media":0,"parent":0,"menu_order":0,"comment_status":"closed","ping_status":"closed","template":"page-landing-page.php","meta":{"_acf_changed":false,"footnotes":""},"class_list":["post-2210833","page","type-page","status-publish","hentry"],"acf":[],"_links":{"self":[{"href":"https:\/\/www.jelu-werk.com\/de\/wp-json\/wp\/v2\/pages\/2210833","targetHints":{"allow":["GET"]}}],"collection":[{"href":"https:\/\/www.jelu-werk.com\/de\/wp-json\/wp\/v2\/pages"}],"about":[{"href":"https:\/\/www.jelu-werk.com\/de\/wp-json\/wp\/v2\/types\/page"}],"author":[{"embeddable":true,"href":"https:\/\/www.jelu-werk.com\/de\/wp-json\/wp\/v2\/users\/4"}],"replies":[{"embeddable":true,"href":"https:\/\/www.jelu-werk.com\/de\/wp-json\/wp\/v2\/comments?post=2210833"}],"version-history":[{"count":3,"href":"https:\/\/www.jelu-werk.com\/de\/wp-json\/wp\/v2\/pages\/2210833\/revisions"}],"predecessor-version":[{"id":2384250,"href":"https:\/\/www.jelu-werk.com\/de\/wp-json\/wp\/v2\/pages\/2210833\/revisions\/2384250"}],"wp:attachment":[{"href":"https:\/\/www.jelu-werk.com\/de\/wp-json\/wp\/v2\/media?parent=2210833"}],"curies":[{"name":"wp","href":"https:\/\/api.w.org\/{rel}","templated":true}]}}