{"id":2,"date":"2012-07-22T12:51:42","date_gmt":"2012-07-22T10:51:42","guid":{"rendered":"http:\/\/www.jelu-werk.com\/?page_id=2"},"modified":"2026-01-27T12:44:51","modified_gmt":"2026-01-27T10:44:51","slug":"startseite","status":"publish","type":"page","link":"https:\/\/www.jelu-werk.com\/de\/","title":{"rendered":"Startseite"},"content":{"rendered":"\n<div class=\"wp-block-columns columns jelu-columns-wrapper is-layout-flex wp-container-core-columns-is-layout-9d6595d7 wp-block-columns-is-layout-flex\">\n<div class=\"wp-block-column col food is-layout-flow wp-block-column-is-layout-flow\">\n<h1 class=\"wp-block-heading\"><a href=\"https:\/\/www.jelu-werk.com\/de\/cellulose\/\">Cellulose und Ballaststoffe<br>f\u00fcr Lebensmittel<\/a><\/h1>\n\n\n\n<p>Unsere&nbsp;<a href=\"https:\/\/www.jelu-werk.com\/de\/cellulose\/produkte\/lebensmittelzusatzstoff\/\">Cellulosen<\/a>&nbsp;und&nbsp;<a href=\"https:\/\/www.jelu-werk.com\/de\/cellulose\/produkte\/pflanzenfasern\/\">Ballaststoffkonzentrate<\/a>&nbsp;aus&nbsp;<a href=\"https:\/\/www.jelu-werk.com\/de\/cellulose\/produkte\/pflanzenfasern\/jelucel-wf-weizenfaser\/\">Weizen<\/a>,&nbsp;<a href=\"https:\/\/www.jelu-werk.com\/de\/cellulose\/produkte\/pflanzenfasern\/jelucel-of-haferfaser\/\">Hafer&nbsp;<\/a>und&nbsp;<a href=\"https:\/\/www.jelu-werk.com\/de\/cellulose\/produkte\/pflanzenfasern\/jelucel-bf-bambusfaser\/\">Bambus&nbsp;<\/a>optimieren die Herstellung und die Produkteigenschaften von Lebensmitteln. Unsere multifunktionalen&nbsp;<a href=\"https:\/\/www.jelu-werk.com\/de\/cellulose\/pflanzenfasern\/\">Pflanzenfasern&nbsp;<\/a>und Zusatzstoffe werden eingesetzt in der <a href=\"http:\/\/www.amazon.de\">Verarbeitung<\/a> von Brot und Backwaren, Fleisch und Wurstwaren, K\u00e4seprodukten, Teigwaren, Gew\u00fcrzen, di\u00e4tetischen Lebensmitteln, S\u00fc\u00dfwaren und Tiefk\u00fchlprodukten.<\/p>\n\n\n\n<div class=\"wp-block-buttons is-layout-flex wp-block-buttons-is-layout-flex\">\n<div class=\"wp-block-button\"><a class=\"wp-block-button__link wp-element-button\" href=\"https:\/\/www.jelu-werk.com\/de\/cellulose\/\">Mehr erfahren<\/a><\/div>\n<\/div>\n<\/div>\n\n\n\n<div class=\"wp-block-column col pets-livestock is-layout-flow wp-block-column-is-layout-flow\">\n<h1 class=\"wp-block-heading\"><a href=\"https:\/\/www.jelu-werk.com\/de\/lignocellulose\/rohfasern\/\">Lignocellulose und Cellulose f\u00fcr Tierfutter<\/a><\/h1>\n\n\n\n<p><a href=\"https:\/\/www.jelu-werk.com\/de\/lignocellulose\/rohfasern\/futtermittel\/\">Lignocellulose<\/a>&nbsp;und&nbsp;<a href=\"https:\/\/www.jelu-werk.com\/de\/lignocellulose\/rohfasern\/heimtiernahrung\/\">Cellulose<\/a>&nbsp;sind n\u00e4hrstoffneutrale, standardisierbare Rohfaserkomponenten. Unsere Lignocellulose ist ein zu 100 % mykotoxinfreier Rohfasertr\u00e4ger f\u00fcr das Mischfutter von Schweinen, Gefl\u00fcgel und Kaninchen. Unsere Cellulose reduziert den Energiegehalt von Heimtierfutter f\u00fcr \u00fcbergewichtige Hunde und Katzen. Wir produzieren au\u00dferdem&nbsp;<a href=\"https:\/\/www.jelu-werk.com\/de\/lignocellulose\/rohfasern\/tiereinstreu\/\">Tiereinstreu<\/a>&nbsp;f\u00fcr Kleintiere wie M\u00e4use und Hamster.<\/p>\n\n\n\n<div class=\"wp-block-buttons is-layout-flex wp-block-buttons-is-layout-flex\">\n<div class=\"wp-block-button\"><a class=\"wp-block-button__link wp-element-button\" href=\"https:\/\/www.jelu-werk.com\/de\/lignocellulose\/\">Mehr erfahren<\/a><\/div>\n<\/div>\n<\/div>\n\n\n\n<div class=\"wp-block-column col technical-industry is-layout-flow wp-block-column-is-layout-flow\">\n<h1 class=\"wp-block-heading\"><a href=\"https:\/\/www.jelu-werk.com\/de\/technische-industrie\/\">F\u00fcll- und Zusatzstoffe f\u00fcr die Technische Industrie<\/a><\/h1>\n\n\n\n<p>Unsere funktionellen <a href=\"https:\/\/www.jelu-werk.com\/de\/technische-industrie\/produkte\/funktionelle-cellulose\/\">Cellulosen<\/a> und <a href=\"https:\/\/www.jelu-werk.com\/de\/technische-industrie\/produkte\/funktionelle-holzfaserstoffe\/\">Holzfaserstoffe<\/a> optimieren die moderne <a href=\"https:\/\/www.jelu-werk.com\/de\/technische-industrie\/anwendungen\/cellulose-filterhilfsmittel\/\">Filtertechnik<\/a> und verbessern die Eigenschaften von technischen Produkten der <a href=\"https:\/\/www.jelu-werk.com\/de\/technische-industrie\/anwendungen\/bauchemie\/\">Bauindustrie<\/a>, wie M\u00f6rtel, Putz, Fliesenkleber, sowie Farben, Lacke und Tapeten. Weitere Anwendungsfelder f\u00fcr unsere Naturfasern sind <a href=\"https:\/\/www.jelu-werk.com\/de\/technische-industrie\/anwendungen\/bodenbelaege\/\">Bodenbel\u00e4ge<\/a>, <a href=\"https:\/\/www.jelu-werk.com\/de\/technische-industrie\/anwendungen\/kartonagen\/\">Kartonagen<\/a>, <a href=\"https:\/\/www.jelu-werk.com\/de\/technische-industrie\/anwendungen\/cellulose-fuer-schweisselektroden\/\">Schwei\u00dfelektroden<\/a> und die Herstellung von <a href=\"https:\/\/www.jelu-werk.com\/de\/technische-industrie\/anwendungen\/samenherstellung\/\">Samen<\/a> und <a href=\"https:\/\/www.jelu-werk.com\/de\/technische-industrie\/anwendungen\/reinigungsmittel\/\">Reinigungsmittel<\/a>.<\/p>\n\n\n\n<div class=\"wp-block-buttons is-layout-flex wp-block-buttons-is-layout-flex\">\n<div class=\"wp-block-button\"><a class=\"wp-block-button__link wp-element-button\" href=\"https:\/\/www.jelu-werk.com\/de\/technische-industrie\/\">Mehr erfahren<\/a><\/div>\n<\/div>\n<\/div>\n<\/div>\n","protected":false},"excerpt":{"rendered":"<p>Cellulose und Ballaststoffef\u00fcr Lebensmittel Unsere&nbsp;Cellulosen&nbsp;und&nbsp;Ballaststoffkonzentrate&nbsp;aus&nbsp;Weizen,&nbsp;Hafer&nbsp;und&nbsp;Bambus&nbsp;optimieren die Herstellung und die Produkteigenschaften von Lebensmitteln. Unsere multifunktionalen&nbsp;Pflanzenfasern&nbsp;und Zusatzstoffe werden eingesetzt in der Verarbeitung von Brot und Backwaren, Fleisch und Wurstwaren, K\u00e4seprodukten, Teigwaren, Gew\u00fcrzen, di\u00e4tetischen Lebensmitteln, S\u00fc\u00dfwaren und Tiefk\u00fchlprodukten. Lignocellulose und Cellulose f\u00fcr Tierfutter Lignocellulose&nbsp;und&nbsp;Cellulose&nbsp;sind n\u00e4hrstoffneutrale, standardisierbare Rohfaserkomponenten. Unsere Lignocellulose ist ein zu 100 % mykotoxinfreier Rohfasertr\u00e4ger f\u00fcr das [&hellip;]<\/p>\n","protected":false},"author":1,"featured_media":0,"parent":0,"menu_order":11,"comment_status":"closed","ping_status":"closed","template":"front.php","meta":{"_acf_changed":false,"footnotes":""},"class_list":["post-2","page","type-page","status-publish","hentry"],"acf":[],"_links":{"self":[{"href":"https:\/\/www.jelu-werk.com\/de\/wp-json\/wp\/v2\/pages\/2","targetHints":{"allow":["GET"]}}],"collection":[{"href":"https:\/\/www.jelu-werk.com\/de\/wp-json\/wp\/v2\/pages"}],"about":[{"href":"https:\/\/www.jelu-werk.com\/de\/wp-json\/wp\/v2\/types\/page"}],"author":[{"embeddable":true,"href":"https:\/\/www.jelu-werk.com\/de\/wp-json\/wp\/v2\/users\/1"}],"replies":[{"embeddable":true,"href":"https:\/\/www.jelu-werk.com\/de\/wp-json\/wp\/v2\/comments?post=2"}],"version-history":[{"count":57,"href":"https:\/\/www.jelu-werk.com\/de\/wp-json\/wp\/v2\/pages\/2\/revisions"}],"predecessor-version":[{"id":5536962,"href":"https:\/\/www.jelu-werk.com\/de\/wp-json\/wp\/v2\/pages\/2\/revisions\/5536962"}],"wp:attachment":[{"href":"https:\/\/www.jelu-werk.com\/de\/wp-json\/wp\/v2\/media?parent=2"}],"curies":[{"name":"wp","href":"https:\/\/api.w.org\/{rel}","templated":true}]}}