{"id":1911,"date":"2012-09-17T12:21:01","date_gmt":"2012-09-17T10:21:01","guid":{"rendered":"http:\/\/www.jelu-werk.com\/?page_id=1911"},"modified":"2024-06-07T12:19:44","modified_gmt":"2024-06-07T10:19:44","slug":"jelucel-of-feine-typen","status":"publish","type":"page","link":"https:\/\/www.jelu-werk.com\/de\/cellulose\/produkte\/pflanzenfasern\/jelucel-of-haferfaser\/jelucel-of-feine-typen\/","title":{"rendered":"JELUCEL OF &#8211; Feine Typen"},"content":{"rendered":"\n<h1 class=\"wp-block-heading\">JELUCEL\u00ae OF &#8211; Feine Typen<a class=\"switch\" title=\"JELUCEL\u00ae OF \u2013 Grobe Typen\" href=\"\/?page_id=1933\">Grobe Typen<\/a><\/h1>\n\n\n\n<figure class=\"wp-block-table is-style-regular\"><table class=\"has-primary-color has-text-color\"><thead><tr><th>JELUCEL\u00ae<\/th><th>&nbsp;<\/th><th class=\"has-text-align-center\" data-align=\"center\">OF 30<\/th><th class=\"has-text-align-center\" data-align=\"center\">OF 75<\/th><th class=\"has-text-align-center\" data-align=\"center\">OF 90<\/th><th class=\"has-text-align-center\" data-align=\"center\">OF 150<\/th><th class=\"has-text-align-center\" data-align=\"center\">OF 200<\/th><th class=\"has-text-align-center\" data-align=\"center\">OF 300<\/th><\/tr><\/thead><tbody><tr><td>Produktbezeichnung<\/td><td>&nbsp;<\/td><td class=\"has-text-align-center\" data-align=\"center\">Haferfaser<\/td><\/tr><tr><td>Aussehen<\/td><td>&nbsp;<\/td><td class=\"has-text-align-center\" data-align=\"center\">wei\u00dfes Pulver<\/td><td class=\"has-text-align-center\" data-align=\"center\">wei\u00dfes Pulver<\/td><td class=\"has-text-align-center\" data-align=\"center\">wei\u00dfes Pulver<\/td><td class=\"has-text-align-center\" data-align=\"center\">wei\u00dfes Pulver<\/td><td class=\"has-text-align-center\" data-align=\"center\">wei\u00dfes Pulver<\/td><td class=\"has-text-align-center\" data-align=\"center\">wei\u00dfes Pulver<\/td><\/tr><tr><td>&nbsp;<\/td><td>&nbsp;<\/td><td class=\"has-text-align-center\" data-align=\"center\"><a href=\"https:\/\/www.jelu-werk.com\/wp-content\/uploads\/2022\/10\/OF30_200-fach-2-e1665070641107.jpg\"><img loading=\"lazy\" decoding=\"async\" width=\"100\" height=\"100\" class=\"wp-image-4954328\" style=\"width: 100px;\" src=\"https:\/\/www.jelu-werk.com\/wp-content\/uploads\/2022\/10\/OF30_200-fach-2-e1665070641107.jpg\" alt=\"OF 30 - 200fach vergr\u00f6\u00dfert\" srcset=\"https:\/\/www.jelu-werk.com\/wp-content\/uploads\/2022\/10\/OF30_200-fach-2-e1665070641107.jpg 1536w, https:\/\/www.jelu-werk.com\/wp-content\/uploads\/2022\/10\/OF30_200-fach-2-e1665070641107-275x275.jpg 275w, https:\/\/www.jelu-werk.com\/wp-content\/uploads\/2022\/10\/OF30_200-fach-2-e1665070641107-800x800.jpg 800w, https:\/\/www.jelu-werk.com\/wp-content\/uploads\/2022\/10\/OF30_200-fach-2-e1665070641107-150x150.jpg 150w, https:\/\/www.jelu-werk.com\/wp-content\/uploads\/2022\/10\/OF30_200-fach-2-e1665070641107-768x768.jpg 768w\" sizes=\"auto, (max-width: 100px) 100vw, 100px\" \/><\/a><\/td><td class=\"has-text-align-center\" data-align=\"center\"><a href=\"https:\/\/www.jelu-werk.com\/wp-content\/uploads\/2022\/10\/OF75_200-fach-2-e1665070673503.jpg\"><img loading=\"lazy\" decoding=\"async\" width=\"100\" height=\"100\" class=\"wp-image-4954330\" style=\"width: 100px;\" src=\"https:\/\/www.jelu-werk.com\/wp-content\/uploads\/2022\/10\/OF75_200-fach-2-e1665070673503.jpg\" alt=\"OF 75 - 200fach vergr\u00f6\u00dfert\" srcset=\"https:\/\/www.jelu-werk.com\/wp-content\/uploads\/2022\/10\/OF75_200-fach-2-e1665070673503.jpg 1536w, https:\/\/www.jelu-werk.com\/wp-content\/uploads\/2022\/10\/OF75_200-fach-2-e1665070673503-275x275.jpg 275w, https:\/\/www.jelu-werk.com\/wp-content\/uploads\/2022\/10\/OF75_200-fach-2-e1665070673503-800x800.jpg 800w, https:\/\/www.jelu-werk.com\/wp-content\/uploads\/2022\/10\/OF75_200-fach-2-e1665070673503-150x150.jpg 150w, https:\/\/www.jelu-werk.com\/wp-content\/uploads\/2022\/10\/OF75_200-fach-2-e1665070673503-768x768.jpg 768w\" sizes=\"auto, (max-width: 100px) 100vw, 100px\" \/><\/a><\/td><td class=\"has-text-align-center\" data-align=\"center\"><a href=\"https:\/\/www.jelu-werk.com\/wp-content\/uploads\/2022\/10\/OF90_200-fach-e1665070695602.jpg\"><img loading=\"lazy\" decoding=\"async\" width=\"100\" height=\"100\" class=\"wp-image-4954332\" style=\"width: 100px;\" src=\"https:\/\/www.jelu-werk.com\/wp-content\/uploads\/2022\/10\/OF90_200-fach-e1665070695602.jpg\" alt=\"OF 90 - 200fach vergr\u00f6\u00dfert\" srcset=\"https:\/\/www.jelu-werk.com\/wp-content\/uploads\/2022\/10\/OF90_200-fach-e1665070695602.jpg 1536w, https:\/\/www.jelu-werk.com\/wp-content\/uploads\/2022\/10\/OF90_200-fach-e1665070695602-275x275.jpg 275w, https:\/\/www.jelu-werk.com\/wp-content\/uploads\/2022\/10\/OF90_200-fach-e1665070695602-800x800.jpg 800w, https:\/\/www.jelu-werk.com\/wp-content\/uploads\/2022\/10\/OF90_200-fach-e1665070695602-150x150.jpg 150w, https:\/\/www.jelu-werk.com\/wp-content\/uploads\/2022\/10\/OF90_200-fach-e1665070695602-768x768.jpg 768w\" sizes=\"auto, (max-width: 100px) 100vw, 100px\" \/><\/a><\/td><td class=\"has-text-align-center\" data-align=\"center\"><a href=\"https:\/\/www.jelu-werk.com\/wp-content\/uploads\/2022\/10\/OF150_200-fach-2-e1665070719778.jpg\"><img loading=\"lazy\" decoding=\"async\" width=\"100\" height=\"100\" class=\"wp-image-4954334\" style=\"width: 100px;\" src=\"https:\/\/www.jelu-werk.com\/wp-content\/uploads\/2022\/10\/OF150_200-fach-2-e1665070719778.jpg\" alt=\"OF 150 - 200fach vergr\u00f6\u00dfert\" srcset=\"https:\/\/www.jelu-werk.com\/wp-content\/uploads\/2022\/10\/OF150_200-fach-2-e1665070719778.jpg 1536w, https:\/\/www.jelu-werk.com\/wp-content\/uploads\/2022\/10\/OF150_200-fach-2-e1665070719778-275x275.jpg 275w, https:\/\/www.jelu-werk.com\/wp-content\/uploads\/2022\/10\/OF150_200-fach-2-e1665070719778-800x800.jpg 800w, https:\/\/www.jelu-werk.com\/wp-content\/uploads\/2022\/10\/OF150_200-fach-2-e1665070719778-150x150.jpg 150w, https:\/\/www.jelu-werk.com\/wp-content\/uploads\/2022\/10\/OF150_200-fach-2-e1665070719778-768x768.jpg 768w\" sizes=\"auto, (max-width: 100px) 100vw, 100px\" \/><\/a><\/td><td class=\"has-text-align-center\" data-align=\"center\"><a href=\"https:\/\/www.jelu-werk.com\/wp-content\/uploads\/2022\/10\/OF200_200-fach-2-e1665070743835.jpg\"><img loading=\"lazy\" decoding=\"async\" width=\"100\" height=\"100\" class=\"wp-image-4954336\" style=\"width: 100px;\" src=\"https:\/\/www.jelu-werk.com\/wp-content\/uploads\/2022\/10\/OF200_200-fach-2-e1665070743835.jpg\" alt=\"OF 200 - 200fach vergr\u00f6\u00dfert\" srcset=\"https:\/\/www.jelu-werk.com\/wp-content\/uploads\/2022\/10\/OF200_200-fach-2-e1665070743835.jpg 1536w, https:\/\/www.jelu-werk.com\/wp-content\/uploads\/2022\/10\/OF200_200-fach-2-e1665070743835-275x275.jpg 275w, https:\/\/www.jelu-werk.com\/wp-content\/uploads\/2022\/10\/OF200_200-fach-2-e1665070743835-800x800.jpg 800w, https:\/\/www.jelu-werk.com\/wp-content\/uploads\/2022\/10\/OF200_200-fach-2-e1665070743835-150x150.jpg 150w, https:\/\/www.jelu-werk.com\/wp-content\/uploads\/2022\/10\/OF200_200-fach-2-e1665070743835-768x768.jpg 768w\" sizes=\"auto, (max-width: 100px) 100vw, 100px\" \/><\/a><\/td><td class=\"has-text-align-center\" data-align=\"center\"><a href=\"https:\/\/www.jelu-werk.com\/wp-content\/uploads\/2022\/10\/OF300_200-fach-2--e1665070765873.jpg\"><img loading=\"lazy\" decoding=\"async\" width=\"100\" height=\"100\" class=\"wp-image-4954338\" style=\"width: 100px;\" src=\"https:\/\/www.jelu-werk.com\/wp-content\/uploads\/2022\/10\/OF300_200-fach-2--e1665070765873.jpg\" alt=\"OF 300 - 200fach vergr\u00f6\u00dfert\" srcset=\"https:\/\/www.jelu-werk.com\/wp-content\/uploads\/2022\/10\/OF300_200-fach-2--e1665070765873.jpg 1536w, https:\/\/www.jelu-werk.com\/wp-content\/uploads\/2022\/10\/OF300_200-fach-2--e1665070765873-275x275.jpg 275w, https:\/\/www.jelu-werk.com\/wp-content\/uploads\/2022\/10\/OF300_200-fach-2--e1665070765873-800x800.jpg 800w, https:\/\/www.jelu-werk.com\/wp-content\/uploads\/2022\/10\/OF300_200-fach-2--e1665070765873-150x150.jpg 150w, https:\/\/www.jelu-werk.com\/wp-content\/uploads\/2022\/10\/OF300_200-fach-2--e1665070765873-768x768.jpg 768w\" sizes=\"auto, (max-width: 100px) 100vw, 100px\" \/><\/a><\/td><\/tr><tr><td>Ballaststoffe in TS<\/td><td>[%]<\/td><td class=\"has-text-align-center\" data-align=\"center\">~ 98<\/td><td class=\"has-text-align-center\" data-align=\"center\">~ 98<\/td><td class=\"has-text-align-center\" data-align=\"center\">~ 98<\/td><td class=\"has-text-align-center\" data-align=\"center\">~ 98<\/td><td class=\"has-text-align-center\" data-align=\"center\">~ 98<\/td><td class=\"has-text-align-center\" data-align=\"center\">~ 98<\/td><\/tr><tr><td>Gluten<\/td><td>[mg\/kg]<\/td><td class=\"has-text-align-center\" data-align=\"center\">&lt; 5,00<\/td><td class=\"has-text-align-center\" data-align=\"center\">&lt; 5,00<\/td><td class=\"has-text-align-center\" data-align=\"center\">&lt; 5,00<\/td><td class=\"has-text-align-center\" data-align=\"center\">&lt; 5,00<\/td><td class=\"has-text-align-center\" data-align=\"center\">&lt; 5,00<\/td><td class=\"has-text-align-center\" data-align=\"center\">&lt; 5,00<\/td><\/tr><tr><td>Gl\u00fchr\u00fcckstand<\/td><td>[%]<\/td><td class=\"has-text-align-center\" data-align=\"center\">max. 3,0<\/td><td class=\"has-text-align-center\" data-align=\"center\">max. 3,0<\/td><td class=\"has-text-align-center\" data-align=\"center\">max. 3,0<\/td><td class=\"has-text-align-center\" data-align=\"center\">max. 3,0<\/td><td class=\"has-text-align-center\" data-align=\"center\">max. 3,0<\/td><td class=\"has-text-align-center\" data-align=\"center\">max. 3,0<\/td><\/tr><tr><td>Wasserabsorption<\/td><td>[%]<\/td><td class=\"has-text-align-center\" data-align=\"center\">~ 420<\/td><td class=\"has-text-align-center\" data-align=\"center\">~ 437<\/td><td class=\"has-text-align-center\" data-align=\"center\">~ 505<\/td><td class=\"has-text-align-center\" data-align=\"center\">~ 525<\/td><td class=\"has-text-align-center\" data-align=\"center\">~ 603<\/td><td class=\"has-text-align-center\" data-align=\"center\">~ 658<\/td><\/tr><tr><td>Trockenverlust<\/td><td>[%]<\/td><td class=\"has-text-align-center\" data-align=\"center\">max. 7<\/td><td class=\"has-text-align-center\" data-align=\"center\">max. 7<\/td><td class=\"has-text-align-center\" data-align=\"center\">max. 7<\/td><td class=\"has-text-align-center\" data-align=\"center\">max. 7<\/td><td class=\"has-text-align-center\" data-align=\"center\">max. 7<\/td><td class=\"has-text-align-center\" data-align=\"center\">max. 7<\/td><\/tr><tr><td>Sch\u00fcttgewicht<\/td><td>[g\/l]<\/td><td class=\"has-text-align-center\" data-align=\"center\">~ 234<\/td><td class=\"has-text-align-center\" data-align=\"center\">~ 222<\/td><td class=\"has-text-align-center\" data-align=\"center\">~ 205<\/td><td class=\"has-text-align-center\" data-align=\"center\">~ 188<\/td><td class=\"has-text-align-center\" data-align=\"center\">~ 152<\/td><td class=\"has-text-align-center\" data-align=\"center\">~ 144<\/td><\/tr><tr><td>ph-Wert <br>(10 % Suspension)<\/td><td>&nbsp;<\/td><td class=\"has-text-align-center\" data-align=\"center\">5,0 &#8211; 7,5<\/td><td class=\"has-text-align-center\" data-align=\"center\">5,0 &#8211; 7,5<\/td><td class=\"has-text-align-center\" data-align=\"center\">5,0 &#8211; 7,5<\/td><td class=\"has-text-align-center\" data-align=\"center\">5,0 &#8211; 7,5<\/td><td class=\"has-text-align-center\" data-align=\"center\">5,0 &#8211; 7,5<\/td><td class=\"has-text-align-center\" data-align=\"center\">5,0 &#8211; 7,5<\/td><\/tr><tr><td><strong>Siebr\u00fcckstand <\/strong><br><strong>auf Alpine-Luftstrahlsieb<\/strong><\/td><\/tr><tr><td>32 \u00b5m<\/td><td>[%]<\/td><td class=\"has-text-align-center\" data-align=\"center\">~ 9<\/td><td class=\"has-text-align-center\" data-align=\"center\">~ 11<\/td><td class=\"has-text-align-center\" data-align=\"center\">~ 36<\/td><td class=\"has-text-align-center\" data-align=\"center\">~ 44<\/td><td class=\"has-text-align-center\" data-align=\"center\">~ 55<\/td><td class=\"has-text-align-center\" data-align=\"center\">~ 60<\/td><\/tr><tr><td>50 \u00b5m<\/td><td>[%]<\/td><td class=\"has-text-align-center\" data-align=\"center\">~ 0,7<\/td><td class=\"has-text-align-center\" data-align=\"center\">~ 1,3<\/td><td class=\"has-text-align-center\" data-align=\"center\"><\/td><td class=\"has-text-align-center\" data-align=\"center\"><\/td><td class=\"has-text-align-center\" data-align=\"center\"><\/td><td class=\"has-text-align-center\" data-align=\"center\"><\/td><\/tr><tr><td>100 \u00b5m<\/td><td>[%]<\/td><td class=\"has-text-align-center\" data-align=\"center\">&nbsp;<\/td><td class=\"has-text-align-center\" data-align=\"center\"><\/td><td class=\"has-text-align-center\" data-align=\"center\">~ 1,5<\/td><td class=\"has-text-align-center\" data-align=\"center\">~ 2,8<\/td><td class=\"has-text-align-center\" data-align=\"center\">~ 11<\/td><td class=\"has-text-align-center\" data-align=\"center\">~ 14<\/td><\/tr><tr><td>150 \u00b5m<\/td><td>[%]<\/td><td class=\"has-text-align-center\" data-align=\"center\">&nbsp;<\/td><td class=\"has-text-align-center\" data-align=\"center\">&nbsp;<\/td><td class=\"has-text-align-center\" data-align=\"center\">Spuren<\/td><td class=\"has-text-align-center\" data-align=\"center\">Spuren<\/td><td class=\"has-text-align-center\" data-align=\"center\"><\/td><td class=\"has-text-align-center\" data-align=\"center\"><\/td><\/tr><tr><td>200 \u00b5m<\/td><td>[%]<\/td><td class=\"has-text-align-center\" data-align=\"center\">&nbsp;<\/td><td class=\"has-text-align-center\" data-align=\"center\">&nbsp;<\/td><td class=\"has-text-align-center\" data-align=\"center\">&nbsp;<\/td><td class=\"has-text-align-center\" data-align=\"center\">&nbsp;<\/td><td class=\"has-text-align-center\" data-align=\"center\">~ 1,1<\/td><td class=\"has-text-align-center\" data-align=\"center\"><\/td><\/tr><tr><td>300 \u00b5m<\/td><td>[%]<\/td><td class=\"has-text-align-center\" data-align=\"center\">&nbsp;<\/td><td class=\"has-text-align-center\" data-align=\"center\">&nbsp;<\/td><td class=\"has-text-align-center\" data-align=\"center\">&nbsp;<\/td><td class=\"has-text-align-center\" data-align=\"center\">&nbsp;<\/td><td class=\"has-text-align-center\" data-align=\"center\">&nbsp;<\/td><td class=\"has-text-align-center\" data-align=\"center\">Spuren<\/td><\/tr><\/tbody><\/table><\/figure>\n","protected":false},"excerpt":{"rendered":"<p>JELUCEL\u00ae OF &#8211; Feine TypenGrobe Typen JELUCEL\u00ae &nbsp; OF 30 OF 75 OF 90 OF 150 OF 200 OF 300 Produktbezeichnung &nbsp; Haferfaser Aussehen &nbsp; wei\u00dfes Pulver wei\u00dfes Pulver wei\u00dfes Pulver wei\u00dfes Pulver wei\u00dfes Pulver wei\u00dfes Pulver &nbsp; &nbsp; Ballaststoffe in TS [%] ~ 98 ~ 98 ~ 98 ~ 98 ~ 98 ~ 98 [&hellip;]<\/p>\n","protected":false},"author":2,"featured_media":0,"parent":384,"menu_order":0,"comment_status":"closed","ping_status":"closed","template":"page-extra-wide.php","meta":{"_acf_changed":false,"footnotes":""},"class_list":["post-1911","page","type-page","status-publish","hentry"],"acf":[],"_links":{"self":[{"href":"https:\/\/www.jelu-werk.com\/de\/wp-json\/wp\/v2\/pages\/1911","targetHints":{"allow":["GET"]}}],"collection":[{"href":"https:\/\/www.jelu-werk.com\/de\/wp-json\/wp\/v2\/pages"}],"about":[{"href":"https:\/\/www.jelu-werk.com\/de\/wp-json\/wp\/v2\/types\/page"}],"author":[{"embeddable":true,"href":"https:\/\/www.jelu-werk.com\/de\/wp-json\/wp\/v2\/users\/2"}],"replies":[{"embeddable":true,"href":"https:\/\/www.jelu-werk.com\/de\/wp-json\/wp\/v2\/comments?post=1911"}],"version-history":[{"count":2,"href":"https:\/\/www.jelu-werk.com\/de\/wp-json\/wp\/v2\/pages\/1911\/revisions"}],"predecessor-version":[{"id":5217444,"href":"https:\/\/www.jelu-werk.com\/de\/wp-json\/wp\/v2\/pages\/1911\/revisions\/5217444"}],"up":[{"embeddable":true,"href":"https:\/\/www.jelu-werk.com\/de\/wp-json\/wp\/v2\/pages\/384"}],"wp:attachment":[{"href":"https:\/\/www.jelu-werk.com\/de\/wp-json\/wp\/v2\/media?parent=1911"}],"curies":[{"name":"wp","href":"https:\/\/api.w.org\/{rel}","templated":true}]}}