{"id":1813,"date":"2012-09-14T15:41:39","date_gmt":"2012-09-14T13:41:39","guid":{"rendered":"http:\/\/www.jelu-werk.com\/?page_id=1813"},"modified":"2024-07-24T15:14:52","modified_gmt":"2024-07-24T13:14:52","slug":"cellulose-hersteller","status":"publish","type":"page","link":"https:\/\/www.jelu-werk.com\/de\/ueber-uns\/cellulose-hersteller\/","title":{"rendered":"cellulose-hersteller"},"content":{"rendered":"\n<div class=\"wp-block-columns jelu-columns-wrapper is-layout-flex wp-container-core-columns-is-layout-9d6595d7 wp-block-columns-is-layout-flex\">\n<div class=\"wp-block-column jelu-column-content is-layout-flow wp-block-column-is-layout-flow\" style=\"flex-basis:66.666666%\">\n<h1 class=\"wp-block-heading\">Produzent von Cellulosepulver<\/h1>\n\n\n\n<p>Das JELU-WERK ist ein weltweit liefernder Hersteller von Cellulose und Pflanzenfasern f\u00fcr alle Branchen: <a href=\"\/?page_id=66\">Lebensmittel<\/a>, <a href=\"\/?page_id=118\">Tierzucht<\/a> und <a href=\"\/?page_id=120\">technische Produkte<\/a>. Erfahren Sie gleich hier mehr \u00fcber unsere Produkte: <a href=\"https:\/\/www.jelu-werk.com\/de\/\">Cellulosepulver<\/a> und <a href=\"https:\/\/www.jelu-werk.com\/de\/\">Cellulosefasern<\/a>.<\/p>\n\n\n\n<h2 class=\"wp-block-heading\">Unsere Gesch\u00e4ftsbedingungen<\/h2>\n\n\n\n<p>Die Allgemeinen Gesch\u00e4ftsbedingungen des JELU-WERKs stehen als PDF zur Verf\u00fcgung: <a href=\"https:\/\/www.jelu-werk.com\/wp-content\/uploads\/2023\/06\/AGBs-Deutsch.pdf\">Download der AGBs<\/a>.<\/p>\n<\/div>\n\n\n\n<div class=\"wp-block-column jelu-column-sidebar is-layout-flow wp-block-column-is-layout-flow\" style=\"flex-basis:33.333333%\"><\/div>\n<\/div>\n","protected":false},"excerpt":{"rendered":"<p>Produzent von Cellulosepulver Das JELU-WERK ist ein weltweit liefernder Hersteller von Cellulose und Pflanzenfasern f\u00fcr alle Branchen: Lebensmittel, Tierzucht und technische Produkte. Erfahren Sie gleich hier mehr \u00fcber unsere Produkte: Cellulosepulver und Cellulosefasern. Unsere Gesch\u00e4ftsbedingungen Die Allgemeinen Gesch\u00e4ftsbedingungen des JELU-WERKs stehen als PDF zur Verf\u00fcgung: Download der AGBs.<\/p>\n","protected":false},"author":2,"featured_media":0,"parent":1778,"menu_order":7,"comment_status":"closed","ping_status":"closed","template":"page-2-col-sidebar-right.php","meta":{"_acf_changed":false,"footnotes":""},"class_list":["post-1813","page","type-page","status-publish","hentry"],"acf":[],"_links":{"self":[{"href":"https:\/\/www.jelu-werk.com\/de\/wp-json\/wp\/v2\/pages\/1813","targetHints":{"allow":["GET"]}}],"collection":[{"href":"https:\/\/www.jelu-werk.com\/de\/wp-json\/wp\/v2\/pages"}],"about":[{"href":"https:\/\/www.jelu-werk.com\/de\/wp-json\/wp\/v2\/types\/page"}],"author":[{"embeddable":true,"href":"https:\/\/www.jelu-werk.com\/de\/wp-json\/wp\/v2\/users\/2"}],"replies":[{"embeddable":true,"href":"https:\/\/www.jelu-werk.com\/de\/wp-json\/wp\/v2\/comments?post=1813"}],"version-history":[{"count":3,"href":"https:\/\/www.jelu-werk.com\/de\/wp-json\/wp\/v2\/pages\/1813\/revisions"}],"predecessor-version":[{"id":5248905,"href":"https:\/\/www.jelu-werk.com\/de\/wp-json\/wp\/v2\/pages\/1813\/revisions\/5248905"}],"up":[{"embeddable":true,"href":"https:\/\/www.jelu-werk.com\/de\/wp-json\/wp\/v2\/pages\/1778"}],"wp:attachment":[{"href":"https:\/\/www.jelu-werk.com\/de\/wp-json\/wp\/v2\/media?parent=1813"}],"curies":[{"name":"wp","href":"https:\/\/api.w.org\/{rel}","templated":true}]}}