{"id":1806,"date":"2012-09-14T14:51:36","date_gmt":"2012-09-14T12:51:36","guid":{"rendered":"http:\/\/www.jelu-werk.com\/?page_id=1806"},"modified":"2022-08-16T19:55:53","modified_gmt":"2022-08-16T17:55:53","slug":"anfahrt","status":"publish","type":"page","link":"https:\/\/www.jelu-werk.com\/de\/ueber-uns\/anfahrt\/","title":{"rendered":"Anfahrt"},"content":{"rendered":"\n<div class=\"wp-block-columns jelu-columns-wrapper is-layout-flex wp-container-core-columns-is-layout-9d6595d7 wp-block-columns-is-layout-flex\">\n<div class=\"wp-block-column jelu-column-content is-layout-flow wp-block-column-is-layout-flow\" style=\"flex-basis:66.666666%\">\n<h1 class=\"wp-block-heading\">Anfahrt<\/h1>\n\n\n\n<p>&nbsp;<br>\n<strong>JELU-Werk J. Ehrler GmbH &amp; Co.KG<\/strong><br>\nLudwigsm\u00fchle<br>\n73494 Rosenberg<br>\nGermany<br>\n+49 (0)7967 &#8211; 90 91 &#8211; 0<br>\nteam@jelu.de<br>\n&nbsp;<br>\n&nbsp;<\/p>\n\n\n\n<p><iframe loading=\"lazy\" width=\"500\" height=\"500\" frameborder=\"0\" scrolling=\"no\" marginheight=\"0\" marginwidth=\"0\" src=\"https:\/\/maps.google.de\/maps?f=q&amp;source=s_q&amp;hl=de&amp;geocode=&amp;q=Jelu-Werk+Josef+Ehrler+GmbH+%26+Co.+KG,+73494,+Rosenberg&amp;aq=0&amp;oq=Jelu-WerkLudwigsm%C3%BChle,+73494+Rosenberg&amp;sll=49.0201,9.99111&amp;sspn=0.008056,0.009216&amp;g=Ludwigsm%C3%BChle,+73494+Rosenberg&amp;ie=UTF8&amp;hq=Jelu-Werk+Josef+Ehrler+GmbH+%26+Co.+KG,&amp;hnear=Rosenberg,+Stuttgart,+Baden-W%C3%BCrttemberg&amp;t=m&amp;cid=1782749244953197842&amp;ll=49.026388,9.993267&amp;spn=0.02814,0.04283&amp;z=14&amp;iwloc=A&amp;output=embed\"><\/iframe><br><small><a href=\"https:\/\/maps.google.de\/maps?f=q&amp;source=embed&amp;hl=de&amp;geocode=&amp;q=Jelu-Werk+Josef+Ehrler+GmbH+%26+Co.+KG,+73494,+Rosenberg&amp;aq=0&amp;oq=Jelu-WerkLudwigsm%C3%BChle,+73494+Rosenberg&amp;sll=49.0201,9.99111&amp;sspn=0.008056,0.009216&amp;g=Ludwigsm%C3%BChle,+73494+Rosenberg&amp;ie=UTF8&amp;hq=Jelu-Werk+Josef+Ehrler+GmbH+%26+Co.+KG,&amp;hnear=Rosenberg,+Stuttgart,+Baden-W%C3%BCrttemberg&amp;t=m&amp;cid=1782749244953197842&amp;ll=49.026388,9.993267&amp;spn=0.02814,0.04283&amp;z=14&amp;iwloc=A\">Gr\u00f6\u00dfere Kartenansicht<\/a><\/small><\/p>\n<\/div>\n\n\n\n<div class=\"wp-block-column jelu-column-sidebar is-layout-flow wp-block-column-is-layout-flow\" style=\"flex-basis:33.333333%\"><\/div>\n<\/div>\n","protected":false},"excerpt":{"rendered":"<p>Anfahrt &nbsp; JELU-Werk J. Ehrler GmbH &amp; Co.KG Ludwigsm\u00fchle 73494 Rosenberg Germany +49 (0)7967 &#8211; 90 91 &#8211; 0 team@jelu.de &nbsp; &nbsp; Gr\u00f6\u00dfere Kartenansicht<\/p>\n","protected":false},"author":2,"featured_media":0,"parent":1778,"menu_order":6,"comment_status":"closed","ping_status":"closed","template":"page-2-col-sidebar-right.php","meta":{"_acf_changed":false,"footnotes":""},"class_list":["post-1806","page","type-page","status-publish","hentry"],"acf":[],"_links":{"self":[{"href":"https:\/\/www.jelu-werk.com\/de\/wp-json\/wp\/v2\/pages\/1806","targetHints":{"allow":["GET"]}}],"collection":[{"href":"https:\/\/www.jelu-werk.com\/de\/wp-json\/wp\/v2\/pages"}],"about":[{"href":"https:\/\/www.jelu-werk.com\/de\/wp-json\/wp\/v2\/types\/page"}],"author":[{"embeddable":true,"href":"https:\/\/www.jelu-werk.com\/de\/wp-json\/wp\/v2\/users\/2"}],"replies":[{"embeddable":true,"href":"https:\/\/www.jelu-werk.com\/de\/wp-json\/wp\/v2\/comments?post=1806"}],"version-history":[{"count":2,"href":"https:\/\/www.jelu-werk.com\/de\/wp-json\/wp\/v2\/pages\/1806\/revisions"}],"predecessor-version":[{"id":4953640,"href":"https:\/\/www.jelu-werk.com\/de\/wp-json\/wp\/v2\/pages\/1806\/revisions\/4953640"}],"up":[{"embeddable":true,"href":"https:\/\/www.jelu-werk.com\/de\/wp-json\/wp\/v2\/pages\/1778"}],"wp:attachment":[{"href":"https:\/\/www.jelu-werk.com\/de\/wp-json\/wp\/v2\/media?parent=1806"}],"curies":[{"name":"wp","href":"https:\/\/api.w.org\/{rel}","templated":true}]}}