{"id":1793,"date":"2012-09-14T14:33:31","date_gmt":"2012-09-14T12:33:31","guid":{"rendered":"http:\/\/www.jelu-werk.com\/?page_id=1793"},"modified":"2022-08-16T19:52:16","modified_gmt":"2022-08-16T17:52:16","slug":"herstellung","status":"publish","type":"page","link":"https:\/\/www.jelu-werk.com\/de\/ueber-uns\/herstellung\/","title":{"rendered":"Herstellung"},"content":{"rendered":"\n<div class=\"wp-block-columns jelu-columns-wrapper is-layout-flex wp-container-core-columns-is-layout-9d6595d7 wp-block-columns-is-layout-flex\">\n<div class=\"wp-block-column jelu-column-content is-layout-flow wp-block-column-is-layout-flow\" style=\"flex-basis:66.666666%\">\n<h1 class=\"wp-block-heading\">Pulvercellulose, Lignocellulose und Holzfaserstoffe <small>\u2013 geballte Kraft der Natur<\/small><\/h1>\n\n\n\n<p>Unsere Pulvercellulose, Lignocellulose und Holzfaserstoffe sind hochreine Produkte, die wir durch rein mechanische Verfahren aus nat\u00fcrlichen Fasern herstellen. Unsere Produkte finden Anwendung in der <a href=\"https:\/\/www.jelu-werk.com\/de\/cellulose\/pflanzenfasern\/\">Lebensmittelindustrie<\/a>, in der <a href=\"https:\/\/www.jelu-werk.com\/de\/lignocellulose\/\">Tierzucht und Tierproduktion<\/a> und in der <a href=\"https:\/\/www.jelu-werk.com\/de\/technische-industrie\/\">technischen Industrie<\/a>. Die Rohstoffe gewinnen wir aus Getreide, Bambus und Holz. <\/p>\n\n\n\n<p>Mit modernen Herstellungsverfahren b\u00fcndeln wir in unseren Produkten die Kraft der Natur:<\/p>\n\n\n\n<p><strong><a href=\"\/?page_id=5025\" title=\"JELUCEL\">JELUCEL<\/a><\/strong><br>\n<strong><a href=\"\/?page_id=5031\" title=\"JELUVET\">JELUVET<\/a><\/strong><br>\n<strong><a href=\"\/?page_id=5019\" title=\"JELUXYL\">JELUXYL<\/a><\/strong><br>\n<strong><a href=\"\/?page_id=5038\" title=\"WPC-Granulat\">WPC-Granulat<\/a><\/strong><\/p>\n\n\n\n<h2 class=\"wp-block-heading\">Pulvercellulose als Ballaststoffkonzentrat und Zusatzstoff<\/h2>\n\n\n\n<p>Unsere <a href=\"https:\/\/www.jelu-werk.com\/de\/cellulose\/produkte\/\">JELUCEL\u00ae<\/a> Pulvercellulose wird in der Lebensmitteltechnik als Ballaststoffkonzentrat und Zusatzstoff eingesetzt. Das JELUCEL\u00ae Produktsortiment optimiert die Herstellung und die Produkteigenschaften von Lebensmitteln wie Brot und Backwaren, Fleisch und Wurstwaren, K\u00e4seprodukten, Teigwaren, Gew\u00fcrzen, di\u00e4tetischen Lebensmitteln, S\u00fc\u00dfwaren und Tiefk\u00fchlprodukten. Die Pulvercellulose wird aus reinen Pflanzenfasern hergestellt.<\/p>\n\n\n\n<p>Als Ballaststoffkonzentrat kommen unsere <a href=\"https:\/\/www.jelu-werk.com\/de\/cellulose\/produkte\/pflanzenfasern\/\">JELUCEL\u00ae Pflanzenfasern<\/a> zum Einsatz. Sie erh\u00f6hen den Ballaststoffanteil von Lebensmitteln und bestehen aus Bambusfasern (JELUCEL\u00ae BF), Weizenfasern (JELUCEL\u00ae WF) oder Haferfasern (JELUCEL\u00ae OF). Unsere <a href=\"https:\/\/www.jelu-werk.com\/de\/cellulose\/produkte\/lebensmittelzusatzstoff\/\">Pulvercellulose JELUCEL\u00ae PF<\/a> ist als Lebensmittel-Zusatzstoff vielf\u00e4ltig einsetzbar. <\/p>\n\n\n\n<h2 class=\"wp-block-heading\">Futtermittel-Erg\u00e4nzung und Tiereinstreu<\/h2>\n\n\n\n<p>Unsere JELUVET\u00ae Lignocellulose und JELUCEL\u00ae Cellulose werden in der Tierproduktion als <a href=\"https:\/\/www.jelu-werk.com\/de\/lignocellulose\/rohfasern\/futtermittel\/\">Futtermittel-Erg\u00e4nzung<\/a> und in der <a href=\"https:\/\/www.jelu-werk.com\/de\/lignocellulose\/rohfasern\/heimtiernahrung\/\">Heimtiernahrung<\/a> zur Herstellung von Di\u00e4tfutter eingesetzt. Zudem stellen wir aus selektierten H\u00f6lzern <a href=\"https:\/\/www.jelu-werk.com\/de\/lignocellulose\/rohfasern\/tiereinstreu\/\">Tiereinstreu<\/a> f\u00fcr unterschiedliche Zwecke her. Der Rohstoff f\u00fcr unsere Einstreu wird zu 100 % aus der Natur gewonnen. <\/p>\n\n\n\n<h2 class=\"wp-block-heading\">Technische Anwendungen<\/h2>\n\n\n\n<p>In der technischen Industrie dienen unsere funktionellen <a href=\"https:\/\/www.jelu-werk.com\/de\/technische-industrie\/produkte\/funktionelle-cellulose\/\">JELUCEL\u00ae Cellulosen<\/a> und <a href=\"https:\/\/www.jelu-werk.com\/de\/technische-industrie\/produkte\/funktionelle-holzfaserstoffe\/\">JELUXYL\u00ae Holzfaserstoffe<\/a> als Additive und F\u00fcllstoffe. Sie versehen die Endprodukte mit den gew\u00fcnschten Eigenschaften und werden in bauchemischen Produkten, Bodenbel\u00e4gen, Filterhilfsmitteln, Kunststoffen, Kartonagen, Reinigungsmitteln, Schwei\u00dfelektroden, Tapeten und in der Samenherstellung eingesetzt. <\/p>\n\n\n\n<p>In Kombination mit Kunststoff dienen unsere Holzfaserstoffe als Verbundwerkstoff f\u00fcr die Produktion von <a href=\"https:\/\/www.jelu-werk.com\/de\/technische-industrie\/anwendungen\/wood-plastic-composite\/\">Wood-Plastic-Composite<\/a>.<\/p>\n<\/div>\n\n\n\n<div class=\"wp-block-column jelu-column-sidebar is-layout-flow wp-block-column-is-layout-flow\" style=\"flex-basis:33.333333%\"><\/div>\n<\/div>\n","protected":false},"excerpt":{"rendered":"<p>Pulvercellulose, Lignocellulose und Holzfaserstoffe \u2013 geballte Kraft der Natur Unsere Pulvercellulose, Lignocellulose und Holzfaserstoffe sind hochreine Produkte, die wir durch rein mechanische Verfahren aus nat\u00fcrlichen Fasern herstellen. Unsere Produkte finden Anwendung in der Lebensmittelindustrie, in der Tierzucht und Tierproduktion und in der technischen Industrie. Die Rohstoffe gewinnen wir aus Getreide, Bambus und Holz. Mit modernen [&hellip;]<\/p>\n","protected":false},"author":2,"featured_media":0,"parent":1778,"menu_order":3,"comment_status":"closed","ping_status":"closed","template":"page-2-col-sidebar-right.php","meta":{"_acf_changed":false,"footnotes":""},"class_list":["post-1793","page","type-page","status-publish","hentry"],"acf":[],"_links":{"self":[{"href":"https:\/\/www.jelu-werk.com\/de\/wp-json\/wp\/v2\/pages\/1793","targetHints":{"allow":["GET"]}}],"collection":[{"href":"https:\/\/www.jelu-werk.com\/de\/wp-json\/wp\/v2\/pages"}],"about":[{"href":"https:\/\/www.jelu-werk.com\/de\/wp-json\/wp\/v2\/types\/page"}],"author":[{"embeddable":true,"href":"https:\/\/www.jelu-werk.com\/de\/wp-json\/wp\/v2\/users\/2"}],"replies":[{"embeddable":true,"href":"https:\/\/www.jelu-werk.com\/de\/wp-json\/wp\/v2\/comments?post=1793"}],"version-history":[{"count":6,"href":"https:\/\/www.jelu-werk.com\/de\/wp-json\/wp\/v2\/pages\/1793\/revisions"}],"predecessor-version":[{"id":4953626,"href":"https:\/\/www.jelu-werk.com\/de\/wp-json\/wp\/v2\/pages\/1793\/revisions\/4953626"}],"up":[{"embeddable":true,"href":"https:\/\/www.jelu-werk.com\/de\/wp-json\/wp\/v2\/pages\/1778"}],"wp:attachment":[{"href":"https:\/\/www.jelu-werk.com\/de\/wp-json\/wp\/v2\/media?parent=1793"}],"curies":[{"name":"wp","href":"https:\/\/api.w.org\/{rel}","templated":true}]}}