{"id":1778,"date":"2012-09-14T14:21:22","date_gmt":"2012-09-14T12:21:22","guid":{"rendered":"http:\/\/www.jelu-werk.com\/?page_id=1778"},"modified":"2026-01-21T12:39:11","modified_gmt":"2026-01-21T10:39:11","slug":"ueber-uns","status":"publish","type":"page","link":"https:\/\/www.jelu-werk.com\/de\/ueber-uns\/","title":{"rendered":"\u00dcber uns"},"content":{"rendered":"\n<div class=\"wp-block-columns jelu-columns-wrapper is-layout-flex wp-container-core-columns-is-layout-9d6595d7 wp-block-columns-is-layout-flex\">\n<div class=\"wp-block-column jelu-column-content is-layout-flow wp-block-column-is-layout-flow\" style=\"flex-basis:66.666666%\">\n<h1 class=\"wp-block-heading\">Unsere Produkte: Nat\u00fcrliche Fasern<\/h1>\n\n\n\n<p>JELU ist ein international renommierter Hersteller von Produkten aus nat\u00fcrlichen Fasern wie Cellulose, Nahrungsfasern, Rohfaserkonzentrate, Filterhilfsmittel bis hin zum Einstreu f\u00fcr unsere liebsten Haustiere. Wir verarbeiten nachwachsende Rohstoffe mit innovativen Verfahren zu funktionellen und vielseitigen Naturfasern. In zahlreichen Anwendungen verbessern unsere rein pflanzlichen Fasern die Eigenschaften und den Herstellungsprozess moderner Produkte. Wir liefern weltweit an Unternehmen der Lebensmittelindustrie, der technischen Industrie und der Tierzucht.<\/p>\n\n\n\n<p>Wir sind ein mittelst\u00e4ndisches Unternehmen, das in vierter Generation von der Familie Ehrler gef\u00fchrt wird. Unser wichtigster Erfolgsfaktor ist die kontinuierliche Verbesserung und Weiterentwicklung unserer Produktpalette. Zahlreiche Zertifikate sowohl f\u00fcr unsere Rohstoffe als auch f\u00fcr unsere Produkte sichern unsere herausragende Qualit\u00e4t. Marktanalysen und enger Kundenkontakt gew\u00e4hrleisten, dass unser Service und unsere Produkte genau auf die Bed\u00fcrfnisse unserer Kunden zugeschnitten sind.<\/p>\n\n\n\n<figure class=\"wp-block-image\"><a class=\"zoom\" href=\"\/wp-content\/uploads\/2018\/01\/jelu-werk-luftaufnahme.jpg\" rel=\"lightbox\"><img decoding=\"async\" src=\"\/wp-content\/uploads\/2018\/01\/jelu-werk-luftaufnahme-800x533.jpg\" alt=\"Luftaufnahme des JELU-Werks\" title=\"Luftaufnahme des JELU-Werks\"\/><\/a><\/figure>\n\n\n\n<p class=\"infobox\">JELU ist ein unabh\u00e4ngiges mittelst\u00e4ndisches Familienunternehmen. An unserem Standort in S\u00fcddeutschland b\u00fcndeln wir unsere Produktionsst\u00e4tten und Lagerhallen auf ein Gebiet von rund acht Hektar.<\/p>\n<\/p>\n<div class=\"clear\">\u00a0<\/div>\n<\/div>\n\n\n\n<div class=\"wp-block-column jelu-column-sidebar is-layout-flow wp-block-column-is-layout-flow\" style=\"flex-basis:33.333333%\"><\/div>\n<\/div>\n\n\n\n<h2 class=\"wp-block-heading\"><a href=\"https:\/\/www.jelu-werk.com\/wp-content\/uploads\/2024\/07\/Verhaltenskodex-JELU.pdf\">Unseren Verhaltenskodex finden Sie hier!<\/a><\/h2>\n","protected":false},"excerpt":{"rendered":"<p>Unsere Produkte: Nat\u00fcrliche Fasern JELU ist ein international renommierter Hersteller von Produkten aus nat\u00fcrlichen Fasern wie Cellulose, Nahrungsfasern, Rohfaserkonzentrate, Filterhilfsmittel bis hin zum Einstreu f\u00fcr unsere liebsten Haustiere. Wir verarbeiten nachwachsende Rohstoffe mit innovativen Verfahren zu funktionellen und vielseitigen Naturfasern. In zahlreichen Anwendungen verbessern unsere rein pflanzlichen Fasern die Eigenschaften und den Herstellungsprozess moderner Produkte. [&hellip;]<\/p>\n","protected":false},"author":2,"featured_media":0,"parent":0,"menu_order":83,"comment_status":"closed","ping_status":"closed","template":"page-2-col-sidebar-right.php","meta":{"_acf_changed":false,"footnotes":""},"class_list":["post-1778","page","type-page","status-publish","hentry"],"acf":[],"_links":{"self":[{"href":"https:\/\/www.jelu-werk.com\/de\/wp-json\/wp\/v2\/pages\/1778","targetHints":{"allow":["GET"]}}],"collection":[{"href":"https:\/\/www.jelu-werk.com\/de\/wp-json\/wp\/v2\/pages"}],"about":[{"href":"https:\/\/www.jelu-werk.com\/de\/wp-json\/wp\/v2\/types\/page"}],"author":[{"embeddable":true,"href":"https:\/\/www.jelu-werk.com\/de\/wp-json\/wp\/v2\/users\/2"}],"replies":[{"embeddable":true,"href":"https:\/\/www.jelu-werk.com\/de\/wp-json\/wp\/v2\/comments?post=1778"}],"version-history":[{"count":9,"href":"https:\/\/www.jelu-werk.com\/de\/wp-json\/wp\/v2\/pages\/1778\/revisions"}],"predecessor-version":[{"id":5536932,"href":"https:\/\/www.jelu-werk.com\/de\/wp-json\/wp\/v2\/pages\/1778\/revisions\/5536932"}],"wp:attachment":[{"href":"https:\/\/www.jelu-werk.com\/de\/wp-json\/wp\/v2\/media?parent=1778"}],"curies":[{"name":"wp","href":"https:\/\/api.w.org\/{rel}","templated":true}]}}