{"id":1708,"date":"2012-09-13T15:42:12","date_gmt":"2012-09-13T13:42:12","guid":{"rendered":"http:\/\/www.jelu-werk.com\/?page_id=1708"},"modified":"2022-10-06T20:16:05","modified_gmt":"2022-10-06T18:16:05","slug":"jelucel-tc","status":"publish","type":"page","link":"https:\/\/www.jelu-werk.com\/de\/technische-industrie\/produkte\/funktionelle-cellulose\/jelucel-tc\/jelucel-tc\/","title":{"rendered":"JELUCEL TC &#8211; Feine Typen"},"content":{"rendered":"\n<h1 class=\"wp-block-heading\">Unsere funktionelle Cellulose JELUCEL\u00ae TC<\/h1>\n\n\n\n<figure class=\"wp-block-table is-style-regular\"><table class=\"has-primary-color has-text-color\"><thead><tr><th>JELUCEL\u00ae<\/th><th>&nbsp;<\/th><th class=\"has-text-align-center\" data-align=\"center\">TC 150<\/th><th class=\"has-text-align-center\" data-align=\"center\">TC 200<\/th><th class=\"has-text-align-center\" data-align=\"center\">TC 300<\/th><\/tr><\/thead><tbody><tr><td>Aussehen<\/td><td>&nbsp;<\/td><td class=\"has-text-align-center\" data-align=\"center\">beiges Pulver<\/td><td class=\"has-text-align-center\" data-align=\"center\">beiges Pulver<\/td><td class=\"has-text-align-center\" data-align=\"center\">beiges Pulver<\/td><\/tr><tr><td>&nbsp;<\/td><td>&nbsp;<\/td><td class=\"has-text-align-center\" data-align=\"center\"><a href=\"https:\/\/www.jelu-werk.com\/wp-content\/uploads\/2022\/10\/TC150_200-fach_mit-schwarzem-hintergrund-min-e1665080044225.jpg\"><img loading=\"lazy\" decoding=\"async\" width=\"100\" height=\"100\" class=\"wp-image-4954428\" style=\"width: 100px;\" src=\"https:\/\/www.jelu-werk.com\/wp-content\/uploads\/2022\/10\/TC150_200-fach_mit-schwarzem-hintergrund-min-e1665080044225.jpg\" alt=\"TC 150 - 200fach vergr\u00f6\u00dfert\" srcset=\"https:\/\/www.jelu-werk.com\/wp-content\/uploads\/2022\/10\/TC150_200-fach_mit-schwarzem-hintergrund-min-e1665080044225.jpg 1536w, https:\/\/www.jelu-werk.com\/wp-content\/uploads\/2022\/10\/TC150_200-fach_mit-schwarzem-hintergrund-min-e1665080044225-275x275.jpg 275w, https:\/\/www.jelu-werk.com\/wp-content\/uploads\/2022\/10\/TC150_200-fach_mit-schwarzem-hintergrund-min-e1665080044225-800x800.jpg 800w, https:\/\/www.jelu-werk.com\/wp-content\/uploads\/2022\/10\/TC150_200-fach_mit-schwarzem-hintergrund-min-e1665080044225-150x150.jpg 150w, https:\/\/www.jelu-werk.com\/wp-content\/uploads\/2022\/10\/TC150_200-fach_mit-schwarzem-hintergrund-min-e1665080044225-768x768.jpg 768w\" sizes=\"auto, (max-width: 100px) 100vw, 100px\" \/><\/a><\/td><td class=\"has-text-align-center\" data-align=\"center\"><a href=\"https:\/\/www.jelu-werk.com\/wp-content\/uploads\/2022\/10\/TC200_200-fach_mit-schwarzem-Hintergrund-min-e1665080063759.jpg\"><img loading=\"lazy\" decoding=\"async\" width=\"100\" height=\"100\" class=\"wp-image-4954430\" style=\"width: 100px;\" src=\"https:\/\/www.jelu-werk.com\/wp-content\/uploads\/2022\/10\/TC200_200-fach_mit-schwarzem-Hintergrund-min-e1665080063759.jpg\" alt=\"TC 200 - 200fach vergr\u00f6\u00dfert\" srcset=\"https:\/\/www.jelu-werk.com\/wp-content\/uploads\/2022\/10\/TC200_200-fach_mit-schwarzem-Hintergrund-min-e1665080063759.jpg 1536w, https:\/\/www.jelu-werk.com\/wp-content\/uploads\/2022\/10\/TC200_200-fach_mit-schwarzem-Hintergrund-min-e1665080063759-275x275.jpg 275w, https:\/\/www.jelu-werk.com\/wp-content\/uploads\/2022\/10\/TC200_200-fach_mit-schwarzem-Hintergrund-min-e1665080063759-800x800.jpg 800w, https:\/\/www.jelu-werk.com\/wp-content\/uploads\/2022\/10\/TC200_200-fach_mit-schwarzem-Hintergrund-min-e1665080063759-150x150.jpg 150w, https:\/\/www.jelu-werk.com\/wp-content\/uploads\/2022\/10\/TC200_200-fach_mit-schwarzem-Hintergrund-min-e1665080063759-768x768.jpg 768w\" sizes=\"auto, (max-width: 100px) 100vw, 100px\" \/><\/a><\/td><td class=\"has-text-align-center\" data-align=\"center\"><a href=\"https:\/\/www.jelu-werk.com\/wp-content\/uploads\/2022\/10\/TC300_200-fach_mit-schwarzem-Hintergrund-min-e1665080081206.jpg\"><img loading=\"lazy\" decoding=\"async\" width=\"100\" height=\"100\" class=\"wp-image-4954432\" style=\"width: 100px;\" src=\"https:\/\/www.jelu-werk.com\/wp-content\/uploads\/2022\/10\/TC300_200-fach_mit-schwarzem-Hintergrund-min-e1665080081206.jpg\" alt=\"TC 300 - 200fach vergr\u00f6\u00dfert\" srcset=\"https:\/\/www.jelu-werk.com\/wp-content\/uploads\/2022\/10\/TC300_200-fach_mit-schwarzem-Hintergrund-min-e1665080081206.jpg 1536w, https:\/\/www.jelu-werk.com\/wp-content\/uploads\/2022\/10\/TC300_200-fach_mit-schwarzem-Hintergrund-min-e1665080081206-275x275.jpg 275w, https:\/\/www.jelu-werk.com\/wp-content\/uploads\/2022\/10\/TC300_200-fach_mit-schwarzem-Hintergrund-min-e1665080081206-800x800.jpg 800w, https:\/\/www.jelu-werk.com\/wp-content\/uploads\/2022\/10\/TC300_200-fach_mit-schwarzem-Hintergrund-min-e1665080081206-150x150.jpg 150w, https:\/\/www.jelu-werk.com\/wp-content\/uploads\/2022\/10\/TC300_200-fach_mit-schwarzem-Hintergrund-min-e1665080081206-768x768.jpg 768w\" sizes=\"auto, (max-width: 100px) 100vw, 100px\" \/><\/a><\/td><\/tr><tr><td>Cellulosegehalt<\/td><td>[%]<\/td><td class=\"has-text-align-center\" data-align=\"center\">~ 80<\/td><td class=\"has-text-align-center\" data-align=\"center\">~ 80<\/td><td class=\"has-text-align-center\" data-align=\"center\">~ 80<\/td><\/tr><tr><td>Gl\u00fchr\u00fcckstand<\/td><td>[%]<\/td><td class=\"has-text-align-center\" data-align=\"center\">max. 0,6<\/td><td class=\"has-text-align-center\" data-align=\"center\">max. 0,6<\/td><td class=\"has-text-align-center\" data-align=\"center\">max. 0,6<\/td><\/tr><tr><td>Trockenverlust<\/td><td>[%]<\/td><td class=\"has-text-align-center\" data-align=\"center\">max. 8<\/td><td class=\"has-text-align-center\" data-align=\"center\">max. 8<\/td><td class=\"has-text-align-center\" data-align=\"center\">max. 8<\/td><\/tr><tr><td>Sch\u00fcttgewicht<\/td><td>[g\/l]<\/td><td class=\"has-text-align-center\" data-align=\"center\">~ 160<\/td><td class=\"has-text-align-center\" data-align=\"center\">~ 145<\/td><td class=\"has-text-align-center\" data-align=\"center\">~ 135<\/td><\/tr><tr><td>ph-Wert (10 % Suspension)<\/td><td>&nbsp;<\/td><td class=\"has-text-align-center\" data-align=\"center\">5,0 &#8211; 7,0<\/td><td class=\"has-text-align-center\" data-align=\"center\">5,0 &#8211; 7,0<\/td><td class=\"has-text-align-center\" data-align=\"center\">5,0 &#8211; 7,0<\/td><\/tr><tr><td><strong>Siebr\u00fcckstand auf Alpine-Luftstrahlsieb<\/strong><\/td><\/tr><tr><td>32 \u00b5m<\/td><td>[%]<\/td><td class=\"has-text-align-center\" data-align=\"center\">~ 62<\/td><td class=\"has-text-align-center\" data-align=\"center\">~ 70<\/td><td class=\"has-text-align-center\" data-align=\"center\">~ 75<\/td><\/tr><tr><td>125 \u00b5m<\/td><td>[%]<\/td><td class=\"has-text-align-center\" data-align=\"center\">~ 20<\/td><td class=\"has-text-align-center\" data-align=\"center\">~ 26<\/td><td class=\"has-text-align-center\" data-align=\"center\">~ 32<\/td><\/tr><tr><td>200 \u00b5m<\/td><td>[%]<\/td><td class=\"has-text-align-center\" data-align=\"center\">~ 5<\/td><td class=\"has-text-align-center\" data-align=\"center\">~ 9<\/td><td class=\"has-text-align-center\" data-align=\"center\"><\/td><\/tr><tr><td>300 \u00b5m<\/td><td>[%]<\/td><td class=\"has-text-align-center\" data-align=\"center\">&nbsp;<\/td><td class=\"has-text-align-center\" data-align=\"center\"><\/td><td class=\"has-text-align-center\" data-align=\"center\">~ 2<\/td><\/tr><\/tbody><\/table><\/figure>\n\n\n\n<p>\u00a0\u00a0<\/p>\n","protected":false},"excerpt":{"rendered":"<p>Unsere funktionelle Cellulose JELUCEL\u00ae TC JELUCEL\u00ae &nbsp; TC 150 TC 200 TC 300 Aussehen &nbsp; beiges Pulver beiges Pulver beiges Pulver &nbsp; &nbsp; Cellulosegehalt [%] ~ 80 ~ 80 ~ 80 Gl\u00fchr\u00fcckstand [%] max. 0,6 max. 0,6 max. 0,6 Trockenverlust [%] max. 8 max. 8 max. 8 Sch\u00fcttgewicht [g\/l] ~ 160 ~ 145 ~ 135 [&hellip;]<\/p>\n","protected":false},"author":2,"featured_media":0,"parent":3805,"menu_order":6,"comment_status":"closed","ping_status":"closed","template":"page-extra-wide.php","meta":{"_acf_changed":false,"footnotes":""},"class_list":["post-1708","page","type-page","status-publish","hentry"],"acf":[],"_links":{"self":[{"href":"https:\/\/www.jelu-werk.com\/de\/wp-json\/wp\/v2\/pages\/1708","targetHints":{"allow":["GET"]}}],"collection":[{"href":"https:\/\/www.jelu-werk.com\/de\/wp-json\/wp\/v2\/pages"}],"about":[{"href":"https:\/\/www.jelu-werk.com\/de\/wp-json\/wp\/v2\/types\/page"}],"author":[{"embeddable":true,"href":"https:\/\/www.jelu-werk.com\/de\/wp-json\/wp\/v2\/users\/2"}],"replies":[{"embeddable":true,"href":"https:\/\/www.jelu-werk.com\/de\/wp-json\/wp\/v2\/comments?post=1708"}],"version-history":[{"count":2,"href":"https:\/\/www.jelu-werk.com\/de\/wp-json\/wp\/v2\/pages\/1708\/revisions"}],"predecessor-version":[{"id":4954434,"href":"https:\/\/www.jelu-werk.com\/de\/wp-json\/wp\/v2\/pages\/1708\/revisions\/4954434"}],"up":[{"embeddable":true,"href":"https:\/\/www.jelu-werk.com\/de\/wp-json\/wp\/v2\/pages\/3805"}],"wp:attachment":[{"href":"https:\/\/www.jelu-werk.com\/de\/wp-json\/wp\/v2\/media?parent=1708"}],"curies":[{"name":"wp","href":"https:\/\/api.w.org\/{rel}","templated":true}]}}