{"id":1697,"date":"2012-09-13T15:25:03","date_gmt":"2012-09-13T13:25:03","guid":{"rendered":"http:\/\/www.jelu-werk.com\/?page_id=1697"},"modified":"2022-08-16T19:44:52","modified_gmt":"2022-08-16T17:44:52","slug":"funktionelle-cellulose","status":"publish","type":"page","link":"https:\/\/www.jelu-werk.com\/de\/technische-industrie\/produkte\/funktionelle-cellulose\/","title":{"rendered":"Funktionelle Cellulose"},"content":{"rendered":"\n<div class=\"wp-block-columns jelu-columns-wrapper is-layout-flex wp-container-core-columns-is-layout-9d6595d7 wp-block-columns-is-layout-flex\">\n<div class=\"wp-block-column jelu-column-content is-layout-flow wp-block-column-is-layout-flow\" style=\"flex-basis:66.666666%\">\n<h1 class=\"wp-block-heading\">Funktionelle Cellulose<\/h1>\n\n\n\n<p>Unsere funktionellen Cellulosen JELUCEL\u00ae werden aus Zellstoff hergestellt. Sie werden im Bereich der technischen Industrie eingesetzt, um die Produkteigenschaften zu verbessern. Die JELUCEL\u00ae Cellulosen sind problemlos zu verwenden und garantieren absolute Verbraucherzufriedenheit. Unsere funktionellen Cellulosen werden in der Bauchemie, in Bodenbel\u00e4gen, als Filterhilfsmittel, in Kunststoffen, in Reinigungsmitteln, bei der Samenherstellung, in Schwei\u00dfelektroden, in Produkten der Wanddekoration und vielen anderen Anwendungen eingesetzt. Kundenw\u00fcnsche werden wo immer m\u00f6glich erf\u00fcllt.<\/p>\n\n\n\n<p>Verf\u00fcgbare Produktgruppen mit Datenblatt und Bild:<br>\n(Produktgruppen anklicken)<\/p>\n\n\n\n<dl>\n<dt><a title=\"JELUCEL HM T1\" href=\"\/?page_id=1662\"><strong>JELUCEL\u00ae HM T1<\/strong><\/a><\/dt>\n<dd>Extrem reine Cellulosepulver und -fasern, wei\u00df<\/dd>\n<\/dl>\n\n\n\n<dl>\n<dt><\/dt>\n<dd><a title=\"JELUCEL HM T1 \u2013 Feine Typen\" href=\"\/?page_id=1681\">Feine Typen<\/a><\/dd>\n<\/dl>\n\n\n\n<dl>\n<dt><a title=\"JELUCEL HM\" href=\"\/?page_id=1456\"><strong>JELUCEL\u00ae HM<\/strong><\/a><\/dt>\n<dd>Reine Cellulosepulver und -fasern, wei\u00df<\/dd>\n<\/dl>\n\n\n\n<dl>\n<dt><\/dt>\n<dd><a title=\"JELUCEL HM \u2013 Feine Typen\" href=\"\/?page_id=1530\">Feine Typen<\/a> &#8211; <a title=\"JELUCEL HM \u2013 Grobe Typen\" href=\"\/?page_id=1548\">Grobe Typen<\/a><\/dd>\n<\/dl>\n\n\n\n<dl>\n<dt><a title=\"JELUCEL H\" href=\"\/?page_id=1708\"><strong>JELUCEL\u00ae TC<\/strong><\/a><\/dt>\n<dd>Technische Cellulosepulver und -fasern<\/dd>\n<\/dl>\n\n\n\n<dl>\n<dt><\/dt>\n<dd><a title=\"JELUCEL H\" href=\"\/?page_id=1708\">Feine Typen<\/a><\/dd>\n<\/dl>\n<\/div>\n\n\n\n<div class=\"wp-block-column jelu-column-sidebar is-layout-flow wp-block-column-is-layout-flow\" style=\"flex-basis:33.333333%\"><\/div>\n<\/div>\n","protected":false},"excerpt":{"rendered":"<p>Funktionelle Cellulose Unsere funktionellen Cellulosen JELUCEL\u00ae werden aus Zellstoff hergestellt. Sie werden im Bereich der technischen Industrie eingesetzt, um die Produkteigenschaften zu verbessern. Die JELUCEL\u00ae Cellulosen sind problemlos zu verwenden und garantieren absolute Verbraucherzufriedenheit. Unsere funktionellen Cellulosen werden in der Bauchemie, in Bodenbel\u00e4gen, als Filterhilfsmittel, in Kunststoffen, in Reinigungsmitteln, bei der Samenherstellung, in Schwei\u00dfelektroden, in [&hellip;]<\/p>\n","protected":false},"author":2,"featured_media":0,"parent":1324,"menu_order":3,"comment_status":"closed","ping_status":"closed","template":"page-2-col-sidebar-right.php","meta":{"_acf_changed":false,"footnotes":""},"class_list":["post-1697","page","type-page","status-publish","hentry"],"acf":[],"_links":{"self":[{"href":"https:\/\/www.jelu-werk.com\/de\/wp-json\/wp\/v2\/pages\/1697","targetHints":{"allow":["GET"]}}],"collection":[{"href":"https:\/\/www.jelu-werk.com\/de\/wp-json\/wp\/v2\/pages"}],"about":[{"href":"https:\/\/www.jelu-werk.com\/de\/wp-json\/wp\/v2\/types\/page"}],"author":[{"embeddable":true,"href":"https:\/\/www.jelu-werk.com\/de\/wp-json\/wp\/v2\/users\/2"}],"replies":[{"embeddable":true,"href":"https:\/\/www.jelu-werk.com\/de\/wp-json\/wp\/v2\/comments?post=1697"}],"version-history":[{"count":5,"href":"https:\/\/www.jelu-werk.com\/de\/wp-json\/wp\/v2\/pages\/1697\/revisions"}],"predecessor-version":[{"id":4953609,"href":"https:\/\/www.jelu-werk.com\/de\/wp-json\/wp\/v2\/pages\/1697\/revisions\/4953609"}],"up":[{"embeddable":true,"href":"https:\/\/www.jelu-werk.com\/de\/wp-json\/wp\/v2\/pages\/1324"}],"wp:attachment":[{"href":"https:\/\/www.jelu-werk.com\/de\/wp-json\/wp\/v2\/media?parent=1697"}],"curies":[{"name":"wp","href":"https:\/\/api.w.org\/{rel}","templated":true}]}}