{"id":1681,"date":"2012-09-13T14:48:19","date_gmt":"2012-09-13T12:48:19","guid":{"rendered":"http:\/\/www.jelu-werk.com\/?page_id=1681"},"modified":"2013-01-22T15:11:51","modified_gmt":"2013-01-22T13:11:51","slug":"jelucel-hm-t1-feine-typen","status":"publish","type":"page","link":"https:\/\/www.jelu-werk.com\/de\/technische-industrie\/produkte\/funktionelle-cellulose\/jelucel-hm-t1-2\/jelucel-hm-t1-feine-typen\/","title":{"rendered":"JELUCEL HM T1 &#8211; Feine Typen"},"content":{"rendered":"<h1 class=\"csc-firstHeader\">Unsere funktionelle Cellulose JELUCEL\u00ae HM T1 &#8211; Feine Typen<\/h1>\n<p>Auch andere Typen sind auf Anfrage erh\u00e4ltlich. Bitte rufen Sie uns an!<\/p>\n<table>\n<thead>\n<tr>\n<th class=\"left\">JELUCEL\u00ae<\/th>\n<th class=\"dark\"><\/th>\n<th>HM 150 T1<\/th>\n<\/tr>\n<\/thead>\n<tbody>\n<tr class=\"alt\">\n<td class=\"head-left\">Aussehen<\/td>\n<td class=\"dark\"><\/td>\n<td>wei\u00dfes Pulver<\/td>\n<\/tr>\n<tr class=\"image\">\n<td class=\"head-left\"><\/td>\n<td class=\"dark\"><\/td>\n<td> <\/td>\n<\/tr>\n<tr class=\"alt\">\n<td class=\"head-left\">Cellulosegehalt<\/td>\n<td class=\"dark\">[%]<\/td>\n<td>~ 99.5<\/td>\n<\/tr>\n<tr>\n<td class=\"head-left\">Wei\u00dfe vor dem Tempern<\/td>\n<td class=\"dark\">[%]<\/td>\n<td>~ 92<\/td>\n<\/tr>\n<tr class=\"alt\">\n<td class=\"head-left\">Wei\u00dfe nach dem Tempern<\/td>\n<td class=\"dark\">[%]<\/td>\n<td>~ 87<\/td>\n<\/tr>\n<tr>\n<td class=\"head-left\">Gl\u00fchr\u00fcckstand<\/td>\n<td class=\"dark\">[%]<\/td>\n<td>~ 0.3<\/td>\n<\/tr>\n<tr class=\"alt\">\n<td class=\"head-left\">Trockenverlust<\/td>\n<td class=\"dark\">[%]<\/td>\n<td>~ 5<\/td>\n<\/tr>\n<tr>\n<td class=\"head-left\">Sch\u00fcttgewicht<\/td>\n<td class=\"dark\">[g\/l]<\/td>\n<td>~ 190<\/td>\n<\/tr>\n<tr class=\"alt\">\n<td class=\"head-left\">pH-Wert (10 % Suspension)<\/td>\n<td class=\"dark\"><\/td>\n<td>~ 6<\/td>\n<\/tr>\n<tr>\n<td class=\"head\" colspan=\"3\">Siebr\u00fcckstand auf Alpine-Luftstrahlsieb<\/td>\n<\/tr>\n<td class=\"head-left\">32 \u00b5m<\/td>\n<td class=\"dark\">[%]<\/td>\n<td>~ 40<\/td>\n<\/tr>\n<tr class=\"alt\">\n<td class=\"head-left\">100 \u00b5m<\/td>\n<td class=\"dark\">[%]<\/td>\n<td>~ 5<\/td>\n<\/tr>\n<tr>\n<td class=\"head-left\">150 \u00b5m<\/td>\n<td class=\"dark\">[%]<\/td>\n<td>Spuren<\/td>\n<\/tr>\n<tr class=\"alt\">\n<td class=\"head-left\">200 \u00b5m<\/td>\n<td class=\"dark\">[%]<\/td>\n<td><\/td>\n<\/tr>\n<tr>\n<td class=\"head-left\">300 \u00b5m<\/td>\n<td class=\"dark\">[%]<\/td>\n<td><\/td>\n<\/tr>\n<tr>\n<tr class=\"alt\">\n<td class=\"head-left\">500 \u00b5m<\/td>\n<td class=\"dark\">[%]<\/td>\n<td><\/td>\n<\/tr>\n<td class=\"head-left\">800 \u00b5m<\/td>\n<td class=\"dark\">[%]<\/td>\n<td><\/td>\n<\/tr>\n<\/tr>\n<tr class=\"alt\">\n<td class=\"head-left\">1000 \u00b5m<\/td>\n<td class=\"dark\">[%]<\/td>\n<td><\/td>\n<\/tr>\n<tr>\n<td class=\"head-left\">2000 \u00b5m<\/td>\n<td class=\"dark\">[%]<\/td>\n<td><\/td>\n<\/tr>\n<\/tbody>\n<\/table>\n","protected":false},"excerpt":{"rendered":"<p>Unsere funktionelle Cellulose JELUCEL\u00ae HM T1 &#8211; Feine Typen Auch andere Typen sind auf Anfrage erh\u00e4ltlich. Bitte rufen Sie uns an! JELUCEL\u00ae HM 150 T1 Aussehen wei\u00dfes Pulver Cellulosegehalt [%] ~ 99.5 Wei\u00dfe vor dem Tempern [%] ~ 92 Wei\u00dfe nach dem Tempern [%] ~ 87 Gl\u00fchr\u00fcckstand [%] ~ 0.3 Trockenverlust [%] ~ 5 Sch\u00fcttgewicht [&hellip;]<\/p>\n","protected":false},"author":2,"featured_media":0,"parent":1662,"menu_order":0,"comment_status":"closed","ping_status":"closed","template":"page-wide.php","meta":{"_acf_changed":false,"footnotes":""},"class_list":["post-1681","page","type-page","status-publish","hentry"],"acf":[],"_links":{"self":[{"href":"https:\/\/www.jelu-werk.com\/de\/wp-json\/wp\/v2\/pages\/1681","targetHints":{"allow":["GET"]}}],"collection":[{"href":"https:\/\/www.jelu-werk.com\/de\/wp-json\/wp\/v2\/pages"}],"about":[{"href":"https:\/\/www.jelu-werk.com\/de\/wp-json\/wp\/v2\/types\/page"}],"author":[{"embeddable":true,"href":"https:\/\/www.jelu-werk.com\/de\/wp-json\/wp\/v2\/users\/2"}],"replies":[{"embeddable":true,"href":"https:\/\/www.jelu-werk.com\/de\/wp-json\/wp\/v2\/comments?post=1681"}],"version-history":[{"count":0,"href":"https:\/\/www.jelu-werk.com\/de\/wp-json\/wp\/v2\/pages\/1681\/revisions"}],"up":[{"embeddable":true,"href":"https:\/\/www.jelu-werk.com\/de\/wp-json\/wp\/v2\/pages\/1662"}],"wp:attachment":[{"href":"https:\/\/www.jelu-werk.com\/de\/wp-json\/wp\/v2\/media?parent=1681"}],"curies":[{"name":"wp","href":"https:\/\/api.w.org\/{rel}","templated":true}]}}