{"id":1662,"date":"2012-09-13T14:04:31","date_gmt":"2012-09-13T12:04:31","guid":{"rendered":"http:\/\/www.jelu-werk.com\/?page_id=1662"},"modified":"2022-10-07T12:53:15","modified_gmt":"2022-10-07T10:53:15","slug":"jelucel-hm-t1-2","status":"publish","type":"page","link":"https:\/\/www.jelu-werk.com\/de\/technische-industrie\/produkte\/funktionelle-cellulose\/jelucel-hm-t1-2\/","title":{"rendered":"JELUCEL HM T1"},"content":{"rendered":"\n<div class=\"wp-block-columns jelu-columns-wrapper is-layout-flex wp-container-core-columns-is-layout-9d6595d7 wp-block-columns-is-layout-flex\">\n<div class=\"wp-block-column jelu-column-content is-layout-flow wp-block-column-is-layout-flow\" style=\"flex-basis:66.666666%\">\n<h1 class=\"wp-block-heading\">Extrem reine wei\u00dfe Cellulose<\/h1>\n\n\n\n<p>JELUCEL\u00ae HM T1 sind extrem reine wei\u00dfe Cellulosepulver und Cellulosefasern. <br>Auch andere Typen sind auf Anfrage erh\u00e4ltlich. Bitte rufen Sie uns an!<\/p>\n\n\n\n<figure class=\"wp-block-table\"><table><thead><tr><th>JELUCEL\u00ae<\/th><th>&nbsp;<\/th><th class=\"has-text-align-center\" data-align=\"center\">HM 150 T1<\/th><\/tr><\/thead><tbody><tr><td>Aussehen<\/td><td>&nbsp;<\/td><td class=\"has-text-align-center\" data-align=\"center\">wei\u00dfes Pulver<\/td><\/tr><tr><td>&nbsp;<\/td><td>&nbsp;<\/td><td class=\"has-text-align-center\" data-align=\"center\">&nbsp;<\/td><\/tr><tr><td>Cellulosegehalt<\/td><td>[%]<\/td><td class=\"has-text-align-center\" data-align=\"center\">~ 99.5<\/td><\/tr><tr><td>Wei\u00dfe vor dem Tempern<\/td><td>[%]<\/td><td class=\"has-text-align-center\" data-align=\"center\">~ 92<\/td><\/tr><tr><td>Wei\u00dfe nach dem Tempern<\/td><td>[%]<\/td><td class=\"has-text-align-center\" data-align=\"center\">~ 87<\/td><\/tr><tr><td>Gl\u00fchr\u00fcckstand<\/td><td>[%]<\/td><td class=\"has-text-align-center\" data-align=\"center\">~ 0.3<\/td><\/tr><tr><td>Trockenverlust<\/td><td>[%]<\/td><td class=\"has-text-align-center\" data-align=\"center\">~ 5<\/td><\/tr><tr><td>Sch\u00fcttgewicht<\/td><td>[g\/l]<\/td><td class=\"has-text-align-center\" data-align=\"center\">~ 190<\/td><\/tr><tr><td>pH-Wert (10 % Suspension)<\/td><td>&nbsp;<\/td><td class=\"has-text-align-center\" data-align=\"center\">~ 6<\/td><\/tr><tr><td>Siebr\u00fcckstand auf Alpine-Luftstrahlsieb<\/td><\/tr><tr><td>32 \u00b5m<\/td><td>[%]<\/td><td class=\"has-text-align-center\" data-align=\"center\">~ 40<\/td><\/tr><tr><td>100 \u00b5m<\/td><td>[%]<\/td><td class=\"has-text-align-center\" data-align=\"center\">~ 5<\/td><\/tr><tr><td>150 \u00b5m<\/td><td>[%]<\/td><td class=\"has-text-align-center\" data-align=\"center\">Spuren<\/td><\/tr><tr><td>200 \u00b5m<\/td><td>[%]<\/td><td class=\"has-text-align-center\" data-align=\"center\">&nbsp;<\/td><\/tr><\/tbody><\/table><\/figure>\n<\/div>\n\n\n\n<div class=\"wp-block-column jelu-column-sidebar is-layout-flow wp-block-column-is-layout-flow\" style=\"flex-basis:33.333333%\"><\/div>\n<\/div>\n","protected":false},"excerpt":{"rendered":"<p>Extrem reine wei\u00dfe Cellulose JELUCEL\u00ae HM T1 sind extrem reine wei\u00dfe Cellulosepulver und Cellulosefasern. Auch andere Typen sind auf Anfrage erh\u00e4ltlich. Bitte rufen Sie uns an! JELUCEL\u00ae &nbsp; HM 150 T1 Aussehen &nbsp; wei\u00dfes Pulver &nbsp; &nbsp; &nbsp; Cellulosegehalt [%] ~ 99.5 Wei\u00dfe vor dem Tempern [%] ~ 92 Wei\u00dfe nach dem Tempern [%] ~ [&hellip;]<\/p>\n","protected":false},"author":2,"featured_media":0,"parent":1697,"menu_order":0,"comment_status":"closed","ping_status":"closed","template":"page-2-col-sidebar-right.php","meta":{"_acf_changed":false,"footnotes":""},"class_list":["post-1662","page","type-page","status-publish","hentry"],"acf":[],"_links":{"self":[{"href":"https:\/\/www.jelu-werk.com\/de\/wp-json\/wp\/v2\/pages\/1662","targetHints":{"allow":["GET"]}}],"collection":[{"href":"https:\/\/www.jelu-werk.com\/de\/wp-json\/wp\/v2\/pages"}],"about":[{"href":"https:\/\/www.jelu-werk.com\/de\/wp-json\/wp\/v2\/types\/page"}],"author":[{"embeddable":true,"href":"https:\/\/www.jelu-werk.com\/de\/wp-json\/wp\/v2\/users\/2"}],"replies":[{"embeddable":true,"href":"https:\/\/www.jelu-werk.com\/de\/wp-json\/wp\/v2\/comments?post=1662"}],"version-history":[{"count":3,"href":"https:\/\/www.jelu-werk.com\/de\/wp-json\/wp\/v2\/pages\/1662\/revisions"}],"predecessor-version":[{"id":4954446,"href":"https:\/\/www.jelu-werk.com\/de\/wp-json\/wp\/v2\/pages\/1662\/revisions\/4954446"}],"up":[{"embeddable":true,"href":"https:\/\/www.jelu-werk.com\/de\/wp-json\/wp\/v2\/pages\/1697"}],"wp:attachment":[{"href":"https:\/\/www.jelu-werk.com\/de\/wp-json\/wp\/v2\/media?parent=1662"}],"curies":[{"name":"wp","href":"https:\/\/api.w.org\/{rel}","templated":true}]}}