{"id":1626,"date":"2012-09-12T18:01:12","date_gmt":"2012-09-12T16:01:12","guid":{"rendered":"http:\/\/www.jelu-werk.com\/?page_id=1626"},"modified":"2022-10-07T13:06:13","modified_gmt":"2022-10-07T11:06:13","slug":"jeluxyl-weho","status":"publish","type":"page","link":"https:\/\/www.jelu-werk.com\/de\/technische-industrie\/produkte\/funktionelle-holzfaserstoffe\/jeluxyl-weho\/","title":{"rendered":"JELUXYL WEHO"},"content":{"rendered":"\n<h1 class=\"wp-block-heading\">Unsere funktionellen Holzfaserstoffe: JELUXYL\u00ae WEHO<\/h1>\n\n\n\n<p>Rohstoff f\u00fcr JELUXYL\u00ae WEHO sind die Weichh\u00f6lzer Fichte und Tanne. Wir unterscheiden sieben Qualit\u00e4ten, die von feinem Pulver bis hin zu feinen Fasern reichen. Genauere Angaben zu Korngr\u00f6\u00dfe bzw. Faserl\u00e4nge finden sich in der folgenden Tabelle:<\/p>\n\n\n\n<figure class=\"wp-block-table\"><table><thead><tr><th>JELUXYL\u00ae<\/th><th>&nbsp;<\/th><th class=\"has-text-align-center\" data-align=\"center\">WEHO 120\/f<\/th><th class=\"has-text-align-center\" data-align=\"center\">WEHO 250\/f<\/th><th class=\"has-text-align-center\" data-align=\"center\">WEHO 500<\/th><th class=\"has-text-align-center\" data-align=\"center\">WEHO 500 V<\/th><th class=\"has-text-align-center\" data-align=\"center\">WEHO 500 S<\/th><th class=\"has-text-align-center\" data-align=\"center\">WEHO 800 S<\/th><\/tr><\/thead><tbody><tr><td>Produkt<\/td><td>&nbsp;<\/td><td class=\"has-text-align-center\" data-align=\"center\">Fichten- \/ Tannenholzmehl<\/td><\/tr><tr><td>Aussehen<\/td><td>&nbsp;<\/td><td class=\"has-text-align-center\" data-align=\"center\">hellgelbes Pulver<\/td><td class=\"has-text-align-center\" data-align=\"center\">hellgelbes Pulver<\/td><td class=\"has-text-align-center\" data-align=\"center\">hellgelbes Pulver<\/td><td class=\"has-text-align-center\" data-align=\"center\">hellgelbes Pulver<\/td><td class=\"has-text-align-center\" data-align=\"center\">hellgelbes Pulver<\/td><td class=\"has-text-align-center\" data-align=\"center\">hellgelbe Fasern<\/td><\/tr><tr><td>&nbsp;<\/td><td>&nbsp;<\/td><td class=\"has-text-align-center\" data-align=\"center\"><a class=\"zoom\" title=\"HAHO WEHO 120\/f\" href=\"\/wp-content\/uploads\/2012\/09\/JELUXYL-Weho-120f.jpg\" rel=\"lightbox[jeluxyl]\"><img decoding=\"async\" title=\"JELUXYL WEHO 120\/f\" src=\"\/wp-content\/uploads\/2012\/09\/JELUXYL-Weho-120f.jpg\" alt=\"JELUXYL WEHO 120\/f\" width=\"80px\" height=\"80px\"><\/a><\/td><td class=\"has-text-align-center\" data-align=\"center\"><a class=\"zoom\" title=\"HAHO WEHO 250\/f\" href=\"\/wp-content\/uploads\/2012\/09\/JELUXYL-Weho-250f.jpg\" rel=\"lightbox[jeluxyl]\"><img decoding=\"async\" title=\"JELUXYL WEHO 250\/f\" src=\"\/wp-content\/uploads\/2012\/09\/JELUXYL-Weho-250f.jpg\" alt=\"JELUXYL WEHO 250\/f\" width=\"80px\" height=\"80px\"><\/a><\/td><td class=\"has-text-align-center\" data-align=\"center\"><a class=\"zoom\" title=\"HAHO WEHO 500\" href=\"\/wp-content\/uploads\/2012\/09\/JELUXYL-Weho-500.jpg\" rel=\"lightbox[jeluxyl]\"><img decoding=\"async\" title=\"JELUXYL WEHO 500\" src=\"\/wp-content\/uploads\/2012\/09\/JELUXYL-Weho-500.jpg\" alt=\"JELUXYL WEHO 500\" width=\"80px\" height=\"80px\"><\/a><\/td><td class=\"has-text-align-center\" data-align=\"center\"><a class=\"zoom\" title=\"HAHO WEHO 500 V\" href=\"\/wp-content\/uploads\/2012\/09\/JELUXYL-Weho-500v.jpg\" rel=\"lightbox[jeluxyl]\"><img decoding=\"async\" title=\"JELUXYL WEHO 500 V\" src=\"\/wp-content\/uploads\/2012\/09\/JELUXYL-Weho-500v.jpg\" alt=\"JELUXYL WEHO 500v\" width=\"80px\" height=\"80px\"><\/a><\/td><td class=\"has-text-align-center\" data-align=\"center\"><a class=\"zoom\" title=\"HAHO WEHO 500 S\" href=\"\/wp-content\/uploads\/2012\/09\/JELUXYL-Weho-500s.jpg\" rel=\"lightbox[jeluxyl]\"><img decoding=\"async\" title=\"JELUXYL WEHO 500 S\" src=\"\/wp-content\/uploads\/2012\/09\/JELUXYL-Weho-500s.jpg\" alt=\"JELUXYL WEHO 500 S\" width=\"80px\" height=\"80px\"><\/a><\/td><td class=\"has-text-align-center\" data-align=\"center\"><a class=\"zoom\" title=\"HAHO WEHO 800 S\" href=\"\/wp-content\/uploads\/2012\/09\/JELUXYL-Weho-800s.jpg\" rel=\"lightbox[jeluxyl]\"><img decoding=\"async\" title=\"JELUXYL WEHO 800 S\" src=\"\/wp-content\/uploads\/2012\/09\/JELUXYL-Weho-800s.jpg\" alt=\"JELUXYL WEHO 800 S\" width=\"80px\" height=\"80px\"><\/a><\/td><\/tr><tr><td>Trockenverlust<\/td><td>[%]<\/td><td class=\"has-text-align-center\" data-align=\"center\">~ 5.5<\/td><td class=\"has-text-align-center\" data-align=\"center\">~ 5.5<\/td><td class=\"has-text-align-center\" data-align=\"center\">~ 5.5<\/td><td class=\"has-text-align-center\" data-align=\"center\">~ 5.5<\/td><td class=\"has-text-align-center\" data-align=\"center\">~ 5.5<\/td><td class=\"has-text-align-center\" data-align=\"center\">~ 5.5<\/td><\/tr><tr><td>Sch\u00fcttgewicht<\/td><td>[g\/l]<\/td><td class=\"has-text-align-center\" data-align=\"center\">~ 140<\/td><td class=\"has-text-align-center\" data-align=\"center\">~ 140<\/td><td class=\"has-text-align-center\" data-align=\"center\">~ 130<\/td><td class=\"has-text-align-center\" data-align=\"center\">~ 120<\/td><td class=\"has-text-align-center\" data-align=\"center\">~ 180<\/td><td class=\"has-text-align-center\" data-align=\"center\">~ 190<\/td><\/tr><tr><td>pH-Wert<\/td><td>&nbsp;<\/td><td class=\"has-text-align-center\" data-align=\"center\">~ 5.5<\/td><td class=\"has-text-align-center\" data-align=\"center\">~ 5.5<\/td><td class=\"has-text-align-center\" data-align=\"center\">~ 5.5<\/td><td class=\"has-text-align-center\" data-align=\"center\">~ 5.5<\/td><td class=\"has-text-align-center\" data-align=\"center\">~ 5.5<\/td><td class=\"has-text-align-center\" data-align=\"center\">~ 5.5<\/td><\/tr><tr><td>Siebr\u00fcckstand auf Alpine-Luftstrahlsieb<\/td><\/tr><tr><td>75 \u00b5m<\/td><td>[%]<\/td><td class=\"has-text-align-center\" data-align=\"center\">~ 40<\/td><td class=\"has-text-align-center\" data-align=\"center\">~ 50<\/td><td class=\"has-text-align-center\" data-align=\"center\">~ 90<\/td><td class=\"has-text-align-center\" data-align=\"center\">~ 90<\/td><td class=\"has-text-align-center\" data-align=\"center\">~ 95<\/td><td class=\"has-text-align-center\" data-align=\"center\">&nbsp;<\/td><\/tr><tr><td>100 \u00b5m<\/td><td>[%]<\/td><td class=\"has-text-align-center\" data-align=\"center\">~ 25<\/td><td class=\"has-text-align-center\" data-align=\"center\">~ 35<\/td><td class=\"has-text-align-center\" data-align=\"center\">&nbsp;<\/td><td class=\"has-text-align-center\" data-align=\"center\">&nbsp;<\/td><td class=\"has-text-align-center\" data-align=\"center\">&nbsp;<\/td><td class=\"has-text-align-center\" data-align=\"center\">&nbsp;<\/td><\/tr><tr><td>180 \u00b5m<\/td><td>[%]<\/td><td class=\"has-text-align-center\" data-align=\"center\">~ 2<\/td><td class=\"has-text-align-center\" data-align=\"center\">&nbsp;<\/td><td class=\"has-text-align-center\" data-align=\"center\">~ 50<\/td><td class=\"has-text-align-center\" data-align=\"center\">~ 30<\/td><td class=\"has-text-align-center\" data-align=\"center\">~ 70<\/td><td class=\"has-text-align-center\" data-align=\"center\">~ 95<\/td><\/tr><tr><td>250 \u00b5m<\/td><td>[%]<\/td><td class=\"has-text-align-center\" data-align=\"center\">&nbsp;<\/td><td class=\"has-text-align-center\" data-align=\"center\">&nbsp;<\/td><td class=\"has-text-align-center\" data-align=\"center\">&nbsp;<\/td><td class=\"has-text-align-center\" data-align=\"center\">&nbsp;<\/td><td class=\"has-text-align-center\" data-align=\"center\">&nbsp;<\/td><td class=\"has-text-align-center\" data-align=\"center\">&nbsp;<\/td><\/tr><tr><td>300 \u00b5m<\/td><td>[%]<\/td><td class=\"has-text-align-center\" data-align=\"center\">&nbsp;<\/td><td class=\"has-text-align-center\" data-align=\"center\">Spuren<\/td><td class=\"has-text-align-center\" data-align=\"center\">&nbsp;<\/td><td class=\"has-text-align-center\" data-align=\"center\">&nbsp;<\/td><td class=\"has-text-align-center\" data-align=\"center\">&nbsp;<\/td><td class=\"has-text-align-center\" data-align=\"center\">&nbsp;<\/td><\/tr><tr><td>500 \u00b5m<\/td><td>[%]<\/td><td class=\"has-text-align-center\" data-align=\"center\">&nbsp;<\/td><td class=\"has-text-align-center\" data-align=\"center\">&nbsp;<\/td><td class=\"has-text-align-center\" data-align=\"center\">~ 1<\/td><td class=\"has-text-align-center\" data-align=\"center\">~ 1<\/td><td class=\"has-text-align-center\" data-align=\"center\">~ 1<\/td><td class=\"has-text-align-center\" data-align=\"center\">~ 40<\/td><\/tr><tr><td>1000 \u00b5m<\/td><td>[%]<\/td><td class=\"has-text-align-center\" data-align=\"center\">&nbsp;<\/td><td class=\"has-text-align-center\" data-align=\"center\">&nbsp;<\/td><td class=\"has-text-align-center\" data-align=\"center\">&nbsp;<\/td><td class=\"has-text-align-center\" data-align=\"center\">&nbsp;<\/td><td class=\"has-text-align-center\" data-align=\"center\">&nbsp;<\/td><td class=\"has-text-align-center\" data-align=\"center\">&lt; 1<\/td><\/tr><\/tbody><\/table><\/figure>\n","protected":false},"excerpt":{"rendered":"<p>Unsere funktionellen Holzfaserstoffe: JELUXYL\u00ae WEHO Rohstoff f\u00fcr JELUXYL\u00ae WEHO sind die Weichh\u00f6lzer Fichte und Tanne. Wir unterscheiden sieben Qualit\u00e4ten, die von feinem Pulver bis hin zu feinen Fasern reichen. Genauere Angaben zu Korngr\u00f6\u00dfe bzw. Faserl\u00e4nge finden sich in der folgenden Tabelle: JELUXYL\u00ae &nbsp; WEHO 120\/f WEHO 250\/f WEHO 500 WEHO 500 V WEHO 500 S [&hellip;]<\/p>\n","protected":false},"author":2,"featured_media":0,"parent":1474,"menu_order":0,"comment_status":"closed","ping_status":"closed","template":"page-extra-wide.php","meta":{"_acf_changed":false,"footnotes":""},"class_list":["post-1626","page","type-page","status-publish","hentry"],"acf":[],"_links":{"self":[{"href":"https:\/\/www.jelu-werk.com\/de\/wp-json\/wp\/v2\/pages\/1626","targetHints":{"allow":["GET"]}}],"collection":[{"href":"https:\/\/www.jelu-werk.com\/de\/wp-json\/wp\/v2\/pages"}],"about":[{"href":"https:\/\/www.jelu-werk.com\/de\/wp-json\/wp\/v2\/types\/page"}],"author":[{"embeddable":true,"href":"https:\/\/www.jelu-werk.com\/de\/wp-json\/wp\/v2\/users\/2"}],"replies":[{"embeddable":true,"href":"https:\/\/www.jelu-werk.com\/de\/wp-json\/wp\/v2\/comments?post=1626"}],"version-history":[{"count":1,"href":"https:\/\/www.jelu-werk.com\/de\/wp-json\/wp\/v2\/pages\/1626\/revisions"}],"predecessor-version":[{"id":4954457,"href":"https:\/\/www.jelu-werk.com\/de\/wp-json\/wp\/v2\/pages\/1626\/revisions\/4954457"}],"up":[{"embeddable":true,"href":"https:\/\/www.jelu-werk.com\/de\/wp-json\/wp\/v2\/pages\/1474"}],"wp:attachment":[{"href":"https:\/\/www.jelu-werk.com\/de\/wp-json\/wp\/v2\/media?parent=1626"}],"curies":[{"name":"wp","href":"https:\/\/api.w.org\/{rel}","templated":true}]}}