{"id":1609,"date":"2012-09-12T17:02:01","date_gmt":"2012-09-12T15:02:01","guid":{"rendered":"http:\/\/www.jelu-werk.com\/?page_id=1609"},"modified":"2022-10-07T13:03:52","modified_gmt":"2022-10-07T11:03:52","slug":"jeluxyl-hw","status":"publish","type":"page","link":"https:\/\/www.jelu-werk.com\/de\/technische-industrie\/produkte\/funktionelle-holzfaserstoffe\/jeluxyl-hw\/","title":{"rendered":"JELUXYL HW"},"content":{"rendered":"\n<h1 class=\"wp-block-heading\">Unsere funktionellen Holzfaserstoffe: JELUXYL\u00ae HW<\/h1>\n\n\n\n<p>JELUXYL\u00ae HW wird aus Weichh\u00f6lzern hergestellt. Hier kommt Fichten- und Tannenholz zum Einsatz. Die Holzfasern weisen eine gelbliche Farbe auf. Genauere Angaben zu Korngr\u00f6\u00dfe bzw. Faserl\u00e4nge finden sich in der folgenden Tabelle:<\/p>\n\n\n\n<figure class=\"wp-block-table\"><table><thead><tr><th>JELUXYL\u00ae<\/th><th>&nbsp;<\/th><th class=\"has-text-align-center\" data-align=\"center\">HW 50\/100<\/th><th class=\"has-text-align-center\" data-align=\"center\">HW 100\/200<\/th><th class=\"has-text-align-center\" data-align=\"center\">HW 300\/500<\/th><\/tr><\/thead><tbody><tr><td>Produkt<\/td><td>&nbsp;<\/td><td class=\"has-text-align-center\" data-align=\"center\">Fichten- und Tannenholzmehl<\/td><\/tr><tr><td>Aussehen<\/td><td>&nbsp;<\/td><td class=\"has-text-align-center\" data-align=\"center\">hellgelbe Fasern<\/td><td class=\"has-text-align-center\" data-align=\"center\">hellgelbe Fasern<\/td><td class=\"has-text-align-center\" data-align=\"center\">hellgelbe Fasern<\/td><\/tr><tr><td>&nbsp;<\/td><td>&nbsp;<\/td><td class=\"has-text-align-center\" data-align=\"center\"><a class=\"zoom\" title=\"JELUXYL HW 50\/100\" href=\"\/wp-content\/uploads\/2012\/09\/JELUXYL-HW-50_100.jpg\" rel=\"lightbox[jeluxyl]\"><img decoding=\"async\" title=\"JELUXYL HW 50\/100\" src=\"\/wp-content\/uploads\/2012\/09\/JELUXYL-HW-50_100.jpg\" alt=\"JELUXYL HW 50\/100\" width=\"80px\" height=\"80px\"><\/a><\/td><td class=\"has-text-align-center\" data-align=\"center\"><a class=\"zoom\" title=\"JELUXYL HW 100\/200\" href=\"\/wp-content\/uploads\/2012\/09\/JELUXYL-HW-100_200.jpg\" rel=\"lightbox[jeluxyl]\"><img decoding=\"async\" title=\"JELUXYL HW 100\/200\" src=\"\/wp-content\/uploads\/2012\/09\/JELUXYL-HW-100_200.jpg\" alt=\"JELUXYL HW 100\/200\" width=\"80px\" height=\"80px\"><\/a><\/td><td class=\"has-text-align-center\" data-align=\"center\"><a class=\"zoom\" title=\"JELUXYL HW 300\/500\" href=\"\/wp-content\/uploads\/2012\/09\/JELUXYL-HW-300_500.jpg\" rel=\"lightbox[jeluxyl]\"><img decoding=\"async\" title=\"JELUXYL HW 300\/500\" src=\"\/wp-content\/uploads\/2012\/09\/JELUXYL-HW-300_500.jpg\" alt=\"JELUXYL HW 300\/500\" width=\"80px\" height=\"80px\"><\/a><\/td><\/tr><tr><td>Trockenverlust<\/td><td>[%]<\/td><td class=\"has-text-align-center\" data-align=\"center\">~ 11<\/td><td class=\"has-text-align-center\" data-align=\"center\">~ 11<\/td><td class=\"has-text-align-center\" data-align=\"center\">~ 11<\/td><\/tr><tr><td>Sch\u00fcttgewicht<\/td><td>[g\/l]<\/td><td class=\"has-text-align-center\" data-align=\"center\">~ 140<\/td><td class=\"has-text-align-center\" data-align=\"center\">~ 130<\/td><td class=\"has-text-align-center\" data-align=\"center\">~ 115<\/td><\/tr><tr><td>pH-Wert<\/td><td>&nbsp;<\/td><td class=\"has-text-align-center\" data-align=\"center\">~ 5.5<\/td><td class=\"has-text-align-center\" data-align=\"center\">~ 5.5<\/td><td class=\"has-text-align-center\" data-align=\"center\">~ 5.5<\/td><\/tr><tr><td>Siebr\u00fcckstand auf Alpine-Luftstrahlsieb<\/td><\/tr><tr><td>200 \u00b5m<\/td><td>[%]<\/td><td class=\"has-text-align-center\" data-align=\"center\">~ 95<\/td><td class=\"has-text-align-center\" data-align=\"center\">&nbsp;<\/td><td class=\"has-text-align-center\" data-align=\"center\">&nbsp;<\/td><\/tr><tr><td>500 \u00b5m<\/td><td>[%]<\/td><td class=\"has-text-align-center\" data-align=\"center\">~ 80<\/td><td class=\"has-text-align-center\" data-align=\"center\">~ 95<\/td><td class=\"has-text-align-center\" data-align=\"center\">&nbsp;<\/td><\/tr><tr><td>1000 \u00b5m<\/td><td>[%]<\/td><td class=\"has-text-align-center\" data-align=\"center\">~ 4<\/td><td class=\"has-text-align-center\" data-align=\"center\">~ 50<\/td><td class=\"has-text-align-center\" data-align=\"center\">~ 95<\/td><\/tr><tr><td>2000 \u00b5m<\/td><td>[%]<\/td><td class=\"has-text-align-center\" data-align=\"center\">&nbsp;<\/td><td class=\"has-text-align-center\" data-align=\"center\">Spuren<\/td><td class=\"has-text-align-center\" data-align=\"center\">~ 25<\/td><\/tr><tr><td>3150 \u00b5m<\/td><td>[%]<\/td><td class=\"has-text-align-center\" data-align=\"center\">&nbsp;<\/td><td class=\"has-text-align-center\" data-align=\"center\">&nbsp;<\/td><td class=\"has-text-align-center\" data-align=\"center\">Spuren<\/td><\/tr><\/tbody><\/table><\/figure>\n","protected":false},"excerpt":{"rendered":"<p>Unsere funktionellen Holzfaserstoffe: JELUXYL\u00ae HW JELUXYL\u00ae HW wird aus Weichh\u00f6lzern hergestellt. Hier kommt Fichten- und Tannenholz zum Einsatz. Die Holzfasern weisen eine gelbliche Farbe auf. Genauere Angaben zu Korngr\u00f6\u00dfe bzw. Faserl\u00e4nge finden sich in der folgenden Tabelle: JELUXYL\u00ae &nbsp; HW 50\/100 HW 100\/200 HW 300\/500 Produkt &nbsp; Fichten- und Tannenholzmehl Aussehen &nbsp; hellgelbe Fasern hellgelbe [&hellip;]<\/p>\n","protected":false},"author":2,"featured_media":0,"parent":1474,"menu_order":3,"comment_status":"closed","ping_status":"closed","template":"page-extra-wide.php","meta":{"_acf_changed":false,"footnotes":""},"class_list":["post-1609","page","type-page","status-publish","hentry"],"acf":[],"_links":{"self":[{"href":"https:\/\/www.jelu-werk.com\/de\/wp-json\/wp\/v2\/pages\/1609","targetHints":{"allow":["GET"]}}],"collection":[{"href":"https:\/\/www.jelu-werk.com\/de\/wp-json\/wp\/v2\/pages"}],"about":[{"href":"https:\/\/www.jelu-werk.com\/de\/wp-json\/wp\/v2\/types\/page"}],"author":[{"embeddable":true,"href":"https:\/\/www.jelu-werk.com\/de\/wp-json\/wp\/v2\/users\/2"}],"replies":[{"embeddable":true,"href":"https:\/\/www.jelu-werk.com\/de\/wp-json\/wp\/v2\/comments?post=1609"}],"version-history":[{"count":3,"href":"https:\/\/www.jelu-werk.com\/de\/wp-json\/wp\/v2\/pages\/1609\/revisions"}],"predecessor-version":[{"id":4954455,"href":"https:\/\/www.jelu-werk.com\/de\/wp-json\/wp\/v2\/pages\/1609\/revisions\/4954455"}],"up":[{"embeddable":true,"href":"https:\/\/www.jelu-werk.com\/de\/wp-json\/wp\/v2\/pages\/1474"}],"wp:attachment":[{"href":"https:\/\/www.jelu-werk.com\/de\/wp-json\/wp\/v2\/media?parent=1609"}],"curies":[{"name":"wp","href":"https:\/\/api.w.org\/{rel}","templated":true}]}}