{"id":1591,"date":"2012-09-12T14:53:49","date_gmt":"2012-09-12T12:53:49","guid":{"rendered":"http:\/\/www.jelu-werk.com\/?page_id=1591"},"modified":"2022-10-07T13:01:32","modified_gmt":"2022-10-07T11:01:32","slug":"jeluxyl-haho","status":"publish","type":"page","link":"https:\/\/www.jelu-werk.com\/de\/technische-industrie\/produkte\/funktionelle-holzfaserstoffe\/jeluxyl-haho\/","title":{"rendered":"JELUXYL HAHO"},"content":{"rendered":"\n<h1 class=\"wp-block-heading\">Unsere funktionellen Holzfaserstoffe: JELUXYL\u00ae HAHO<\/h1>\n\n\n\n<p>F\u00fcr den Holzfaserstoff JELUXYL\u00ae HAHO wird ausschlie\u00dflich Hartholz verwendet. Hartholz w\u00e4chst langsamer als Weichholz und ist daher dichter und fester. Genauere Angaben zu Korngr\u00f6\u00dfe bzw. Faserl\u00e4nge finden sich in der folgenden Tabelle:<\/p>\n\n\n\n<figure class=\"wp-block-table\"><table><thead><tr><th>JELUXYL\u00ae<\/th><th>&nbsp;<\/th><th class=\"has-text-align-center\" data-align=\"center\">HAHO 120\/f<\/th><th class=\"has-text-align-center\" data-align=\"center\">HAHO 150\/30<\/th><th class=\"has-text-align-center\" data-align=\"center\">HAHO MIX<\/th><th class=\"has-text-align-center\" data-align=\"center\">HAHO 50\/80<\/th><th class=\"has-text-align-center\" data-align=\"center\">HAHO 1600<\/th><\/tr><\/thead><tbody><tr><td>Produkt<\/td><td>&nbsp;<\/td><td class=\"has-text-align-center\" data-align=\"center\">Hartholzmehl<\/td><\/tr><tr><td>Aussehen<\/td><td>&nbsp;<\/td><td class=\"has-text-align-center\" data-align=\"center\">hellbraunes Pulver<\/td><td class=\"has-text-align-center\" data-align=\"center\">hellbraunes Pulver<\/td><td class=\"has-text-align-center\" data-align=\"center\">hellbraunes Pulver<\/td><td class=\"has-text-align-center\" data-align=\"center\">hellbraune Fasern<\/td><td class=\"has-text-align-center\" data-align=\"center\">hellbraune Fasern<\/td><\/tr><tr><td>&nbsp;<\/td><td>&nbsp;<\/td><td class=\"has-text-align-center\" data-align=\"center\"><a class=\"zoom\" title=\"JELUXYL HAHO 120\/f\" href=\"\/wp-content\/uploads\/2012\/09\/JELUXYL-Haho-120f.jpg\" rel=\"lightbox[jeluxyl]\"><img decoding=\"async\" title=\"JELUXYL HAHO 120\/f\" src=\"\/wp-content\/uploads\/2012\/09\/JELUXYL-Haho-120f.jpg\" alt=\"JELUXYL HAHO 120\/f\" width=\"80px\" height=\"80px\"><\/a><\/td><td class=\"has-text-align-center\" data-align=\"center\"><a class=\"zoom\" title=\"JELUXYL HAHO 150\/30\" href=\"\/wp-content\/uploads\/2012\/09\/JELUXYL-Haho-150_30.jpg\" rel=\"lightbox[jeluxyl]\"><img decoding=\"async\" title=\"JELUXYL HAHO 150\/30\" src=\"\/wp-content\/uploads\/2012\/09\/JELUXYL-Haho-150_30.jpg\" alt=\"JELUXYL HAHO 150\/30\" width=\"80px\" height=\"80px\"><\/a><\/td><td class=\"has-text-align-center\" data-align=\"center\"><a class=\"zoom\" title=\"JELUXYL HAHO MIX\" href=\"\/wp-content\/uploads\/2012\/09\/JELUXYL-Haho-Mix.jpg\" rel=\"lightbox[jeluxyl]\"><img decoding=\"async\" title=\"JELUXYL HAHO MIX\" src=\"\/wp-content\/uploads\/2012\/09\/JELUXYL-Haho-Mix.jpg\" alt=\"JELUXYL HAHO MIX\" width=\"80px\" height=\"80px\"><\/a><\/td><td class=\"has-text-align-center\" data-align=\"center\"><a class=\"zoom\" title=\"JELUXYL HAHO 50\/80\" href=\"\/wp-content\/uploads\/2012\/09\/JELUXYL-Haho-50_80.jpg\" rel=\"lightbox[jeluxyl]\"><img decoding=\"async\" title=\"JELUXYL HAHO 50\/80\" src=\"\/wp-content\/uploads\/2012\/09\/JELUXYL-Haho-50_80.jpg\" alt=\"JELUXYL HAHO 50\/80\" width=\"80px\" height=\"80px\"><\/a><\/td><td class=\"has-text-align-center\" data-align=\"center\"><a class=\"zoom\" title=\"JELUXYL HAHO 1600\" href=\"\/wp-content\/uploads\/2012\/09\/JELUXYL-Haho-1600.jpg\" rel=\"lightbox[jeluxyl]\"><img decoding=\"async\" title=\"JELUXYL HAHO 1600\" src=\"\/wp-content\/uploads\/2012\/09\/JELUXYL-Haho-1600.jpg\" alt=\"JELUXYL HAHO 1600\" width=\"80px\" height=\"80px\"><\/a><\/td><\/tr><tr><td>Trockenverlust<\/td><td>[%]<\/td><td class=\"has-text-align-center\" data-align=\"center\">~ 10<\/td><td class=\"has-text-align-center\" data-align=\"center\">~ 10<\/td><td class=\"has-text-align-center\" data-align=\"center\">~ 10<\/td><td class=\"has-text-align-center\" data-align=\"center\">~ 10<\/td><td class=\"has-text-align-center\" data-align=\"center\">~ 10<\/td><\/tr><tr><td>Sch\u00fcttgewicht<\/td><td>[g\/l]<\/td><td class=\"has-text-align-center\" data-align=\"center\">~ 220<\/td><td class=\"has-text-align-center\" data-align=\"center\">~ 240<\/td><td class=\"has-text-align-center\" data-align=\"center\">~ 240<\/td><td class=\"has-text-align-center\" data-align=\"center\">~ 240<\/td><td class=\"has-text-align-center\" data-align=\"center\">~ 230<\/td><\/tr><tr><td>pH-Wert<\/td><td>&nbsp;<\/td><td class=\"has-text-align-center\" data-align=\"center\">~ 5.5<\/td><td class=\"has-text-align-center\" data-align=\"center\">~ 5.5<\/td><td class=\"has-text-align-center\" data-align=\"center\">~ 5.5<\/td><td class=\"has-text-align-center\" data-align=\"center\">~ 5.5<\/td><td class=\"has-text-align-center\" data-align=\"center\">~ 5.5<\/td><\/tr><tr><td>Siebr\u00fcckstand auf Alpine-Luftstrahlsieb<\/td><\/tr><tr><td>75 \u00b5m<\/td><td>[%]<\/td><td class=\"has-text-align-center\" data-align=\"center\">~ 50<\/td><td class=\"has-text-align-center\" data-align=\"center\">&nbsp;<\/td><td class=\"has-text-align-center\" data-align=\"center\">&nbsp;<\/td><td class=\"has-text-align-center\" data-align=\"center\">&nbsp;<\/td><td class=\"has-text-align-center\" data-align=\"center\">&nbsp;<\/td><\/tr><tr><td>100 \u00b5m<\/td><td>[%]<\/td><td class=\"has-text-align-center\" data-align=\"center\">~ 30<\/td><td class=\"has-text-align-center\" data-align=\"center\">&nbsp;<\/td><td class=\"has-text-align-center\" data-align=\"center\">&nbsp;<\/td><td class=\"has-text-align-center\" data-align=\"center\">&nbsp;<\/td><td class=\"has-text-align-center\" data-align=\"center\">&nbsp;<\/td><\/tr><tr><td>180 \u00b5m<\/td><td>[%]<\/td><td class=\"has-text-align-center\" data-align=\"center\">~ 3<\/td><td class=\"has-text-align-center\" data-align=\"center\">~ 85<\/td><td class=\"has-text-align-center\" data-align=\"center\">~ 95<\/td><td class=\"has-text-align-center\" data-align=\"center\">&nbsp;<\/td><td class=\"has-text-align-center\" data-align=\"center\">&nbsp;<\/td><\/tr><tr><td>300 \u00b5m<\/td><td>[%]<\/td><td class=\"has-text-align-center\" data-align=\"center\">&nbsp;<\/td><td class=\"has-text-align-center\" data-align=\"center\">~ 40<\/td><td class=\"has-text-align-center\" data-align=\"center\">~ 80<\/td><td class=\"has-text-align-center\" data-align=\"center\">~ 80<\/td><td class=\"has-text-align-center\" data-align=\"center\">&nbsp;<\/td><\/tr><tr><td>500 \u00b5m<\/td><td>[%]<\/td><td class=\"has-text-align-center\" data-align=\"center\">&nbsp;<\/td><td class=\"has-text-align-center\" data-align=\"center\">~ 3<\/td><td class=\"has-text-align-center\" data-align=\"center\">&nbsp;<\/td><td class=\"has-text-align-center\" data-align=\"center\">~ 20<\/td><td class=\"has-text-align-center\" data-align=\"center\">~ 60<\/td><\/tr><tr><td>800 \u00b5m<\/td><td>[%]<\/td><td class=\"has-text-align-center\" data-align=\"center\">&nbsp;<\/td><td class=\"has-text-align-center\" data-align=\"center\">&nbsp;<\/td><td class=\"has-text-align-center\" data-align=\"center\">Spuren<\/td><td class=\"has-text-align-center\" data-align=\"center\">Spuren<\/td><td class=\"has-text-align-center\" data-align=\"center\">~ 15<\/td><\/tr><tr><td>1000 \u00b5m<\/td><td>[%]<\/td><td class=\"has-text-align-center\" data-align=\"center\">&nbsp;<\/td><td class=\"has-text-align-center\" data-align=\"center\">&nbsp;<\/td><td class=\"has-text-align-center\" data-align=\"center\">&nbsp;<\/td><td class=\"has-text-align-center\" data-align=\"center\">&nbsp;<\/td><td class=\"has-text-align-center\" data-align=\"center\">&nbsp;<\/td><\/tr><\/tbody><\/table><\/figure>\n","protected":false},"excerpt":{"rendered":"<p>Unsere funktionellen Holzfaserstoffe: JELUXYL\u00ae HAHO F\u00fcr den Holzfaserstoff JELUXYL\u00ae HAHO wird ausschlie\u00dflich Hartholz verwendet. Hartholz w\u00e4chst langsamer als Weichholz und ist daher dichter und fester. Genauere Angaben zu Korngr\u00f6\u00dfe bzw. Faserl\u00e4nge finden sich in der folgenden Tabelle: JELUXYL\u00ae &nbsp; HAHO 120\/f HAHO 150\/30 HAHO MIX HAHO 50\/80 HAHO 1600 Produkt &nbsp; Hartholzmehl Aussehen &nbsp; hellbraunes [&hellip;]<\/p>\n","protected":false},"author":2,"featured_media":0,"parent":1474,"menu_order":5,"comment_status":"closed","ping_status":"closed","template":"page-extra-wide.php","meta":{"_acf_changed":false,"footnotes":""},"class_list":["post-1591","page","type-page","status-publish","hentry"],"acf":[],"_links":{"self":[{"href":"https:\/\/www.jelu-werk.com\/de\/wp-json\/wp\/v2\/pages\/1591","targetHints":{"allow":["GET"]}}],"collection":[{"href":"https:\/\/www.jelu-werk.com\/de\/wp-json\/wp\/v2\/pages"}],"about":[{"href":"https:\/\/www.jelu-werk.com\/de\/wp-json\/wp\/v2\/types\/page"}],"author":[{"embeddable":true,"href":"https:\/\/www.jelu-werk.com\/de\/wp-json\/wp\/v2\/users\/2"}],"replies":[{"embeddable":true,"href":"https:\/\/www.jelu-werk.com\/de\/wp-json\/wp\/v2\/comments?post=1591"}],"version-history":[{"count":1,"href":"https:\/\/www.jelu-werk.com\/de\/wp-json\/wp\/v2\/pages\/1591\/revisions"}],"predecessor-version":[{"id":4954451,"href":"https:\/\/www.jelu-werk.com\/de\/wp-json\/wp\/v2\/pages\/1591\/revisions\/4954451"}],"up":[{"embeddable":true,"href":"https:\/\/www.jelu-werk.com\/de\/wp-json\/wp\/v2\/pages\/1474"}],"wp:attachment":[{"href":"https:\/\/www.jelu-werk.com\/de\/wp-json\/wp\/v2\/media?parent=1591"}],"curies":[{"name":"wp","href":"https:\/\/api.w.org\/{rel}","templated":true}]}}