{"id":1548,"date":"2012-09-12T12:04:58","date_gmt":"2012-09-12T10:04:58","guid":{"rendered":"http:\/\/www.jelu-werk.com\/?page_id=1548"},"modified":"2022-10-06T19:45:39","modified_gmt":"2022-10-06T17:45:39","slug":"jelucel-hm-grobe-typen","status":"publish","type":"page","link":"https:\/\/www.jelu-werk.com\/de\/technische-industrie\/produkte\/funktionelle-cellulose\/jelucel-hm\/jelucel-hm-grobe-typen\/","title":{"rendered":"JELUCEL HM &#8211; Grobe Typen"},"content":{"rendered":"\n<h1 class=\"wp-block-heading\">Unsere funktionelle Cellulose JELUCEL\u00ae HM &#8211; Grobe Typen<a class=\"switch\" title=\"JELUCEL\u00ae HM \u2013 Feine Typen\" href=\"\/?page_id=1530\">Feine Typen<\/a><\/h1>\n\n\n\n<figure class=\"wp-block-table is-style-regular\"><table class=\"has-primary-color has-text-color\"><thead><tr><th>JELUCEL\u00ae<\/th><th>&nbsp;<\/th><th class=\"has-text-align-center\" data-align=\"center\">HM 400X<\/th><th class=\"has-text-align-center\" data-align=\"center\">HM 1000X<\/th><th class=\"has-text-align-center\" data-align=\"center\">HM 1500X<\/th><\/tr><\/thead><tbody><tr><td>Aussehen<\/td><td>&nbsp;<\/td><td class=\"has-text-align-center\" data-align=\"center\">wei\u00dfe Fasern<\/td><td class=\"has-text-align-center\" data-align=\"center\">wei\u00dfe Fasern<\/td><td class=\"has-text-align-center\" data-align=\"center\">wei\u00dfe Fasern<\/td><\/tr><tr><td>&nbsp;<\/td><td>&nbsp;<\/td><td class=\"has-text-align-center\" data-align=\"center\"><a href=\"https:\/\/www.jelu-werk.com\/wp-content\/uploads\/2022\/10\/HM-400X_200-fach_mit-schwarzem-hintergrund-3-min-e1665075371433.jpg\"><img loading=\"lazy\" decoding=\"async\" width=\"100\" height=\"100\" class=\"wp-image-4954399\" style=\"width: 100px;\" src=\"https:\/\/www.jelu-werk.com\/wp-content\/uploads\/2022\/10\/HM-400X_200-fach_mit-schwarzem-hintergrund-3-min-e1665075371433.jpg\" alt=\"HM 400 X - 200fach vergr\u00f6\u00dfert\" srcset=\"https:\/\/www.jelu-werk.com\/wp-content\/uploads\/2022\/10\/HM-400X_200-fach_mit-schwarzem-hintergrund-3-min-e1665075371433.jpg 1536w, https:\/\/www.jelu-werk.com\/wp-content\/uploads\/2022\/10\/HM-400X_200-fach_mit-schwarzem-hintergrund-3-min-e1665075371433-275x275.jpg 275w, https:\/\/www.jelu-werk.com\/wp-content\/uploads\/2022\/10\/HM-400X_200-fach_mit-schwarzem-hintergrund-3-min-e1665075371433-800x800.jpg 800w, https:\/\/www.jelu-werk.com\/wp-content\/uploads\/2022\/10\/HM-400X_200-fach_mit-schwarzem-hintergrund-3-min-e1665075371433-150x150.jpg 150w, https:\/\/www.jelu-werk.com\/wp-content\/uploads\/2022\/10\/HM-400X_200-fach_mit-schwarzem-hintergrund-3-min-e1665075371433-768x768.jpg 768w\" sizes=\"auto, (max-width: 100px) 100vw, 100px\" \/><\/a><\/td><td class=\"has-text-align-center\" data-align=\"center\"><a href=\"https:\/\/www.jelu-werk.com\/wp-content\/uploads\/2022\/10\/HM-1000X_200-fach_mit-schwarzem-hintergrund-2-min-e1665075417461.jpg\"><img loading=\"lazy\" decoding=\"async\" width=\"100\" height=\"100\" class=\"wp-image-4954401\" style=\"width: 100px;\" src=\"https:\/\/www.jelu-werk.com\/wp-content\/uploads\/2022\/10\/HM-1000X_200-fach_mit-schwarzem-hintergrund-2-min-e1665075417461.jpg\" alt=\"HM 1000X - 200fach vergr\u00f6\u00dfert\" srcset=\"https:\/\/www.jelu-werk.com\/wp-content\/uploads\/2022\/10\/HM-1000X_200-fach_mit-schwarzem-hintergrund-2-min-e1665075417461.jpg 1536w, https:\/\/www.jelu-werk.com\/wp-content\/uploads\/2022\/10\/HM-1000X_200-fach_mit-schwarzem-hintergrund-2-min-e1665075417461-275x275.jpg 275w, https:\/\/www.jelu-werk.com\/wp-content\/uploads\/2022\/10\/HM-1000X_200-fach_mit-schwarzem-hintergrund-2-min-e1665075417461-800x800.jpg 800w, https:\/\/www.jelu-werk.com\/wp-content\/uploads\/2022\/10\/HM-1000X_200-fach_mit-schwarzem-hintergrund-2-min-e1665075417461-150x150.jpg 150w, https:\/\/www.jelu-werk.com\/wp-content\/uploads\/2022\/10\/HM-1000X_200-fach_mit-schwarzem-hintergrund-2-min-e1665075417461-768x768.jpg 768w\" sizes=\"auto, (max-width: 100px) 100vw, 100px\" \/><\/a><\/td><td class=\"has-text-align-center\" data-align=\"center\"><a href=\"https:\/\/www.jelu-werk.com\/wp-content\/uploads\/2022\/10\/HM-1500X_200-fach_mit-schwarzem-hintergrund-2-min-e1665075434973.jpg\"><img loading=\"lazy\" decoding=\"async\" width=\"100\" height=\"100\" class=\"wp-image-4954403\" style=\"width: 100px;\" src=\"https:\/\/www.jelu-werk.com\/wp-content\/uploads\/2022\/10\/HM-1500X_200-fach_mit-schwarzem-hintergrund-2-min-e1665075434973.jpg\" alt=\"HM 1500X - 200fach vergr\u00f6\u00dfert\" srcset=\"https:\/\/www.jelu-werk.com\/wp-content\/uploads\/2022\/10\/HM-1500X_200-fach_mit-schwarzem-hintergrund-2-min-e1665075434973.jpg 1536w, https:\/\/www.jelu-werk.com\/wp-content\/uploads\/2022\/10\/HM-1500X_200-fach_mit-schwarzem-hintergrund-2-min-e1665075434973-275x275.jpg 275w, https:\/\/www.jelu-werk.com\/wp-content\/uploads\/2022\/10\/HM-1500X_200-fach_mit-schwarzem-hintergrund-2-min-e1665075434973-800x800.jpg 800w, https:\/\/www.jelu-werk.com\/wp-content\/uploads\/2022\/10\/HM-1500X_200-fach_mit-schwarzem-hintergrund-2-min-e1665075434973-150x150.jpg 150w, https:\/\/www.jelu-werk.com\/wp-content\/uploads\/2022\/10\/HM-1500X_200-fach_mit-schwarzem-hintergrund-2-min-e1665075434973-768x768.jpg 768w\" sizes=\"auto, (max-width: 100px) 100vw, 100px\" \/><\/a><\/td><\/tr><tr><td>Cellulosegehalt<\/td><td>[%]<\/td><td class=\"has-text-align-center\" data-align=\"center\">~ 99,5<\/td><td class=\"has-text-align-center\" data-align=\"center\">~ 99,5<\/td><td class=\"has-text-align-center\" data-align=\"center\">~ 99,5<\/td><\/tr><tr><td>Gl\u00fchr\u00fcckstand<\/td><td>[%]<\/td><td class=\"has-text-align-center\" data-align=\"center\">max. 0,5<\/td><td class=\"has-text-align-center\" data-align=\"center\">max. 0,5<\/td><td class=\"has-text-align-center\" data-align=\"center\">max. 0,5<\/td><\/tr><tr><td>Wei\u00dfe<\/td><td>[%]<\/td><td class=\"has-text-align-center\" data-align=\"center\">~ 85<\/td><td class=\"has-text-align-center\" data-align=\"center\">~ 85<\/td><td class=\"has-text-align-center\" data-align=\"center\">~ 85<\/td><\/tr><tr><td>Trockenverlust<\/td><td>[%]<\/td><td class=\"has-text-align-center\" data-align=\"center\">max. 8<\/td><td class=\"has-text-align-center\" data-align=\"center\">max. 8<\/td><td class=\"has-text-align-center\" data-align=\"center\">max. 8<\/td><\/tr><tr><td>Sch\u00fcttgewicht<\/td><td>[g\/l]<\/td><td class=\"has-text-align-center\" data-align=\"center\">~ 70<\/td><td class=\"has-text-align-center\" data-align=\"center\">~ 40<\/td><td class=\"has-text-align-center\" data-align=\"center\">~ 35<\/td><\/tr><tr><td>ph-Wert <br>(10 % Suspension)<\/td><td>&nbsp;<\/td><td class=\"has-text-align-center\" data-align=\"center\">5,0 &#8211; 8,0<\/td><td class=\"has-text-align-center\" data-align=\"center\">5,0 &#8211; 8,0<\/td><td class=\"has-text-align-center\" data-align=\"center\">5,0 &#8211; 8,0<\/td><\/tr><tr><td><strong>Siebr\u00fcckstand auf Alpine-Luftstrahlsieb<\/strong><\/td><\/tr><tr><td>32 \u00b5m<\/td><td>[%]<\/td><td class=\"has-text-align-center\" data-align=\"center\">~ 80<\/td><td class=\"has-text-align-center\" data-align=\"center\">~ 82<\/td><td class=\"has-text-align-center\" data-align=\"center\">~ 86<\/td><\/tr><tr><td>200 \u00b5m<\/td><td>[%]<\/td><td class=\"has-text-align-center\" data-align=\"center\">~ 6<\/td><td class=\"has-text-align-center\" data-align=\"center\">~ 12<\/td><td class=\"has-text-align-center\" data-align=\"center\">~ 20<\/td><\/tr><tr><td>500 \u00b5m<\/td><td>[%]<\/td><td class=\"has-text-align-center\" data-align=\"center\">&nbsp;Spuren<\/td><td class=\"has-text-align-center\" data-align=\"center\"><\/td><td class=\"has-text-align-center\" data-align=\"center\"><\/td><\/tr><tr><td>1000 \u00b5m<\/td><td>[%]<\/td><td class=\"has-text-align-center\" data-align=\"center\">&nbsp;<\/td><td class=\"has-text-align-center\" data-align=\"center\">Spuren&nbsp;<\/td><td class=\"has-text-align-center\" data-align=\"center\"><\/td><\/tr><tr><td>2000 \u00b5m<\/td><td>[%]<\/td><td class=\"has-text-align-center\" data-align=\"center\">&nbsp;<\/td><td class=\"has-text-align-center\" data-align=\"center\">&nbsp;<\/td><td class=\"has-text-align-center\" data-align=\"center\">Spuren<\/td><\/tr><\/tbody><\/table><\/figure>\n","protected":false},"excerpt":{"rendered":"<p>Unsere funktionelle Cellulose JELUCEL\u00ae HM &#8211; Grobe TypenFeine Typen JELUCEL\u00ae &nbsp; HM 400X HM 1000X HM 1500X Aussehen &nbsp; wei\u00dfe Fasern wei\u00dfe Fasern wei\u00dfe Fasern &nbsp; &nbsp; Cellulosegehalt [%] ~ 99,5 ~ 99,5 ~ 99,5 Gl\u00fchr\u00fcckstand [%] max. 0,5 max. 0,5 max. 0,5 Wei\u00dfe [%] ~ 85 ~ 85 ~ 85 Trockenverlust [%] max. 8 [&hellip;]<\/p>\n","protected":false},"author":2,"featured_media":0,"parent":1456,"menu_order":3,"comment_status":"closed","ping_status":"closed","template":"page-extra-wide.php","meta":{"_acf_changed":false,"footnotes":""},"class_list":["post-1548","page","type-page","status-publish","hentry"],"acf":[],"_links":{"self":[{"href":"https:\/\/www.jelu-werk.com\/de\/wp-json\/wp\/v2\/pages\/1548","targetHints":{"allow":["GET"]}}],"collection":[{"href":"https:\/\/www.jelu-werk.com\/de\/wp-json\/wp\/v2\/pages"}],"about":[{"href":"https:\/\/www.jelu-werk.com\/de\/wp-json\/wp\/v2\/types\/page"}],"author":[{"embeddable":true,"href":"https:\/\/www.jelu-werk.com\/de\/wp-json\/wp\/v2\/users\/2"}],"replies":[{"embeddable":true,"href":"https:\/\/www.jelu-werk.com\/de\/wp-json\/wp\/v2\/comments?post=1548"}],"version-history":[{"count":1,"href":"https:\/\/www.jelu-werk.com\/de\/wp-json\/wp\/v2\/pages\/1548\/revisions"}],"predecessor-version":[{"id":4954423,"href":"https:\/\/www.jelu-werk.com\/de\/wp-json\/wp\/v2\/pages\/1548\/revisions\/4954423"}],"up":[{"embeddable":true,"href":"https:\/\/www.jelu-werk.com\/de\/wp-json\/wp\/v2\/pages\/1456"}],"wp:attachment":[{"href":"https:\/\/www.jelu-werk.com\/de\/wp-json\/wp\/v2\/media?parent=1548"}],"curies":[{"name":"wp","href":"https:\/\/api.w.org\/{rel}","templated":true}]}}