{"id":1530,"date":"2012-09-12T11:20:06","date_gmt":"2012-09-12T09:20:06","guid":{"rendered":"http:\/\/www.jelu-werk.com\/?page_id=1530"},"modified":"2022-10-06T19:37:58","modified_gmt":"2022-10-06T17:37:58","slug":"jelucel-hm-pulvertypen","status":"publish","type":"page","link":"https:\/\/www.jelu-werk.com\/de\/technische-industrie\/produkte\/funktionelle-cellulose\/jelucel-hm\/jelucel-hm-pulvertypen\/","title":{"rendered":"JELUCEL HM &#8211; Feine Typen"},"content":{"rendered":"\n<h1 class=\"wp-block-heading\">Unsere funktionelle Cellulose JELUCEL\u00ae HM &#8211; Feine Typen<a class=\"switch\" title=\"JELUCEL\u00ae HM \u2013 Grobe Typen\" href=\"\/?page_id=1548\">Grobe Typen<\/a><\/h1>\n\n\n\n<figure class=\"wp-block-table\"><table><thead><tr><th>JELUCEL\u00ae<\/th><th>&nbsp;<\/th><th class=\"has-text-align-center\" data-align=\"center\">HM 30<\/th><th class=\"has-text-align-center\" data-align=\"center\">HM 75<\/th><th class=\"has-text-align-center\" data-align=\"center\">HM 90<\/th><th class=\"has-text-align-center\" data-align=\"center\">HM 150<\/th><th class=\"has-text-align-center\" data-align=\"center\">HM 200<\/th><th class=\"has-text-align-center\" data-align=\"center\">HM 300<\/th><\/tr><\/thead><tbody><tr><td>Aussehen<\/td><td>&nbsp;<\/td><td class=\"has-text-align-center\" data-align=\"center\">wei\u00dfes Pulver<\/td><td class=\"has-text-align-center\" data-align=\"center\">wei\u00dfes Pulver<\/td><td class=\"has-text-align-center\" data-align=\"center\">wei\u00dfes Pulver<\/td><td class=\"has-text-align-center\" data-align=\"center\">wei\u00dfes Pulver<\/td><td class=\"has-text-align-center\" data-align=\"center\">wei\u00dfes Pulver<\/td><td class=\"has-text-align-center\" data-align=\"center\">wei\u00dfes Pulver<\/td><\/tr><tr><td><\/td><td><\/td><td class=\"has-text-align-center\" data-align=\"center\"><a href=\"https:\/\/www.jelu-werk.com\/wp-content\/uploads\/2022\/10\/HM-30_200-fach_mit-schwarzem-hintergrund-2-min-e1665075251791.jpg\"><img loading=\"lazy\" decoding=\"async\" width=\"100\" height=\"100\" class=\"wp-image-4954387\" style=\"width: 100px;\" src=\"https:\/\/www.jelu-werk.com\/wp-content\/uploads\/2022\/10\/HM-30_200-fach_mit-schwarzem-hintergrund-2-min-e1665075251791.jpg\" alt=\"HM 30 - 200fach vergr\u00f6\u00dfert\" srcset=\"https:\/\/www.jelu-werk.com\/wp-content\/uploads\/2022\/10\/HM-30_200-fach_mit-schwarzem-hintergrund-2-min-e1665075251791.jpg 1536w, https:\/\/www.jelu-werk.com\/wp-content\/uploads\/2022\/10\/HM-30_200-fach_mit-schwarzem-hintergrund-2-min-e1665075251791-275x275.jpg 275w, https:\/\/www.jelu-werk.com\/wp-content\/uploads\/2022\/10\/HM-30_200-fach_mit-schwarzem-hintergrund-2-min-e1665075251791-800x800.jpg 800w, https:\/\/www.jelu-werk.com\/wp-content\/uploads\/2022\/10\/HM-30_200-fach_mit-schwarzem-hintergrund-2-min-e1665075251791-150x150.jpg 150w, https:\/\/www.jelu-werk.com\/wp-content\/uploads\/2022\/10\/HM-30_200-fach_mit-schwarzem-hintergrund-2-min-e1665075251791-768x768.jpg 768w\" sizes=\"auto, (max-width: 100px) 100vw, 100px\" \/><\/a><\/td><td class=\"has-text-align-center\" data-align=\"center\"><a href=\"https:\/\/www.jelu-werk.com\/wp-content\/uploads\/2022\/10\/HM-75_200-fach_mit-schwarzem-hintergrund-min-e1665075269457.jpg\"><img loading=\"lazy\" decoding=\"async\" width=\"100\" height=\"100\" class=\"wp-image-4954389\" style=\"width: 100px;\" src=\"https:\/\/www.jelu-werk.com\/wp-content\/uploads\/2022\/10\/HM-75_200-fach_mit-schwarzem-hintergrund-min-e1665075269457.jpg\" alt=\"HM 75 - 200fach vergr\u00f6\u00dfert\" srcset=\"https:\/\/www.jelu-werk.com\/wp-content\/uploads\/2022\/10\/HM-75_200-fach_mit-schwarzem-hintergrund-min-e1665075269457.jpg 1536w, https:\/\/www.jelu-werk.com\/wp-content\/uploads\/2022\/10\/HM-75_200-fach_mit-schwarzem-hintergrund-min-e1665075269457-275x275.jpg 275w, https:\/\/www.jelu-werk.com\/wp-content\/uploads\/2022\/10\/HM-75_200-fach_mit-schwarzem-hintergrund-min-e1665075269457-800x800.jpg 800w, https:\/\/www.jelu-werk.com\/wp-content\/uploads\/2022\/10\/HM-75_200-fach_mit-schwarzem-hintergrund-min-e1665075269457-150x150.jpg 150w, https:\/\/www.jelu-werk.com\/wp-content\/uploads\/2022\/10\/HM-75_200-fach_mit-schwarzem-hintergrund-min-e1665075269457-768x768.jpg 768w\" sizes=\"auto, (max-width: 100px) 100vw, 100px\" \/><\/a><\/td><td class=\"has-text-align-center\" data-align=\"center\"><a href=\"https:\/\/www.jelu-werk.com\/wp-content\/uploads\/2022\/10\/HM-90_200-fach_mit-schwarzem-hintergrund-min-e1665075285233.jpg\"><img loading=\"lazy\" decoding=\"async\" width=\"100\" height=\"100\" class=\"wp-image-4954391\" style=\"width: 100px;\" src=\"https:\/\/www.jelu-werk.com\/wp-content\/uploads\/2022\/10\/HM-90_200-fach_mit-schwarzem-hintergrund-min-e1665075285233.jpg\" alt=\"HM 90 - 200fach vergr\u00f6\u00dfert\" srcset=\"https:\/\/www.jelu-werk.com\/wp-content\/uploads\/2022\/10\/HM-90_200-fach_mit-schwarzem-hintergrund-min-e1665075285233.jpg 1536w, https:\/\/www.jelu-werk.com\/wp-content\/uploads\/2022\/10\/HM-90_200-fach_mit-schwarzem-hintergrund-min-e1665075285233-275x275.jpg 275w, https:\/\/www.jelu-werk.com\/wp-content\/uploads\/2022\/10\/HM-90_200-fach_mit-schwarzem-hintergrund-min-e1665075285233-800x800.jpg 800w, https:\/\/www.jelu-werk.com\/wp-content\/uploads\/2022\/10\/HM-90_200-fach_mit-schwarzem-hintergrund-min-e1665075285233-150x150.jpg 150w, https:\/\/www.jelu-werk.com\/wp-content\/uploads\/2022\/10\/HM-90_200-fach_mit-schwarzem-hintergrund-min-e1665075285233-768x768.jpg 768w\" sizes=\"auto, (max-width: 100px) 100vw, 100px\" \/><\/a><\/td><td class=\"has-text-align-center\" data-align=\"center\"><a href=\"https:\/\/www.jelu-werk.com\/wp-content\/uploads\/2022\/10\/HM-150_200-fach_mit-schwarzem-hintergrund-2-min-e1665075314893.jpg\"><img loading=\"lazy\" decoding=\"async\" width=\"100\" height=\"100\" class=\"wp-image-4954393\" style=\"width: 100px;\" src=\"https:\/\/www.jelu-werk.com\/wp-content\/uploads\/2022\/10\/HM-150_200-fach_mit-schwarzem-hintergrund-2-min-e1665075314893.jpg\" alt=\"HM 150 - 200fach vergr\u00f6\u00dfert\" srcset=\"https:\/\/www.jelu-werk.com\/wp-content\/uploads\/2022\/10\/HM-150_200-fach_mit-schwarzem-hintergrund-2-min-e1665075314893.jpg 1536w, https:\/\/www.jelu-werk.com\/wp-content\/uploads\/2022\/10\/HM-150_200-fach_mit-schwarzem-hintergrund-2-min-e1665075314893-275x275.jpg 275w, https:\/\/www.jelu-werk.com\/wp-content\/uploads\/2022\/10\/HM-150_200-fach_mit-schwarzem-hintergrund-2-min-e1665075314893-800x800.jpg 800w, https:\/\/www.jelu-werk.com\/wp-content\/uploads\/2022\/10\/HM-150_200-fach_mit-schwarzem-hintergrund-2-min-e1665075314893-150x150.jpg 150w, https:\/\/www.jelu-werk.com\/wp-content\/uploads\/2022\/10\/HM-150_200-fach_mit-schwarzem-hintergrund-2-min-e1665075314893-768x768.jpg 768w\" sizes=\"auto, (max-width: 100px) 100vw, 100px\" \/><\/a><\/td><td class=\"has-text-align-center\" data-align=\"center\"><a href=\"https:\/\/www.jelu-werk.com\/wp-content\/uploads\/2022\/10\/HM-200_200-fach_mit-schwarzem-hintergrund-min-e1665075335802.jpg\"><img loading=\"lazy\" decoding=\"async\" width=\"100\" height=\"100\" class=\"wp-image-4954395\" style=\"width: 100px;\" src=\"https:\/\/www.jelu-werk.com\/wp-content\/uploads\/2022\/10\/HM-200_200-fach_mit-schwarzem-hintergrund-min-e1665075335802.jpg\" alt=\"HM 200 - 200fach vergr\u00f6\u00dfert\" srcset=\"https:\/\/www.jelu-werk.com\/wp-content\/uploads\/2022\/10\/HM-200_200-fach_mit-schwarzem-hintergrund-min-e1665075335802.jpg 1536w, https:\/\/www.jelu-werk.com\/wp-content\/uploads\/2022\/10\/HM-200_200-fach_mit-schwarzem-hintergrund-min-e1665075335802-275x275.jpg 275w, https:\/\/www.jelu-werk.com\/wp-content\/uploads\/2022\/10\/HM-200_200-fach_mit-schwarzem-hintergrund-min-e1665075335802-800x800.jpg 800w, https:\/\/www.jelu-werk.com\/wp-content\/uploads\/2022\/10\/HM-200_200-fach_mit-schwarzem-hintergrund-min-e1665075335802-150x150.jpg 150w, https:\/\/www.jelu-werk.com\/wp-content\/uploads\/2022\/10\/HM-200_200-fach_mit-schwarzem-hintergrund-min-e1665075335802-768x768.jpg 768w\" sizes=\"auto, (max-width: 100px) 100vw, 100px\" \/><\/a><\/td><td class=\"has-text-align-center\" data-align=\"center\"><a href=\"https:\/\/www.jelu-werk.com\/wp-content\/uploads\/2022\/10\/HM-300_200-fach_mit-schwarzem-hintergrund-2-min-e1665075353238.jpg\"><img loading=\"lazy\" decoding=\"async\" width=\"100\" height=\"100\" class=\"wp-image-4954397\" style=\"width: 100px;\" src=\"https:\/\/www.jelu-werk.com\/wp-content\/uploads\/2022\/10\/HM-300_200-fach_mit-schwarzem-hintergrund-2-min-e1665075353238.jpg\" alt=\"HM 300 - 200fach vergr\u00f6\u00dfert\" srcset=\"https:\/\/www.jelu-werk.com\/wp-content\/uploads\/2022\/10\/HM-300_200-fach_mit-schwarzem-hintergrund-2-min-e1665075353238.jpg 1536w, https:\/\/www.jelu-werk.com\/wp-content\/uploads\/2022\/10\/HM-300_200-fach_mit-schwarzem-hintergrund-2-min-e1665075353238-275x275.jpg 275w, https:\/\/www.jelu-werk.com\/wp-content\/uploads\/2022\/10\/HM-300_200-fach_mit-schwarzem-hintergrund-2-min-e1665075353238-800x800.jpg 800w, https:\/\/www.jelu-werk.com\/wp-content\/uploads\/2022\/10\/HM-300_200-fach_mit-schwarzem-hintergrund-2-min-e1665075353238-150x150.jpg 150w, https:\/\/www.jelu-werk.com\/wp-content\/uploads\/2022\/10\/HM-300_200-fach_mit-schwarzem-hintergrund-2-min-e1665075353238-768x768.jpg 768w\" sizes=\"auto, (max-width: 100px) 100vw, 100px\" \/><\/a><\/td><\/tr><tr><td>Cellulosegehalt<\/td><td>[%]<\/td><td class=\"has-text-align-center\" data-align=\"center\">~ 99.5<\/td><td class=\"has-text-align-center\" data-align=\"center\">~ 99.5<\/td><td class=\"has-text-align-center\" data-align=\"center\">~ 99.5<\/td><td class=\"has-text-align-center\" data-align=\"center\">~ 99.5<\/td><td class=\"has-text-align-center\" data-align=\"center\">~ 99.5<\/td><td class=\"has-text-align-center\" data-align=\"center\">~ 99.5<\/td><\/tr><tr><td>Wei\u00dfe<\/td><td>[%]<\/td><td class=\"has-text-align-center\" data-align=\"center\">~ 90<\/td><td class=\"has-text-align-center\" data-align=\"center\">~ 90<\/td><td class=\"has-text-align-center\" data-align=\"center\">~ 90<\/td><td class=\"has-text-align-center\" data-align=\"center\">~ 90<\/td><td class=\"has-text-align-center\" data-align=\"center\">~ 90<\/td><td class=\"has-text-align-center\" data-align=\"center\">~ 90<\/td><\/tr><tr><td>Gl\u00fchr\u00fcckstand<\/td><td>[%]<\/td><td class=\"has-text-align-center\" data-align=\"center\">max. 0,5<\/td><td class=\"has-text-align-center\" data-align=\"center\">max. 0,5<\/td><td class=\"has-text-align-center\" data-align=\"center\">max. 0,5<\/td><td class=\"has-text-align-center\" data-align=\"center\">max. 0,5<\/td><td class=\"has-text-align-center\" data-align=\"center\">max. 0,5<\/td><td class=\"has-text-align-center\" data-align=\"center\">max. 0,5<\/td><\/tr><tr><td>Trockenverlust<\/td><td>[%]<\/td><td class=\"has-text-align-center\" data-align=\"center\">max. 8<\/td><td class=\"has-text-align-center\" data-align=\"center\">max. 8<\/td><td class=\"has-text-align-center\" data-align=\"center\">max. 8<\/td><td class=\"has-text-align-center\" data-align=\"center\">max. 8<\/td><td class=\"has-text-align-center\" data-align=\"center\">max. 8<\/td><td class=\"has-text-align-center\" data-align=\"center\">max. 8<\/td><\/tr><tr><td>Sch\u00fcttgewicht<\/td><td>[g\/l]<\/td><td class=\"has-text-align-center\" data-align=\"center\">~ 225<\/td><td class=\"has-text-align-center\" data-align=\"center\">~ 215<\/td><td class=\"has-text-align-center\" data-align=\"center\">~ 185<\/td><td class=\"has-text-align-center\" data-align=\"center\">~ 170<\/td><td class=\"has-text-align-center\" data-align=\"center\">~ 140<\/td><td class=\"has-text-align-center\" data-align=\"center\">~ 130<\/td><\/tr><tr><td>pH-Wert (10% Suspension)<\/td><td>&nbsp;<\/td><td class=\"has-text-align-center\" data-align=\"center\">5,0 &#8211; 8,0<\/td><td class=\"has-text-align-center\" data-align=\"center\">5,0 &#8211; 8,0<\/td><td class=\"has-text-align-center\" data-align=\"center\">5,0 &#8211; 8,0<\/td><td class=\"has-text-align-center\" data-align=\"center\">5,0 &#8211; 8,0<\/td><td class=\"has-text-align-center\" data-align=\"center\">5,0 &#8211; 8,0<\/td><td class=\"has-text-align-center\" data-align=\"center\">5,0 &#8211; 8,0<\/td><\/tr><tr><td>Siebr\u00fcckstand auf Alpine-Luftstrahlsieb<\/td><\/tr><tr><td>32 \u00b5m<\/td><td>[%]<\/td><td class=\"has-text-align-center\" data-align=\"center\">~ 6<\/td><td class=\"has-text-align-center\" data-align=\"center\">~ 12<\/td><td class=\"has-text-align-center\" data-align=\"center\">~ 38<\/td><td class=\"has-text-align-center\" data-align=\"center\">~ 45<\/td><td class=\"has-text-align-center\" data-align=\"center\">~ 56<\/td><td class=\"has-text-align-center\" data-align=\"center\">~ 62<\/td><\/tr><tr><td>50 \u00b5m<\/td><td>[%]<\/td><td class=\"has-text-align-center\" data-align=\"center\">\u00a0~ 2<\/td><td class=\"has-text-align-center\" data-align=\"center\">~ 2<\/td><td class=\"has-text-align-center\" data-align=\"center\"><\/td><td class=\"has-text-align-center\" data-align=\"center\"><\/td><td class=\"has-text-align-center\" data-align=\"center\"><\/td><td class=\"has-text-align-center\" data-align=\"center\"><\/td><\/tr><tr><td>100 \u00b5m<\/td><td>[%]<\/td><td class=\"has-text-align-center\" data-align=\"center\">&nbsp;<\/td><td class=\"has-text-align-center\" data-align=\"center\">Spuren<\/td><td class=\"has-text-align-center\" data-align=\"center\">~ 3<\/td><td class=\"has-text-align-center\" data-align=\"center\">~ 4<\/td><td class=\"has-text-align-center\" data-align=\"center\">\u00a0~ 13<\/td><td class=\"has-text-align-center\" data-align=\"center\">~ 16\u00a0<\/td><\/tr><tr><td>150 \u00b5m<\/td><td>[%]<\/td><td class=\"has-text-align-center\" data-align=\"center\">&nbsp;<\/td><td class=\"has-text-align-center\" data-align=\"center\">&nbsp;<\/td><td class=\"has-text-align-center\" data-align=\"center\">\u00a0Spuren<\/td><td class=\"has-text-align-center\" data-align=\"center\">Spuren\u00a0<\/td><td class=\"has-text-align-center\" data-align=\"center\"><\/td><td class=\"has-text-align-center\" data-align=\"center\">&nbsp;<\/td><\/tr><tr><td>200 \u00b5m<\/td><td>[%]<\/td><td class=\"has-text-align-center\" data-align=\"center\">&nbsp;<\/td><td class=\"has-text-align-center\" data-align=\"center\">&nbsp;<\/td><td class=\"has-text-align-center\" data-align=\"center\">&nbsp;<\/td><td class=\"has-text-align-center\" data-align=\"center\">&nbsp;<\/td><td class=\"has-text-align-center\" data-align=\"center\">\u00a0~ 2<\/td><td class=\"has-text-align-center\" data-align=\"center\"><\/td><\/tr><tr><td>300 \u00b5m<\/td><td>[%]<\/td><td class=\"has-text-align-center\" data-align=\"center\">&nbsp;<\/td><td class=\"has-text-align-center\" data-align=\"center\">&nbsp;<\/td><td class=\"has-text-align-center\" data-align=\"center\">&nbsp;<\/td><td class=\"has-text-align-center\" data-align=\"center\">&nbsp;<\/td><td class=\"has-text-align-center\" data-align=\"center\">&nbsp;<\/td><td class=\"has-text-align-center\" data-align=\"center\">Spuren\u00a0<\/td><\/tr><\/tbody><\/table><\/figure>\n","protected":false},"excerpt":{"rendered":"<p>Unsere funktionelle Cellulose JELUCEL\u00ae HM &#8211; Feine TypenGrobe Typen JELUCEL\u00ae &nbsp; HM 30 HM 75 HM 90 HM 150 HM 200 HM 300 Aussehen &nbsp; wei\u00dfes Pulver wei\u00dfes Pulver wei\u00dfes Pulver wei\u00dfes Pulver wei\u00dfes Pulver wei\u00dfes Pulver Cellulosegehalt [%] ~ 99.5 ~ 99.5 ~ 99.5 ~ 99.5 ~ 99.5 ~ 99.5 Wei\u00dfe [%] ~ 90 [&hellip;]<\/p>\n","protected":false},"author":2,"featured_media":0,"parent":1456,"menu_order":0,"comment_status":"closed","ping_status":"closed","template":"page-extra-wide.php","meta":{"_acf_changed":false,"footnotes":""},"class_list":["post-1530","page","type-page","status-publish","hentry"],"acf":[],"_links":{"self":[{"href":"https:\/\/www.jelu-werk.com\/de\/wp-json\/wp\/v2\/pages\/1530","targetHints":{"allow":["GET"]}}],"collection":[{"href":"https:\/\/www.jelu-werk.com\/de\/wp-json\/wp\/v2\/pages"}],"about":[{"href":"https:\/\/www.jelu-werk.com\/de\/wp-json\/wp\/v2\/types\/page"}],"author":[{"embeddable":true,"href":"https:\/\/www.jelu-werk.com\/de\/wp-json\/wp\/v2\/users\/2"}],"replies":[{"embeddable":true,"href":"https:\/\/www.jelu-werk.com\/de\/wp-json\/wp\/v2\/comments?post=1530"}],"version-history":[{"count":1,"href":"https:\/\/www.jelu-werk.com\/de\/wp-json\/wp\/v2\/pages\/1530\/revisions"}],"predecessor-version":[{"id":4954418,"href":"https:\/\/www.jelu-werk.com\/de\/wp-json\/wp\/v2\/pages\/1530\/revisions\/4954418"}],"up":[{"embeddable":true,"href":"https:\/\/www.jelu-werk.com\/de\/wp-json\/wp\/v2\/pages\/1456"}],"wp:attachment":[{"href":"https:\/\/www.jelu-werk.com\/de\/wp-json\/wp\/v2\/media?parent=1530"}],"curies":[{"name":"wp","href":"https:\/\/api.w.org\/{rel}","templated":true}]}}