{"id":1324,"date":"2012-09-10T16:55:34","date_gmt":"2012-09-10T14:55:34","guid":{"rendered":"http:\/\/www.jelu-werk.com\/?page_id=1324"},"modified":"2022-08-16T19:44:20","modified_gmt":"2022-08-16T17:44:20","slug":"produkte","status":"publish","type":"page","link":"https:\/\/www.jelu-werk.com\/de\/technische-industrie\/produkte\/","title":{"rendered":"Produkte"},"content":{"rendered":"\n<div class=\"wp-block-columns jelu-columns-wrapper is-layout-flex wp-container-core-columns-is-layout-9d6595d7 wp-block-columns-is-layout-flex\">\n<div class=\"wp-block-column jelu-column-content is-layout-flow wp-block-column-is-layout-flow\" style=\"flex-basis:66.666666%\">\n<h1 class=\"wp-block-heading\">Cellulosen und Holzfaserstoffe<\/h1>\n\n\n\n<figure class=\"wp-block-image alignright size-large is-resized\"><img decoding=\"async\" src=\"http:\/\/www.jelu-werk.com\/wp-content\/uploads\/2012\/09\/Lager.jpg\" alt=\"Lager\" width=\"225\"\/><\/figure>\n\n\n\n<p>Unsere funktionellen Cellulosen und Holzfaserstoffe haben sich in zahlreichen Anwendungen der technischen Industrie bew\u00e4hrt. Sie werden zur Verbesserung der Produkteigenschaften eingesetzt und sorgen f\u00fcr optimale Qualit\u00e4t. Sowohl bei den Cellulosen als auch den Holzfaserstoffen bieten wir je drei Produktgruppen an.<\/p>\n\n\n\n<p>Die Cellulose-Qualit\u00e4ten unterscheiden sich im Wei\u00dfegrad und in der Korngr\u00f6\u00dfe bzw. Faserl\u00e4nge.  Erh\u00e4ltlich sind die JELUCEL\u00ae Cellulosen als Pulver oder Fasern. Wesentliche Kriterien f\u00fcr die Unterscheidung der JELUXYL\u00ae Holzfaserstoffe sind Mahlgrad und Holzart. Auch die Holzfaserstoffe sind in Form von Pulver und Fasern erh\u00e4ltlich.<\/p>\n\n\n\n<p>JELUCEL\u00ae und JELUXYL\u00ae sind in unterschiedlichsten Gebinden und Beh\u00e4ltnissen lieferbar: als Kleinverpackung, im Papier- bzw. Polysack, lose im Silo und als BigBag.<\/p>\n<\/div>\n\n\n\n<div class=\"wp-block-column jelu-column-sidebar is-layout-flow wp-block-column-is-layout-flow\" style=\"flex-basis:33.333333%\"><\/div>\n<\/div>\n","protected":false},"excerpt":{"rendered":"<p>Cellulosen und Holzfaserstoffe Unsere funktionellen Cellulosen und Holzfaserstoffe haben sich in zahlreichen Anwendungen der technischen Industrie bew\u00e4hrt. Sie werden zur Verbesserung der Produkteigenschaften eingesetzt und sorgen f\u00fcr optimale Qualit\u00e4t. Sowohl bei den Cellulosen als auch den Holzfaserstoffen bieten wir je drei Produktgruppen an. Die Cellulose-Qualit\u00e4ten unterscheiden sich im Wei\u00dfegrad und in der Korngr\u00f6\u00dfe bzw. Faserl\u00e4nge. [&hellip;]<\/p>\n","protected":false},"author":2,"featured_media":0,"parent":120,"menu_order":0,"comment_status":"closed","ping_status":"closed","template":"page-2-col-sidebar-right.php","meta":{"_acf_changed":false,"footnotes":""},"class_list":["post-1324","page","type-page","status-publish","hentry"],"acf":[],"_links":{"self":[{"href":"https:\/\/www.jelu-werk.com\/de\/wp-json\/wp\/v2\/pages\/1324","targetHints":{"allow":["GET"]}}],"collection":[{"href":"https:\/\/www.jelu-werk.com\/de\/wp-json\/wp\/v2\/pages"}],"about":[{"href":"https:\/\/www.jelu-werk.com\/de\/wp-json\/wp\/v2\/types\/page"}],"author":[{"embeddable":true,"href":"https:\/\/www.jelu-werk.com\/de\/wp-json\/wp\/v2\/users\/2"}],"replies":[{"embeddable":true,"href":"https:\/\/www.jelu-werk.com\/de\/wp-json\/wp\/v2\/comments?post=1324"}],"version-history":[{"count":2,"href":"https:\/\/www.jelu-werk.com\/de\/wp-json\/wp\/v2\/pages\/1324\/revisions"}],"predecessor-version":[{"id":4953607,"href":"https:\/\/www.jelu-werk.com\/de\/wp-json\/wp\/v2\/pages\/1324\/revisions\/4953607"}],"up":[{"embeddable":true,"href":"https:\/\/www.jelu-werk.com\/de\/wp-json\/wp\/v2\/pages\/120"}],"wp:attachment":[{"href":"https:\/\/www.jelu-werk.com\/de\/wp-json\/wp\/v2\/media?parent=1324"}],"curies":[{"name":"wp","href":"https:\/\/api.w.org\/{rel}","templated":true}]}}