{"id":1303,"date":"2012-09-10T16:13:10","date_gmt":"2012-09-10T14:13:10","guid":{"rendered":"http:\/\/www.jelu-werk.com\/?page_id=1303"},"modified":"2022-08-16T19:43:23","modified_gmt":"2022-08-16T17:43:23","slug":"wanddekoration","status":"publish","type":"page","link":"https:\/\/www.jelu-werk.com\/de\/technische-industrie\/anwendungen\/wanddekoration\/","title":{"rendered":"Wanddekoration"},"content":{"rendered":"\n<div class=\"wp-block-columns jelu-columns-wrapper is-layout-flex wp-container-core-columns-is-layout-9d6595d7 wp-block-columns-is-layout-flex\">\n<div class=\"wp-block-column jelu-column-content is-layout-flow wp-block-column-is-layout-flow\" style=\"flex-basis:66.666666%\">\n<h1 class=\"wp-block-heading\">Cellulosefasern und Holzfasern als Strukturgeber f\u00fcr Wanddekorationen<\/h1>\n\n\n\n<figure class=\"wp-block-image alignright size-large is-resized size-full wp-image-3062\"><img decoding=\"async\" src=\"http:\/\/www.jelu-werk.com\/wp-content\/uploads\/2012\/12\/Raufaser.jpg\" alt=\"Cellulose und Holzfaserstoffe zur Strukturgebung von Raufasertapeten und fl\u00fcssigen Wanddekorations-Systemen\" width=\"225\"\/><figcaption>Cellulosen und Holzfaserstoffe verleihen den Oberfl\u00e4chen von Raufasertapeten und fl\u00fcssigen Wanddekorations-Systemen eine Struktur.<\/figcaption><\/figure>\n\n\n\n<p>Rauhfasertapeten und fl\u00fcssige Systeme zur Wanddekoration werden in unterschiedlichen Oberfl\u00e4chenstrukturen angeboten.<\/p>\n\n\n\n<p>JELUXYL\u00ae und JELUCEL\u00ae verschiedenster Faser- und Strukturverteilungen erm\u00f6glichen die Herstellung moderner und vielf\u00e4ltiger Oberfl\u00e4chen.<\/p>\n\n\n\n<p>Empfohlen werden unsere Standardqualit\u00e4ten:<\/p>\n\n\n\n<ul class=\"wp-block-list\"><li>JELUCEL\u00ae HM 300<\/li><li>JELUCEL\u00ae HM 1000X<\/li><li>JELUXYL\u00ae HW 50\/100<\/li><li>JELUXYL\u00ae HW 200\/400<\/li><li>JELUXYL\u00ae HW 300\/500<\/li><\/ul>\n\n\n\n<p class=\"infobox phone\">Auch Sonderqualit\u00e4ten sind auf Anfrage erh\u00e4ltlich: <span class=\"nowrap\"><strong>Tel. +49 (0)7967 \u2013 9091 \u2013 0<\/strong>.<\/span><\/p>\n<\/div>\n\n\n\n<div class=\"wp-block-column jelu-column-sidebar is-layout-flow wp-block-column-is-layout-flow\" style=\"flex-basis:33.333333%\"><\/div>\n<\/div>\n","protected":false},"excerpt":{"rendered":"<p>Cellulosefasern und Holzfasern als Strukturgeber f\u00fcr Wanddekorationen Rauhfasertapeten und fl\u00fcssige Systeme zur Wanddekoration werden in unterschiedlichen Oberfl\u00e4chenstrukturen angeboten. JELUXYL\u00ae und JELUCEL\u00ae verschiedenster Faser- und Strukturverteilungen erm\u00f6glichen die Herstellung moderner und vielf\u00e4ltiger Oberfl\u00e4chen. Empfohlen werden unsere Standardqualit\u00e4ten: JELUCEL\u00ae HM 300 JELUCEL\u00ae HM 1000X JELUXYL\u00ae HW 50\/100 JELUXYL\u00ae HW 200\/400 JELUXYL\u00ae HW 300\/500 Auch Sonderqualit\u00e4ten sind auf [&hellip;]<\/p>\n","protected":false},"author":2,"featured_media":0,"parent":1101,"menu_order":12,"comment_status":"closed","ping_status":"closed","template":"page-2-col-sidebar-right.php","meta":{"_acf_changed":false,"footnotes":""},"class_list":["post-1303","page","type-page","status-publish","hentry"],"acf":[],"_links":{"self":[{"href":"https:\/\/www.jelu-werk.com\/de\/wp-json\/wp\/v2\/pages\/1303","targetHints":{"allow":["GET"]}}],"collection":[{"href":"https:\/\/www.jelu-werk.com\/de\/wp-json\/wp\/v2\/pages"}],"about":[{"href":"https:\/\/www.jelu-werk.com\/de\/wp-json\/wp\/v2\/types\/page"}],"author":[{"embeddable":true,"href":"https:\/\/www.jelu-werk.com\/de\/wp-json\/wp\/v2\/users\/2"}],"replies":[{"embeddable":true,"href":"https:\/\/www.jelu-werk.com\/de\/wp-json\/wp\/v2\/comments?post=1303"}],"version-history":[{"count":3,"href":"https:\/\/www.jelu-werk.com\/de\/wp-json\/wp\/v2\/pages\/1303\/revisions"}],"predecessor-version":[{"id":4953605,"href":"https:\/\/www.jelu-werk.com\/de\/wp-json\/wp\/v2\/pages\/1303\/revisions\/4953605"}],"up":[{"embeddable":true,"href":"https:\/\/www.jelu-werk.com\/de\/wp-json\/wp\/v2\/pages\/1101"}],"wp:attachment":[{"href":"https:\/\/www.jelu-werk.com\/de\/wp-json\/wp\/v2\/media?parent=1303"}],"curies":[{"name":"wp","href":"https:\/\/api.w.org\/{rel}","templated":true}]}}