{"id":1297,"date":"2012-09-10T16:07:35","date_gmt":"2012-09-10T14:07:35","guid":{"rendered":"http:\/\/www.jelu-werk.com\/?page_id=1297"},"modified":"2022-08-16T19:42:30","modified_gmt":"2022-08-16T17:42:30","slug":"cellulose-fuer-schweisselektroden","status":"publish","type":"page","link":"https:\/\/www.jelu-werk.com\/de\/technische-industrie\/anwendungen\/cellulose-fuer-schweisselektroden\/","title":{"rendered":"Schwei\u00dfelektroden"},"content":{"rendered":"\n<div class=\"wp-block-columns jelu-columns-wrapper is-layout-flex wp-container-core-columns-is-layout-9d6595d7 wp-block-columns-is-layout-flex\">\n<div class=\"wp-block-column jelu-column-content is-layout-flow wp-block-column-is-layout-flow\" style=\"flex-basis:66.666666%\">\n<h1 class=\"wp-block-heading\">Cellulose als F\u00fcllstoff in Schwei\u00dfelektroden<\/h1>\n\n\n\n<figure class=\"wp-block-image alignright size-large is-resized size-full wp-image-3059\"><img decoding=\"async\" src=\"http:\/\/www.jelu-werk.com\/wp-content\/uploads\/2012\/12\/Schweisselektrode.jpg\" alt=\"Cellulosefasern und Holzfaserstoffe f\u00fcr Schwei\u00dfelektroden\" width=\"175\"\/><figcaption>Als Zuschlagstoffe f\u00fcr Mantelmassen von Schwei\u00dfelektroden sch\u00fctzen Cellulosen und Holzfaserstoffe Schwei\u00dfn\u00e4hte vor Oxidation.<\/figcaption><\/figure>\n\n\n\n<p>Wir produzieren Cellulosefasern und Holzfaserstoffe f\u00fcr Umh\u00fcllungen von Schwei\u00dfelektroden. Folgende Produkte aus unserem Sortiment haben sich seit Jahrzehnten bew\u00e4hrt:<\/p>\n\n\n\n<ul class=\"wp-block-list\"><li>JELUCEL\u00ae HM 150<\/li><li>JELUXYL\u00ae WEHO 120\/f.<\/li><\/ul>\n\n\n\n<h2 class=\"wp-block-heading\">Cellulose f\u00fcr Schwei\u00dfelektroden<\/h2>\n\n\n\n<p>Der Zusatz von Cellulosefasern und Holzfaserstoffen in Mantelmassen von Schwei\u00dfelektroden ist eine der \u00e4ltesten Anwendungen f\u00fcr diese funktionellen F\u00fcllstoffe. Die Umh\u00fcllung von Schwei\u00dfelektroden \u00fcbernimmt beim Schwei\u00dfen bestimmte Aufgaben. Die Art und der Aufbau der Umh\u00fcllung bestimmen dabei den Abschmelzcharakter der Stabelektrode und ihre Schwei\u00dfeigenschaften.<\/p>\n\n\n\n<p>Grunds\u00e4tzlich werden folgende Umh\u00fcllungstypen unterschieden:<\/p>\n\n\n\n<ul class=\"wp-block-list\"><li>A = sauer-umh\u00fcllt<\/li><li>R = rutil-umh\u00fcllt<\/li><li>RR = Rutil, dick umh\u00fcllt<\/li><li>RA = rutilsauer-umh\u00fcllt<\/li><li>C = Cellulose<\/li><li>R(C) = Rutilcellulose<\/li><li>RR(C)= Rutilcellulose, dick umh\u00fcllt<\/li><li>B = basisch-umh\u00fcllt<\/li><li>R(B) = Rutil mit basischen Anteilen<\/li><li>RR = rutilbasisch, dick umh\u00fcllt<\/li><\/ul>\n\n\n\n<p>Je nach Zusammensetzung und Dicke der Umh\u00fcllung ver\u00e4ndern sich die Stabilit\u00e4t des Lichtbogens, der Werkstoff\u00fcbergang beim Schwei\u00dfen sowie die Viskosit\u00e4t von Schlacke und Schmelzbad.<br>\nCellulose und Holzfaserstoffe verbrennen beim Schwei\u00dfvorgang zu Kohlenoxiden. Als Schutzgase sch\u00fctzen sie die Schwei\u00dfnaht vor Oxidation. Da die Cellulose vollst\u00e4ndig verbrennt, bilden cellulosehaltige Ummantelungen weniger Schlacke und eignen sich daher f\u00fcr extreme Schwei\u00dfpositionen. Celluloseelektroden werden f\u00fcr das Fallnahtschwei\u00dfen eingesetzt, insbesondere f\u00fcr das Schwei\u00dfen der Rundn\u00e4hte von Pipelines. Beim Schwei\u00dfen sorgt Cellulose f\u00fcr eine hohe Einbrandtiefe und daf\u00fcr, dass eine betr\u00e4chtliche Menge Grundwerkstoff aufgeschmolzen wird. <\/p>\n\n\n\n<p>Neben reinen Celluloseelektroden gibt es auch Mischtypen. Bei diesen Elektrodentypen wirkt sich der Celluloseanteil positiv auf die Aufschmelzeigenschaften und den Werkstoff\u00fcbergang aus.<\/p>\n<\/div>\n\n\n\n<div class=\"wp-block-column jelu-column-sidebar is-layout-flow wp-block-column-is-layout-flow\" style=\"flex-basis:33.333333%\"><\/div>\n<\/div>\n","protected":false},"excerpt":{"rendered":"<p>Cellulose als F\u00fcllstoff in Schwei\u00dfelektroden Wir produzieren Cellulosefasern und Holzfaserstoffe f\u00fcr Umh\u00fcllungen von Schwei\u00dfelektroden. Folgende Produkte aus unserem Sortiment haben sich seit Jahrzehnten bew\u00e4hrt: JELUCEL\u00ae HM 150 JELUXYL\u00ae WEHO 120\/f. Cellulose f\u00fcr Schwei\u00dfelektroden Der Zusatz von Cellulosefasern und Holzfaserstoffen in Mantelmassen von Schwei\u00dfelektroden ist eine der \u00e4ltesten Anwendungen f\u00fcr diese funktionellen F\u00fcllstoffe. Die Umh\u00fcllung von [&hellip;]<\/p>\n","protected":false},"author":2,"featured_media":0,"parent":1101,"menu_order":11,"comment_status":"closed","ping_status":"closed","template":"page-2-col-sidebar-right.php","meta":{"_acf_changed":false,"footnotes":""},"class_list":["post-1297","page","type-page","status-publish","hentry"],"acf":[],"_links":{"self":[{"href":"https:\/\/www.jelu-werk.com\/de\/wp-json\/wp\/v2\/pages\/1297","targetHints":{"allow":["GET"]}}],"collection":[{"href":"https:\/\/www.jelu-werk.com\/de\/wp-json\/wp\/v2\/pages"}],"about":[{"href":"https:\/\/www.jelu-werk.com\/de\/wp-json\/wp\/v2\/types\/page"}],"author":[{"embeddable":true,"href":"https:\/\/www.jelu-werk.com\/de\/wp-json\/wp\/v2\/users\/2"}],"replies":[{"embeddable":true,"href":"https:\/\/www.jelu-werk.com\/de\/wp-json\/wp\/v2\/comments?post=1297"}],"version-history":[{"count":2,"href":"https:\/\/www.jelu-werk.com\/de\/wp-json\/wp\/v2\/pages\/1297\/revisions"}],"predecessor-version":[{"id":4953602,"href":"https:\/\/www.jelu-werk.com\/de\/wp-json\/wp\/v2\/pages\/1297\/revisions\/4953602"}],"up":[{"embeddable":true,"href":"https:\/\/www.jelu-werk.com\/de\/wp-json\/wp\/v2\/pages\/1101"}],"wp:attachment":[{"href":"https:\/\/www.jelu-werk.com\/de\/wp-json\/wp\/v2\/media?parent=1297"}],"curies":[{"name":"wp","href":"https:\/\/api.w.org\/{rel}","templated":true}]}}