{"id":1290,"date":"2012-09-10T16:01:37","date_gmt":"2012-09-10T14:01:37","guid":{"rendered":"http:\/\/www.jelu-werk.com\/?page_id=1290"},"modified":"2022-08-16T20:59:00","modified_gmt":"2022-08-16T18:59:00","slug":"samenherstellung","status":"publish","type":"page","link":"https:\/\/www.jelu-werk.com\/de\/technische-industrie\/anwendungen\/samenherstellung\/","title":{"rendered":"Samenherstellung"},"content":{"rendered":"\n<div class=\"wp-block-columns jelu-columns-wrapper is-layout-flex wp-container-core-columns-is-layout-9d6595d7 wp-block-columns-is-layout-flex\">\n<div class=\"wp-block-column jelu-column-content is-layout-flow wp-block-column-is-layout-flow\" style=\"flex-basis:66.666666%\">\n<h1 class=\"wp-block-heading\">Funktionale Cellulose und Holzfasern als Zusatzstoffe zur Samenherstellung<\/h1>\n\n\n\n<figure class=\"wp-block-image alignright size-large is-resized size-full wp-image-3058\"><img decoding=\"async\" src=\"http:\/\/www.jelu-werk.com\/wp-content\/uploads\/2012\/12\/Samen.jpg\" alt=\"Cellulose und Holzfaserstoffe f\u00fcr die Samenherstellung\" width=\"175\"\/><figcaption>Cellulose und Holzfaserstoffe optimieren die Herstellung von Samenpillen.<\/figcaption><\/figure>\n\n\n\n<p>Samen, insbesondere der von Zuckerr\u00fcben, wird zur wirtschaftlichen Anwendung und zur Verbesserung von Wachstum und Resistenz durch die Herstellung von Samenpillen optimiert.<\/p>\n\n\n\n<ul class=\"wp-block-list\"><li><strong>Holzfasern<\/strong> wie JELUXYL\u00ae<\/li><li><strong>Cellulose<\/strong> wie JELUCEL\u00ae<\/li><\/ul>\n\n\n\n<p>werden als funktionelle Zusatzstoffe verwendet.<\/p>\n\n\n\n<p>JELUXYL\u00ae und JELUCEL\u00ae verbessern das Wasseraufnahme, -r\u00fcckhalte und -abgabeverm\u00f6gen und dienen als Tr\u00e4ger f\u00fcr die diversen Additive.<\/p>\n\n\n\n<div class=\"infobox\">\n<p><strong>Bew\u00e4hrt haben sich:<\/strong><\/p>\n<ul>\n<li>JELUCEL\u00ae HM 200<\/li>\n<li>JELUXYL\u00ae HAHO 120\/f.<\/li>\n<li>JELUXYL\u00ae WEHO 120\/f.<\/li>\n<li>JELUXYL\u00ae WEHO 250\/f.<\/li>\n<\/ul>\n<\/div>\n<\/div>\n\n\n\n<div class=\"wp-block-column jelu-column-sidebar is-layout-flow wp-block-column-is-layout-flow\" style=\"flex-basis:33.333333%\"><\/div>\n<\/div>\n","protected":false},"excerpt":{"rendered":"<p>Funktionale Cellulose und Holzfasern als Zusatzstoffe zur Samenherstellung Samen, insbesondere der von Zuckerr\u00fcben, wird zur wirtschaftlichen Anwendung und zur Verbesserung von Wachstum und Resistenz durch die Herstellung von Samenpillen optimiert. Holzfasern wie JELUXYL\u00ae Cellulose wie JELUCEL\u00ae werden als funktionelle Zusatzstoffe verwendet. JELUXYL\u00ae und JELUCEL\u00ae verbessern das Wasseraufnahme, -r\u00fcckhalte und -abgabeverm\u00f6gen und dienen als Tr\u00e4ger f\u00fcr [&hellip;]<\/p>\n","protected":false},"author":2,"featured_media":0,"parent":1101,"menu_order":10,"comment_status":"closed","ping_status":"closed","template":"page-2-col-sidebar-right.php","meta":{"_acf_changed":false,"footnotes":""},"class_list":["post-1290","page","type-page","status-publish","hentry"],"acf":[],"_links":{"self":[{"href":"https:\/\/www.jelu-werk.com\/de\/wp-json\/wp\/v2\/pages\/1290","targetHints":{"allow":["GET"]}}],"collection":[{"href":"https:\/\/www.jelu-werk.com\/de\/wp-json\/wp\/v2\/pages"}],"about":[{"href":"https:\/\/www.jelu-werk.com\/de\/wp-json\/wp\/v2\/types\/page"}],"author":[{"embeddable":true,"href":"https:\/\/www.jelu-werk.com\/de\/wp-json\/wp\/v2\/users\/2"}],"replies":[{"embeddable":true,"href":"https:\/\/www.jelu-werk.com\/de\/wp-json\/wp\/v2\/comments?post=1290"}],"version-history":[{"count":3,"href":"https:\/\/www.jelu-werk.com\/de\/wp-json\/wp\/v2\/pages\/1290\/revisions"}],"predecessor-version":[{"id":4953691,"href":"https:\/\/www.jelu-werk.com\/de\/wp-json\/wp\/v2\/pages\/1290\/revisions\/4953691"}],"up":[{"embeddable":true,"href":"https:\/\/www.jelu-werk.com\/de\/wp-json\/wp\/v2\/pages\/1101"}],"wp:attachment":[{"href":"https:\/\/www.jelu-werk.com\/de\/wp-json\/wp\/v2\/media?parent=1290"}],"curies":[{"name":"wp","href":"https:\/\/api.w.org\/{rel}","templated":true}]}}