{"id":128,"date":"2012-08-01T17:47:02","date_gmt":"2012-08-01T15:47:02","guid":{"rendered":"http:\/\/www.jelu-werk.com\/?page_id=128"},"modified":"2022-08-16T19:58:17","modified_gmt":"2022-08-16T17:58:17","slug":"kontakt","status":"publish","type":"page","link":"https:\/\/www.jelu-werk.com\/de\/ueber-uns\/kontakt\/","title":{"rendered":"Kontakt"},"content":{"rendered":"\n<div class=\"wp-block-columns jelu-columns-wrapper is-layout-flex wp-container-core-columns-is-layout-9d6595d7 wp-block-columns-is-layout-flex\">\n<div class=\"wp-block-column jelu-column-content is-layout-flow wp-block-column-is-layout-flow\" style=\"flex-basis:66.666666%\">\n<h1 class=\"wp-block-heading\">Wir beantworten gern Ihre Fragen<\/h1>\n\n\n\n<p>Haben Sie Fragen, Anregungen oder W\u00fcnsche, so freuen wir uns \u00fcber eine Nachricht von Ihnen.<\/p>\n\n\n\n<p>JELU-WERK<br>Josef Ehrler GmbH &amp; Co. KG<br>Natural fibres. Simple and effective.<br>Ludwigsm\u00fchle<br>D-73494 Rosenberg<\/p>\n\n\n\n<p><a href=\"mailto:team@jelu.de\">team@jelu.de<\/a><br>Telefon: +49 (0) 7967 9091-0<br>Telefax: +49 (0) 7967 9091-70<br><br><\/p>\n\n\n\n<div class=\"wp-block-contact-form-7-contact-form-selector\">\n<div class=\"wpcf7 no-js\" id=\"wpcf7-f6228-o1\" lang=\"de-DE\" dir=\"ltr\" data-wpcf7-id=\"6228\">\n<div class=\"screen-reader-response\"><p role=\"status\" aria-live=\"polite\" aria-atomic=\"true\"><\/p> <ul><\/ul><\/div>\n<form action=\"\/de\/wp-json\/wp\/v2\/pages\/128#wpcf7-f6228-o1\" method=\"post\" class=\"wpcf7-form init wpcf7-acceptance-as-validation\" aria-label=\"Kontaktformular\" novalidate=\"novalidate\" data-status=\"init\">\n<fieldset class=\"hidden-fields-container\"><input type=\"hidden\" name=\"_wpcf7\" value=\"6228\" \/><input type=\"hidden\" name=\"_wpcf7_version\" value=\"6.1.5\" \/><input type=\"hidden\" name=\"_wpcf7_locale\" value=\"de_DE\" \/><input type=\"hidden\" name=\"_wpcf7_unit_tag\" value=\"wpcf7-f6228-o1\" \/><input type=\"hidden\" name=\"_wpcf7_container_post\" value=\"0\" \/><input type=\"hidden\" name=\"_wpcf7_posted_data_hash\" value=\"\" \/><input type=\"hidden\" name=\"_wpcf7_recaptcha_response\" value=\"\" \/>\n<\/fieldset>\n<fieldset>\n\t<legend>Kontaktformular\n\t<\/legend>\n\t<p class=\"col-100\"><label for=\"company\">Unternehmen *<\/label><span class=\"wpcf7-form-control-wrap\" data-name=\"company\"><input size=\"40\" maxlength=\"400\" class=\"wpcf7-form-control wpcf7-text wpcf7-validates-as-required\" id=\"company\" aria-required=\"true\" aria-invalid=\"false\" value=\"\" type=\"text\" name=\"company\" \/><\/span>\n\t<\/p>\n\t<p class=\"col-100\"><label for=\"contactperson\">Ansprechpartner *<\/label><span class=\"wpcf7-form-control-wrap\" data-name=\"contactperson\"><input size=\"40\" maxlength=\"400\" class=\"wpcf7-form-control wpcf7-text wpcf7-validates-as-required\" id=\"contactperson\" aria-required=\"true\" aria-invalid=\"false\" value=\"\" type=\"text\" name=\"contactperson\" \/><\/span>\n\t<\/p>\n\t<p class=\"col-100\"><label for=\"street\">Stra\u00dfe\/Hausnummer *<\/label><span class=\"wpcf7-form-control-wrap\" data-name=\"street\"><input size=\"40\" maxlength=\"400\" class=\"wpcf7-form-control wpcf7-text wpcf7-validates-as-required\" id=\"street\" aria-required=\"true\" aria-invalid=\"false\" value=\"\" type=\"text\" name=\"street\" \/><\/span>\n\t<\/p>\n\t<p class=\"col-30\"><label for=\"postcode\">PLZ *<\/label><span class=\"wpcf7-form-control-wrap\" data-name=\"postcode\"><input size=\"40\" maxlength=\"400\" class=\"wpcf7-form-control wpcf7-text wpcf7-validates-as-required\" id=\"postcode\" aria-required=\"true\" aria-invalid=\"false\" value=\"\" type=\"text\" name=\"postcode\" \/><\/span>\n\t<\/p>\n\t<p class=\"col-70\"><label for=\"city\">Stadt *<\/label><span class=\"wpcf7-form-control-wrap\" data-name=\"city\"><input size=\"40\" maxlength=\"400\" class=\"wpcf7-form-control wpcf7-text wpcf7-validates-as-required\" id=\"city\" aria-required=\"true\" aria-invalid=\"false\" value=\"\" type=\"text\" name=\"city\" \/><\/span>\n\t<\/p>\n\t<p class=\"col-100\"><label for=\"country\">Land *<\/label><span class=\"wpcf7-form-control-wrap\" data-name=\"country\"><input size=\"40\" maxlength=\"400\" class=\"wpcf7-form-control wpcf7-text wpcf7-validates-as-required\" id=\"country\" aria-required=\"true\" aria-invalid=\"false\" value=\"\" type=\"text\" name=\"country\" \/><\/span>\n\t<\/p>\n\t<p class=\"col-100\"><label for=\"email\">E-Mail *<\/label><span class=\"wpcf7-form-control-wrap\" data-name=\"email\"><input size=\"40\" maxlength=\"400\" class=\"wpcf7-form-control wpcf7-email wpcf7-validates-as-required wpcf7-text wpcf7-validates-as-email\" id=\"email\" aria-required=\"true\" aria-invalid=\"false\" value=\"\" type=\"email\" name=\"email\" \/><\/span>\n\t<\/p>\n\t<p class=\"col-100\"><label for=\"phone\">Telefon<\/label><span class=\"wpcf7-form-control-wrap\" data-name=\"phone\"><input size=\"40\" maxlength=\"400\" class=\"wpcf7-form-control wpcf7-text\" id=\"phone\" aria-invalid=\"false\" value=\"\" type=\"text\" name=\"phone\" \/><\/span>\n\t<\/p>\n\t<p class=\"col-100\"><label for=\"message\">Nachricht *<\/label><span class=\"wpcf7-form-control-wrap\" data-name=\"message\"><textarea cols=\"40\" rows=\"10\" maxlength=\"2000\" class=\"wpcf7-form-control wpcf7-textarea wpcf7-validates-as-required\" id=\"message\" aria-required=\"true\" aria-invalid=\"false\" name=\"message\"><\/textarea><\/span>\n\t<\/p>\n\t<p><span class=\"wpcf7-form-control-wrap\" data-name=\"privacy\"><span class=\"wpcf7-form-control wpcf7-acceptance\"><span class=\"wpcf7-list-item\"><label><input type=\"checkbox\" name=\"privacy\" value=\"1\" class=\"privacy\" aria-invalid=\"false\" \/><span class=\"wpcf7-list-item-label\">Mir ist bekannt, dass meine Daten erhoben und verarbeitet werden, um mein Anliegen zu bearbeiten. Die Datenverarbeitung erfolgt zur Durchf\u00fchrung vorvertraglicher Ma\u00dfnahmen auf Anfrage der betroffenen Person gem. Art. 6 Abs. 1 Buchstabe b DSGVO (Datenschutzgrundverordnung). Weitere Informationen finden Sie in unserer <a href=https:\/\/www.jelu-werk.com\/de\/ueber-uns\/datenschutzerklaerung-2 target=_bland>Datenschutzerkl\u00e4rung<\/a>.<\/span><\/label><\/span><\/span><\/span><br \/>\n\t\n\t<\/p>\n\t<p class=\"col-100\"><input class=\"wpcf7-form-control wpcf7-submit has-spinner\" type=\"submit\" value=\"Senden\" \/>\n\t<\/p>\n<\/fieldset><div class=\"wpcf7-response-output\" aria-hidden=\"true\"><\/div>\n<\/form>\n<\/div>\n<\/div>\n<\/div>\n\n\n\n<div class=\"wp-block-column jelu-column-sidebar is-layout-flow wp-block-column-is-layout-flow\" style=\"flex-basis:33.333333%\"><\/div>\n<\/div>\n","protected":false},"excerpt":{"rendered":"<p>Wir beantworten gern Ihre Fragen Haben Sie Fragen, Anregungen oder W\u00fcnsche, so freuen wir uns \u00fcber eine Nachricht von Ihnen. JELU-WERKJosef Ehrler GmbH &amp; Co. KGNatural fibres. Simple and effective.Ludwigsm\u00fchleD-73494 Rosenberg team@jelu.deTelefon: +49 (0) 7967 9091-0Telefax: +49 (0) 7967 9091-70<\/p>\n","protected":false},"author":2,"featured_media":0,"parent":1778,"menu_order":93,"comment_status":"closed","ping_status":"closed","template":"page-2-col-sidebar-right.php","meta":{"_acf_changed":false,"footnotes":""},"class_list":["post-128","page","type-page","status-publish","hentry"],"acf":[],"_links":{"self":[{"href":"https:\/\/www.jelu-werk.com\/de\/wp-json\/wp\/v2\/pages\/128","targetHints":{"allow":["GET"]}}],"collection":[{"href":"https:\/\/www.jelu-werk.com\/de\/wp-json\/wp\/v2\/pages"}],"about":[{"href":"https:\/\/www.jelu-werk.com\/de\/wp-json\/wp\/v2\/types\/page"}],"author":[{"embeddable":true,"href":"https:\/\/www.jelu-werk.com\/de\/wp-json\/wp\/v2\/users\/2"}],"replies":[{"embeddable":true,"href":"https:\/\/www.jelu-werk.com\/de\/wp-json\/wp\/v2\/comments?post=128"}],"version-history":[{"count":2,"href":"https:\/\/www.jelu-werk.com\/de\/wp-json\/wp\/v2\/pages\/128\/revisions"}],"predecessor-version":[{"id":4953648,"href":"https:\/\/www.jelu-werk.com\/de\/wp-json\/wp\/v2\/pages\/128\/revisions\/4953648"}],"up":[{"embeddable":true,"href":"https:\/\/www.jelu-werk.com\/de\/wp-json\/wp\/v2\/pages\/1778"}],"wp:attachment":[{"href":"https:\/\/www.jelu-werk.com\/de\/wp-json\/wp\/v2\/media?parent=128"}],"curies":[{"name":"wp","href":"https:\/\/api.w.org\/{rel}","templated":true}]}}