{"id":1200,"date":"2012-09-10T14:07:23","date_gmt":"2012-09-10T12:07:23","guid":{"rendered":"http:\/\/www.jelu-werk.com\/?page_id=1200"},"modified":"2024-04-23T14:33:50","modified_gmt":"2024-04-23T12:33:50","slug":"wood-plastic-composite","status":"publish","type":"page","link":"https:\/\/www.jelu-werk.com\/de\/technische-industrie\/anwendungen\/wood-plastic-composite\/","title":{"rendered":"Wood-Plastic-Composite"},"content":{"rendered":"\n<div class=\"wp-block-columns jelu-columns-wrapper is-layout-flex wp-container-core-columns-is-layout-9d6595d7 wp-block-columns-is-layout-flex\">\n<div class=\"wp-block-column jelu-column-content is-layout-flow wp-block-column-is-layout-flow\" style=\"flex-basis:66.666666%\">\n<h1 class=\"wp-block-heading\">Holzfasern f\u00fcr Wood-Plastic-Composites<\/h1>\n\n\n\n<p>Seit einigen Jahren ist ein neuer Werkstoff auf dem Markt, der weltweit hohe Zuwachsraten verzeichnet: Wood-Plastic-Composite (WPC). Der neue Verbundwerkstoff besteht zu unterschiedlichen Teilen aus Holz, Kunststoffen und Additiven. WPC vereint die Vorteile des nachwachsenden Rohstoffs Holz mit den Vorteilen des fossilen Rohstoffs Erd\u00f6l. Durch thermoplastische Formgebungsverfahren wie Extrusion und Spritzguss werden aus WPC zahlreiche Produkte hergestellt wie Deckings, Fu\u00dfleisten, Bodenflie\u00dfen, Abdeckungen, Fensterprofile und L\u00e4rmschutzw\u00e4nde.<\/p>\n\n\n\n<h3 class=\"wp-block-heading\">Holzfaserstoffe f\u00fcr WPC<\/h3>\n\n\n\n<p>Die Qualit\u00e4t von WPC wird bestimmt durch die Qualit\u00e4t seiner Inhaltsstoffe. JELU bietet funktionelle Holzfaserstoffe bester Qualit\u00e4t f\u00fcr die Produktion eines hochwertigen Verbundwerkstoffs. Wir verf\u00fcgen \u00fcber langj\u00e4hrige Erfahrung bei der Herstellung von WPC und arbeiten seit Jahren erfolgreich mit namhaften Unternehmen zusammen.<\/p>\n\n\n\n<p>JELUXYL\u00ae funktionelle Holzfaserstoffe sind f\u00fcr die Herstellung von Wood-Plastic-Composite (WPC) bestens geeignet und haben sich in der Praxis bew\u00e4hrt.<\/p>\n\n\n\n<p>Drei verschiedene JELUXYL\u00ae Produktgruppen stehen zur Verf\u00fcgung und gew\u00e4hrleisten die Herstellung optimaler Werkstoffe:<\/p>\n\n\n\n<p><strong>JELUXYL\u00ae WEHO S<\/strong>: feine Pulver aus Fichten und Tannenh\u00f6lzern<\/p>\n\n\n\n<p><strong>JELUXYL\u00ae HW<\/strong>: Fasern und Granulate aus Fichten-\u00a0und\u00a0Tannenh\u00f6lzern<\/p>\n\n\n\n<p><strong>JELUXYL\u00ae HAHO<\/strong>: Pulver und Granulate aus Harth\u00f6lzern<\/p>\n<\/div>\n\n\n\n<div class=\"wp-block-column jelu-column-sidebar is-layout-flow wp-block-column-is-layout-flow\" style=\"flex-basis:33.333333%\">\n<div class=\"wp-block-group jelu-widget has-white-color has-primary-background-color has-text-color has-background is-layout-flow wp-block-group-is-layout-flow\">\n<p><a href=\"https:\/\/www.facebook.com\/pages\/Jelu-Werk\/332278860155891\" target=\"_blank\" rel=\"noreferrer noopener\">Find us on Facebook.<\/a><\/p>\n<\/div>\n<\/div>\n<\/div>\n","protected":false},"excerpt":{"rendered":"<p>Holzfasern f\u00fcr Wood-Plastic-Composites Seit einigen Jahren ist ein neuer Werkstoff auf dem Markt, der weltweit hohe Zuwachsraten verzeichnet: Wood-Plastic-Composite (WPC). Der neue Verbundwerkstoff besteht zu unterschiedlichen Teilen aus Holz, Kunststoffen und Additiven. WPC vereint die Vorteile des nachwachsenden Rohstoffs Holz mit den Vorteilen des fossilen Rohstoffs Erd\u00f6l. Durch thermoplastische Formgebungsverfahren wie Extrusion und Spritzguss werden [&hellip;]<\/p>\n","protected":false},"author":2,"featured_media":0,"parent":1101,"menu_order":6,"comment_status":"closed","ping_status":"closed","template":"page-2-col-sidebar-right.php","meta":{"_acf_changed":false,"footnotes":""},"class_list":["post-1200","page","type-page","status-publish","hentry"],"acf":[],"_links":{"self":[{"href":"https:\/\/www.jelu-werk.com\/de\/wp-json\/wp\/v2\/pages\/1200","targetHints":{"allow":["GET"]}}],"collection":[{"href":"https:\/\/www.jelu-werk.com\/de\/wp-json\/wp\/v2\/pages"}],"about":[{"href":"https:\/\/www.jelu-werk.com\/de\/wp-json\/wp\/v2\/types\/page"}],"author":[{"embeddable":true,"href":"https:\/\/www.jelu-werk.com\/de\/wp-json\/wp\/v2\/users\/2"}],"replies":[{"embeddable":true,"href":"https:\/\/www.jelu-werk.com\/de\/wp-json\/wp\/v2\/comments?post=1200"}],"version-history":[{"count":5,"href":"https:\/\/www.jelu-werk.com\/de\/wp-json\/wp\/v2\/pages\/1200\/revisions"}],"predecessor-version":[{"id":5183709,"href":"https:\/\/www.jelu-werk.com\/de\/wp-json\/wp\/v2\/pages\/1200\/revisions\/5183709"}],"up":[{"embeddable":true,"href":"https:\/\/www.jelu-werk.com\/de\/wp-json\/wp\/v2\/pages\/1101"}],"wp:attachment":[{"href":"https:\/\/www.jelu-werk.com\/de\/wp-json\/wp\/v2\/media?parent=1200"}],"curies":[{"name":"wp","href":"https:\/\/api.w.org\/{rel}","templated":true}]}}