{"id":1186,"date":"2012-09-10T13:04:11","date_gmt":"2012-09-10T11:04:11","guid":{"rendered":"http:\/\/www.jelu-werk.com\/?page_id=1186"},"modified":"2022-08-16T19:32:42","modified_gmt":"2022-08-16T17:32:42","slug":"cellulose-filterhilfsmittel","status":"publish","type":"page","link":"https:\/\/www.jelu-werk.com\/de\/technische-industrie\/anwendungen\/cellulose-filterhilfsmittel\/","title":{"rendered":"Filtration"},"content":{"rendered":"\n<div class=\"wp-block-columns jelu-columns-wrapper is-layout-flex wp-container-core-columns-is-layout-9d6595d7 wp-block-columns-is-layout-flex\">\n<div class=\"wp-block-column jelu-column-content is-layout-flow wp-block-column-is-layout-flow\" style=\"flex-basis:66.666666%\">\n<h1 class=\"wp-block-heading\">Cellulose als Filterhilfsmittel: umweltfreundlich und wirtschaftlich<\/h1>\n\n\n\n<figure class=\"wp-block-image alignright size-large is-resized size-full wp-image-3050\"><img decoding=\"async\" src=\"http:\/\/www.jelu-werk.com\/wp-content\/uploads\/2012\/12\/Wasser.jpg\" alt=\"Filterhilfsmittel Cellulose f\u00fcr optimale Kl\u00e4rsch\u00e4rfe bei der Filtration\" width=\"175\"\/><figcaption>Die JELUCEL\u00ae Filterhilfsmittel werden bei Fl\u00fcssigkeiten eingesetzt, die hohe Anspr\u00fcche an die Qualit\u00e4t des Filtrats stellen.<\/figcaption><\/figure>\n\n\n\n<p>Unsere Cellulose JELUCEL\u00ae ist ein Filterhilfsmittel, das eine umweltfreundliche und wirtschaftliche Filtration erm\u00f6glicht. Die Cellulose wird in der Anschwemmfiltration, in Kombination mit mineralischen Filterhilfsmitteln und als Presshilfe eingesetzt. Als Voranschwemmung und in der laufenden Dosierung gleicht unsere Cellulose schadhafte Stellen im Filtertuch aus und verbessert das Filtrationsergebnis. JELUCEL\u00ae verbessert die Kuchenstabilit\u00e4t mineralischer Filterhilfsmittel und verhindert ein Durchbrechen von Partikeln. Beim Einsatz als Presshilfe kommt die sehr gute Drainagewirkung der Cellulosefasern zum Zuge. Trubstoffe werden beim Auspressen effektiv zur\u00fcckgehalten. JELUCEL\u00ae Cellulose als Filterhilfsmittel ist:<\/p>\n\n\n\n<ul class=\"wp-block-list\"><li>nachhaltig<\/li><li>kompostierbar<\/li><li>kosteng\u00fcnstig zu entsorgen<\/li><li>gesundheitlich unbedenklich<\/li><li>pH-stabil von pH 2 bis 11<\/li><li>f\u00fcr Lebensmittel zugelassen<\/li><li>nicht abrasiv<\/li><li>leistungsf\u00e4hig<\/li><\/ul>\n\n\n\n<h2 class=\"wp-block-heading\">Unbedenklich f\u00fcr Mensch und Natur<\/h2>\n\n\n\n<p>JELUCEL\u00ae ist eine organische Cellulose, die wir aus nachwachsenden Rohstoffen herstellen. Das Cellulosepulver ist f\u00fcr Lebensmittel zugelassen, nicht krebserregend und enth\u00e4lt keinerlei Bestandteile, die arbeitsmedizinisch bedenklich sind. Unsere JELUCEL\u00ae Cellulosepulver sind zu 100 % biologisch abbaubar. Filterkuchen mit organischer Pulvercellulose lassen sich problemlos und umweltfreundlich entsorgen: Sie k\u00f6nnen verf\u00fcttert, kompostiert oder verbrannt werden.<\/p>\n\n\n\n<h2 class=\"wp-block-heading\">Kosteng\u00fcnstige und wirtschaftliche Filtration<\/h2>\n\n\n\n<p>Verglichen mit mineralischen Filterhilfsmitteln sind die Anschaffungskosten der JELUCEL\u00ae Cellulosen f\u00fcr gew\u00f6hnlich h\u00f6her. Dieser Umstand wird jedoch durch die positiven Eigenschaften der Filtercellulose mehr als ausgeglichen. Die geringe Nasskuchendichte des Filterhilfsmittels sorgt daf\u00fcr, dass weit geringere Verbrauchsmengen notwendig sind als bei mineralischen Filterhilfsmitteln. Au\u00dferdem ist der Produktverlust aufgrund der hohen Permeabilit\u00e4t niedrig und es fallen kaum Entsorgungskosten f\u00fcr Filterschl\u00e4mme an. Der Einsatz der Cellulose senkt zudem die Wartungskosten der Anlage betr\u00e4chtlich. Unterm Strich ist die Filtration mit unseren JELUCEL\u00ae Cellulosepulvern erheblich \u00f6konomischer als mit herk\u00f6mmlichen Filterhilfsmitteln.<\/p>\n\n\n\n<h2 class=\"wp-block-heading\">Sichere und leistungsf\u00e4hige Filtration<\/h2>\n\n\n\n<p>Unsere organische Cellulose eignet sich zur Anschwemmfiltration von Fl\u00fcssigkeiten, die eine optimale Kl\u00e4rsch\u00e4rfe erfordern, und wird sowohl in Voranschwemmung als auch laufender Dosage eingesetzt. Die faserige Struktur der Filtercellulose bildet einen durchl\u00e4ssigen und gut armierten Filterkuchen, der sicher und effektiv Trubstoffe und sehr feine Teilchen aufnimmt. Das JELUCEL\u00ae Filterhilfsmittel zeichnet sich aus durch:<\/p>\n\n\n\n<ul class=\"wp-block-list\"><li>hohe Adsorptionsf\u00e4higkeit<\/li><li>lange Standzeit<\/li><li>hohe Permeabilit\u00e4t<\/li><\/ul>\n\n\n\n<h2 class=\"wp-block-heading\">Individuell anpassbar<\/h2>\n\n\n\n<p>Wir bieten ein breites Spektrum verschiedener Typen von JELUCEL\u00ae Cellulosepulver. Das gew\u00e4hrleistet eine individuelle Anpassung der Filtration an das vorhandene Unfiltrat und auch an die installierten Filtrationssysteme vor Ort, um bestm\u00f6gliche Filtrationsparameter zu erreichen. JELUCEL\u00ae Filterhilfsmittel sind in unterschiedlichen Faserl\u00e4ngen und damit in angepassten Permeabilit\u00e4ten erh\u00e4ltlich. JELUCEL\u00ae kann als alleiniges Filterhilfsmittel eingesetzt werden, aber auch zur Verbesserung der Filtrationen auch mit herk\u00f6mmlichen Filterhilfsmitteln kombiniert werden. Das JELUCEL\u00ae Filterhilfsmittel ist auf Filterelementen aller Bauarten adaptiert. Unsere Cellulosepulver gew\u00e4hrleisten bei hohem Durchlauf und langen Filterstandzeiten eine optimale Kl\u00e4rsch\u00e4rfe und einen \u00f6konomischen Filtrationsprozess.<\/p>\n\n\n\n<h2 class=\"wp-block-heading\">Einsatz in Anschwemmfiltern<\/h2>\n\n\n\n<p>Die JELUCEL\u00ae Filtercellulose ist f\u00fcr alle Bauarten von Anschwemmfiltern geeignet und wird \u00fcberwiegend auf folgenden Filtern eingesetzt:<\/p>\n\n\n\n<ul class=\"wp-block-list\"><li>Druckfiltration <br>&#8211; Kerzenfilter <br>&#8211; Plattenfilter <br>&#8211; Rahmenfilter <br>&#8211; Druckbandfilter<\/li><li>Vakuumfiltration <br>&#8211; Drehtrommelfilter <br>&#8211; Vakuumbandfilter<\/li><\/ul>\n\n\n\n<p>G\u00e4ngige Cellulosen f\u00fcr die Filtration sind JELUCEL\u00ae HM, eine hochreine Cellulose, und die technische Cellulose JELUCEL\u00ae FM.<\/p>\n\n\n\n<h2 class=\"wp-block-heading\"><a href=\"\/?page_id=1697\">Cellulosepulver f\u00fcr die Filtration<\/a><\/h2>\n\n\n\n<figure class=\"wp-block-table\"><table><thead><tr><th><strong>Hochreine Cellulose<br> JELUCEL\u00ae HM<\/strong><\/th><th><strong>Technische Cellulose<br> JELUCEL\u00ae FM<\/strong><\/th><\/tr><\/thead><tbody><tr><td>\n<ul>\n<li>Wein<\/li>\n<li>Bier<\/li>\n<li>Fruchts\u00e4fte<\/li>\n<li>Zuckerl\u00f6sungen (Glukose und Fructose)<\/li>\n<li>St\u00e4rke<\/li>\n<li>Essig<\/li>\n<li>Gelatine<\/li>\n<li>Enzyme<\/li>\n<li>Pflanzliche \u00d6le<\/li>\n<li>Fette<\/li>\n<li>Lebensmittel<\/li>\n<li>Pharmaprodukte<\/li>\n<li>Salzl\u00f6sungen (Sole)<\/li>\n<li>Galvanische L\u00f6sungen<\/li>\n<li>K\u00fchl- und Schmierfl\u00fcssigkeiten<\/li>\n<li>Laugen<\/li>\n<li>Wasser<\/li>\n<li>Kondensatwasser<\/li>\n<li>Erzaufbereitung u.v.m.<\/li>\n<\/ul>\n<\/td><td>\n<ul>\n<li>Titanl\u00f6sungen<\/li>\n<li>Erzaufbereitung<\/li>\n<li>Glukose<\/li>\n<li>Pflanzliche \u00d6le<\/li>\n<li>Metallbearbeitungs\u00f6le<\/li>\n<li>Abwasser<\/li>\n<li>Schlammaufbereitung u.v.m.<\/li>\n<\/ul>\n<\/td><\/tr><\/tbody><\/table><\/figure>\n\n\n\n<div class=\"wp-block-contact-form-7-contact-form-selector\">\n<div class=\"wpcf7 no-js\" id=\"wpcf7-f7092-o1\" lang=\"de-DE\" dir=\"ltr\" data-wpcf7-id=\"7092\">\n<div class=\"screen-reader-response\"><p role=\"status\" aria-live=\"polite\" aria-atomic=\"true\"><\/p> <ul><\/ul><\/div>\n<form action=\"\/de\/wp-json\/wp\/v2\/pages\/1186#wpcf7-f7092-o1\" method=\"post\" class=\"wpcf7-form init wpcf7-acceptance-as-validation\" aria-label=\"Kontaktformular\" novalidate=\"novalidate\" data-status=\"init\">\n<fieldset class=\"hidden-fields-container\"><input type=\"hidden\" name=\"_wpcf7\" value=\"7092\" \/><input type=\"hidden\" name=\"_wpcf7_version\" value=\"6.1.5\" \/><input type=\"hidden\" name=\"_wpcf7_locale\" value=\"de_DE\" \/><input type=\"hidden\" name=\"_wpcf7_unit_tag\" value=\"wpcf7-f7092-o1\" \/><input type=\"hidden\" name=\"_wpcf7_container_post\" value=\"0\" \/><input type=\"hidden\" name=\"_wpcf7_posted_data_hash\" value=\"\" \/><input type=\"hidden\" name=\"_wpcf7_recaptcha_response\" value=\"\" \/>\n<\/fieldset>\n<fieldset>\n\t<legend>Gleich hier weitere Informationen anfordern\n\t<\/legend>\n\t<p class=\"col-50\"><label for=\"company\">Firma<\/label><span class=\"wpcf7-form-control-wrap\" data-name=\"company\"><input size=\"40\" maxlength=\"400\" class=\"wpcf7-form-control wpcf7-text wpcf7-validates-as-required\" id=\"company\" aria-required=\"true\" aria-invalid=\"false\" value=\"\" type=\"text\" name=\"company\" \/><\/span>\n\t<\/p>\n\t<p class=\"col-50\"><label for=\"contactperson\">Ansprechpartner<\/label><span class=\"wpcf7-form-control-wrap\" data-name=\"contactperson\"><input size=\"40\" maxlength=\"400\" class=\"wpcf7-form-control wpcf7-text wpcf7-validates-as-required\" id=\"contactperson\" aria-required=\"true\" aria-invalid=\"false\" value=\"\" type=\"text\" name=\"contactperson\" \/><\/span>\n\t<\/p>\n\t<p class=\"col-100\"><label for=\"street\">Stra\u00dfe und Hausnummer<\/label><span class=\"wpcf7-form-control-wrap\" data-name=\"street\"><input size=\"40\" maxlength=\"400\" class=\"wpcf7-form-control wpcf7-text wpcf7-validates-as-required\" id=\"street\" aria-required=\"true\" aria-invalid=\"false\" value=\"\" type=\"text\" name=\"street\" \/><\/span>\n\t<\/p>\n\t<p class=\"col-30\"><label for=\"postcode\">Postleitzahl<\/label><span class=\"wpcf7-form-control-wrap\" data-name=\"postcode\"><input size=\"40\" maxlength=\"400\" class=\"wpcf7-form-control wpcf7-text wpcf7-validates-as-required\" id=\"postcode\" aria-required=\"true\" aria-invalid=\"false\" value=\"\" type=\"text\" name=\"postcode\" \/><\/span>\n\t<\/p>\n\t<p class=\"col-70\"><label for=\"city\">Ort<\/label><span class=\"wpcf7-form-control-wrap\" data-name=\"city\"><input size=\"40\" maxlength=\"400\" class=\"wpcf7-form-control wpcf7-text wpcf7-validates-as-required\" id=\"city\" aria-required=\"true\" aria-invalid=\"false\" value=\"\" type=\"text\" name=\"city\" \/><\/span>\n\t<\/p>\n\t<p class=\"col-50\"><label for=\"country\">Land<\/label><span class=\"wpcf7-form-control-wrap\" data-name=\"country\"><input size=\"40\" maxlength=\"400\" class=\"wpcf7-form-control wpcf7-text wpcf7-validates-as-required\" id=\"country\" aria-required=\"true\" aria-invalid=\"false\" value=\"\" type=\"text\" name=\"country\" \/><\/span>\n\t<\/p>\n\t<p class=\"col-50\">\n\t<\/p>\n\t<p class=\"col-50\"><label for=\"phone\">Telefon<\/label><span class=\"wpcf7-form-control-wrap\" data-name=\"phone\"><input size=\"40\" maxlength=\"400\" class=\"wpcf7-form-control wpcf7-text wpcf7-validates-as-required\" id=\"phone\" aria-required=\"true\" aria-invalid=\"false\" value=\"\" type=\"text\" name=\"phone\" \/><\/span>\n\t<\/p>\n\t<p class=\"col-50\"><label for=\"email\">E-mail<\/label><span class=\"wpcf7-form-control-wrap\" data-name=\"email\"><input size=\"40\" maxlength=\"400\" class=\"wpcf7-form-control wpcf7-email wpcf7-validates-as-required wpcf7-text wpcf7-validates-as-email\" id=\"email\" aria-required=\"true\" aria-invalid=\"false\" value=\"\" type=\"email\" name=\"email\" \/><\/span>\n\t<\/p>\n\t<p class=\"col-100\">Was m\u00f6chten Sie filtern?\n\t<\/p>\n\t<p class=\"col-100\"><span class=\"wpcf7-form-control-wrap\" data-name=\"textarea-111\"><textarea cols=\"40\" rows=\"10\" maxlength=\"2000\" class=\"wpcf7-form-control wpcf7-textarea\" aria-invalid=\"false\" name=\"textarea-111\"><\/textarea><\/span>\n\t<\/p>\n\t<p class=\"col-100\">Ihre Nachricht f\u00fcr uns:\n\t<\/p>\n\t<p class=\"col-100 alt\"><span class=\"wpcf7-form-control-wrap\" data-name=\"kontaktieren\"><span class=\"wpcf7-form-control wpcf7-checkbox\" id=\"kontaktieren\"><span class=\"wpcf7-list-item first last\"><label><input type=\"checkbox\" name=\"kontaktieren[]\" value=\"Bitte kontaktieren Sie mich telefonisch.\" \/><span class=\"wpcf7-list-item-label\">Bitte kontaktieren Sie mich telefonisch.<\/span><\/label><\/span><\/span><\/span>\n\t<\/p>\n\t<p class=\"col-100 alt\"><span class=\"wpcf7-form-control-wrap\" data-name=\"informaterial\"><span class=\"wpcf7-form-control wpcf7-checkbox\" id=\"informaterial\"><span class=\"wpcf7-list-item first last\"><label><input type=\"checkbox\" name=\"informaterial[]\" value=\"Bitte senden Sie mir Informationen zu JELUCEL\u00ae Filterhilfsmittel.\" \/><span class=\"wpcf7-list-item-label\">Bitte senden Sie mir Informationen zu JELUCEL\u00ae Filterhilfsmittel.<\/span><\/label><\/span><\/span><\/span>\n\t<\/p>\n\t<p class=\"col-100\">Aus rechtlichen Gr\u00fcnden k\u00f6nnen wir nur an Unternehmen liefern, nicht an Privatpersonen. Wir bitten um Ihr Verst\u00e4ndnis.\n\t<\/p>\n\t<p><span class=\"wpcf7-form-control-wrap\" data-name=\"privacy\"><span class=\"wpcf7-form-control wpcf7-acceptance\"><span class=\"wpcf7-list-item\"><label><input type=\"checkbox\" name=\"privacy\" value=\"1\" class=\"privacy\" aria-invalid=\"false\" \/><span class=\"wpcf7-list-item-label\">Mir ist bekannt, dass meine Daten erhoben und verarbeitet werden, um mein Anliegen zu bearbeiten. Die Datenverarbeitung erfolgt zur Durchf\u00fchrung vorvertraglicher Ma\u00dfnahmen auf Anfrage der betroffenen Person gem. Art. 6 Abs. 1 Buchstabe b DSGVO (Datenschutzgrundverordnung). Weitere Informationen finden Sie in unserer <a href=https:\/\/www.jelu-werk.com\/de\/ueber-uns\/datenschutzerklaerung-2 target=_bland>Datenschutzerkl\u00e4rung<\/a>.<\/span><\/label><\/span><\/span><\/span>\n\t<\/p>\n\t<p class=\"col-100\"><input class=\"wpcf7-form-control wpcf7-submit has-spinner\" type=\"submit\" value=\"Informationen anfordern\" \/>\n\t<\/p>\n<\/fieldset><div class=\"wpcf7-response-output\" aria-hidden=\"true\"><\/div>\n<\/form>\n<\/div>\n<\/div>\n<\/div>\n\n\n\n<div class=\"wp-block-column jelu-column-sidebar is-layout-flow wp-block-column-is-layout-flow\" style=\"flex-basis:33.333333%\"><\/div>\n<\/div>\n","protected":false},"excerpt":{"rendered":"<p>Cellulose als Filterhilfsmittel: umweltfreundlich und wirtschaftlich Unsere Cellulose JELUCEL\u00ae ist ein Filterhilfsmittel, das eine umweltfreundliche und wirtschaftliche Filtration erm\u00f6glicht. Die Cellulose wird in der Anschwemmfiltration, in Kombination mit mineralischen Filterhilfsmitteln und als Presshilfe eingesetzt. Als Voranschwemmung und in der laufenden Dosierung gleicht unsere Cellulose schadhafte Stellen im Filtertuch aus und verbessert das Filtrationsergebnis. JELUCEL\u00ae verbessert [&hellip;]<\/p>\n","protected":false},"author":2,"featured_media":0,"parent":1101,"menu_order":5,"comment_status":"closed","ping_status":"closed","template":"page-2-col-sidebar-right.php","meta":{"_acf_changed":false,"footnotes":""},"class_list":["post-1186","page","type-page","status-publish","hentry"],"acf":[],"_links":{"self":[{"href":"https:\/\/www.jelu-werk.com\/de\/wp-json\/wp\/v2\/pages\/1186","targetHints":{"allow":["GET"]}}],"collection":[{"href":"https:\/\/www.jelu-werk.com\/de\/wp-json\/wp\/v2\/pages"}],"about":[{"href":"https:\/\/www.jelu-werk.com\/de\/wp-json\/wp\/v2\/types\/page"}],"author":[{"embeddable":true,"href":"https:\/\/www.jelu-werk.com\/de\/wp-json\/wp\/v2\/users\/2"}],"replies":[{"embeddable":true,"href":"https:\/\/www.jelu-werk.com\/de\/wp-json\/wp\/v2\/comments?post=1186"}],"version-history":[{"count":10,"href":"https:\/\/www.jelu-werk.com\/de\/wp-json\/wp\/v2\/pages\/1186\/revisions"}],"predecessor-version":[{"id":4953577,"href":"https:\/\/www.jelu-werk.com\/de\/wp-json\/wp\/v2\/pages\/1186\/revisions\/4953577"}],"up":[{"embeddable":true,"href":"https:\/\/www.jelu-werk.com\/de\/wp-json\/wp\/v2\/pages\/1101"}],"wp:attachment":[{"href":"https:\/\/www.jelu-werk.com\/de\/wp-json\/wp\/v2\/media?parent=1186"}],"curies":[{"name":"wp","href":"https:\/\/api.w.org\/{rel}","templated":true}]}}