{"id":1176,"date":"2012-09-10T12:49:31","date_gmt":"2012-09-10T10:49:31","guid":{"rendered":"http:\/\/www.jelu-werk.com\/?page_id=1176"},"modified":"2022-08-16T19:31:53","modified_gmt":"2022-08-16T17:31:53","slug":"bodenbelaege","status":"publish","type":"page","link":"https:\/\/www.jelu-werk.com\/de\/technische-industrie\/anwendungen\/bodenbelaege\/","title":{"rendered":"Bodenbel\u00e4ge"},"content":{"rendered":"\n<div class=\"wp-block-columns jelu-columns-wrapper is-layout-flex wp-container-core-columns-is-layout-9d6595d7 wp-block-columns-is-layout-flex\">\n<div class=\"wp-block-column jelu-column-content is-layout-flow wp-block-column-is-layout-flow\" style=\"flex-basis:66.666666%\">\n<h1 class=\"wp-block-heading\">Cellulose und Holzfasern als F\u00fcllstoffe in Bodenbel\u00e4gen<\/h1>\n\n\n\n<figure class=\"wp-block-image alignright size-large is-resized size-full wp-image-3065\"><img decoding=\"async\" src=\"http:\/\/www.jelu-werk.com\/wp-content\/uploads\/2012\/12\/Fu\u00dfboden.jpg\" alt=\"Cellulose und Holzfasern verbessern die Qualit\u00e4t von Bodenbel\u00e4gen.\" width=\"225\"\/><figcaption>Cellulosen und Holzfaserstoffe verbessern die Qualit\u00e4t von Bodenbel\u00e4gen.<\/figcaption><\/figure>\n\n\n\n<h3 class=\"wp-block-heading\">Linoleum<\/h3>\n\n\n\n<p>Eine der \u00e4ltesten Anwendungen f\u00fcr Holzfaserstoffe. Besonders zu empfehlen sind die Qualit\u00e4ten<\/p>\n\n\n\n<ul class=\"wp-block-list\"><li>JELUXYL\u00ae WEHO 120\/f.<\/li><li>JELUXYL\u00ae WEHO 250\/f.<\/li><\/ul>\n\n\n\n<h3 class=\"wp-block-heading\">Kautschukbel\u00e4ge<\/h3>\n\n\n\n<p>Moderne naturbasische Bel\u00e4ge mit sehr geringen Abnutzungserscheinungen, je nach gew\u00fcnschter Farbe, gew\u00e4hrleisten optimale Qualit\u00e4ten<\/p>\n\n\n\n<ul class=\"wp-block-list\"><li>JELUCEL\u00ae HM 150<\/li><li>JELUXYL\u00ae WEHO 250\/f.<\/li><\/ul>\n\n\n\n<h3 class=\"wp-block-heading\">Steinholzb\u00f6den<\/h3>\n\n\n\n<p>Anorganische, magnesitgebundene Industrieb\u00f6den von h\u00f6chster Belastbarkeit bedingen den Einsatz von<\/p>\n\n\n\n<ul class=\"wp-block-list\"><li>JELUXYL\u00ae HW-Produkten<\/li><\/ul>\n<\/div>\n\n\n\n<div class=\"wp-block-column jelu-column-sidebar is-layout-flow wp-block-column-is-layout-flow\" style=\"flex-basis:33.333333%\"><\/div>\n<\/div>\n","protected":false},"excerpt":{"rendered":"<p>Cellulose und Holzfasern als F\u00fcllstoffe in Bodenbel\u00e4gen Linoleum Eine der \u00e4ltesten Anwendungen f\u00fcr Holzfaserstoffe. Besonders zu empfehlen sind die Qualit\u00e4ten JELUXYL\u00ae WEHO 120\/f. JELUXYL\u00ae WEHO 250\/f. Kautschukbel\u00e4ge Moderne naturbasische Bel\u00e4ge mit sehr geringen Abnutzungserscheinungen, je nach gew\u00fcnschter Farbe, gew\u00e4hrleisten optimale Qualit\u00e4ten JELUCEL\u00ae HM 150 JELUXYL\u00ae WEHO 250\/f. Steinholzb\u00f6den Anorganische, magnesitgebundene Industrieb\u00f6den von h\u00f6chster Belastbarkeit bedingen [&hellip;]<\/p>\n","protected":false},"author":2,"featured_media":0,"parent":1101,"menu_order":3,"comment_status":"closed","ping_status":"closed","template":"page-2-col-sidebar-right.php","meta":{"_acf_changed":false,"footnotes":""},"class_list":["post-1176","page","type-page","status-publish","hentry"],"acf":[],"_links":{"self":[{"href":"https:\/\/www.jelu-werk.com\/de\/wp-json\/wp\/v2\/pages\/1176","targetHints":{"allow":["GET"]}}],"collection":[{"href":"https:\/\/www.jelu-werk.com\/de\/wp-json\/wp\/v2\/pages"}],"about":[{"href":"https:\/\/www.jelu-werk.com\/de\/wp-json\/wp\/v2\/types\/page"}],"author":[{"embeddable":true,"href":"https:\/\/www.jelu-werk.com\/de\/wp-json\/wp\/v2\/users\/2"}],"replies":[{"embeddable":true,"href":"https:\/\/www.jelu-werk.com\/de\/wp-json\/wp\/v2\/comments?post=1176"}],"version-history":[{"count":2,"href":"https:\/\/www.jelu-werk.com\/de\/wp-json\/wp\/v2\/pages\/1176\/revisions"}],"predecessor-version":[{"id":4953575,"href":"https:\/\/www.jelu-werk.com\/de\/wp-json\/wp\/v2\/pages\/1176\/revisions\/4953575"}],"up":[{"embeddable":true,"href":"https:\/\/www.jelu-werk.com\/de\/wp-json\/wp\/v2\/pages\/1101"}],"wp:attachment":[{"href":"https:\/\/www.jelu-werk.com\/de\/wp-json\/wp\/v2\/media?parent=1176"}],"curies":[{"name":"wp","href":"https:\/\/api.w.org\/{rel}","templated":true}]}}