{"id":105,"date":"2012-08-01T16:54:19","date_gmt":"2012-08-01T14:54:19","guid":{"rendered":"http:\/\/www.jelu-werk.com\/?page_id=105"},"modified":"2022-08-16T18:20:33","modified_gmt":"2022-08-16T16:20:33","slug":"instantprodukte-gewuerze","status":"publish","type":"page","link":"https:\/\/www.jelu-werk.com\/de\/cellulose\/pflanzenfasern\/instantprodukte-gewuerze\/","title":{"rendered":"Instantprodukte \/ Gew\u00fcrze"},"content":{"rendered":"\n<div class=\"wp-block-columns jelu-columns-wrapper is-layout-flex wp-container-core-columns-is-layout-9d6595d7 wp-block-columns-is-layout-flex\">\n<div class=\"wp-block-column jelu-column-content is-layout-flow wp-block-column-is-layout-flow\" style=\"flex-basis:66.666666%\">\n<h1 class=\"wp-block-heading\">Nahrungsfasern f\u00fcr Instantprodukte und Gew\u00fcrze<\/h1>\n\n\n\n<figure class=\"wp-block-image alignright is-resized size-full wp-image-2972\"><img decoding=\"async\" src=\"\/wp-content\/uploads\/2012\/12\/Chilipulver.jpg\" alt=\"Cellulose und Pflanzenfasern optimieren die Eigenschaften und die Verarbeitung von Instantprodukten und Gew\u00fcrzen.\" class=\"wp-image-2972\" width=\"175\" srcset=\"https:\/\/www.jelu-werk.com\/wp-content\/uploads\/2012\/12\/Chilipulver.jpg 550w, https:\/\/www.jelu-werk.com\/wp-content\/uploads\/2012\/12\/Chilipulver-150x150.jpg 150w, https:\/\/www.jelu-werk.com\/wp-content\/uploads\/2012\/12\/Chilipulver-275x275.jpg 275w\" sizes=\"(max-width: 550px) 100vw, 550px\" \/><figcaption>Die Klumpenbildung bei Gew\u00fcrzen und Instantprodukten kann durch Nahrungsfasern von JELU verringert werden.<\/figcaption><\/figure>\n\n\n\n<p>Bei Instantprodukten haben JELUCEL\u00ae Nahrungsfasern positiven Einfluss auf die Verarbeitung und die Lagerung. Au\u00dferdem k\u00f6nnen sie auf vielf\u00e4ltige Weise die Produktqualit\u00e4t erh\u00f6hen.<\/p>\n\n\n\n<p>Je nach Einsatzbereich und Einsatzmenge kommen unterschiedliche funktionelle Eigenschaften der JELUCEL\u00ae Produkte zum Tragen:<\/p>\n\n\n\n<p><strong> Instantsuppen, Instantsaucen und Gew\u00fcrze<\/strong><\/p>\n\n\n\n<ul class=\"wp-block-list\"><li>unsere Produkte werden als Trennmittel gegen Verklumpungen eingesetzt<\/li><li>und als Tr\u00e4gerstoff f\u00fcr Fl\u00fcssigaromen<\/li><\/ul>\n\n\n\n<p><strong>Di\u00e4tetische Lebensmittel wie Ballaststoffgetr\u00e4nke und Schlankheitsdrinks<\/strong><\/p>\n\n\n\n<ul class=\"wp-block-list\"><li>der Ballaststoffanteil wird erh\u00f6ht<\/li><li>die Kalorien werden reduziert<\/li><li>das Mundgef\u00fchl wird verbessert<\/li><li>das Hungergef\u00fchl wird reduziert<\/li><li>die Darmt\u00e4tigkeit wird aktiviert<\/li><\/ul>\n\n\n\n<p class=\"infobox paragraph\">Die individuellen Anwendungen m\u00fcssen jeweils den lebensmittelrechtlichen Bestimmungen des Landes gen\u00fcgen, in dem die Endprodukte vermarktet werden, und sind im Einzelfall von Sachverst\u00e4ndigen zu beurteilen.<\/p>\n<\/div>\n\n\n\n<div class=\"wp-block-column jelu-column-sidebar is-layout-flow wp-block-column-is-layout-flow\" style=\"flex-basis:33.333333%\"><\/div>\n<\/div>\n","protected":false},"excerpt":{"rendered":"<p>Nahrungsfasern f\u00fcr Instantprodukte und Gew\u00fcrze Bei Instantprodukten haben JELUCEL\u00ae Nahrungsfasern positiven Einfluss auf die Verarbeitung und die Lagerung. Au\u00dferdem k\u00f6nnen sie auf vielf\u00e4ltige Weise die Produktqualit\u00e4t erh\u00f6hen. Je nach Einsatzbereich und Einsatzmenge kommen unterschiedliche funktionelle Eigenschaften der JELUCEL\u00ae Produkte zum Tragen: Instantsuppen, Instantsaucen und Gew\u00fcrze unsere Produkte werden als Trennmittel gegen Verklumpungen eingesetzt und als [&hellip;]<\/p>\n","protected":false},"author":2,"featured_media":0,"parent":69,"menu_order":10,"comment_status":"closed","ping_status":"closed","template":"page-2-col-sidebar-right.php","meta":{"_acf_changed":false,"footnotes":""},"class_list":["post-105","page","type-page","status-publish","hentry"],"acf":[],"_links":{"self":[{"href":"https:\/\/www.jelu-werk.com\/de\/wp-json\/wp\/v2\/pages\/105","targetHints":{"allow":["GET"]}}],"collection":[{"href":"https:\/\/www.jelu-werk.com\/de\/wp-json\/wp\/v2\/pages"}],"about":[{"href":"https:\/\/www.jelu-werk.com\/de\/wp-json\/wp\/v2\/types\/page"}],"author":[{"embeddable":true,"href":"https:\/\/www.jelu-werk.com\/de\/wp-json\/wp\/v2\/users\/2"}],"replies":[{"embeddable":true,"href":"https:\/\/www.jelu-werk.com\/de\/wp-json\/wp\/v2\/comments?post=105"}],"version-history":[{"count":2,"href":"https:\/\/www.jelu-werk.com\/de\/wp-json\/wp\/v2\/pages\/105\/revisions"}],"predecessor-version":[{"id":4953470,"href":"https:\/\/www.jelu-werk.com\/de\/wp-json\/wp\/v2\/pages\/105\/revisions\/4953470"}],"up":[{"embeddable":true,"href":"https:\/\/www.jelu-werk.com\/de\/wp-json\/wp\/v2\/pages\/69"}],"wp:attachment":[{"href":"https:\/\/www.jelu-werk.com\/de\/wp-json\/wp\/v2\/media?parent=105"}],"curies":[{"name":"wp","href":"https:\/\/api.w.org\/{rel}","templated":true}]}}